{"id":5318,"date":"2026-04-23T14:20:42","date_gmt":"2026-04-23T14:20:42","guid":{"rendered":"https:\/\/www.senzani.com\/?page_id=5318"},"modified":"2026-04-23T14:21:30","modified_gmt":"2026-04-23T14:21:30","slug":"privacy-policy","status":"publish","type":"page","link":"https:\/\/www.senzani.com\/it\/privacy-policy\/","title":{"rendered":"Privacy policy"},"content":{"rendered":"<div class=\"grve-element grve-text\">\n<p><strong>INFORMATIVA PRIVACY A<\/strong><strong>I SENSI DEGLI ARTT. 13 E 14 DEL REGOLAMENTO UE 2016\/679 (GDPR)<\/strong><\/p>\n<p><strong>Chi \u00e8 il Titolare del trattamento dei Suoi dati?<br \/>\n<\/strong>Il Titolare del trattamento dei dati raccolti tramite questo sito \u00e8 <strong>Senzani Brevetti S.p.A.,<\/strong> con sede legale in Viale Risorgimento 13\/15, Faenza (RA), P. IVA 00082770397 (nel proseguo anche il \u201c<strong>Titolare<\/strong>\u201d). La lista aggiornata degli autorizzati al trattamento e dei responsabili esterni \u00e8 disponibile presso la sede del Titolare.<\/p>\n<p><strong>Perch\u00e9 trattiamo i Suoi dati e quando li raccogliamo?<\/strong><\/p>\n<p><strong>Dati di Navigazione<br \/>\n<\/strong>Durante la navigazione sul nostro sito web raccogliamo alcuni dati personali degli utenti, ad esempio l\u2019indirizzo IP del pc, o i nomi a dominio dei computer e dei terminali utilizzati dagli utenti, gli indirizzi in notazione URI\/URL (Uniform Resource Identifier\/Locator) delle risorse richieste, l\u2019orario della richiesta, il metodo utilizzato nel sottoporre la richiesta al server, la dimensione del file ottenuto in risposta, il codice numerico indicante lo stato della risposta data dal server (buon fine, errore, ecc.) ed altri parametri relativi al sistema operativo e all\u2019ambiente informatico dell\u2019utente.<\/p>\n<p><strong>Dati Relativi al Servizio<br \/>\n<\/strong>Sul nostro sito \u00e8 presente anche un\u2019area \u201ccontattaci\u201d che potr\u00e0 sfruttare per chiederci informazioni: se decider\u00e0 di scriverci tratteremo anche i Suoi dati personali anagrafici e di contatto (nome, cognome, telefono, indirizzo e-mail). Sul sito \u00e8 anche possibile iscriversi alla nostra newsletter e in questo caso tratteremo il Suo nome, cognome e indirizzo mail.<br \/>\nSe vorr\u00e0 candidarsi per lavorare con noi, nella sezione apposita, potr\u00e0 compilare il form e\/o caricare il tuo curriculum e inviarlo ai nostri recruiter: in questo caso tratteremo i soli dati necessari per la valutazione della candidatura.<\/p>\n<p><strong>Cosa ci consente di fare la legge?<br \/>\n<\/strong>Il Regolamento europeo UE 2016\/679 (GDPR) ci consente di trattare le varie tipologie di dati che abbiamo evidenziato sopra per gli scopi seguenti:<\/p>\n<table>\n<tbody>\n<tr>\n<td width=\"25%\">Dati di Navigazione<\/td>\n<td width=\"75%\">Ci servono per finalit\u00e0 statistiche, per migliorare il nostro sito, per tutelare la sicurezza della navigazione degli utenti. Questi dati non consentono la Sua identificazione. Trattiamo questi dati sulla base del nostro legittimo interesse e quello dell\u2019utente (art. 6 lett. f) GDPR).<\/td>\n<\/tr>\n<tr>\n<td width=\"25%\">Dati di Navigazione (cookie)<\/td>\n<td width=\"75%\">Raccogliamo anche dati ai fini di analisi ed elaborazione di informazioni relative all\u2019utente, alle Sue preferenze, abitudini, scelte di consumo e\/o esperienze di navigazione. Tale attivit\u00e0 viene effettuata mediante l\u2019utilizzo di tecnologie quali i cookie (propri o di terze parti). La raccolta dei dati mediante utilizzo dei cookie avviene dietro Suo consenso espresso (art. 6 lett. a) GDPR). Di questo La avvisiamo tramite apposito banner che trovi in calce al sito quando si collega per la prima volta. Per maggiori informazioni si prega di prendere visione della nostra <a href=\"https:\/\/www.senzani.com\/cookie-policy\/\" target=\"_blank\" rel=\"noopener\"><u>cookie policy<\/u><\/a>.<\/td>\n<\/tr>\n<tr>\n<td width=\"25%\">Dati relativi al modulo di contatto (Dati Relativi al Servizio)<\/td>\n<td width=\"75%\">Trattiamo i Suoi dati di contatto quali il nome, il cognome, il numero di telefono, la email per poter evadere la Sua richiesta di contatto. Il GDPR ci permette di trattare questi dati senza il Suo consenso perch\u00e9 servono per adempiere misure precontrattuali (art. 6 lett. b) GDPR). Pu\u00f2 sempre decidere di non fornirci i dati ma non potr\u00e0 inviarci alcuna richiesta di preventivo.<\/td>\n<\/tr>\n<tr>\n<td width=\"25%\">COMUNICAZIONI E NEWSLETTER<\/p>\n<p>(Dati relativi al servizio)<\/p>\n<\/td>\n<td width=\"75%\">Raccolta di dati al fine di inviare newsletter e materiale informativo sulle attivit\u00e0 aziendali. I trattamenti posti in essere per queste finalit\u00e0 vengono effettuati sulla base di un legittimo interesse del titolare per tenerLa informato sui nostri progetti innovativi e ci\u00f2 che riteniamo possa essere di Suo interesse: potr\u00e0 comunque disiscriversi in ogni momento attraverso il link che trova in calce alle e-mail che ricever\u00e0 (art. 6 lett. f) GDPR)<\/td>\n<\/tr>\n<tr>\n<td width=\"25%\">CANDIDATURA<\/p>\n<p>(Dati relativi al servizio)<\/p>\n<\/td>\n<td width=\"75%\">Trattiamo i dati che riterr\u00e0 opportuno inviarci per candidarsi a lavorare con noi quali, senz\u2019altro, quelli relativi alla Sua formazione e al tuo background professionale; inoltre potremmo venire a conoscenza anche dei Suoi dati pi\u00f9 sensibili (ad es. appartenenza a categorie protette, origine etnica). Il GDPR ci permette di trattare questi dati senza il Suo consenso perch\u00e9 servono per adempiere misure precontrattuali (art. 6 lett. b) GDPR) e a valutare la tua idoneit\u00e0 lavorativa (art. 9 lett. b) GDPR)<\/td>\n<\/tr>\n<\/tbody>\n<\/table>\n<p><strong>Come trattiamo i Suoi dati?<br \/>\n<\/strong>Il trattamento dei Suoi dati avviene mediante l\u2019utilizzo di strumenti e procedure idonee a garantirne la sicurezza e la riservatezza, e pu\u00f2 essere effettuato sia tramite il nostro sito web che attraverso altri strumenti elettronici (ad esempio gestionali interni) e talvolta anche con l\u2019ausilio di supporti cartacei. Oltre al Titolare, in alcuni casi, potrebbero avere accesso ai dati altri soggetti coinvolti nell\u2019organizzazione di questo Sito Web (personale amministrativo, commerciale, amministratori di sistema, ecc.) ovvero soggetti esterni (come fornitori di servizi tecnici terzi, hosting provider, societ\u00e0 informatiche, agenzie di comunicazione) nominati, nelle ipotesi previste dalla normativa, Responsabili del Trattamento da parte nostra. Pu\u00f2 ottenere l\u2019elenco completo dei responsabili del trattamento scrivendoci all\u2019indirizzo e-mail info@senzani.com.<\/p>\n<p><strong>Quanto tempo conserviamo i Suoi dati?<br \/>\n<\/strong><u>Dati di Navigazione<\/u>: i dati raccolti dal sito durante il suo funzionamento sono conservati per il tempo strettamente necessario a svolgere le attivit\u00e0 precisate. Alla scadenza i dati saranno cancellati o anonimizzati, a meno che non sussistano ulteriori finalit\u00e0 per la conservazione degli stessi. Il Titolare non ha alcun controllo sui cookie interamente gestiti dalle terze parti e non ha accesso alle informazioni raccolte tramite detti cookie. Per maggiori dettagli sulla conservazione dei dati raccolti mediante cookie si rimanda alla <a href=\"https:\/\/www.senzani.com\/cookie-policy\/\" target=\"_blank\" rel=\"noopener\"><u>cookie policy<\/u><\/a>.<\/p>\n<p><u>Dati Relativi al Servizio:<\/u><\/p>\n<ul>\n<li>Dati relativi al modulo di contatto: i dati saranno conservati per il tempo strettamente necessario all\u2019evasione della richiesta inoltrata.<\/li>\n<li>Dati relativi alla newsletter: i dati saranno conservati per 5 anni dall\u2019ultima interazione o comunque fino a revoca del consenso (opt-out) e\/o richiesta di cancellazione da parte Sua.<\/li>\n<li>Dati relativi alle candidature: i dati saranno conservati per 18 mesi dall\u2019inoltro della candidatura.<\/li>\n<\/ul>\n<p><strong>Dove sono i Suoi dati?<br \/>\n<\/strong>I trattamenti che effettuiamo con i Suoi dati personali Relativi al Servizio avvengono su suolo europeo. Abbiamo scelto partner che ci consentissero di tenere i dati all\u2019interno dell\u2019Unione, in assonanza con quanto richiesto dal Regolamento. I Suoi Dati di Navigazione (indirizzo IP), invece, attraverso l\u2019installazione dei cookie (per maggiori informazioni sui cookie legga la nostra <u><a href=\"https:\/\/www.senzani.com\/cookie-policy\/\" target=\"_blank\" rel=\"noopener\">cookie policy<\/a>),<\/u> potranno essere trasferiti fuori dall\u2019Unione Europea, ed in particolare negli Stati Uniti (a titolo esemplificativo e non esaustivo, Google) con le adeguate misure di garanzia.<\/p>\n<p><strong>Chi accede ai Suoi dati?<br \/>\n<\/strong>I Suoi dati potranno essere resi accessibili ai dipendenti e collaboratori del Titolare nella loro qualit\u00e0 di incaricati del trattamento e\/o amministratori di sistema e\/o altri soggetti (a titolo indicativo: studi professionali, consulenti, software house che forniscono i gestionali, ecc.) che svolgono attivit\u00e0 in outsourcing per conto del Titolare, nella loro qualit\u00e0 di responsabili esterni del trattamento.<\/p>\n<p>Il Titolare potr\u00e0 comunicare i Suoi dati a Pubblica Amministrazione, Organismi di Vigilanza e\/o Autorit\u00e0 Giudiziarie nonch\u00e9 a tutti gli altri soggetti ai quali la comunicazione sia obbligatoria o necessaria per legge. I Suoi dati non saranno diffusi.<\/p>\n<p><strong>Quali sono i Suoi diritti?<br \/>\n<\/strong>In qualit\u00e0 di interessato ha il diritto di ottenere, nei casi previsti, l\u2019accesso ai Suoi dati personali e la rettifica o la cancellazione degli stessi o la limitazione del trattamento che li riguarda o di opporsi al trattamento (per sapere quali sono tutti i Suoi diritti pu\u00f2 consultare il Regolamento agli artt. 15 e seguenti). Per esercitare i Suoi diritti pu\u00f2 scriverci all\u2019indirizzo e-mail info@senzani.com.<\/p>\n<p><strong>Diritto di reclamo<br \/>\n<\/strong>Resta ferma la possibilit\u00e0 di proporre reclamo al Garante, come previsto dall\u2019art. 77 del GDPR, o adire le opportune sedi giudiziarie, ai sensi dell\u2019art. 79 del Regolamento, qualora ritenga che il trattamento dei Suoi dati violi il GDPR.<\/p>\n<p><strong>Tutela della privacy dei minori<br \/>\n<\/strong>Questo sito web si rivolge a un pubblico generico, tuttavia i suoi servizi sono destinati a persone di et\u00e0 pari o superiore a 18 anni. Noi non richiediamo, non raccogliamo, non utilizziamo n\u00e9 divulghiamo dati personali forniti da persone di et\u00e0 inferiore a 18 anni online. Qualora scoprissimo di aver raccolto personalmente dati di un minore li cancelleremo immediatamente.<\/p>\n<\/p><\/div>\n","protected":false},"excerpt":{"rendered":"<p>INFORMATIVA PRIVACY AI SENSI DEGLI ARTT. 13 E 14 DEL REGOLAMENTO UE 2016\/679 (GDPR) Chi \u00e8 il Titolare del trattamento dei Suoi dati? Il Titolare del trattamento dei dati raccolti tramite questo sito \u00e8 Senzani Brevetti S.p.A., con sede legale in Viale Risorgimento 13\/15, Faenza (RA), P. IVA 00082770397 (nel proseguo anche il \u201cTitolare\u201d). La [&hellip;]<\/p>\n","protected":false},"author":2,"featured_media":0,"parent":0,"menu_order":0,"comment_status":"closed","ping_status":"closed","template":"","meta":{"_acf_changed":false,"footnotes":""},"class_list":["post-5318","page","type-page","status-publish","hentry"],"acf":[],"_links":{"self":[{"href":"https:\/\/www.senzani.com\/it\/wp-json\/wp\/v2\/pages\/5318","targetHints":{"allow":["GET"]}}],"collection":[{"href":"https:\/\/www.senzani.com\/it\/wp-json\/wp\/v2\/pages"}],"about":[{"href":"https:\/\/www.senzani.com\/it\/wp-json\/wp\/v2\/types\/page"}],"author":[{"embeddable":true,"href":"https:\/\/www.senzani.com\/it\/wp-json\/wp\/v2\/users\/2"}],"replies":[{"embeddable":true,"href":"https:\/\/www.senzani.com\/it\/wp-json\/wp\/v2\/comments?post=5318"}],"version-history":[{"count":3,"href":"https:\/\/www.senzani.com\/it\/wp-json\/wp\/v2\/pages\/5318\/revisions"}],"predecessor-version":[{"id":5906,"href":"https:\/\/www.senzani.com\/it\/wp-json\/wp\/v2\/pages\/5318\/revisions\/5906"}],"wp:attachment":[{"href":"https:\/\/www.senzani.com\/it\/wp-json\/wp\/v2\/media?parent=5318"}],"curies":[{"name":"wp","href":"https:\/\/api.w.org\/{rel}","templated":true}]}}