{"id":23601,"date":"2020-07-03T10:59:38","date_gmt":"2020-07-03T08:59:38","guid":{"rendered":"https:\/\/www.senzani.com\/soluciones\/paletizadores\/pal\/"},"modified":"2025-03-20T10:37:08","modified_gmt":"2025-03-20T09:37:08","slug":"pal","status":"publish","type":"page","link":"https:\/\/www.senzani.com\/es\/soluciones\/paletizadores\/pal\/","title":{"rendered":"PAL"},"content":{"rendered":"<div class=\"wpb-content-wrapper\"><p>[vc_row padding_bottom_multiplier=\u00bb\u00bb][vc_column width=\u00bb1\/6&#8243;]<div class=\"grve-element grve-image grve-animated-item grve-duration-very-slow grve-fade-in grve-align-left\" style=\"\" data-delay=\"200\">  <div class=\"grve-image-wrapper\"><img loading=\"lazy\" decoding=\"async\" width=\"240\" height=\"293\" src=\"https:\/\/www.senzani.com\/wp-content\/uploads\/2020\/03\/end-of-line-1.jpg\" class=\"attachment-full size-full\" alt=\"\" \/>   <\/div><\/div>[vc_column_text css=\u00bb.vc_custom_1680887941530{padding-bottom: 20px !important;}\u00bb animation=\u00bbgrve-fade-in\u00bb]<\/p>\n<h1 style=\"color: #8aa300; font-size: 30px;\">serie PAL<\/h1>\n<p><span style=\"color: #333333; font-size: 18px;\">Paletizadores<\/span>[\/vc_column_text][vc_column_text css=\u00bb.vc_custom_1680887960800{padding-top: 30px !important;padding-bottom: 8px !important;}\u00bb]<\/p>\n<div style=\"line-height: 18px; font-weight: 400;\">Disponible con<\/div>\n<p>[\/vc_column_text][vc_single_image image=\u00bb21742&#8243; img_size=\u00bb120&#215;80&#8243; onclick=\u00bbcustom_link\u00bb link=\u00bbhttps:\/\/www.senzani.com\/es\/asistencia-de-remoto-smart\/\u00bb][\/vc_column][vc_column width=\u00bb5\/6&#8243;]<div class=\"grve-element grve-box grve-align-center grve-animated-item grve-zoom-in grve-duration-normal\" style=\"\" data-delay=\"200\"><figure class=\"grve-image-hover grve-zoom-in\">\t<div class=\"grve-media\">\t\t<div class=\"grve-bg-light grve-hover-overlay grve-opacity-0\"><\/div><img loading=\"lazy\" decoding=\"async\" width=\"1200\" height=\"700\" src=\"https:\/\/www.senzani.com\/wp-content\/uploads\/2020\/03\/PALok.jpg\" class=\"attachment-full size-full\" alt=\"\" srcset=\"https:\/\/www.senzani.com\/wp-content\/uploads\/2020\/03\/PALok.jpg 1200w, https:\/\/www.senzani.com\/wp-content\/uploads\/2020\/03\/PALok-300x175.jpg 300w, https:\/\/www.senzani.com\/wp-content\/uploads\/2020\/03\/PALok-1024x597.jpg 1024w, https:\/\/www.senzani.com\/wp-content\/uploads\/2020\/03\/PALok-768x448.jpg 768w\" sizes=\"auto, (max-width: 1200px) 100vw, 1200px\" \/>\t<\/div><\/figure>  <div class=\"grve-box-content\">    <p><\/p>  <\/div><\/div>[\/vc_column][\/vc_row][vc_row padding_top_multiplier=\u00bb\u00bb padding_bottom_multiplier=\u00bb\u00bb columns_gap=\u00bb50&#8243;][vc_column width=\u00bb1\/2&#8243;][vc_column_text css=\u00bb\u00bb animation=\u00bbgrve-fade-in-down\u00bb animation_duration=\u00bbslow\u00bb]A modo de respuesta a las m\u00faltiples demandas de los varios sectores comerciales, Senzani presenta una amplia gama de paletizadores, tanto plenamente integradas en el envasado secundario para ciclos limitados (6 cajas\/min) como islas de paletizaci\u00f3n independientes para ciclos m\u00e1s exigentes (alimentaci\u00f3n a partir de varias l\u00edneas de 36 cajas\/min).<br \/>\nLa amplia personalizaci\u00f3n de la organizaci\u00f3n y la garant\u00eda de los mayores niveles de eficiencia, fiabilidad e integridad del producto, garantizando siempre la m\u00e1xima seguridad de los operadores, son las caracter\u00edsticas principales de las paletizadores Senzani.<br \/>\nDependiendo del rendimiento necesario, se utilizan los robots antropomorfos m\u00e1s comunes de diversos productores o los robots cartesianos m\u00e1s cl\u00e1sicos, en versi\u00f3n de portal. La cabeza de agarre \u00edntegramente dise\u00f1ada y personalizada por Senzani permite la manipulaci\u00f3n m\u00e1s fiable y delicada de los productos en entrada. En todas las soluciones se pueden integrar almacenes de palets o intercaladores.<\/p>\n<p>Los sistemas Senzani de paletizaci\u00f3n autom\u00e1tica est\u00e1n pensados para admitir cajas de distintos tipos de producto, peso y dimensiones con extrema delicadeza y, al mismo tiempo, con gran velocidad y precisi\u00f3n para el montaje del palet completo.<br \/>\nLas pinzas y cabezas de agarre dise\u00f1adas \u00edntegramente en Senzani se han estudiado de manera expresa y a medida para cualquier condici\u00f3n din\u00e1mica de gesti\u00f3n y para garantizar la total <strong>integridad del producto<\/strong>.[\/vc_column_text][\/vc_column][vc_column width=\u00bb1\/2&#8243;][vc_column_text css=\u00bb\u00bb animation=\u00bbgrve-fade-in-down\u00bb animation_duration=\u00bbslow\u00bb]Todas las soluciones se <strong>personalizan<\/strong> por completo, adapt\u00e1ndolas al mercado de referencia y a los requisitos concretos del cliente y minimizando el volumen de la isla. Senzani garantiza una <strong>integraci\u00f3n total con la l\u00ednea<\/strong> o las l\u00edneas de las fases anteriores, asegurando el correcto flujo del producto y la trazabilidad. La integraci\u00f3n de 360 grados est\u00e1 garantizada con los sistemas m\u00e1s variados de veh\u00edculos de conducci\u00f3n autom\u00e1tica LGV (AGV), tanto para las materias primas (como palets vac\u00edos e intercaladores) como para los palets terminados en salida, y desde un punto de vista tanto de hardware, con los transportadores rulos\/cadena totalmente seguros, como de software, con los sistemas de trazado y de gesti\u00f3n productiva (MES).<\/p>\n<p>Por \u00faltimo, todas las islas de Senzani pueden completarse con distintos dispositivos de terceros, como:<\/p>\n<ul>\n<li>enfardadoras de palets<\/li>\n<li>mesas rotatorias<\/li>\n<li>sistemas de marcado y track &amp; trace<\/li>\n<li>transportadores de lanzadera AGV y LGV<\/li>\n<\/ul>\n<p>Las islas de paletizaci\u00f3n Senzani cuentan con una interfaz HMI humano\/m\u00e1quina muy intuitiva e innovadora que permite crear f\u00e1cilmente nuevas configuraciones de palet y gestionarlas y memorizarlas en una base de datos que asocia formatos a clientes.<br \/>\nEl cambio de formato y los ajustes de la pinza es tool-free: no precisa de la utilizaci\u00f3n de herramientas externas.[\/vc_column_text][\/vc_column][\/vc_row][vc_row padding_top_multiplier=\u00bb\u00bb padding_bottom_multiplier=\u00bb3x\u00bb columns_gap=\u00bb50&#8243;][vc_column][vc_single_image image=\u00bb21342&#8243; img_size=\u00bbfull\u00bb alignment=\u00bbcenter\u00bb][\/vc_column][\/vc_row]<\/p>\n<\/div>","protected":false},"excerpt":{"rendered":"<p>[vc_row padding_bottom_multiplier=\u00bb\u00bb][vc_column width=\u00bb1\/6&#8243;][vc_column_text css=\u00bb.vc_custom_1680887941530{padding-bottom: 20px !important;}\u00bb animation=\u00bbgrve-fade-in\u00bb] serie PAL Paletizadores[\/vc_column_text][vc_column_text css=\u00bb.vc_custom_1680887960800{padding-top: 30px !important;padding-bottom: 8px !important;}\u00bb] Disponible con [\/vc_column_text][vc_single_image image=\u00bb21742&#8243; img_size=\u00bb120&#215;80&#8243; onclick=\u00bbcustom_link\u00bb link=\u00bbhttps:\/\/www.senzani.com\/es\/asistencia-de-remoto-smart\/\u00bb][\/vc_column][vc_column width=\u00bb5\/6&#8243;][\/vc_column][\/vc_row][vc_row padding_top_multiplier=\u00bb\u00bb padding_bottom_multiplier=\u00bb\u00bb columns_gap=\u00bb50&#8243;][vc_column width=\u00bb1\/2&#8243;][vc_column_text css=\u00bb\u00bb animation=\u00bbgrve-fade-in-down\u00bb animation_duration=\u00bbslow\u00bb]A modo de respuesta a las m\u00faltiples demandas de los varios sectores comerciales, Senzani presenta una amplia gama de paletizadores, tanto plenamente integradas en el envasado [&hellip;]<\/p>\n","protected":false},"author":2,"featured_media":0,"parent":23591,"menu_order":0,"comment_status":"closed","ping_status":"open","template":"","meta":{"_acf_changed":false,"content-type":"","footnotes":""},"class_list":["post-23601","page","type-page","status-publish","hentry"],"acf":[],"yoast_head":"<!-- This site is optimized with the Yoast SEO plugin v27.5 - https:\/\/yoast.com\/product\/yoast-seo-wordpress\/ -->\n<title>Paletizadores personalizados | Patentes Senzani<\/title>\n<meta name=\"description\" content=\"Los paletizadores est\u00e1n dise\u00f1ados para gestionar cajas de diferentes tipos de productos, pesos y tama\u00f1os, con gran velocidad y precisi\u00f3n.\" \/>\n<meta name=\"robots\" content=\"index, follow, max-snippet:-1, max-image-preview:large, max-video-preview:-1\" \/>\n<link rel=\"canonical\" href=\"https:\/\/www.senzani.com\/es\/soluciones\/paletizadores\/pal\/\" \/>\n<meta property=\"og:locale\" content=\"es_ES\" \/>\n<meta property=\"og:type\" content=\"article\" \/>\n<meta property=\"og:title\" content=\"Paletizadores personalizados | Patentes Senzani\" \/>\n<meta property=\"og:description\" content=\"Los paletizadores est\u00e1n dise\u00f1ados para gestionar cajas de diferentes tipos de productos, pesos y tama\u00f1os, con gran velocidad y precisi\u00f3n.\" \/>\n<meta property=\"og:url\" content=\"https:\/\/www.senzani.com\/es\/soluciones\/paletizadores\/pal\/\" \/>\n<meta property=\"og:site_name\" content=\"Senzani Brevetti S.p.A.\" \/>\n<meta property=\"article:modified_time\" content=\"2025-03-20T09:37:08+00:00\" \/>\n<meta name=\"twitter:card\" content=\"summary_large_image\" \/>\n<meta name=\"twitter:label1\" content=\"Tiempo de lectura\" \/>\n\t<meta name=\"twitter:data1\" content=\"3 minutos\" \/>\n<script type=\"application\/ld+json\" class=\"yoast-schema-graph\">{\"@context\":\"https:\\\/\\\/schema.org\",\"@graph\":[{\"@type\":\"WebPage\",\"@id\":\"https:\\\/\\\/www.senzani.com\\\/es\\\/soluciones\\\/paletizadores\\\/pal\\\/\",\"url\":\"https:\\\/\\\/www.senzani.com\\\/es\\\/soluciones\\\/paletizadores\\\/pal\\\/\",\"name\":\"Paletizadores personalizados | Patentes Senzani\",\"isPartOf\":{\"@id\":\"https:\\\/\\\/www.senzani.com\\\/es\\\/#website\"},\"datePublished\":\"2020-07-03T08:59:38+00:00\",\"dateModified\":\"2025-03-20T09:37:08+00:00\",\"description\":\"Los paletizadores est\u00e1n dise\u00f1ados para gestionar cajas de diferentes tipos de productos, pesos y tama\u00f1os, con gran velocidad y precisi\u00f3n.\",\"breadcrumb\":{\"@id\":\"https:\\\/\\\/www.senzani.com\\\/es\\\/soluciones\\\/paletizadores\\\/pal\\\/#breadcrumb\"},\"inLanguage\":\"es\",\"potentialAction\":[{\"@type\":\"ReadAction\",\"target\":[\"https:\\\/\\\/www.senzani.com\\\/es\\\/soluciones\\\/paletizadores\\\/pal\\\/\"]}]},{\"@type\":\"BreadcrumbList\",\"@id\":\"https:\\\/\\\/www.senzani.com\\\/es\\\/soluciones\\\/paletizadores\\\/pal\\\/#breadcrumb\",\"itemListElement\":[{\"@type\":\"ListItem\",\"position\":1,\"name\":\"Home\",\"item\":\"https:\\\/\\\/www.senzani.com\\\/es\\\/\"},{\"@type\":\"ListItem\",\"position\":2,\"name\":\"Soluciones\",\"item\":\"https:\\\/\\\/www.senzani.com\\\/es\\\/soluciones\\\/\"},{\"@type\":\"ListItem\",\"position\":3,\"name\":\"End of line\",\"item\":\"https:\\\/\\\/www.senzani.com\\\/es\\\/soluciones\\\/paletizadores\\\/\"},{\"@type\":\"ListItem\",\"position\":4,\"name\":\"PAL\"}]},{\"@type\":\"WebSite\",\"@id\":\"https:\\\/\\\/www.senzani.com\\\/es\\\/#website\",\"url\":\"https:\\\/\\\/www.senzani.com\\\/es\\\/\",\"name\":\"Senzani Brevetti S.p.A.\",\"description\":\"Leader nel settore delle macchine per imballaggi\",\"publisher\":{\"@id\":\"https:\\\/\\\/www.senzani.com\\\/es\\\/#organization\"},\"potentialAction\":[{\"@type\":\"SearchAction\",\"target\":{\"@type\":\"EntryPoint\",\"urlTemplate\":\"https:\\\/\\\/www.senzani.com\\\/es\\\/?s={search_term_string}\"},\"query-input\":{\"@type\":\"PropertyValueSpecification\",\"valueRequired\":true,\"valueName\":\"search_term_string\"}}],\"inLanguage\":\"es\"},{\"@type\":\"Organization\",\"@id\":\"https:\\\/\\\/www.senzani.com\\\/es\\\/#organization\",\"name\":\"Senzani Brevetti\",\"url\":\"https:\\\/\\\/www.senzani.com\\\/es\\\/\",\"logo\":{\"@type\":\"ImageObject\",\"inLanguage\":\"es\",\"@id\":\"https:\\\/\\\/www.senzani.com\\\/es\\\/#\\\/schema\\\/logo\\\/image\\\/\",\"url\":\"https:\\\/\\\/www.senzani.com\\\/wp-content\\\/uploads\\\/2020\\\/03\\\/logo-senzani.png\",\"contentUrl\":\"https:\\\/\\\/www.senzani.com\\\/wp-content\\\/uploads\\\/2020\\\/03\\\/logo-senzani.png\",\"width\":259,\"height\":71,\"caption\":\"Senzani Brevetti\"},\"image\":{\"@id\":\"https:\\\/\\\/www.senzani.com\\\/es\\\/#\\\/schema\\\/logo\\\/image\\\/\"}}]}<\/script>\n<!-- \/ Yoast SEO plugin. -->","yoast_head_json":{"title":"Paletizadores personalizados | Patentes Senzani","description":"Los paletizadores est\u00e1n dise\u00f1ados para gestionar cajas de diferentes tipos de productos, pesos y tama\u00f1os, con gran velocidad y precisi\u00f3n.","robots":{"index":"index","follow":"follow","max-snippet":"max-snippet:-1","max-image-preview":"max-image-preview:large","max-video-preview":"max-video-preview:-1"},"canonical":"https:\/\/www.senzani.com\/es\/soluciones\/paletizadores\/pal\/","og_locale":"es_ES","og_type":"article","og_title":"Paletizadores personalizados | Patentes Senzani","og_description":"Los paletizadores est\u00e1n dise\u00f1ados para gestionar cajas de diferentes tipos de productos, pesos y tama\u00f1os, con gran velocidad y precisi\u00f3n.","og_url":"https:\/\/www.senzani.com\/es\/soluciones\/paletizadores\/pal\/","og_site_name":"Senzani Brevetti S.p.A.","article_modified_time":"2025-03-20T09:37:08+00:00","twitter_card":"summary_large_image","twitter_misc":{"Tiempo de lectura":"3 minutos"},"schema":{"@context":"https:\/\/schema.org","@graph":[{"@type":"WebPage","@id":"https:\/\/www.senzani.com\/es\/soluciones\/paletizadores\/pal\/","url":"https:\/\/www.senzani.com\/es\/soluciones\/paletizadores\/pal\/","name":"Paletizadores personalizados | Patentes Senzani","isPartOf":{"@id":"https:\/\/www.senzani.com\/es\/#website"},"datePublished":"2020-07-03T08:59:38+00:00","dateModified":"2025-03-20T09:37:08+00:00","description":"Los paletizadores est\u00e1n dise\u00f1ados para gestionar cajas de diferentes tipos de productos, pesos y tama\u00f1os, con gran velocidad y precisi\u00f3n.","breadcrumb":{"@id":"https:\/\/www.senzani.com\/es\/soluciones\/paletizadores\/pal\/#breadcrumb"},"inLanguage":"es","potentialAction":[{"@type":"ReadAction","target":["https:\/\/www.senzani.com\/es\/soluciones\/paletizadores\/pal\/"]}]},{"@type":"BreadcrumbList","@id":"https:\/\/www.senzani.com\/es\/soluciones\/paletizadores\/pal\/#breadcrumb","itemListElement":[{"@type":"ListItem","position":1,"name":"Home","item":"https:\/\/www.senzani.com\/es\/"},{"@type":"ListItem","position":2,"name":"Soluciones","item":"https:\/\/www.senzani.com\/es\/soluciones\/"},{"@type":"ListItem","position":3,"name":"End of line","item":"https:\/\/www.senzani.com\/es\/soluciones\/paletizadores\/"},{"@type":"ListItem","position":4,"name":"PAL"}]},{"@type":"WebSite","@id":"https:\/\/www.senzani.com\/es\/#website","url":"https:\/\/www.senzani.com\/es\/","name":"Senzani Brevetti S.p.A.","description":"Leader nel settore delle macchine per imballaggi","publisher":{"@id":"https:\/\/www.senzani.com\/es\/#organization"},"potentialAction":[{"@type":"SearchAction","target":{"@type":"EntryPoint","urlTemplate":"https:\/\/www.senzani.com\/es\/?s={search_term_string}"},"query-input":{"@type":"PropertyValueSpecification","valueRequired":true,"valueName":"search_term_string"}}],"inLanguage":"es"},{"@type":"Organization","@id":"https:\/\/www.senzani.com\/es\/#organization","name":"Senzani Brevetti","url":"https:\/\/www.senzani.com\/es\/","logo":{"@type":"ImageObject","inLanguage":"es","@id":"https:\/\/www.senzani.com\/es\/#\/schema\/logo\/image\/","url":"https:\/\/www.senzani.com\/wp-content\/uploads\/2020\/03\/logo-senzani.png","contentUrl":"https:\/\/www.senzani.com\/wp-content\/uploads\/2020\/03\/logo-senzani.png","width":259,"height":71,"caption":"Senzani Brevetti"},"image":{"@id":"https:\/\/www.senzani.com\/es\/#\/schema\/logo\/image\/"}}]}},"_links":{"self":[{"href":"https:\/\/www.senzani.com\/es\/wp-json\/wp\/v2\/pages\/23601","targetHints":{"allow":["GET"]}}],"collection":[{"href":"https:\/\/www.senzani.com\/es\/wp-json\/wp\/v2\/pages"}],"about":[{"href":"https:\/\/www.senzani.com\/es\/wp-json\/wp\/v2\/types\/page"}],"author":[{"embeddable":true,"href":"https:\/\/www.senzani.com\/es\/wp-json\/wp\/v2\/users\/2"}],"replies":[{"embeddable":true,"href":"https:\/\/www.senzani.com\/es\/wp-json\/wp\/v2\/comments?post=23601"}],"version-history":[{"count":6,"href":"https:\/\/www.senzani.com\/es\/wp-json\/wp\/v2\/pages\/23601\/revisions"}],"predecessor-version":[{"id":27439,"href":"https:\/\/www.senzani.com\/es\/wp-json\/wp\/v2\/pages\/23601\/revisions\/27439"}],"up":[{"embeddable":true,"href":"https:\/\/www.senzani.com\/es\/wp-json\/wp\/v2\/pages\/23591"}],"wp:attachment":[{"href":"https:\/\/www.senzani.com\/es\/wp-json\/wp\/v2\/media?parent=23601"}],"curies":[{"name":"wp","href":"https:\/\/api.w.org\/{rel}","templated":true}]}}