{"id":23591,"date":"2020-03-20T16:21:01","date_gmt":"2020-03-20T15:21:01","guid":{"rendered":"https:\/\/www.senzani.com\/soluciones\/pallettizzatori\/"},"modified":"2025-03-20T10:44:27","modified_gmt":"2025-03-20T09:44:27","slug":"paletizadores","status":"publish","type":"page","link":"https:\/\/www.senzani.com\/es\/soluciones\/paletizadores\/","title":{"rendered":"End of line"},"content":{"rendered":"<div class=\"wpb-content-wrapper\"><p>[vc_row][vc_column width=\u00bb1\/4&#8243;]<div class=\"grve-element grve-image grve-animated-item grve-duration-very-slow grve-fade-in grve-align-center\" style=\"\" data-delay=\"200\">  <div class=\"grve-image-wrapper\"><img loading=\"lazy\" decoding=\"async\" width=\"240\" height=\"293\" src=\"https:\/\/www.senzani.com\/wp-content\/uploads\/2021\/07\/pallettizzatori.jpeg\" class=\"attachment-full size-full\" alt=\"Icona dei pallettizzatori di Senzani\" \/>   <\/div><\/div>[vc_column_text css=\u00bb.vc_custom_1680882655906{padding-top: 15px !important;padding-bottom: 8px !important;}\u00bb]<\/p>\n<div style=\"line-height: 18px; font-weight: 400;\">Todas estas m\u00e1quinas<br \/>\nest\u00e1n disponibles con<\/div>\n<p>[\/vc_column_text][vc_single_image image=\u00bb21741&#8243; img_size=\u00bb120&#215;80&#8243; onclick=\u00bbcustom_link\u00bb link=\u00bbhttps:\/\/www.senzani.com\/es\/asistencia-de-remoto-smart\/\u00bb][\/vc_column][vc_column width=\u00bb3\/4&#8243;][vc_custom_heading text=\u00bbPaletizadores: soluciones para el final de l\u00ednea\u00bb font_container=\u00bbtag:h1|text_align:left\u00bb google_fonts=\u00bbfont_family:Montserrat%3Aregular%2C700|font_style:400%20regular%3A400%3Anormal\u00bb css_animation=\u00bbright-to-left\u00bb el_id=\u00bbtitle_soluzioni\u00bb][vc_column_text css=\u00bb\u00bb animation=\u00bbgrve-fade-in-down\u00bb animation_duration=\u00bbslow\u00bb]A fin de completar cada l\u00ednea de producci\u00f3n, hemos desarrollado numerosas soluciones de final de l\u00ednea totalmente personalizadas, que aseguran al cliente una eficiencia y una velocidad extremas para la l\u00ednea, prestando especial atenci\u00f3n a la seguridad.<\/p>\n<p>Estos sistemas robotizados permiten la automatizaci\u00f3n total de la l\u00ednea, encarg\u00e1ndose no solo de la distribuci\u00f3n log\u00edstica del palet terminado, sino tambi\u00e9n de preparar dentro del sistema todos los materiales consumibles y de despaletizar los materiales de embalaje que deben recuperarse en aras de la sostenibilidad del envasado. Cada vez m\u00e1s a menudo, se integran por completo con sistemas de lanzadera autom\u00e1tica en entrada y en salida.[\/vc_column_text][\/vc_column][\/vc_row][vc_row][vc_column width=\u00bb1\/4&#8243;][vc_column_text css=\u00bb.vc_custom_1680885097586{padding-bottom: 20px !important;}\u00bb animation=\u00bbgrve-fade-in\u00bb]<span style=\"color: #8aa300; font-size: 30px;\">VCPAL<\/span><br \/>\n<span style=\"color: #333333; font-size: 18px;\">Paletizador Caja Americana<\/span>[\/vc_column_text][vc_column_text css=\u00bb.vc_custom_1742463865928{padding-bottom: 20px !important;}\u00bb animation=\u00bbgrve-fade-in-up\u00bb animation_duration=\u00bbslow\u00bb]Un sistema totalmente integrado de encajado de productos en estuche en caja americana y posicionamiento en palet.[\/vc_column_text][vc_column_text css=\u00bb.vc_custom_1742463313936{padding-bottom: 20px !important;}\u00bb animation=\u00bbgrve-fade-in-left\u00bb animation_duration=\u00bbvery-slow\u00bb]<\/p>\n<p class=\"p1\"><strong>medidas palet terminado<\/strong><br \/>\nmin. <span style=\"font-weight: 400;\">800 x 1000 x 400 H mm.<br \/>\n<\/span><span style=\"font-weight: 400;\">max\u00a0 1100 x 1280 x 2.000 H mm.<\/span><\/p>\n<p class=\"p1\"><strong>velocidad<br \/>\n<\/strong><span style=\"font-weight: 400;\">10 cajas\/min<br \/>\n<\/span><span style=\"font-weight: 400;\">60 capas\/hora<br \/>\n<\/span><span style=\"font-weight: 400;\">10 palet\/hora<\/span><\/p>\n<p>[\/vc_column_text]<div class=\"grve-element grve-align-left grve-animated-item grve-fade-in-left-big grve-duration-slow\" data-delay=\"200\"><a href=\"https:\/\/www.senzani.com\/es\/soluciones\/paletizadores\/vcpal\/\" title=\"VCPAL\" class=\"grve-btn grve-btn-medium grve-round grve-bg-primary-6 grve-bg-hover-primary-1 grve-btn-line\"><span>Ver detalles<\/span><\/a><\/div>[\/vc_column][vc_column width=\u00bb3\/4&#8243;]<div class=\"grve-element grve-box grve-align-center grve-animated-item grve-zoom-in grve-duration-normal\" style=\"\" data-delay=\"200\"><a href=\"https:\/\/www.senzani.com\/es\/soluciones\/paletizadores\/vcpal\/\" title=\"VCPAL\"><figure class=\"grve-image-hover grve-zoom-in\">\t<div class=\"grve-media\">\t\t<div class=\"grve-bg-light grve-hover-overlay grve-opacity-0\"><\/div><img loading=\"lazy\" decoding=\"async\" width=\"1200\" height=\"642\" src=\"https:\/\/www.senzani.com\/wp-content\/uploads\/2021\/07\/VCPAL.jpeg\" class=\"attachment-full size-full\" alt=\"VCPAL Carton-pallettizzatore\" srcset=\"https:\/\/www.senzani.com\/wp-content\/uploads\/2021\/07\/VCPAL.jpeg 1200w, https:\/\/www.senzani.com\/wp-content\/uploads\/2021\/07\/VCPAL-300x161.jpeg 300w, https:\/\/www.senzani.com\/wp-content\/uploads\/2021\/07\/VCPAL-1024x548.jpeg 1024w, https:\/\/www.senzani.com\/wp-content\/uploads\/2021\/07\/VCPAL-768x411.jpeg 768w\" sizes=\"auto, (max-width: 1200px) 100vw, 1200px\" \/>\t<\/div><\/figure><\/a>  <div class=\"grve-box-content\">    <p><\/p>  <\/div><\/div>[\/vc_column][\/vc_row][vc_row][vc_column]<div class=\"grve-element grve-divider\" style=\"\"><div class=\"grve-line-divider grve-border\"><\/div><\/div>[\/vc_column][\/vc_row][vc_row][vc_column width=\u00bb1\/4&#8243;][vc_column_text css=\u00bb.vc_custom_1680885175638{padding-bottom: 20px !important;}\u00bb animation=\u00bbgrve-fade-in\u00bb]<span style=\"color: #8aa300; font-size: 30px;\">PAL<\/span><br \/>\n<span style=\"color: #333333; font-size: 18px;\">Paletizadores<\/span>[\/vc_column_text][vc_column_text css=\u00bb.vc_custom_1742463478903{padding-bottom: 20px !important;}\u00bb animation=\u00bbgrve-fade-in-up\u00bb animation_duration=\u00bbslow\u00bb]A modo de respuesta a las m\u00faltiples demandas de los varios sectores comerciales, Senzani presenta una amplia gama de paletizadores, tanto plenamente integradas en el envasado secundario para ciclos limitados (6 cajas\/min) como islas de paletizaci\u00f3n independientes para ciclos m\u00e1s exigentes (alimentaci\u00f3n a partir de varias l\u00edneas de 36 cajas\/min).[\/vc_column_text][vc_column_text css=\u00bb.vc_custom_1742463327336{padding-bottom: 20px !important;}\u00bb animation=\u00bbgrve-fade-in-left\u00bb animation_duration=\u00bbvery-slow\u00bb]<\/p>\n<p class=\"p1\"><strong>medidas palet terminado<\/strong><br \/>\nmin. <span style=\"font-weight: 400;\">800 x 1000 x 400 H mm.<br \/>\n<\/span><span style=\"font-weight: 400;\">max\u00a0 1100 x 1280 x 2.000 H mm.<\/span><\/p>\n<p class=\"p1\"><strong>velocidad<br \/>\n<\/strong><span style=\"font-weight: 400;\">10 prese robots\/min.<br \/>\n<\/span><span style=\"font-weight: 400;\">hasta 50 cajas\/min (preparaci\u00f3n capa en multipresa)<\/span><\/p>\n<p>[\/vc_column_text]<div class=\"grve-element grve-align-left grve-animated-item grve-fade-in-left-big grve-duration-slow\" data-delay=\"200\"><a href=\"https:\/\/www.senzani.com\/es\/soluciones\/paletizadores\/pal\/\" title=\"PAL\" class=\"grve-btn grve-btn-medium grve-round grve-bg-primary-6 grve-bg-hover-primary-1 grve-btn-line\"><span>Ver detalles<\/span><\/a><\/div>[\/vc_column][vc_column width=\u00bb3\/4&#8243;]<div class=\"grve-element grve-box grve-align-center grve-animated-item grve-zoom-in grve-duration-normal\" style=\"\" data-delay=\"200\"><a href=\"https:\/\/www.senzani.com\/es\/soluciones\/paletizadores\/pal\/\" title=\"pal\"><figure class=\"grve-image-hover grve-zoom-in\">\t<div class=\"grve-media\">\t\t<div class=\"grve-bg-light grve-hover-overlay grve-opacity-0\"><\/div><img loading=\"lazy\" decoding=\"async\" width=\"1200\" height=\"700\" src=\"https:\/\/www.senzani.com\/wp-content\/uploads\/2021\/07\/PALok.jpeg\" class=\"attachment-full size-full\" alt=\"PAL Pallettizzatore\" srcset=\"https:\/\/www.senzani.com\/wp-content\/uploads\/2021\/07\/PALok.jpeg 1200w, https:\/\/www.senzani.com\/wp-content\/uploads\/2021\/07\/PALok-300x175.jpeg 300w, https:\/\/www.senzani.com\/wp-content\/uploads\/2021\/07\/PALok-1024x597.jpeg 1024w, https:\/\/www.senzani.com\/wp-content\/uploads\/2021\/07\/PALok-768x448.jpeg 768w\" sizes=\"auto, (max-width: 1200px) 100vw, 1200px\" \/>\t<\/div><\/figure><\/a>  <div class=\"grve-box-content\">    <p><\/p>  <\/div><\/div>[\/vc_column][\/vc_row][vc_row bg_type=\u00bbcolor\u00bb padding_top_multiplier=\u00bb\u00bb padding_bottom_multiplier=\u00bb\u00bb columns_gap=\u00bbnone\u00bb equal_column_height=\u00bbmiddle-content\u00bb bg_color=\u00bb#ededed\u00bb margin_bottom=\u00bb20&#8243;][vc_column][vc_column_text]<div class=\"wpb-content-wrapper\"><p>[vc_row padding_top_multiplier=\u00bb\u00bb padding_bottom_multiplier=\u00bb\u00bb columns_gap=\u00bbnone\u00bb equal_column_height=\u00bbmiddle-content\u00bb mobile_visibility=\u00bbhide\u00bb mobile_equal_column_height=\u00bbfalse\u00bb section_id=\u00bbcta_catalogo\u00bb][vc_column width=\u00bb1\/2&#8243;][vc_custom_heading text=\u00bbDESCARGAR EL CAT\u00c1LOGO<br \/>\nCOMPLETO\u00bb font_container=\u00bbtag:h2|font_size:38px|text_align:center|color:%23db0ca4|line_height:45px\u00bb use_theme_fonts=\u00bbyes\u00bb el_id=\u00bbtitle_cta_scarica\u00bb][\/vc_column][vc_column width=\u00bb1\/3&#8243;]<div class=\"grve-element grve-image grve-align-center\" style=\"\">  <div class=\"grve-image-wrapper\"><img loading=\"lazy\" decoding=\"async\" width=\"307\" height=\"163\" src=\"https:\/\/www.senzani.com\/wp-content\/uploads\/2020\/03\/cta-catalogo-1.png\" class=\"attachment-full size-full\" alt=\"\" srcset=\"https:\/\/www.senzani.com\/wp-content\/uploads\/2020\/03\/cta-catalogo-1.png 307w, https:\/\/www.senzani.com\/wp-content\/uploads\/2020\/03\/cta-catalogo-1-300x159.png 300w\" sizes=\"auto, (max-width: 307px) 100vw, 307px\" \/>   <\/div><\/div>[\/vc_column][vc_column width=\u00bb1\/6&#8243;]<div class=\"grve-element grve-align-center\"><a href=\"https:\/\/www.senzani.com\/wp-content\/uploads\/2024\/10\/catalogo-EN-SENZANI-Set24-WEB.pdf\" class=\"grve-btn grve-btn-medium grve-round grve-bg-primary-2 grve-bg-hover-white btn-download\" style=\"margin-bottom: 0px;\"><span>DESCARGAR<\/span><\/a><\/div>[\/vc_column][\/vc_row][vc_row columns_gap=\u00bbnone\u00bb equal_column_height=\u00bbmiddle-content\u00bb desktop_visibility=\u00bbhide\u00bb tablet_visibility=\u00bbhide\u00bb tablet_sm_visibility=\u00bbhide\u00bb mobile_equal_column_height=\u00bbfalse\u00bb section_id=\u00bbcta_catalogo\u00bb][vc_column][vc_custom_heading text=\u00bbDESCARGAR EL CAT\u00c1LOGO<br \/>\nCOMPLETO\u00bb font_container=\u00bbtag:h2|font_size:22px|text_align:center|color:%23db0ca4&#8243; use_theme_fonts=\u00bbyes\u00bb css=\u00bb.vc_custom_1680703808963{padding-bottom: 20px !important;}\u00bb]<div class=\"grve-element grve-image grve-align-center\" style=\"margin-bottom: 20px;\">  <div class=\"grve-image-wrapper\"><img loading=\"lazy\" decoding=\"async\" class=\"attachment-full size-full\" alt=\"Dummy Image\" src=\"https:\/\/www.senzani.com\/wp-content\/plugins\/movedo-extension\/assets\/images\/empty\/full.jpg\" width=\"1024\" height=\"768\">   <\/div><\/div><div class=\"grve-element grve-align-center\"><a href=\"https:\/\/www.senzani.com\/wp-content\/uploads\/2024\/10\/catalogo-EN-SENZANI-Set24-WEB.pdf\" target=\"_blank\" rel=\"noopener noreferrer\" class=\"grve-btn grve-btn-medium grve-round grve-bg-primary-2 grve-bg-hover-white btn-download\" style=\"margin-bottom: 0px;\"><span>DESCARGAR<\/span><\/a><\/div>[\/vc_column][\/vc_row]<\/p>\n<\/div>[\/vc_column_text][\/vc_column][\/vc_row]<\/p>\n<\/div>","protected":false},"excerpt":{"rendered":"<p>[vc_row][vc_column width=\u00bb1\/4&#8243;][vc_column_text css=\u00bb.vc_custom_1680882655906{padding-top: 15px !important;padding-bottom: 8px !important;}\u00bb] Todas estas m\u00e1quinas est\u00e1n disponibles con [\/vc_column_text][vc_single_image image=\u00bb21741&#8243; img_size=\u00bb120&#215;80&#8243; onclick=\u00bbcustom_link\u00bb link=\u00bbhttps:\/\/www.senzani.com\/es\/asistencia-de-remoto-smart\/\u00bb][\/vc_column][vc_column width=\u00bb3\/4&#8243;][vc_custom_heading text=\u00bbPaletizadores: soluciones para el final de l\u00ednea\u00bb font_container=\u00bbtag:h1|text_align:left\u00bb google_fonts=\u00bbfont_family:Montserrat%3Aregular%2C700|font_style:400%20regular%3A400%3Anormal\u00bb css_animation=\u00bbright-to-left\u00bb el_id=\u00bbtitle_soluzioni\u00bb][vc_column_text css=\u00bb\u00bb animation=\u00bbgrve-fade-in-down\u00bb animation_duration=\u00bbslow\u00bb]A fin de completar cada l\u00ednea de producci\u00f3n, hemos desarrollado numerosas soluciones de final de l\u00ednea totalmente personalizadas, que aseguran al cliente una [&hellip;]<\/p>\n","protected":false},"author":2,"featured_media":0,"parent":23417,"menu_order":0,"comment_status":"closed","ping_status":"open","template":"","meta":{"_acf_changed":false,"content-type":"","footnotes":""},"class_list":["post-23591","page","type-page","status-publish","hentry"],"acf":[],"yoast_head":"<!-- This site is optimized with the Yoast SEO plugin v27.4 - https:\/\/yoast.com\/product\/yoast-seo-wordpress\/ -->\n<title>Paletizadores y soluciones de final de l\u00ednea | Senzani Brevetti<\/title>\n<meta name=\"description\" content=\"Creamos y dise\u00f1amos soluciones de paletizaci\u00f3n para el final de l\u00ednea, proporcionando al cliente la m\u00e1xima eficiencia y velocidad de l\u00ednea.\" \/>\n<meta name=\"robots\" content=\"index, follow, max-snippet:-1, max-image-preview:large, max-video-preview:-1\" \/>\n<link rel=\"canonical\" href=\"https:\/\/www.senzani.com\/es\/soluciones\/paletizadores\/\" \/>\n<meta property=\"og:locale\" content=\"es_ES\" \/>\n<meta property=\"og:type\" content=\"article\" \/>\n<meta property=\"og:title\" content=\"Paletizadores y soluciones de final de l\u00ednea | Senzani Brevetti\" \/>\n<meta property=\"og:description\" content=\"Creamos y dise\u00f1amos soluciones de paletizaci\u00f3n para el final de l\u00ednea, proporcionando al cliente la m\u00e1xima eficiencia y velocidad de l\u00ednea.\" \/>\n<meta property=\"og:url\" content=\"https:\/\/www.senzani.com\/es\/soluciones\/paletizadores\/\" \/>\n<meta property=\"og:site_name\" content=\"Senzani Brevetti S.p.A.\" \/>\n<meta property=\"article:modified_time\" content=\"2025-03-20T09:44:27+00:00\" \/>\n<meta name=\"twitter:card\" content=\"summary_large_image\" \/>\n<meta name=\"twitter:label1\" content=\"Tiempo de lectura\" \/>\n\t<meta name=\"twitter:data1\" content=\"2 minutos\" \/>\n<script type=\"application\/ld+json\" class=\"yoast-schema-graph\">{\"@context\":\"https:\\\/\\\/schema.org\",\"@graph\":[{\"@type\":\"WebPage\",\"@id\":\"https:\\\/\\\/www.senzani.com\\\/es\\\/soluciones\\\/paletizadores\\\/\",\"url\":\"https:\\\/\\\/www.senzani.com\\\/es\\\/soluciones\\\/paletizadores\\\/\",\"name\":\"Paletizadores y soluciones de final de l\u00ednea | Senzani Brevetti\",\"isPartOf\":{\"@id\":\"https:\\\/\\\/www.senzani.com\\\/es\\\/#website\"},\"datePublished\":\"2020-03-20T15:21:01+00:00\",\"dateModified\":\"2025-03-20T09:44:27+00:00\",\"description\":\"Creamos y dise\u00f1amos soluciones de paletizaci\u00f3n para el final de l\u00ednea, proporcionando al cliente la m\u00e1xima eficiencia y velocidad de l\u00ednea.\",\"breadcrumb\":{\"@id\":\"https:\\\/\\\/www.senzani.com\\\/es\\\/soluciones\\\/paletizadores\\\/#breadcrumb\"},\"inLanguage\":\"es\",\"potentialAction\":[{\"@type\":\"ReadAction\",\"target\":[\"https:\\\/\\\/www.senzani.com\\\/es\\\/soluciones\\\/paletizadores\\\/\"]}]},{\"@type\":\"BreadcrumbList\",\"@id\":\"https:\\\/\\\/www.senzani.com\\\/es\\\/soluciones\\\/paletizadores\\\/#breadcrumb\",\"itemListElement\":[{\"@type\":\"ListItem\",\"position\":1,\"name\":\"Home\",\"item\":\"https:\\\/\\\/www.senzani.com\\\/es\\\/\"},{\"@type\":\"ListItem\",\"position\":2,\"name\":\"Soluciones\",\"item\":\"https:\\\/\\\/www.senzani.com\\\/es\\\/soluciones\\\/\"},{\"@type\":\"ListItem\",\"position\":3,\"name\":\"End of line\"}]},{\"@type\":\"WebSite\",\"@id\":\"https:\\\/\\\/www.senzani.com\\\/es\\\/#website\",\"url\":\"https:\\\/\\\/www.senzani.com\\\/es\\\/\",\"name\":\"Senzani Brevetti S.p.A.\",\"description\":\"Leader nel settore delle macchine per imballaggi\",\"publisher\":{\"@id\":\"https:\\\/\\\/www.senzani.com\\\/es\\\/#organization\"},\"potentialAction\":[{\"@type\":\"SearchAction\",\"target\":{\"@type\":\"EntryPoint\",\"urlTemplate\":\"https:\\\/\\\/www.senzani.com\\\/es\\\/?s={search_term_string}\"},\"query-input\":{\"@type\":\"PropertyValueSpecification\",\"valueRequired\":true,\"valueName\":\"search_term_string\"}}],\"inLanguage\":\"es\"},{\"@type\":\"Organization\",\"@id\":\"https:\\\/\\\/www.senzani.com\\\/es\\\/#organization\",\"name\":\"Senzani Brevetti\",\"url\":\"https:\\\/\\\/www.senzani.com\\\/es\\\/\",\"logo\":{\"@type\":\"ImageObject\",\"inLanguage\":\"es\",\"@id\":\"https:\\\/\\\/www.senzani.com\\\/es\\\/#\\\/schema\\\/logo\\\/image\\\/\",\"url\":\"https:\\\/\\\/www.senzani.com\\\/wp-content\\\/uploads\\\/2020\\\/03\\\/logo-senzani.png\",\"contentUrl\":\"https:\\\/\\\/www.senzani.com\\\/wp-content\\\/uploads\\\/2020\\\/03\\\/logo-senzani.png\",\"width\":259,\"height\":71,\"caption\":\"Senzani Brevetti\"},\"image\":{\"@id\":\"https:\\\/\\\/www.senzani.com\\\/es\\\/#\\\/schema\\\/logo\\\/image\\\/\"}}]}<\/script>\n<!-- \/ Yoast SEO plugin. -->","yoast_head_json":{"title":"Paletizadores y soluciones de final de l\u00ednea | Senzani Brevetti","description":"Creamos y dise\u00f1amos soluciones de paletizaci\u00f3n para el final de l\u00ednea, proporcionando al cliente la m\u00e1xima eficiencia y velocidad de l\u00ednea.","robots":{"index":"index","follow":"follow","max-snippet":"max-snippet:-1","max-image-preview":"max-image-preview:large","max-video-preview":"max-video-preview:-1"},"canonical":"https:\/\/www.senzani.com\/es\/soluciones\/paletizadores\/","og_locale":"es_ES","og_type":"article","og_title":"Paletizadores y soluciones de final de l\u00ednea | Senzani Brevetti","og_description":"Creamos y dise\u00f1amos soluciones de paletizaci\u00f3n para el final de l\u00ednea, proporcionando al cliente la m\u00e1xima eficiencia y velocidad de l\u00ednea.","og_url":"https:\/\/www.senzani.com\/es\/soluciones\/paletizadores\/","og_site_name":"Senzani Brevetti S.p.A.","article_modified_time":"2025-03-20T09:44:27+00:00","twitter_card":"summary_large_image","twitter_misc":{"Tiempo de lectura":"2 minutos"},"schema":{"@context":"https:\/\/schema.org","@graph":[{"@type":"WebPage","@id":"https:\/\/www.senzani.com\/es\/soluciones\/paletizadores\/","url":"https:\/\/www.senzani.com\/es\/soluciones\/paletizadores\/","name":"Paletizadores y soluciones de final de l\u00ednea | Senzani Brevetti","isPartOf":{"@id":"https:\/\/www.senzani.com\/es\/#website"},"datePublished":"2020-03-20T15:21:01+00:00","dateModified":"2025-03-20T09:44:27+00:00","description":"Creamos y dise\u00f1amos soluciones de paletizaci\u00f3n para el final de l\u00ednea, proporcionando al cliente la m\u00e1xima eficiencia y velocidad de l\u00ednea.","breadcrumb":{"@id":"https:\/\/www.senzani.com\/es\/soluciones\/paletizadores\/#breadcrumb"},"inLanguage":"es","potentialAction":[{"@type":"ReadAction","target":["https:\/\/www.senzani.com\/es\/soluciones\/paletizadores\/"]}]},{"@type":"BreadcrumbList","@id":"https:\/\/www.senzani.com\/es\/soluciones\/paletizadores\/#breadcrumb","itemListElement":[{"@type":"ListItem","position":1,"name":"Home","item":"https:\/\/www.senzani.com\/es\/"},{"@type":"ListItem","position":2,"name":"Soluciones","item":"https:\/\/www.senzani.com\/es\/soluciones\/"},{"@type":"ListItem","position":3,"name":"End of line"}]},{"@type":"WebSite","@id":"https:\/\/www.senzani.com\/es\/#website","url":"https:\/\/www.senzani.com\/es\/","name":"Senzani Brevetti S.p.A.","description":"Leader nel settore delle macchine per imballaggi","publisher":{"@id":"https:\/\/www.senzani.com\/es\/#organization"},"potentialAction":[{"@type":"SearchAction","target":{"@type":"EntryPoint","urlTemplate":"https:\/\/www.senzani.com\/es\/?s={search_term_string}"},"query-input":{"@type":"PropertyValueSpecification","valueRequired":true,"valueName":"search_term_string"}}],"inLanguage":"es"},{"@type":"Organization","@id":"https:\/\/www.senzani.com\/es\/#organization","name":"Senzani Brevetti","url":"https:\/\/www.senzani.com\/es\/","logo":{"@type":"ImageObject","inLanguage":"es","@id":"https:\/\/www.senzani.com\/es\/#\/schema\/logo\/image\/","url":"https:\/\/www.senzani.com\/wp-content\/uploads\/2020\/03\/logo-senzani.png","contentUrl":"https:\/\/www.senzani.com\/wp-content\/uploads\/2020\/03\/logo-senzani.png","width":259,"height":71,"caption":"Senzani Brevetti"},"image":{"@id":"https:\/\/www.senzani.com\/es\/#\/schema\/logo\/image\/"}}]}},"_links":{"self":[{"href":"https:\/\/www.senzani.com\/es\/wp-json\/wp\/v2\/pages\/23591","targetHints":{"allow":["GET"]}}],"collection":[{"href":"https:\/\/www.senzani.com\/es\/wp-json\/wp\/v2\/pages"}],"about":[{"href":"https:\/\/www.senzani.com\/es\/wp-json\/wp\/v2\/types\/page"}],"author":[{"embeddable":true,"href":"https:\/\/www.senzani.com\/es\/wp-json\/wp\/v2\/users\/2"}],"replies":[{"embeddable":true,"href":"https:\/\/www.senzani.com\/es\/wp-json\/wp\/v2\/comments?post=23591"}],"version-history":[{"count":19,"href":"https:\/\/www.senzani.com\/es\/wp-json\/wp\/v2\/pages\/23591\/revisions"}],"predecessor-version":[{"id":27443,"href":"https:\/\/www.senzani.com\/es\/wp-json\/wp\/v2\/pages\/23591\/revisions\/27443"}],"up":[{"embeddable":true,"href":"https:\/\/www.senzani.com\/es\/wp-json\/wp\/v2\/pages\/23417"}],"wp:attachment":[{"href":"https:\/\/www.senzani.com\/es\/wp-json\/wp\/v2\/media?parent=23591"}],"curies":[{"name":"wp","href":"https:\/\/api.w.org\/{rel}","templated":true}]}}