{"id":23562,"date":"2020-06-19T12:07:30","date_gmt":"2020-06-19T10:07:30","guid":{"rendered":"https:\/\/www.senzani.com\/soluciones\/encartonadoras\/cptl\/"},"modified":"2024-03-28T15:06:46","modified_gmt":"2024-03-28T14:06:46","slug":"cptl","status":"publish","type":"page","link":"https:\/\/www.senzani.com\/es\/soluciones\/encartonadoras\/cptl\/","title":{"rendered":"CPTL"},"content":{"rendered":"<div class=\"wpb-content-wrapper\"><p>[vc_row padding_bottom_multiplier=\u00bb\u00bb][vc_column width=\u00bb1\/6&#8243;]<div class=\"grve-element grve-image grve-animated-item grve-duration-very-slow grve-fade-in grve-align-left\" style=\"\" data-delay=\"200\">  <div class=\"grve-image-wrapper\"><img loading=\"lazy\" decoding=\"async\" width=\"240\" height=\"293\" src=\"https:\/\/www.senzani.com\/wp-content\/uploads\/2020\/03\/case-packers.jpg\" class=\"attachment-full size-full\" alt=\"\" \/>   <\/div><\/div>[vc_column_text animation=\u00bbgrve-fade-in\u00bb css=\u00bb.vc_custom_1711632044209{padding-bottom: 20px !important;}\u00bb]<\/p>\n<h1 style=\"color: #db0ca4; font-size: 30px;\">serie CPTL<\/h1>\n<p><span style=\"color: #333333; font-size: 18px;\">Encajadora top-load<\/span>[\/vc_column_text][vc_column_text css=\u00bb.vc_custom_1680876515251{padding-top: 30px !important;padding-bottom: 8px !important;}\u00bb]<\/p>\n<div style=\"line-height: 18px; font-weight: 400;\">Disponible con<\/div>\n<p>[\/vc_column_text][vc_single_image image=\u00bb21742&#8243; img_size=\u00bb120&#215;80&#8243; onclick=\u00bbcustom_link\u00bb link=\u00bbhttps:\/\/www.senzani.com\/es\/asistencia-de-remoto-smart\/\u00bb][\/vc_column][vc_column width=\u00bb5\/6&#8243;]<div class=\"grve-element grve-box grve-align-center grve-animated-item grve-zoom-in grve-duration-normal\" style=\"\" data-delay=\"200\"><figure class=\"grve-image-hover grve-zoom-in\">\t<div class=\"grve-media\">\t\t<div class=\"grve-bg-light grve-hover-overlay grve-opacity-0\"><\/div><img loading=\"lazy\" decoding=\"async\" width=\"1200\" height=\"746\" src=\"https:\/\/www.senzani.com\/wp-content\/uploads\/2020\/05\/CPTL.jpg\" class=\"attachment-full size-full\" alt=\"\" srcset=\"https:\/\/www.senzani.com\/wp-content\/uploads\/2020\/05\/CPTL.jpg 1200w, https:\/\/www.senzani.com\/wp-content\/uploads\/2020\/05\/CPTL-300x187.jpg 300w, https:\/\/www.senzani.com\/wp-content\/uploads\/2020\/05\/CPTL-1024x637.jpg 1024w, https:\/\/www.senzani.com\/wp-content\/uploads\/2020\/05\/CPTL-768x477.jpg 768w\" sizes=\"auto, (max-width: 1200px) 100vw, 1200px\" \/>\t<\/div><\/figure>  <div class=\"grve-box-content\">    <p><\/p>  <\/div><\/div>[\/vc_column][\/vc_row][vc_row padding_top_multiplier=\u00bb\u00bb columns_gap=\u00bb50&#8243;][vc_column width=\u00bb1\/2&#8243;][vc_column_text animation=\u00bbgrve-fade-in-down\u00bb animation_duration=\u00bbslow\u00bb]La gama de encajadoras <strong>CPTL<\/strong> es la soluci\u00f3n Senzani para el <strong>llenado de carga superior en caja americana (caja\u00a0RCS)<\/strong>, con un dise\u00f1o que, aunque prioriza la sencillez, requisito esencial para este tipo de m\u00e1quinas, recurre a las tecnolog\u00edas m\u00e1s vanguardistas para ofrecer una selecci\u00f3n de m\u00e1quinas entre las m\u00e1s veloces y fiables en el sector.<\/p>\n<p>El formado perfecto de las cajas se garantiza gracias al uso de <strong>dispositivos de accionamiento servomotorizados de alta precisi\u00f3n<\/strong> y a la apertura positiva de las cajas. El mantenimiento de la cuadratura y de la forma se asegura en las fases de transferencia al \u00e1rea de llenado por medio de comprobaciones en las cadenas de transporte.[\/vc_column_text][\/vc_column][vc_column width=\u00bb1\/2&#8243;][vc_column_text animation=\u00bbgrve-fade-in-down\u00bb animation_duration=\u00bbslow\u00bb]Senzani propone distintas soluciones para la gesti\u00f3n de los productos antes del llenado, con el fin de poder adaptarse mejor a las caracter\u00edsticas de forma y de tipo del embalaje primario y de garantizar la total flexibilidad en la configuraci\u00f3n interior de la caja.<br \/>\nEn las fases de llenado, el producto se trata con extrema delicadeza para garantizar su absoluta integridad gracias al uso de <strong>sistemas adaptables<\/strong>, <strong>ya sea de brazo cartesiano o de tecnolog\u00eda rob\u00f3tica<\/strong>.<br \/>\nLos <strong>cambios de formato son r\u00e1pidos y seguros<\/strong>, gracias al uso de las tecnolog\u00edas m\u00e1s modernas. La selecci\u00f3n de los programas se ve facilitada al actuar sobre una interfaz de operador extremadamente intuitiva. Los ajustes de la m\u00e1quina resultan sencillos y no precisan de herramientas; existe un tutorial espec\u00edfico a disposici\u00f3n del operador con vistas a minimizar el riesgo de error.[\/vc_column_text][\/vc_column][\/vc_row][vc_row padding_top_multiplier=\u00bb\u00bb padding_bottom_multiplier=\u00bb\u00bb][vc_column][vc_single_image image=\u00bb19820&#8243; img_size=\u00bbfull\u00bb][\/vc_column][\/vc_row][vc_row padding_top_multiplier=\u00bb\u00bb padding_bottom_multiplier=\u00bb3x\u00bb columns_gap=\u00bb50&#8243;][vc_column width=\u00bb1\/2&#8243;][vc_column_text animation=\u00bbgrve-fade-in-down\u00bb animation_duration=\u00bbslow\u00bb]Para velocidades altas, la especialidad de Senzani, el dise\u00f1o prev\u00e9 <strong>m\u00faltiples estaciones de transferencia de producto<\/strong>, <strong>formaci\u00f3n y cierre<\/strong> de las unidades de envasado. Los movimientos de todos los dispositivos son simult\u00e1neos, con una sincronizaci\u00f3n perfecta y una gesti\u00f3n totalmente integrada y sencilla desde el panel del operador.<br \/>\nTodos los componentes han sido dise\u00f1ados y seleccionados para asegurar la m\u00e1xima fiabilidad durante el ciclo de vida de la m\u00e1quina.[\/vc_column_text][\/vc_column][vc_column width=\u00bb1\/2&#8243;][vc_column_text animation=\u00bbgrve-fade-in-down\u00bb animation_duration=\u00bbslow\u00bb]Durante la fase de dise\u00f1o, se presta la m\u00e1xima atenci\u00f3n a la b\u00fasqueda de soluciones modernas e innovadoras en los \u00e1mbitos del ahorro energ\u00e9tico, la mitigaci\u00f3n del deterioro y la utilizaci\u00f3n de componentes totalmente libres de defectos.<\/p>\n<p>T\u00e9cnicos especializados ensamblan y prueban de manera exhaustiva todas las m\u00e1quinas antes de su entrega, reduciendo as\u00ed de forma considerable los tiempos de instalaci\u00f3n.[\/vc_column_text][\/vc_column][\/vc_row][vc_row padding_top_multiplier=\u00bb\u00bb columns_gap=\u00bb50&#8243;][vc_column width=\u00bb1\/2&#8243;][vc_custom_heading text=\u00bbEncajadoras serie CPTL<br \/>\nmodelos\u00bb font_container=\u00bbtag:h2|text_align:center\u00bb google_fonts=\u00bbfont_family:Montserrat%3Aregular%2C700|font_style:400%20regular%3A400%3Anormal\u00bb css_animation=\u00bbright-to-left\u00bb][vc_column_text]<\/p>\n<table border=\"1\">\n<tbody>\n<tr>\n<td>mod.<\/td>\n<td align=\"center\">velocidad max. (cpm)<\/td>\n<td>medidas caja min.<\/td>\n<td>medidas caja max.<\/td>\n<\/tr>\n<tr>\n<td>CPTL6<\/td>\n<td align=\"center\">6<\/td>\n<td>250x160x250<\/td>\n<td>500x300x450<\/td>\n<\/tr>\n<tr>\n<td>CPTL12<\/td>\n<td align=\"center\">12<\/td>\n<td>250x150x250<\/td>\n<td>500x300x450<\/td>\n<\/tr>\n<tr>\n<td>CPTL20<\/td>\n<td align=\"center\">20<\/td>\n<td>250x150x150<\/td>\n<td>400x300x300<\/td>\n<\/tr>\n<tr>\n<td>CPTL25<\/td>\n<td align=\"center\">25<\/td>\n<td>250x150x150<\/td>\n<td>400x300x300<\/td>\n<\/tr>\n<\/tbody>\n<\/table>\n<p>[\/vc_column_text][\/vc_column][vc_column width=\u00bb1\/2&#8243;][vc_column_text animation=\u00bbgrve-fade-in-up\u00bb animation_duration=\u00bbslow\u00bb css=\u00bb.vc_custom_1680876919614{padding-bottom: 20px !important;}\u00bb]<\/p>\n<h4><b>Caracter\u00edsticas:<\/b><\/h4>\n<ul class=\"ul1\">\n<li class=\"li1\">productos tratables: estuches, doypacks, pouches, bolsas, flowpacks, botes, etc.;<\/li>\n<li class=\"li1\">velocidad de producci\u00f3n: hasta 25 CAJAS\/minuto;<\/li>\n<li class=\"li1\">volumen recudido y gesti\u00f3n sencilla de la m\u00e1quina por un \u00fanico operador;<\/li>\n<li class=\"li1\">m\u00e1quina monobloque tres en uno: apertura, llenado y cierre de cartones (ya sea con cola en caliente o con cinta);<\/li>\n<li class=\"li1\">almac\u00e9n horizontal o vertical, ergon\u00f3mico, adaptable a una amplia gama de formatos, incluso de distintos gramajes;<\/li>\n<li class=\"li1\">m\u00e1quinas completamente electr\u00f3nicas dotadas de motores sin escobillas;<\/li>\n<li class=\"li1\">extrema adaptabilidad a los formatos y a las distintas configuraciones;<\/li>\n<li class=\"li1\">tecnolog\u00eda tool-free, sin necesidad de utilizar herramientas externas para los ajustes y los cambios de formato;<\/li>\n<li class=\"li1\">dise\u00f1o robusto, componentes certificados, mantenimiento reducido;<\/li>\n<li class=\"li1\">ingenier\u00eda de todos los elementos para garantizar al 100 % la conformidad del producto;<\/li>\n<li class=\"li1\">programaci\u00f3n sencilla e intuitiva;<\/li>\n<li class=\"li1\">rechazo de productos no conformes con control autom\u00e1tico;<\/li>\n<li class=\"li1\">m\u00e1xima accesibilidad a todos los componentes;<\/li>\n<li class=\"li1\">lubricaci\u00f3n de los rodamientos de por vida, previa solicitud lubricaci\u00f3n centralizada;<\/li>\n<li class=\"li1\">consumo energ\u00e9tico limitado, gracias tambi\u00e9n al uso de una bomba Venturi;<\/li>\n<li class=\"li1\">disponibilidad de todas las plataformas de PLC (Siemens; Allen Bradley; Schneider, y muchos m\u00e1s).<\/li>\n<\/ul>\n<p>[\/vc_column_text][\/vc_column][\/vc_row]<\/p>\n<\/div>","protected":false},"excerpt":{"rendered":"<p>[vc_row padding_bottom_multiplier=\u00bb\u00bb][vc_column width=\u00bb1\/6&#8243;][vc_column_text animation=\u00bbgrve-fade-in\u00bb css=\u00bb.vc_custom_1711632044209{padding-bottom: 20px !important;}\u00bb] serie CPTL Encajadora top-load[\/vc_column_text][vc_column_text css=\u00bb.vc_custom_1680876515251{padding-top: 30px !important;padding-bottom: 8px !important;}\u00bb] Disponible con [\/vc_column_text][vc_single_image image=\u00bb21742&#8243; img_size=\u00bb120&#215;80&#8243; onclick=\u00bbcustom_link\u00bb link=\u00bbhttps:\/\/www.senzani.com\/es\/asistencia-de-remoto-smart\/\u00bb][\/vc_column][vc_column width=\u00bb5\/6&#8243;][\/vc_column][\/vc_row][vc_row padding_top_multiplier=\u00bb\u00bb columns_gap=\u00bb50&#8243;][vc_column width=\u00bb1\/2&#8243;][vc_column_text animation=\u00bbgrve-fade-in-down\u00bb animation_duration=\u00bbslow\u00bb]La gama de encajadoras CPTL es la soluci\u00f3n Senzani para el llenado de carga superior en caja americana (caja\u00a0RCS), con un dise\u00f1o que, aunque prioriza la sencillez, [&hellip;]<\/p>\n","protected":false},"author":4,"featured_media":0,"parent":23540,"menu_order":0,"comment_status":"closed","ping_status":"open","template":"","meta":{"_acf_changed":false,"content-type":"","footnotes":""},"class_list":["post-23562","page","type-page","status-publish","hentry"],"acf":[],"yoast_head":"<!-- This site is optimized with the Yoast SEO plugin v27.5 - https:\/\/yoast.com\/product\/yoast-seo-wordpress\/ -->\n<title>Encajadora top-load | Senzani Brevetti<\/title>\n<meta name=\"description\" content=\"La gama de encajadoras CPTL es la soluci\u00f3n Senzani para el llenado de carga superior en caja americana (caja RCS)\" \/>\n<meta name=\"robots\" content=\"index, follow, max-snippet:-1, max-image-preview:large, max-video-preview:-1\" \/>\n<link rel=\"canonical\" href=\"https:\/\/www.senzani.com\/es\/soluciones\/encartonadoras\/cptl\/\" \/>\n<meta property=\"og:locale\" content=\"es_ES\" \/>\n<meta property=\"og:type\" content=\"article\" \/>\n<meta property=\"og:title\" content=\"Encajadora top-load | Senzani Brevetti\" \/>\n<meta property=\"og:description\" content=\"La gama de encajadoras CPTL es la soluci\u00f3n Senzani para el llenado de carga superior en caja americana (caja RCS)\" \/>\n<meta property=\"og:url\" content=\"https:\/\/www.senzani.com\/es\/soluciones\/encartonadoras\/cptl\/\" \/>\n<meta property=\"og:site_name\" content=\"Senzani Brevetti S.p.A.\" \/>\n<meta property=\"article:modified_time\" content=\"2024-03-28T14:06:46+00:00\" \/>\n<meta name=\"twitter:card\" content=\"summary_large_image\" \/>\n<meta name=\"twitter:label1\" content=\"Tiempo de lectura\" \/>\n\t<meta name=\"twitter:data1\" content=\"4 minutos\" \/>\n<script type=\"application\/ld+json\" class=\"yoast-schema-graph\">{\"@context\":\"https:\\\/\\\/schema.org\",\"@graph\":[{\"@type\":\"WebPage\",\"@id\":\"https:\\\/\\\/www.senzani.com\\\/es\\\/soluciones\\\/encartonadoras\\\/cptl\\\/\",\"url\":\"https:\\\/\\\/www.senzani.com\\\/es\\\/soluciones\\\/encartonadoras\\\/cptl\\\/\",\"name\":\"Encajadora top-load | Senzani Brevetti\",\"isPartOf\":{\"@id\":\"https:\\\/\\\/www.senzani.com\\\/es\\\/#website\"},\"datePublished\":\"2020-06-19T10:07:30+00:00\",\"dateModified\":\"2024-03-28T14:06:46+00:00\",\"description\":\"La gama de encajadoras CPTL es la soluci\u00f3n Senzani para el llenado de carga superior en caja americana (caja RCS)\",\"breadcrumb\":{\"@id\":\"https:\\\/\\\/www.senzani.com\\\/es\\\/soluciones\\\/encartonadoras\\\/cptl\\\/#breadcrumb\"},\"inLanguage\":\"es\",\"potentialAction\":[{\"@type\":\"ReadAction\",\"target\":[\"https:\\\/\\\/www.senzani.com\\\/es\\\/soluciones\\\/encartonadoras\\\/cptl\\\/\"]}]},{\"@type\":\"BreadcrumbList\",\"@id\":\"https:\\\/\\\/www.senzani.com\\\/es\\\/soluciones\\\/encartonadoras\\\/cptl\\\/#breadcrumb\",\"itemListElement\":[{\"@type\":\"ListItem\",\"position\":1,\"name\":\"Home\",\"item\":\"https:\\\/\\\/www.senzani.com\\\/es\\\/\"},{\"@type\":\"ListItem\",\"position\":2,\"name\":\"Soluciones\",\"item\":\"https:\\\/\\\/www.senzani.com\\\/es\\\/soluciones\\\/\"},{\"@type\":\"ListItem\",\"position\":3,\"name\":\"Case packers\",\"item\":\"https:\\\/\\\/www.senzani.com\\\/es\\\/soluciones\\\/encartonadoras\\\/\"},{\"@type\":\"ListItem\",\"position\":4,\"name\":\"CPTL\"}]},{\"@type\":\"WebSite\",\"@id\":\"https:\\\/\\\/www.senzani.com\\\/es\\\/#website\",\"url\":\"https:\\\/\\\/www.senzani.com\\\/es\\\/\",\"name\":\"Senzani Brevetti S.p.A.\",\"description\":\"Leader nel settore delle macchine per imballaggi\",\"publisher\":{\"@id\":\"https:\\\/\\\/www.senzani.com\\\/es\\\/#organization\"},\"potentialAction\":[{\"@type\":\"SearchAction\",\"target\":{\"@type\":\"EntryPoint\",\"urlTemplate\":\"https:\\\/\\\/www.senzani.com\\\/es\\\/?s={search_term_string}\"},\"query-input\":{\"@type\":\"PropertyValueSpecification\",\"valueRequired\":true,\"valueName\":\"search_term_string\"}}],\"inLanguage\":\"es\"},{\"@type\":\"Organization\",\"@id\":\"https:\\\/\\\/www.senzani.com\\\/es\\\/#organization\",\"name\":\"Senzani Brevetti\",\"url\":\"https:\\\/\\\/www.senzani.com\\\/es\\\/\",\"logo\":{\"@type\":\"ImageObject\",\"inLanguage\":\"es\",\"@id\":\"https:\\\/\\\/www.senzani.com\\\/es\\\/#\\\/schema\\\/logo\\\/image\\\/\",\"url\":\"https:\\\/\\\/www.senzani.com\\\/wp-content\\\/uploads\\\/2020\\\/03\\\/logo-senzani.png\",\"contentUrl\":\"https:\\\/\\\/www.senzani.com\\\/wp-content\\\/uploads\\\/2020\\\/03\\\/logo-senzani.png\",\"width\":259,\"height\":71,\"caption\":\"Senzani Brevetti\"},\"image\":{\"@id\":\"https:\\\/\\\/www.senzani.com\\\/es\\\/#\\\/schema\\\/logo\\\/image\\\/\"}}]}<\/script>\n<!-- \/ Yoast SEO plugin. -->","yoast_head_json":{"title":"Encajadora top-load | Senzani Brevetti","description":"La gama de encajadoras CPTL es la soluci\u00f3n Senzani para el llenado de carga superior en caja americana (caja RCS)","robots":{"index":"index","follow":"follow","max-snippet":"max-snippet:-1","max-image-preview":"max-image-preview:large","max-video-preview":"max-video-preview:-1"},"canonical":"https:\/\/www.senzani.com\/es\/soluciones\/encartonadoras\/cptl\/","og_locale":"es_ES","og_type":"article","og_title":"Encajadora top-load | Senzani Brevetti","og_description":"La gama de encajadoras CPTL es la soluci\u00f3n Senzani para el llenado de carga superior en caja americana (caja RCS)","og_url":"https:\/\/www.senzani.com\/es\/soluciones\/encartonadoras\/cptl\/","og_site_name":"Senzani Brevetti S.p.A.","article_modified_time":"2024-03-28T14:06:46+00:00","twitter_card":"summary_large_image","twitter_misc":{"Tiempo de lectura":"4 minutos"},"schema":{"@context":"https:\/\/schema.org","@graph":[{"@type":"WebPage","@id":"https:\/\/www.senzani.com\/es\/soluciones\/encartonadoras\/cptl\/","url":"https:\/\/www.senzani.com\/es\/soluciones\/encartonadoras\/cptl\/","name":"Encajadora top-load | Senzani Brevetti","isPartOf":{"@id":"https:\/\/www.senzani.com\/es\/#website"},"datePublished":"2020-06-19T10:07:30+00:00","dateModified":"2024-03-28T14:06:46+00:00","description":"La gama de encajadoras CPTL es la soluci\u00f3n Senzani para el llenado de carga superior en caja americana (caja RCS)","breadcrumb":{"@id":"https:\/\/www.senzani.com\/es\/soluciones\/encartonadoras\/cptl\/#breadcrumb"},"inLanguage":"es","potentialAction":[{"@type":"ReadAction","target":["https:\/\/www.senzani.com\/es\/soluciones\/encartonadoras\/cptl\/"]}]},{"@type":"BreadcrumbList","@id":"https:\/\/www.senzani.com\/es\/soluciones\/encartonadoras\/cptl\/#breadcrumb","itemListElement":[{"@type":"ListItem","position":1,"name":"Home","item":"https:\/\/www.senzani.com\/es\/"},{"@type":"ListItem","position":2,"name":"Soluciones","item":"https:\/\/www.senzani.com\/es\/soluciones\/"},{"@type":"ListItem","position":3,"name":"Case packers","item":"https:\/\/www.senzani.com\/es\/soluciones\/encartonadoras\/"},{"@type":"ListItem","position":4,"name":"CPTL"}]},{"@type":"WebSite","@id":"https:\/\/www.senzani.com\/es\/#website","url":"https:\/\/www.senzani.com\/es\/","name":"Senzani Brevetti S.p.A.","description":"Leader nel settore delle macchine per imballaggi","publisher":{"@id":"https:\/\/www.senzani.com\/es\/#organization"},"potentialAction":[{"@type":"SearchAction","target":{"@type":"EntryPoint","urlTemplate":"https:\/\/www.senzani.com\/es\/?s={search_term_string}"},"query-input":{"@type":"PropertyValueSpecification","valueRequired":true,"valueName":"search_term_string"}}],"inLanguage":"es"},{"@type":"Organization","@id":"https:\/\/www.senzani.com\/es\/#organization","name":"Senzani Brevetti","url":"https:\/\/www.senzani.com\/es\/","logo":{"@type":"ImageObject","inLanguage":"es","@id":"https:\/\/www.senzani.com\/es\/#\/schema\/logo\/image\/","url":"https:\/\/www.senzani.com\/wp-content\/uploads\/2020\/03\/logo-senzani.png","contentUrl":"https:\/\/www.senzani.com\/wp-content\/uploads\/2020\/03\/logo-senzani.png","width":259,"height":71,"caption":"Senzani Brevetti"},"image":{"@id":"https:\/\/www.senzani.com\/es\/#\/schema\/logo\/image\/"}}]}},"_links":{"self":[{"href":"https:\/\/www.senzani.com\/es\/wp-json\/wp\/v2\/pages\/23562","targetHints":{"allow":["GET"]}}],"collection":[{"href":"https:\/\/www.senzani.com\/es\/wp-json\/wp\/v2\/pages"}],"about":[{"href":"https:\/\/www.senzani.com\/es\/wp-json\/wp\/v2\/types\/page"}],"author":[{"embeddable":true,"href":"https:\/\/www.senzani.com\/es\/wp-json\/wp\/v2\/users\/4"}],"replies":[{"embeddable":true,"href":"https:\/\/www.senzani.com\/es\/wp-json\/wp\/v2\/comments?post=23562"}],"version-history":[{"count":8,"href":"https:\/\/www.senzani.com\/es\/wp-json\/wp\/v2\/pages\/23562\/revisions"}],"predecessor-version":[{"id":25964,"href":"https:\/\/www.senzani.com\/es\/wp-json\/wp\/v2\/pages\/23562\/revisions\/25964"}],"up":[{"embeddable":true,"href":"https:\/\/www.senzani.com\/es\/wp-json\/wp\/v2\/pages\/23540"}],"wp:attachment":[{"href":"https:\/\/www.senzani.com\/es\/wp-json\/wp\/v2\/media?parent=23562"}],"curies":[{"name":"wp","href":"https:\/\/api.w.org\/{rel}","templated":true}]}}