{"id":23540,"date":"2020-03-16T07:43:17","date_gmt":"2020-03-16T06:43:17","guid":{"rendered":"https:\/\/www.senzani.com\/soluciones\/incartonatrici\/"},"modified":"2024-04-05T08:40:45","modified_gmt":"2024-04-05T06:40:45","slug":"encartonadoras","status":"publish","type":"page","link":"https:\/\/www.senzani.com\/es\/soluciones\/encartonadoras\/","title":{"rendered":"Case packers"},"content":{"rendered":"<div class=\"wpb-content-wrapper\"><p>[vc_row][vc_column width=\u00bb1\/4&#8243;]<div class=\"grve-element grve-image grve-animated-item grve-duration-very-slow grve-fade-in grve-align-center\" style=\"\" data-delay=\"200\">  <div class=\"grve-image-wrapper\"><img loading=\"lazy\" decoding=\"async\" width=\"240\" height=\"293\" src=\"https:\/\/www.senzani.com\/wp-content\/uploads\/2021\/07\/incartonatrici.jpeg\" class=\"attachment-full size-full\" alt=\"Icona delle incartonatrici di Senzani\" \/>   <\/div><\/div>[vc_column_text css=\u00bb.vc_custom_1680872746389{padding-top: 15px !important;padding-bottom: 8px !important;}\u00bb]<\/p>\n<div style=\"line-height: 18px; font-weight: 400;\">Todas estas m\u00e1quinas<br \/>\nest\u00e1n disponibles con<\/div>\n<p>[\/vc_column_text][vc_single_image image=\u00bb21741&#8243; img_size=\u00bb120&#215;80&#8243; onclick=\u00bbcustom_link\u00bb link=\u00bbhttps:\/\/www.senzani.com\/es\/asistencia-de-remoto-smart\/\u00bb][\/vc_column][vc_column width=\u00bb3\/4&#8243;][vc_custom_heading text=\u00bbEncajadoras: M\u00e1quinas de embalaje secundario\u00bb font_container=\u00bbtag:h1|text_align:left\u00bb google_fonts=\u00bbfont_family:Montserrat%3Aregular%2C700|font_style:400%20regular%3A400%3Anormal\u00bb css_animation=\u00bbright-to-left\u00bb el_id=\u00bbtitle_soluzioni\u00bb][vc_column_text animation=\u00bbgrve-fade-in-down\u00bb animation_duration=\u00bbslow\u00bb]Producimos soluciones para el envasado secundario y sistemas de embalaje de vanguardia, como <strong>encajadoras wrap-around, side-load y top-load<\/strong> para la introducci\u00f3n de productos en caja americana o wrap-around y la gesti\u00f3n completa de la propia caja. Se trata de maquinaria de dise\u00f1o modular y especular, completamente electr\u00f3nica (dotada de motores sin escobillas), con almacenes de cajas de f\u00e1cil acceso y amplia autonom\u00eda y sistemas de control (fotoc\u00e9lulas) utilizados tanto para la verificaci\u00f3n y la gesti\u00f3n del cierre correcto de la caja como para contar y registrar en memoria el n\u00famero de cajas cerradas correctamente y enviadas a la salida de la m\u00e1quina.[\/vc_column_text][\/vc_column][\/vc_row][vc_row][vc_column width=\u00bb1\/4&#8243;][vc_column_text animation=\u00bbgrve-fade-in\u00bb css=\u00bb.vc_custom_1711633928124{padding-bottom: 20px !important;}\u00bb]<span style=\"color: #db0ca4; font-size: 30px;\">CPWA<\/span><br \/>\n<span style=\"color: #333333; font-size: 18px;\">Encajadora wrap-around<\/span>[\/vc_column_text][vc_column_text animation=\u00bbgrve-fade-in-up\u00bb animation_duration=\u00bbslow\u00bb css=\u00bb.vc_custom_1711634120307{padding-bottom: 20px !important;}\u00bb]La gama de encajadoras <strong>CPWA<\/strong> representa la soluci\u00f3n Senzani en el envasado secundario para el llenado de cajas de troquel plano con el m\u00e9todo wrap-around.[\/vc_column_text][vc_column_text animation=\u00bbgrve-fade-in-left\u00bb animation_duration=\u00bbvery-slow\u00bb css=\u00bb.vc_custom_1711366790905{padding-bottom: 20px !important;}\u00bb]<\/p>\n<p class=\"p1\"><strong>medidas caja<\/strong><br \/>\nmin. 100 x 250 x 110 H mm.<br \/>\nmax. 200 x 480 x 200 H mm.<\/p>\n<p class=\"p1\"><strong>velocidad<\/strong><br \/>\nmax. 36 cajas\/min<\/p>\n<p>[\/vc_column_text]<div class=\"grve-element grve-align-left grve-animated-item grve-fade-in-left-big grve-duration-slow\" data-delay=\"200\"><a href=\"https:\/\/www.senzani.com\/es\/soluciones\/encartonadoras\/cpwa\/\" title=\"CPWA\" class=\"grve-btn grve-btn-medium grve-round grve-bg-primary-2 grve-bg-hover-primary-1 grve-btn-line\"><span>Ver detalles<\/span><\/a><\/div>[\/vc_column][vc_column width=\u00bb3\/4&#8243;]<div class=\"grve-element grve-box grve-align-center grve-animated-item grve-zoom-in grve-duration-normal\" style=\"\" data-delay=\"200\"><a href=\"https:\/\/www.senzani.com\/es\/soluciones\/encartonadoras\/cpwa\/\" title=\"CPWA\"><figure class=\"grve-image-hover grve-zoom-in\">\t<div class=\"grve-media\">\t\t<div class=\"grve-bg-light grve-hover-overlay grve-opacity-0\"><\/div><img loading=\"lazy\" decoding=\"async\" width=\"1200\" height=\"655\" src=\"https:\/\/www.senzani.com\/wp-content\/uploads\/2021\/07\/CPWA.jpeg\" class=\"attachment-full size-full\" alt=\"CPWA Incartonatrice wrap-around\" srcset=\"https:\/\/www.senzani.com\/wp-content\/uploads\/2021\/07\/CPWA.jpeg 1200w, https:\/\/www.senzani.com\/wp-content\/uploads\/2021\/07\/CPWA-300x164.jpeg 300w, https:\/\/www.senzani.com\/wp-content\/uploads\/2021\/07\/CPWA-1024x559.jpeg 1024w, https:\/\/www.senzani.com\/wp-content\/uploads\/2021\/07\/CPWA-768x419.jpeg 768w\" sizes=\"auto, (max-width: 1200px) 100vw, 1200px\" \/>\t<\/div><\/figure><\/a>  <div class=\"grve-box-content\">    <p><\/p>  <\/div><\/div>[\/vc_column][\/vc_row][vc_row][vc_column]<div class=\"grve-element grve-divider\" style=\"\"><div class=\"grve-line-divider grve-border\"><\/div><\/div>[\/vc_column][\/vc_row][vc_row][vc_column width=\u00bb1\/4&#8243;][vc_column_text animation=\u00bbgrve-fade-in\u00bb css=\u00bb.vc_custom_1711633948175{padding-bottom: 20px !important;}\u00bb]<span style=\"color: #db0ca4; font-size: 30px;\">CPTL<\/span><br \/>\n<span style=\"color: #333333; font-size: 18px;\">Encajadora top-load<br \/>\n<\/span>[\/vc_column_text][vc_column_text animation=\u00bbgrve-fade-in-up\u00bb animation_duration=\u00bbslow\u00bb css=\u00bb.vc_custom_1711633955713{padding-bottom: 20px !important;}\u00bb]La gama de encajadoras <strong>CPTL<\/strong> es la soluci\u00f3n Senzani para el llenado de carga superior en caja americana (caja\u00a0RCS), con un dise\u00f1o que, aunque prioriza la sencillez, requisito esencial para este tipo de m\u00e1quinas, recurre a las tecnolog\u00edas m\u00e1s vanguardistas para ofrecer una selecci\u00f3n de m\u00e1quinas entre las m\u00e1s veloces y fiables en el sector.[\/vc_column_text][vc_column_text animation=\u00bbgrve-fade-in-left\u00bb animation_duration=\u00bbvery-slow\u00bb css=\u00bb.vc_custom_1711366800100{padding-bottom: 20px !important;}\u00bb]<\/p>\n<p class=\"p1\"><strong>medidas caja<\/strong><br \/>\nmin. 250 x 150 x 150 H mm.<br \/>\nmax. 500 x 300 x 450 H mm.<\/p>\n<p class=\"p1\"><strong>velocidad<\/strong><br \/>\nmax. 25 cajas\/min<\/p>\n<p>[\/vc_column_text]<div class=\"grve-element grve-align-left grve-animated-item grve-fade-in-left-big grve-duration-slow\" data-delay=\"200\"><a href=\"https:\/\/www.senzani.com\/es\/soluciones\/encartonadoras\/cptl\/\" title=\"CPTL\" class=\"grve-btn grve-btn-medium grve-round grve-bg-primary-2 grve-bg-hover-primary-1 grve-btn-line\"><span>Ver detalles<\/span><\/a><\/div>[\/vc_column][vc_column width=\u00bb3\/4&#8243;]<div class=\"grve-element grve-box grve-align-center grve-animated-item grve-zoom-in grve-duration-normal\" style=\"\" data-delay=\"200\"><a href=\"https:\/\/www.senzani.com\/es\/soluciones\/encartonadoras\/cptl\/\" title=\"CPTL\"><figure class=\"grve-image-hover grve-zoom-in\">\t<div class=\"grve-media\">\t\t<div class=\"grve-bg-light grve-hover-overlay grve-opacity-0\"><\/div><img loading=\"lazy\" decoding=\"async\" width=\"1200\" height=\"746\" src=\"https:\/\/www.senzani.com\/wp-content\/uploads\/2021\/07\/CPTL.jpeg\" class=\"attachment-full size-full\" alt=\"CPTL Incartonatrice top-load\" srcset=\"https:\/\/www.senzani.com\/wp-content\/uploads\/2021\/07\/CPTL.jpeg 1200w, https:\/\/www.senzani.com\/wp-content\/uploads\/2021\/07\/CPTL-300x187.jpeg 300w, https:\/\/www.senzani.com\/wp-content\/uploads\/2021\/07\/CPTL-1024x637.jpeg 1024w, https:\/\/www.senzani.com\/wp-content\/uploads\/2021\/07\/CPTL-768x477.jpeg 768w\" sizes=\"auto, (max-width: 1200px) 100vw, 1200px\" \/>\t<\/div><\/figure><\/a>  <div class=\"grve-box-content\">    <p><\/p>  <\/div><\/div>[\/vc_column][\/vc_row][vc_row][vc_column]<div class=\"grve-element grve-divider\" style=\"\"><div class=\"grve-line-divider grve-border\"><\/div><\/div>[\/vc_column][\/vc_row][vc_row][vc_column width=\u00bb1\/4&#8243;][vc_column_text animation=\u00bbgrve-fade-in\u00bb css=\u00bb.vc_custom_1711633973132{padding-bottom: 20px !important;}\u00bb]<span style=\"color: #db0ca4; font-size: 30px;\">CPSL<\/span><br \/>\n<span style=\"color: #333333; font-size: 18px;\">Encajadora side-load<\/span>[\/vc_column_text][vc_column_text animation=\u00bbgrve-fade-in-up\u00bb animation_duration=\u00bbslow\u00bb css=\u00bb.vc_custom_1711633964387{padding-bottom: 20px !important;}\u00bb]La gama de encajadoras horizontales <strong>CPSL<\/strong> es la soluci\u00f3n Senzani para el llenado de carga lateral en caja americana (caja\u00a0RCS)[\/vc_column_text][vc_column_text animation=\u00bbgrve-fade-in-left\u00bb animation_duration=\u00bbvery-slow\u00bb css=\u00bb.vc_custom_1711366806920{padding-bottom: 20px !important;}\u00bb]<\/p>\n<p class=\"p1\"><strong>medidas caja<\/strong><br \/>\nmin. 300 x 200 x 450 H mm.<br \/>\nmax. 550 x 300 x 600 H mm.<\/p>\n<p class=\"p1\"><strong>velocidad<\/strong><br \/>\nmax. 25 cajas\/min<\/p>\n<p>[\/vc_column_text]<div class=\"grve-element grve-align-left grve-animated-item grve-fade-in-left-big grve-duration-slow\" data-delay=\"200\"><a href=\"https:\/\/www.senzani.com\/es\/soluciones\/encartonadoras\/cpsl\/\" class=\"grve-btn grve-btn-medium grve-round grve-bg-primary-2 grve-bg-hover-primary-1 grve-btn-line\"><span>Ver detalles<\/span><\/a><\/div>[\/vc_column][vc_column width=\u00bb3\/4&#8243;]<div class=\"grve-element grve-box grve-align-center grve-animated-item grve-zoom-in grve-duration-normal\" style=\"\" data-delay=\"200\"><a href=\"https:\/\/www.senzani.com\/es\/soluciones\/encartonadoras\/cpsl\/\" title=\"Case packers\"><figure class=\"grve-image-hover grve-zoom-in\">\t<div class=\"grve-media\">\t\t<div class=\"grve-bg-light grve-hover-overlay grve-opacity-0\"><\/div><img loading=\"lazy\" decoding=\"async\" width=\"1200\" height=\"754\" src=\"https:\/\/www.senzani.com\/wp-content\/uploads\/2021\/07\/CPSL.jpeg\" class=\"attachment-full size-full\" alt=\"CPSL Incartonatrice side-load\" srcset=\"https:\/\/www.senzani.com\/wp-content\/uploads\/2021\/07\/CPSL.jpeg 1200w, https:\/\/www.senzani.com\/wp-content\/uploads\/2021\/07\/CPSL-300x189.jpeg 300w, https:\/\/www.senzani.com\/wp-content\/uploads\/2021\/07\/CPSL-1024x643.jpeg 1024w, https:\/\/www.senzani.com\/wp-content\/uploads\/2021\/07\/CPSL-768x483.jpeg 768w\" sizes=\"auto, (max-width: 1200px) 100vw, 1200px\" \/>\t<\/div><\/figure><\/a>  <div class=\"grve-box-content\">    <p><\/p>  <\/div><\/div>[\/vc_column][\/vc_row][vc_row][vc_column]<div class=\"grve-element grve-divider\" style=\"\"><div class=\"grve-line-divider grve-border\"><\/div><\/div>[\/vc_column][\/vc_row][vc_row][vc_column width=\u00bb1\/4&#8243;][vc_column_text animation=\u00bbgrve-fade-in\u00bb css=\u00bb.vc_custom_1712299244309{padding-bottom: 20px !important;}\u00bb]<span style=\"color: #db0ca4; font-size: 30px;\">SBNE<\/span><br \/>\n<span style=\"color: #333333; font-size: 18px;\">Encajadora de desarrollo vertical<\/span>[\/vc_column_text][vc_column_text animation=\u00bbgrve-fade-in-up\u00bb animation_duration=\u00bbslow\u00bb css=\u00bb.vc_custom_1680873474446{padding-bottom: 20px !important;}\u00bb]La gama <strong>SBNE<\/strong> representa la soluci\u00f3n que Senzani propone en la industria del tabaco para colocar los paquetes de cigarrillos y productos similares en cajas o estantes.[\/vc_column_text][vc_column_text animation=\u00bbgrve-fade-in-left\u00bb animation_duration=\u00bbvery-slow\u00bb css=\u00bb.vc_custom_1711366814255{padding-bottom: 20px !important;}\u00bb]<\/p>\n<p class=\"p1\"><strong>medidas caja<\/strong><br \/>\nmin. 350x210x220 H mm.<br \/>\nmax. 550x390x620 H mm.<\/p>\n<p class=\"p1\"><strong>velocidad<\/strong><br \/>\nmax. 8 cajas\/min<\/p>\n<p>[\/vc_column_text]<div class=\"grve-element grve-align-left grve-animated-item grve-fade-in-left-big grve-duration-slow\" data-delay=\"200\"><a href=\"https:\/\/www.senzani.com\/es\/soluciones\/encartonadoras\/sbne\/\" title=\"SBNE\" class=\"grve-btn grve-btn-medium grve-round grve-bg-primary-2 grve-bg-hover-primary-1 grve-btn-line\"><span>Ver detalles<\/span><\/a><\/div>[\/vc_column][vc_column width=\u00bb3\/4&#8243;]<div class=\"grve-element grve-box grve-align-center grve-animated-item grve-zoom-in grve-duration-normal\" style=\"\" data-delay=\"200\"><a href=\"https:\/\/www.senzani.com\/es\/soluciones\/encartonadoras\/sbne\/\" title=\"Case packers\"><figure class=\"grve-image-hover grve-zoom-in\">\t<div class=\"grve-media\">\t\t<div class=\"grve-bg-light grve-hover-overlay grve-opacity-0\"><\/div><img loading=\"lazy\" decoding=\"async\" width=\"1200\" height=\"840\" src=\"https:\/\/www.senzani.com\/wp-content\/uploads\/2021\/07\/SBNE.jpeg\" class=\"attachment-full size-full\" alt=\"SBNE Incartonatrice a sviluppo verticale\" srcset=\"https:\/\/www.senzani.com\/wp-content\/uploads\/2021\/07\/SBNE.jpeg 1200w, https:\/\/www.senzani.com\/wp-content\/uploads\/2021\/07\/SBNE-300x210.jpeg 300w, https:\/\/www.senzani.com\/wp-content\/uploads\/2021\/07\/SBNE-1024x717.jpeg 1024w, https:\/\/www.senzani.com\/wp-content\/uploads\/2021\/07\/SBNE-768x538.jpeg 768w\" sizes=\"auto, (max-width: 1200px) 100vw, 1200px\" \/>\t<\/div><\/figure><\/a>  <div class=\"grve-box-content\">    <p><\/p>  <\/div><\/div>[\/vc_column][\/vc_row][vc_row bg_type=\u00bbcolor\u00bb padding_top_multiplier=\u00bb\u00bb padding_bottom_multiplier=\u00bb\u00bb columns_gap=\u00bbnone\u00bb equal_column_height=\u00bbmiddle-content\u00bb bg_color=\u00bb#ededed\u00bb margin_bottom=\u00bb20px\u00bb][vc_column][vc_column_text]<div class=\"wpb-content-wrapper\"><p>[vc_row padding_top_multiplier=\u00bb\u00bb padding_bottom_multiplier=\u00bb\u00bb columns_gap=\u00bbnone\u00bb equal_column_height=\u00bbmiddle-content\u00bb mobile_visibility=\u00bbhide\u00bb mobile_equal_column_height=\u00bbfalse\u00bb section_id=\u00bbcta_catalogo\u00bb][vc_column width=\u00bb1\/2&#8243;][vc_custom_heading text=\u00bbDESCARGAR EL CAT\u00c1LOGO<br \/>\nCOMPLETO\u00bb font_container=\u00bbtag:h2|font_size:38px|text_align:center|color:%23db0ca4|line_height:45px\u00bb use_theme_fonts=\u00bbyes\u00bb el_id=\u00bbtitle_cta_scarica\u00bb][\/vc_column][vc_column width=\u00bb1\/3&#8243;]<div class=\"grve-element grve-image grve-align-center\" style=\"\">  <div class=\"grve-image-wrapper\"><img loading=\"lazy\" decoding=\"async\" width=\"307\" height=\"163\" src=\"https:\/\/www.senzani.com\/wp-content\/uploads\/2020\/03\/cta-catalogo-1.png\" class=\"attachment-full size-full\" alt=\"\" srcset=\"https:\/\/www.senzani.com\/wp-content\/uploads\/2020\/03\/cta-catalogo-1.png 307w, https:\/\/www.senzani.com\/wp-content\/uploads\/2020\/03\/cta-catalogo-1-300x159.png 300w\" sizes=\"auto, (max-width: 307px) 100vw, 307px\" \/>   <\/div><\/div>[\/vc_column][vc_column width=\u00bb1\/6&#8243;]<div class=\"grve-element grve-align-center\"><a href=\"https:\/\/www.senzani.com\/wp-content\/uploads\/2024\/10\/catalogo-EN-SENZANI-Set24-WEB.pdf\" class=\"grve-btn grve-btn-medium grve-round grve-bg-primary-2 grve-bg-hover-white btn-download\" style=\"margin-bottom: 0px;\"><span>DESCARGAR<\/span><\/a><\/div>[\/vc_column][\/vc_row][vc_row columns_gap=\u00bbnone\u00bb equal_column_height=\u00bbmiddle-content\u00bb desktop_visibility=\u00bbhide\u00bb tablet_visibility=\u00bbhide\u00bb tablet_sm_visibility=\u00bbhide\u00bb mobile_equal_column_height=\u00bbfalse\u00bb section_id=\u00bbcta_catalogo\u00bb][vc_column][vc_custom_heading text=\u00bbDESCARGAR EL CAT\u00c1LOGO<br \/>\nCOMPLETO\u00bb font_container=\u00bbtag:h2|font_size:22px|text_align:center|color:%23db0ca4&#8243; use_theme_fonts=\u00bbyes\u00bb css=\u00bb.vc_custom_1680703808963{padding-bottom: 20px !important;}\u00bb]<div class=\"grve-element grve-image grve-align-center\" style=\"margin-bottom: 20px;\">  <div class=\"grve-image-wrapper\"><img loading=\"lazy\" decoding=\"async\" class=\"attachment-full size-full\" alt=\"Dummy Image\" src=\"https:\/\/www.senzani.com\/wp-content\/plugins\/movedo-extension\/assets\/images\/empty\/full.jpg\" width=\"1024\" height=\"768\">   <\/div><\/div><div class=\"grve-element grve-align-center\"><a href=\"https:\/\/www.senzani.com\/wp-content\/uploads\/2024\/10\/catalogo-EN-SENZANI-Set24-WEB.pdf\" target=\"_blank\" rel=\"noopener noreferrer\" class=\"grve-btn grve-btn-medium grve-round grve-bg-primary-2 grve-bg-hover-white btn-download\" style=\"margin-bottom: 0px;\"><span>DESCARGAR<\/span><\/a><\/div>[\/vc_column][\/vc_row]<\/p>\n<\/div>[\/vc_column_text][\/vc_column][\/vc_row]<\/p>\n<\/div>","protected":false},"excerpt":{"rendered":"<p>[vc_row][vc_column width=\u00bb1\/4&#8243;][vc_column_text css=\u00bb.vc_custom_1680872746389{padding-top: 15px !important;padding-bottom: 8px !important;}\u00bb] Todas estas m\u00e1quinas est\u00e1n disponibles con [\/vc_column_text][vc_single_image image=\u00bb21741&#8243; img_size=\u00bb120&#215;80&#8243; onclick=\u00bbcustom_link\u00bb link=\u00bbhttps:\/\/www.senzani.com\/es\/asistencia-de-remoto-smart\/\u00bb][\/vc_column][vc_column width=\u00bb3\/4&#8243;][vc_custom_heading text=\u00bbEncajadoras: M\u00e1quinas de embalaje secundario\u00bb font_container=\u00bbtag:h1|text_align:left\u00bb google_fonts=\u00bbfont_family:Montserrat%3Aregular%2C700|font_style:400%20regular%3A400%3Anormal\u00bb css_animation=\u00bbright-to-left\u00bb el_id=\u00bbtitle_soluzioni\u00bb][vc_column_text animation=\u00bbgrve-fade-in-down\u00bb animation_duration=\u00bbslow\u00bb]Producimos soluciones para el envasado secundario y sistemas de embalaje de vanguardia, como encajadoras wrap-around, side-load y top-load para la introducci\u00f3n de productos en caja americana [&hellip;]<\/p>\n","protected":false},"author":4,"featured_media":0,"parent":23417,"menu_order":0,"comment_status":"closed","ping_status":"open","template":"","meta":{"_acf_changed":false,"content-type":"","footnotes":""},"class_list":["post-23540","page","type-page","status-publish","hentry"],"acf":[],"yoast_head":"<!-- This site is optimized with the Yoast SEO plugin v27.5 - https:\/\/yoast.com\/product\/yoast-seo-wordpress\/ -->\n<title>Encajadoras para embalaje secundario | Senzani Brevetti<\/title>\n<meta name=\"description\" content=\"Producimos sistemas de embalaje de vanguardia, como encajadoras wrap-around, side-load y top-load, para una gesti\u00f3n completa de la caja\" \/>\n<meta name=\"robots\" content=\"index, follow, max-snippet:-1, max-image-preview:large, max-video-preview:-1\" \/>\n<link rel=\"canonical\" href=\"https:\/\/www.senzani.com\/es\/soluciones\/encartonadoras\/\" \/>\n<meta property=\"og:locale\" content=\"es_ES\" \/>\n<meta property=\"og:type\" content=\"article\" \/>\n<meta property=\"og:title\" content=\"Encajadoras para embalaje secundario | Senzani Brevetti\" \/>\n<meta property=\"og:description\" content=\"Producimos sistemas de embalaje de vanguardia, como encajadoras wrap-around, side-load y top-load, para una gesti\u00f3n completa de la caja\" \/>\n<meta property=\"og:url\" content=\"https:\/\/www.senzani.com\/es\/soluciones\/encartonadoras\/\" \/>\n<meta property=\"og:site_name\" content=\"Senzani Brevetti S.p.A.\" \/>\n<meta property=\"article:modified_time\" content=\"2024-04-05T06:40:45+00:00\" \/>\n<meta name=\"twitter:card\" content=\"summary_large_image\" \/>\n<meta name=\"twitter:label1\" content=\"Tiempo de lectura\" \/>\n\t<meta name=\"twitter:data1\" content=\"3 minutos\" \/>\n<script type=\"application\/ld+json\" class=\"yoast-schema-graph\">{\"@context\":\"https:\\\/\\\/schema.org\",\"@graph\":[{\"@type\":\"WebPage\",\"@id\":\"https:\\\/\\\/www.senzani.com\\\/es\\\/soluciones\\\/encartonadoras\\\/\",\"url\":\"https:\\\/\\\/www.senzani.com\\\/es\\\/soluciones\\\/encartonadoras\\\/\",\"name\":\"Encajadoras para embalaje secundario | Senzani Brevetti\",\"isPartOf\":{\"@id\":\"https:\\\/\\\/www.senzani.com\\\/es\\\/#website\"},\"datePublished\":\"2020-03-16T06:43:17+00:00\",\"dateModified\":\"2024-04-05T06:40:45+00:00\",\"description\":\"Producimos sistemas de embalaje de vanguardia, como encajadoras wrap-around, side-load y top-load, para una gesti\u00f3n completa de la caja\",\"breadcrumb\":{\"@id\":\"https:\\\/\\\/www.senzani.com\\\/es\\\/soluciones\\\/encartonadoras\\\/#breadcrumb\"},\"inLanguage\":\"es\",\"potentialAction\":[{\"@type\":\"ReadAction\",\"target\":[\"https:\\\/\\\/www.senzani.com\\\/es\\\/soluciones\\\/encartonadoras\\\/\"]}]},{\"@type\":\"BreadcrumbList\",\"@id\":\"https:\\\/\\\/www.senzani.com\\\/es\\\/soluciones\\\/encartonadoras\\\/#breadcrumb\",\"itemListElement\":[{\"@type\":\"ListItem\",\"position\":1,\"name\":\"Home\",\"item\":\"https:\\\/\\\/www.senzani.com\\\/es\\\/\"},{\"@type\":\"ListItem\",\"position\":2,\"name\":\"Soluciones\",\"item\":\"https:\\\/\\\/www.senzani.com\\\/es\\\/soluciones\\\/\"},{\"@type\":\"ListItem\",\"position\":3,\"name\":\"Case packers\"}]},{\"@type\":\"WebSite\",\"@id\":\"https:\\\/\\\/www.senzani.com\\\/es\\\/#website\",\"url\":\"https:\\\/\\\/www.senzani.com\\\/es\\\/\",\"name\":\"Senzani Brevetti S.p.A.\",\"description\":\"Leader nel settore delle macchine per imballaggi\",\"publisher\":{\"@id\":\"https:\\\/\\\/www.senzani.com\\\/es\\\/#organization\"},\"potentialAction\":[{\"@type\":\"SearchAction\",\"target\":{\"@type\":\"EntryPoint\",\"urlTemplate\":\"https:\\\/\\\/www.senzani.com\\\/es\\\/?s={search_term_string}\"},\"query-input\":{\"@type\":\"PropertyValueSpecification\",\"valueRequired\":true,\"valueName\":\"search_term_string\"}}],\"inLanguage\":\"es\"},{\"@type\":\"Organization\",\"@id\":\"https:\\\/\\\/www.senzani.com\\\/es\\\/#organization\",\"name\":\"Senzani Brevetti\",\"url\":\"https:\\\/\\\/www.senzani.com\\\/es\\\/\",\"logo\":{\"@type\":\"ImageObject\",\"inLanguage\":\"es\",\"@id\":\"https:\\\/\\\/www.senzani.com\\\/es\\\/#\\\/schema\\\/logo\\\/image\\\/\",\"url\":\"https:\\\/\\\/www.senzani.com\\\/wp-content\\\/uploads\\\/2020\\\/03\\\/logo-senzani.png\",\"contentUrl\":\"https:\\\/\\\/www.senzani.com\\\/wp-content\\\/uploads\\\/2020\\\/03\\\/logo-senzani.png\",\"width\":259,\"height\":71,\"caption\":\"Senzani Brevetti\"},\"image\":{\"@id\":\"https:\\\/\\\/www.senzani.com\\\/es\\\/#\\\/schema\\\/logo\\\/image\\\/\"}}]}<\/script>\n<!-- \/ Yoast SEO plugin. -->","yoast_head_json":{"title":"Encajadoras para embalaje secundario | Senzani Brevetti","description":"Producimos sistemas de embalaje de vanguardia, como encajadoras wrap-around, side-load y top-load, para una gesti\u00f3n completa de la caja","robots":{"index":"index","follow":"follow","max-snippet":"max-snippet:-1","max-image-preview":"max-image-preview:large","max-video-preview":"max-video-preview:-1"},"canonical":"https:\/\/www.senzani.com\/es\/soluciones\/encartonadoras\/","og_locale":"es_ES","og_type":"article","og_title":"Encajadoras para embalaje secundario | Senzani Brevetti","og_description":"Producimos sistemas de embalaje de vanguardia, como encajadoras wrap-around, side-load y top-load, para una gesti\u00f3n completa de la caja","og_url":"https:\/\/www.senzani.com\/es\/soluciones\/encartonadoras\/","og_site_name":"Senzani Brevetti S.p.A.","article_modified_time":"2024-04-05T06:40:45+00:00","twitter_card":"summary_large_image","twitter_misc":{"Tiempo de lectura":"3 minutos"},"schema":{"@context":"https:\/\/schema.org","@graph":[{"@type":"WebPage","@id":"https:\/\/www.senzani.com\/es\/soluciones\/encartonadoras\/","url":"https:\/\/www.senzani.com\/es\/soluciones\/encartonadoras\/","name":"Encajadoras para embalaje secundario | Senzani Brevetti","isPartOf":{"@id":"https:\/\/www.senzani.com\/es\/#website"},"datePublished":"2020-03-16T06:43:17+00:00","dateModified":"2024-04-05T06:40:45+00:00","description":"Producimos sistemas de embalaje de vanguardia, como encajadoras wrap-around, side-load y top-load, para una gesti\u00f3n completa de la caja","breadcrumb":{"@id":"https:\/\/www.senzani.com\/es\/soluciones\/encartonadoras\/#breadcrumb"},"inLanguage":"es","potentialAction":[{"@type":"ReadAction","target":["https:\/\/www.senzani.com\/es\/soluciones\/encartonadoras\/"]}]},{"@type":"BreadcrumbList","@id":"https:\/\/www.senzani.com\/es\/soluciones\/encartonadoras\/#breadcrumb","itemListElement":[{"@type":"ListItem","position":1,"name":"Home","item":"https:\/\/www.senzani.com\/es\/"},{"@type":"ListItem","position":2,"name":"Soluciones","item":"https:\/\/www.senzani.com\/es\/soluciones\/"},{"@type":"ListItem","position":3,"name":"Case packers"}]},{"@type":"WebSite","@id":"https:\/\/www.senzani.com\/es\/#website","url":"https:\/\/www.senzani.com\/es\/","name":"Senzani Brevetti S.p.A.","description":"Leader nel settore delle macchine per imballaggi","publisher":{"@id":"https:\/\/www.senzani.com\/es\/#organization"},"potentialAction":[{"@type":"SearchAction","target":{"@type":"EntryPoint","urlTemplate":"https:\/\/www.senzani.com\/es\/?s={search_term_string}"},"query-input":{"@type":"PropertyValueSpecification","valueRequired":true,"valueName":"search_term_string"}}],"inLanguage":"es"},{"@type":"Organization","@id":"https:\/\/www.senzani.com\/es\/#organization","name":"Senzani Brevetti","url":"https:\/\/www.senzani.com\/es\/","logo":{"@type":"ImageObject","inLanguage":"es","@id":"https:\/\/www.senzani.com\/es\/#\/schema\/logo\/image\/","url":"https:\/\/www.senzani.com\/wp-content\/uploads\/2020\/03\/logo-senzani.png","contentUrl":"https:\/\/www.senzani.com\/wp-content\/uploads\/2020\/03\/logo-senzani.png","width":259,"height":71,"caption":"Senzani Brevetti"},"image":{"@id":"https:\/\/www.senzani.com\/es\/#\/schema\/logo\/image\/"}}]}},"_links":{"self":[{"href":"https:\/\/www.senzani.com\/es\/wp-json\/wp\/v2\/pages\/23540","targetHints":{"allow":["GET"]}}],"collection":[{"href":"https:\/\/www.senzani.com\/es\/wp-json\/wp\/v2\/pages"}],"about":[{"href":"https:\/\/www.senzani.com\/es\/wp-json\/wp\/v2\/types\/page"}],"author":[{"embeddable":true,"href":"https:\/\/www.senzani.com\/es\/wp-json\/wp\/v2\/users\/4"}],"replies":[{"embeddable":true,"href":"https:\/\/www.senzani.com\/es\/wp-json\/wp\/v2\/comments?post=23540"}],"version-history":[{"count":20,"href":"https:\/\/www.senzani.com\/es\/wp-json\/wp\/v2\/pages\/23540\/revisions"}],"predecessor-version":[{"id":26064,"href":"https:\/\/www.senzani.com\/es\/wp-json\/wp\/v2\/pages\/23540\/revisions\/26064"}],"up":[{"embeddable":true,"href":"https:\/\/www.senzani.com\/es\/wp-json\/wp\/v2\/pages\/23417"}],"wp:attachment":[{"href":"https:\/\/www.senzani.com\/es\/wp-json\/wp\/v2\/media?parent=23540"}],"curies":[{"name":"wp","href":"https:\/\/api.w.org\/{rel}","templated":true}]}}