{"id":23529,"date":"2020-06-19T15:56:14","date_gmt":"2020-06-19T13:56:14","guid":{"rendered":"https:\/\/www.senzani.com\/soluciones\/estuchadora\/wacm\/"},"modified":"2024-03-28T16:57:13","modified_gmt":"2024-03-28T15:57:13","slug":"wacm","status":"publish","type":"page","link":"https:\/\/www.senzani.com\/es\/soluciones\/estuchadora\/wacm\/","title":{"rendered":"WACM"},"content":{"rendered":"<div class=\"wpb-content-wrapper\"><p>[vc_row padding_bottom_multiplier=\u00bb\u00bb][vc_column width=\u00bb1\/6&#8243;]<div class=\"grve-element grve-image grve-animated-item grve-duration-very-slow grve-fade-in grve-align-left\" style=\"\" data-delay=\"200\">  <div class=\"grve-image-wrapper\"><img loading=\"lazy\" decoding=\"async\" width=\"240\" height=\"293\" src=\"https:\/\/www.senzani.com\/wp-content\/uploads\/2020\/03\/cartoners.jpg\" class=\"attachment-full size-full\" alt=\"\" \/>   <\/div><\/div>[vc_column_text animation=\u00bbgrve-fade-in\u00bb css=\u00bb.vc_custom_1711641328824{padding-bottom: 20px !important;}\u00bb]<\/p>\n<h1 style=\"color: #3ba9dc; font-size: 30px;\">Estuchadoras<br \/>\nserie WACM<\/h1>\n<p><span style=\"color: #333333; font-size: 18px;\">Estuchadora wrap-around de troquel abierto<\/span>[\/vc_column_text][vc_column_text css=\u00bb.vc_custom_1680870918296{padding-top: 30px !important;padding-bottom: 8px !important;}\u00bb]<\/p>\n<div style=\"line-height: 18px; font-weight: 400;\">Disponible con<\/div>\n<p>[\/vc_column_text][vc_single_image image=\u00bb21742&#8243; img_size=\u00bb120&#215;80&#8243; onclick=\u00bbcustom_link\u00bb link=\u00bbhttps:\/\/www.senzani.com\/es\/asistencia-de-remoto-smart\/\u00bb][\/vc_column][vc_column width=\u00bb5\/6&#8243;]<div class=\"grve-element grve-box grve-align-center grve-animated-item grve-zoom-in grve-duration-normal\" style=\"\" data-delay=\"200\"><figure class=\"grve-image-hover grve-zoom-in\">\t<div class=\"grve-media\">\t\t<div class=\"grve-bg-light grve-hover-overlay grve-opacity-0\"><\/div><img loading=\"lazy\" decoding=\"async\" width=\"1200\" height=\"745\" src=\"https:\/\/www.senzani.com\/wp-content\/uploads\/2020\/07\/WACM1.jpg\" class=\"attachment-full size-full\" alt=\"\" srcset=\"https:\/\/www.senzani.com\/wp-content\/uploads\/2020\/07\/WACM1.jpg 1200w, https:\/\/www.senzani.com\/wp-content\/uploads\/2020\/07\/WACM1-300x186.jpg 300w, https:\/\/www.senzani.com\/wp-content\/uploads\/2020\/07\/WACM1-1024x636.jpg 1024w, https:\/\/www.senzani.com\/wp-content\/uploads\/2020\/07\/WACM1-768x477.jpg 768w\" sizes=\"auto, (max-width: 1200px) 100vw, 1200px\" \/>\t<\/div><\/figure>  <div class=\"grve-box-content\">    <p><\/p>  <\/div><\/div>[\/vc_column][\/vc_row][vc_row padding_top_multiplier=\u00bb\u00bb columns_gap=\u00bb50&#8243;][vc_column width=\u00bb1\/2&#8243;][vc_column_text animation=\u00bbgrve-fade-in-down\u00bb animation_duration=\u00bbslow\u00bb]La gama <strong>WACM<\/strong> representa la soluci\u00f3n Senzani para el llenado de productos con el m\u00e9todo <strong>wrap-around, de troquel plano<\/strong>, y resulta ideal para los clientes que desean presentar los productos en <strong>unidades de embalaje listas para la venta, como bandejas, expositores<\/strong> y similares.<\/p>\n<p>Gracias a la utilizaci\u00f3n de tecnolog\u00edas espec\u00edficas, el producto se trata con extrema delicadeza y el llenado se lleva a cabo formando el envase en torno al propio producto. El resultado es un <strong>embalaje sumamente robusto y s\u00f3lido<\/strong>, caracter\u00edsticas fundamentales para garantizar la m\u00e1xima integridad durante todas las fases de transporte hasta el estante.[\/vc_column_text][\/vc_column][vc_column width=\u00bb1\/2&#8243;][vc_column_text animation=\u00bbgrve-fade-in-down\u00bb animation_duration=\u00bbslow\u00bb]El <strong>almac\u00e9n de troqueles es ergon\u00f3mico<\/strong> y se ha dise\u00f1ado para poder albergar distintos tipos y formatos, tambi\u00e9n de diferentes gramajes.<\/p>\n<p>Previa solicitud, la serie WACM contempla la incorporaci\u00f3n de una estaci\u00f3n para la gesti\u00f3n de intercaladores y cart\u00f3n alveolar de distintas formas y dimensiones.<\/p>\n<p>Los <strong>cambios de formato son r\u00e1pidos y seguros<\/strong>, gracias al uso de las tecnolog\u00edas m\u00e1s modernas. La selecci\u00f3n de los programas se ve facilitada al actuar sobre una interfaz de operador extremadamente intuitiva. <strong>Los ajustes de la m\u00e1quina resultan sencillos y no precisan de herramientas<\/strong>; existe un tutorial espec\u00edfico a disposici\u00f3n del operador con vistas a minimizar el riesgo de error.[\/vc_column_text][\/vc_column][\/vc_row][vc_row padding_top_multiplier=\u00bb\u00bb padding_bottom_multiplier=\u00bb\u00bb][vc_column][vc_single_image image=\u00bb19826&#8243; img_size=\u00bbfull\u00bb][\/vc_column][\/vc_row][vc_row padding_top_multiplier=\u00bb\u00bb padding_bottom_multiplier=\u00bb3x\u00bb columns_gap=\u00bb50&#8243;][vc_column width=\u00bb1\/2&#8243;][vc_column_text animation=\u00bbgrve-fade-in-down\u00bb animation_duration=\u00bbslow\u00bb]Para velocidades altas, la especialidad de Senzani, el dise\u00f1o prev\u00e9 <strong>estaciones m\u00faltiples de transferencia de producto y de formado y de cierre de las unidades<\/strong> de envasado, adaptables en funci\u00f3n del tipo de producto y de su configuraci\u00f3n. Los movimientos de todos los dispositivos son simult\u00e1neos, con una sincronizaci\u00f3n perfecta y una gesti\u00f3n totalmente integrada y sencilla desde el panel del operador.<\/p>\n<p>Todos los componentes han sido dise\u00f1ados y seleccionados para asegurar la <strong>m\u00e1xima fiabilidad durante el ciclo de vida<\/strong> de la m\u00e1quina y garantizar la <strong>total adaptabilidad a caracter\u00edsticas de formato<\/strong> que pueden variar en el tiempo, con el fin de hacer frente a la continua evoluci\u00f3n determinada por los requisitos de normas, de marketing y de producto.<\/p>\n<p>Durante la fase de dise\u00f1o, se presta la m\u00e1xima atenci\u00f3n a la b\u00fasqueda de soluciones modernas e innovadoras en los \u00e1mbitos del ahorro energ\u00e9tico, la mitigaci\u00f3n del deterioro y la utilizaci\u00f3n de componentes totalmente libres de defectos.<br \/>\nT\u00e9cnicos especializados ensamblan y prueban de manera exhaustiva todas las m\u00e1quinas antes de su entrega, reduciendo as\u00ed de forma considerable los tiempos de instalaci\u00f3n.[\/vc_column_text][\/vc_column][vc_column width=\u00bb1\/2&#8243;][vc_custom_heading text=\u00bbEstuchadoras serie WACM<br \/>\nmodelos\u00bb font_container=\u00bbtag:h2|text_align:center\u00bb use_theme_fonts=\u00bbyes\u00bb][vc_column_text]<\/p>\n<table border=\"1\">\n<tbody>\n<tr>\n<td>mod.<\/td>\n<td align=\"center\">velocidad entrada max.<br \/>\n(depende del producto)<\/td>\n<td>medidas estuches min.<\/td>\n<td>medidas estuches max.<\/td>\n<\/tr>\n<tr>\n<td>WACM12<\/td>\n<td align=\"center\">1700 cpm<\/td>\n<td>130x90x30<\/td>\n<td>150x110x50<\/td>\n<\/tr>\n<tr>\n<td>WACM15<\/td>\n<td align=\"center\">300 cpm<\/td>\n<td>150x90x30<\/td>\n<td>200x120x60<\/td>\n<\/tr>\n<tr>\n<td>WACM20<\/td>\n<td align=\"center\">300 cpm<\/td>\n<td>150x80x80<\/td>\n<td>250x100x100<\/td>\n<\/tr>\n<\/tbody>\n<\/table>\n<p>[\/vc_column_text][\/vc_column][\/vc_row][vc_row][vc_column]<div class=\"grve-element grve-divider\" style=\"\"><div class=\"grve-line-divider grve-border\"><\/div><\/div>[\/vc_column][\/vc_row][vc_row padding_top_multiplier=\u00bb\u00bb columns_gap=\u00bb50&#8243;][vc_column width=\u00bb1\/2&#8243;][vc_column_text animation=\u00bbgrve-fade-in-up\u00bb animation_duration=\u00bbslow\u00bb css=\u00bb.vc_custom_1680871396617{padding-bottom: 20px !important;}\u00bb]<\/p>\n<h4><b>Caracter\u00edsticas:<\/b><\/h4>\n<ul class=\"ul1\">\n<li class=\"li1\">productos tratables: productos ya envasados regularmente como dados de caldo, estuches, bandejas, c\u00e1psulas de caf\u00e9, cilindros, etc.;<\/li>\n<li class=\"li1\">velocidad en alimentaci\u00f3n: hasta 1 700\/min;<\/li>\n<li class=\"li1\">velocidad en salida: hasta 25 cpm;<\/li>\n<li class=\"li1\">volumen recudido y gesti\u00f3n sencilla de la m\u00e1quina por un \u00fanico operador;<\/li>\n<li class=\"li1\">almac\u00e9n vertical, ergon\u00f3mico, adaptable a una amplia gama de formatos;<\/li>\n<li class=\"li1\">motores sin escobillas;<\/li>\n<li class=\"li1\">tecnolog\u00eda tool-free, sin necesidad de utilizar herramientas externas para los ajustes y los cambios de formato;<\/li>\n<\/ul>\n<p>[\/vc_column_text][\/vc_column][vc_column width=\u00bb1\/2&#8243;][vc_column_text animation=\u00bbgrve-fade-in-up\u00bb animation_duration=\u00bbslow\u00bb css=\u00bb.vc_custom_1680871540382{padding-bottom: 20px !important;}\u00bb]<\/p>\n<h4><b>\u00a0\u00a0<\/b><\/h4>\n<ul class=\"ul1\">\n<li class=\"li1\">versi\u00f3n con m\u00f3dulos de gesti\u00f3n de cartones intercaladores o alveolares;<\/li>\n<li class=\"li1\">dise\u00f1o robusto, componentes certificados, mantenimiento reducido;<\/li>\n<li class=\"li1\">ingenier\u00eda de todos los elementos para garantizar al 100 % la conformidad del producto;<\/li>\n<li class=\"li1\">programaci\u00f3n sencilla e intuitiva;<\/li>\n<li class=\"li1\">rechazo de productos no conformes con control autom\u00e1tico;<\/li>\n<li class=\"li1\">integraci\u00f3n de sistema de visi\u00f3n;<\/li>\n<li class=\"li1\">lubricaci\u00f3n de los rodamientos de por vida, previa solicitud lubricaci\u00f3n centralizada;<\/li>\n<li class=\"li1\">disponibilidad de todas las plataformas de PLC (Siemens; Allen Bradley; Schneider).<\/li>\n<\/ul>\n<p>[\/vc_column_text][\/vc_column][\/vc_row]<\/p>\n<\/div>","protected":false},"excerpt":{"rendered":"<p>[vc_row padding_bottom_multiplier=\u00bb\u00bb][vc_column width=\u00bb1\/6&#8243;][vc_column_text animation=\u00bbgrve-fade-in\u00bb css=\u00bb.vc_custom_1711641328824{padding-bottom: 20px !important;}\u00bb] Estuchadoras serie WACM Estuchadora wrap-around de troquel abierto[\/vc_column_text][vc_column_text css=\u00bb.vc_custom_1680870918296{padding-top: 30px !important;padding-bottom: 8px !important;}\u00bb] Disponible con [\/vc_column_text][vc_single_image image=\u00bb21742&#8243; img_size=\u00bb120&#215;80&#8243; onclick=\u00bbcustom_link\u00bb link=\u00bbhttps:\/\/www.senzani.com\/es\/asistencia-de-remoto-smart\/\u00bb][\/vc_column][vc_column width=\u00bb5\/6&#8243;][\/vc_column][\/vc_row][vc_row padding_top_multiplier=\u00bb\u00bb columns_gap=\u00bb50&#8243;][vc_column width=\u00bb1\/2&#8243;][vc_column_text animation=\u00bbgrve-fade-in-down\u00bb animation_duration=\u00bbslow\u00bb]La gama WACM representa la soluci\u00f3n Senzani para el llenado de productos con el m\u00e9todo wrap-around, de troquel plano, y resulta ideal para [&hellip;]<\/p>\n","protected":false},"author":2,"featured_media":0,"parent":23437,"menu_order":0,"comment_status":"closed","ping_status":"open","template":"","meta":{"_acf_changed":false,"content-type":"","footnotes":""},"class_list":["post-23529","page","type-page","status-publish","hentry"],"acf":[],"yoast_head":"<!-- This site is optimized with the Yoast SEO plugin v27.3 - https:\/\/yoast.com\/product\/yoast-seo-wordpress\/ -->\n<title>Estuchadora wrap-around de troquelado extendido | Senzani Brevetti<\/title>\n<meta name=\"description\" content=\"La gama WACM es la soluci\u00f3n ideal para presentar productos en unidades de embalaje \u00abready-to-sell\u00bb, como bandejas, estantes y similares.\" \/>\n<meta name=\"robots\" content=\"index, follow, max-snippet:-1, max-image-preview:large, max-video-preview:-1\" \/>\n<link rel=\"canonical\" href=\"https:\/\/www.senzani.com\/es\/soluciones\/estuchadora\/wacm\/\" \/>\n<meta property=\"og:locale\" content=\"es_ES\" \/>\n<meta property=\"og:type\" content=\"article\" \/>\n<meta property=\"og:title\" content=\"Estuchadora wrap-around de troquelado extendido | Senzani Brevetti\" \/>\n<meta property=\"og:description\" content=\"La gama WACM es la soluci\u00f3n ideal para presentar productos en unidades de embalaje \u00abready-to-sell\u00bb, como bandejas, estantes y similares.\" \/>\n<meta property=\"og:url\" content=\"https:\/\/www.senzani.com\/es\/soluciones\/estuchadora\/wacm\/\" \/>\n<meta property=\"og:site_name\" content=\"Senzani Brevetti S.p.A.\" \/>\n<meta property=\"article:modified_time\" content=\"2024-03-28T15:57:13+00:00\" \/>\n<meta name=\"twitter:card\" content=\"summary_large_image\" \/>\n<meta name=\"twitter:label1\" content=\"Tiempo de lectura\" \/>\n\t<meta name=\"twitter:data1\" content=\"4 minutos\" \/>\n<script type=\"application\/ld+json\" class=\"yoast-schema-graph\">{\"@context\":\"https:\\\/\\\/schema.org\",\"@graph\":[{\"@type\":\"WebPage\",\"@id\":\"https:\\\/\\\/www.senzani.com\\\/es\\\/soluciones\\\/estuchadora\\\/wacm\\\/\",\"url\":\"https:\\\/\\\/www.senzani.com\\\/es\\\/soluciones\\\/estuchadora\\\/wacm\\\/\",\"name\":\"Estuchadora wrap-around de troquelado extendido | Senzani Brevetti\",\"isPartOf\":{\"@id\":\"https:\\\/\\\/www.senzani.com\\\/es\\\/#website\"},\"datePublished\":\"2020-06-19T13:56:14+00:00\",\"dateModified\":\"2024-03-28T15:57:13+00:00\",\"description\":\"La gama WACM es la soluci\u00f3n ideal para presentar productos en unidades de embalaje \u00abready-to-sell\u00bb, como bandejas, estantes y similares.\",\"breadcrumb\":{\"@id\":\"https:\\\/\\\/www.senzani.com\\\/es\\\/soluciones\\\/estuchadora\\\/wacm\\\/#breadcrumb\"},\"inLanguage\":\"es\",\"potentialAction\":[{\"@type\":\"ReadAction\",\"target\":[\"https:\\\/\\\/www.senzani.com\\\/es\\\/soluciones\\\/estuchadora\\\/wacm\\\/\"]}]},{\"@type\":\"BreadcrumbList\",\"@id\":\"https:\\\/\\\/www.senzani.com\\\/es\\\/soluciones\\\/estuchadora\\\/wacm\\\/#breadcrumb\",\"itemListElement\":[{\"@type\":\"ListItem\",\"position\":1,\"name\":\"Home\",\"item\":\"https:\\\/\\\/www.senzani.com\\\/es\\\/\"},{\"@type\":\"ListItem\",\"position\":2,\"name\":\"Soluciones\",\"item\":\"https:\\\/\\\/www.senzani.com\\\/es\\\/soluciones\\\/\"},{\"@type\":\"ListItem\",\"position\":3,\"name\":\"Cartoners\",\"item\":\"https:\\\/\\\/www.senzani.com\\\/es\\\/soluciones\\\/estuchadora\\\/\"},{\"@type\":\"ListItem\",\"position\":4,\"name\":\"WACM\"}]},{\"@type\":\"WebSite\",\"@id\":\"https:\\\/\\\/www.senzani.com\\\/es\\\/#website\",\"url\":\"https:\\\/\\\/www.senzani.com\\\/es\\\/\",\"name\":\"Senzani Brevetti S.p.A.\",\"description\":\"Leader nel settore delle macchine per imballaggi\",\"publisher\":{\"@id\":\"https:\\\/\\\/www.senzani.com\\\/es\\\/#organization\"},\"potentialAction\":[{\"@type\":\"SearchAction\",\"target\":{\"@type\":\"EntryPoint\",\"urlTemplate\":\"https:\\\/\\\/www.senzani.com\\\/es\\\/?s={search_term_string}\"},\"query-input\":{\"@type\":\"PropertyValueSpecification\",\"valueRequired\":true,\"valueName\":\"search_term_string\"}}],\"inLanguage\":\"es\"},{\"@type\":\"Organization\",\"@id\":\"https:\\\/\\\/www.senzani.com\\\/es\\\/#organization\",\"name\":\"Senzani Brevetti\",\"url\":\"https:\\\/\\\/www.senzani.com\\\/es\\\/\",\"logo\":{\"@type\":\"ImageObject\",\"inLanguage\":\"es\",\"@id\":\"https:\\\/\\\/www.senzani.com\\\/es\\\/#\\\/schema\\\/logo\\\/image\\\/\",\"url\":\"https:\\\/\\\/www.senzani.com\\\/wp-content\\\/uploads\\\/2020\\\/03\\\/logo-senzani.png\",\"contentUrl\":\"https:\\\/\\\/www.senzani.com\\\/wp-content\\\/uploads\\\/2020\\\/03\\\/logo-senzani.png\",\"width\":259,\"height\":71,\"caption\":\"Senzani Brevetti\"},\"image\":{\"@id\":\"https:\\\/\\\/www.senzani.com\\\/es\\\/#\\\/schema\\\/logo\\\/image\\\/\"}}]}<\/script>\n<!-- \/ Yoast SEO plugin. -->","yoast_head_json":{"title":"Estuchadora wrap-around de troquelado extendido | Senzani Brevetti","description":"La gama WACM es la soluci\u00f3n ideal para presentar productos en unidades de embalaje \u00abready-to-sell\u00bb, como bandejas, estantes y similares.","robots":{"index":"index","follow":"follow","max-snippet":"max-snippet:-1","max-image-preview":"max-image-preview:large","max-video-preview":"max-video-preview:-1"},"canonical":"https:\/\/www.senzani.com\/es\/soluciones\/estuchadora\/wacm\/","og_locale":"es_ES","og_type":"article","og_title":"Estuchadora wrap-around de troquelado extendido | Senzani Brevetti","og_description":"La gama WACM es la soluci\u00f3n ideal para presentar productos en unidades de embalaje \u00abready-to-sell\u00bb, como bandejas, estantes y similares.","og_url":"https:\/\/www.senzani.com\/es\/soluciones\/estuchadora\/wacm\/","og_site_name":"Senzani Brevetti S.p.A.","article_modified_time":"2024-03-28T15:57:13+00:00","twitter_card":"summary_large_image","twitter_misc":{"Tiempo de lectura":"4 minutos"},"schema":{"@context":"https:\/\/schema.org","@graph":[{"@type":"WebPage","@id":"https:\/\/www.senzani.com\/es\/soluciones\/estuchadora\/wacm\/","url":"https:\/\/www.senzani.com\/es\/soluciones\/estuchadora\/wacm\/","name":"Estuchadora wrap-around de troquelado extendido | Senzani Brevetti","isPartOf":{"@id":"https:\/\/www.senzani.com\/es\/#website"},"datePublished":"2020-06-19T13:56:14+00:00","dateModified":"2024-03-28T15:57:13+00:00","description":"La gama WACM es la soluci\u00f3n ideal para presentar productos en unidades de embalaje \u00abready-to-sell\u00bb, como bandejas, estantes y similares.","breadcrumb":{"@id":"https:\/\/www.senzani.com\/es\/soluciones\/estuchadora\/wacm\/#breadcrumb"},"inLanguage":"es","potentialAction":[{"@type":"ReadAction","target":["https:\/\/www.senzani.com\/es\/soluciones\/estuchadora\/wacm\/"]}]},{"@type":"BreadcrumbList","@id":"https:\/\/www.senzani.com\/es\/soluciones\/estuchadora\/wacm\/#breadcrumb","itemListElement":[{"@type":"ListItem","position":1,"name":"Home","item":"https:\/\/www.senzani.com\/es\/"},{"@type":"ListItem","position":2,"name":"Soluciones","item":"https:\/\/www.senzani.com\/es\/soluciones\/"},{"@type":"ListItem","position":3,"name":"Cartoners","item":"https:\/\/www.senzani.com\/es\/soluciones\/estuchadora\/"},{"@type":"ListItem","position":4,"name":"WACM"}]},{"@type":"WebSite","@id":"https:\/\/www.senzani.com\/es\/#website","url":"https:\/\/www.senzani.com\/es\/","name":"Senzani Brevetti S.p.A.","description":"Leader nel settore delle macchine per imballaggi","publisher":{"@id":"https:\/\/www.senzani.com\/es\/#organization"},"potentialAction":[{"@type":"SearchAction","target":{"@type":"EntryPoint","urlTemplate":"https:\/\/www.senzani.com\/es\/?s={search_term_string}"},"query-input":{"@type":"PropertyValueSpecification","valueRequired":true,"valueName":"search_term_string"}}],"inLanguage":"es"},{"@type":"Organization","@id":"https:\/\/www.senzani.com\/es\/#organization","name":"Senzani Brevetti","url":"https:\/\/www.senzani.com\/es\/","logo":{"@type":"ImageObject","inLanguage":"es","@id":"https:\/\/www.senzani.com\/es\/#\/schema\/logo\/image\/","url":"https:\/\/www.senzani.com\/wp-content\/uploads\/2020\/03\/logo-senzani.png","contentUrl":"https:\/\/www.senzani.com\/wp-content\/uploads\/2020\/03\/logo-senzani.png","width":259,"height":71,"caption":"Senzani Brevetti"},"image":{"@id":"https:\/\/www.senzani.com\/es\/#\/schema\/logo\/image\/"}}]}},"_links":{"self":[{"href":"https:\/\/www.senzani.com\/es\/wp-json\/wp\/v2\/pages\/23529","targetHints":{"allow":["GET"]}}],"collection":[{"href":"https:\/\/www.senzani.com\/es\/wp-json\/wp\/v2\/pages"}],"about":[{"href":"https:\/\/www.senzani.com\/es\/wp-json\/wp\/v2\/types\/page"}],"author":[{"embeddable":true,"href":"https:\/\/www.senzani.com\/es\/wp-json\/wp\/v2\/users\/2"}],"replies":[{"embeddable":true,"href":"https:\/\/www.senzani.com\/es\/wp-json\/wp\/v2\/comments?post=23529"}],"version-history":[{"count":11,"href":"https:\/\/www.senzani.com\/es\/wp-json\/wp\/v2\/pages\/23529\/revisions"}],"predecessor-version":[{"id":26031,"href":"https:\/\/www.senzani.com\/es\/wp-json\/wp\/v2\/pages\/23529\/revisions\/26031"}],"up":[{"embeddable":true,"href":"https:\/\/www.senzani.com\/es\/wp-json\/wp\/v2\/pages\/23437"}],"wp:attachment":[{"href":"https:\/\/www.senzani.com\/es\/wp-json\/wp\/v2\/media?parent=23529"}],"curies":[{"name":"wp","href":"https:\/\/api.w.org\/{rel}","templated":true}]}}