{"id":23509,"date":"2020-06-19T15:18:54","date_gmt":"2020-06-19T13:18:54","guid":{"rendered":"https:\/\/www.senzani.com\/soluciones\/estuchadora\/vcmk\/"},"modified":"2024-10-04T17:04:33","modified_gmt":"2024-10-04T15:04:33","slug":"vcmk","status":"publish","type":"page","link":"https:\/\/www.senzani.com\/es\/soluciones\/estuchadora\/vcmk\/","title":{"rendered":"VCMK"},"content":{"rendered":"<div class=\"wpb-content-wrapper\"><p>[vc_row padding_bottom_multiplier=\u00bb\u00bb][vc_column width=\u00bb1\/6&#8243;]<div class=\"grve-element grve-image grve-animated-item grve-duration-very-slow grve-fade-in grve-align-left\" style=\"\" data-delay=\"200\">  <div class=\"grve-image-wrapper\"><img loading=\"lazy\" decoding=\"async\" width=\"240\" height=\"293\" src=\"https:\/\/www.senzani.com\/wp-content\/uploads\/2020\/03\/cartoners.jpg\" class=\"attachment-full size-full\" alt=\"\" \/>   <\/div><\/div>[vc_column_text css=\u00bb.vc_custom_1711722174207{padding-bottom: 20px !important;}\u00bb animation=\u00bbgrve-fade-in\u00bb]<\/p>\n<h1 style=\"color: #3ba9dc; font-size: 30px;\">Estuchadoras<br \/>\nserie VCMK<\/h1>\n<p><span style=\"color: #333333; font-size: 18px;\">Estuchadora vertical personalizaci\u00f3n elevada<\/span>[\/vc_column_text][vc_column_text css=\u00bb.vc_custom_1680861886577{padding-top: 30px !important;padding-bottom: 8px !important;}\u00bb]<\/p>\n<div style=\"line-height: 18px; font-weight: 400;\">Disponible con<\/div>\n<p>[\/vc_column_text][vc_single_image image=\u00bb21742&#8243; img_size=\u00bb120&#215;80&#8243; onclick=\u00bbcustom_link\u00bb link=\u00bbhttps:\/\/www.senzani.com\/es\/asistencia-de-remoto-smart\/\u00bb][\/vc_column][vc_column width=\u00bb5\/6&#8243;]<div class=\"grve-element grve-box grve-align-center grve-animated-item grve-zoom-in grve-duration-normal\" style=\"\" data-delay=\"200\"><figure class=\"grve-image-hover grve-zoom-in\">\t<div class=\"grve-media\">\t\t<div class=\"grve-bg-light grve-hover-overlay grve-opacity-0\"><\/div><img loading=\"lazy\" decoding=\"async\" width=\"1200\" height=\"543\" src=\"https:\/\/www.senzani.com\/wp-content\/uploads\/2020\/06\/VCMK.jpg\" class=\"attachment-full size-full\" alt=\"\" srcset=\"https:\/\/www.senzani.com\/wp-content\/uploads\/2020\/06\/VCMK.jpg 1200w, https:\/\/www.senzani.com\/wp-content\/uploads\/2020\/06\/VCMK-300x136.jpg 300w, https:\/\/www.senzani.com\/wp-content\/uploads\/2020\/06\/VCMK-1024x463.jpg 1024w, https:\/\/www.senzani.com\/wp-content\/uploads\/2020\/06\/VCMK-768x348.jpg 768w\" sizes=\"auto, (max-width: 1200px) 100vw, 1200px\" \/>\t<\/div><\/figure>  <div class=\"grve-box-content\">    <p><\/p>  <\/div><\/div>[\/vc_column][\/vc_row][vc_row padding_top_multiplier=\u00bb\u00bb columns_gap=\u00bb50&#8243;][vc_column width=\u00bb1\/6&#8243;][\/vc_column][vc_column width=\u00bb1\/3&#8243;]<div class=\"grve-element grve-align-center grve-animated-item grve-fade-in-up grve-duration-slow\" data-delay=\"200\"><a href=\"https:\/\/www.youtube.com\/watch?v=o2X9fx4y1EE\" title=\"VCM\" target=\"_blank\" rel=\"noopener noreferrer\" class=\"grve-btn grve-btn-large grve-round grve-bg-primary-5 grve-bg-hover-primary-1\"><span>VEA LA VCMK12 EN FUNCIONAMIENTO<\/span><\/a><\/div>[\/vc_column][vc_column width=\u00bb1\/3&#8243;]<div class=\"grve-element grve-align-center grve-animated-item grve-fade-in-up grve-duration-slow\" data-delay=\"200\"><a href=\"https:\/\/www.youtube.com\/watch?v=oYF3P-l0Kas\" title=\"VCM\" target=\"_blank\" rel=\"noopener noreferrer\" class=\"grve-btn grve-btn-large grve-round grve-bg-primary-5 grve-bg-hover-primary-1\"><span>VEA LA VCMK15 EN FUNCIONAMIENTO<\/span><\/a><\/div>[\/vc_column][vc_column width=\u00bb1\/6&#8243;][\/vc_column][\/vc_row][vc_row padding_top_multiplier=\u00bb\u00bb columns_gap=\u00bb50&#8243;][vc_column width=\u00bb1\/2&#8243;][vc_column_text animation=\u00bbgrve-fade-in-down\u00bb animation_duration=\u00bbslow\u00bb]La serie de estuchadoras <strong>VCMK<\/strong> representa, en un mercado cada vez m\u00e1s competitivo y orientado a la satisfacci\u00f3n del cliente, la respuesta m\u00e1s valiosa de Senzani, que ha sabido volcar sus conocimientos t\u00e9cnicos y su predisposici\u00f3n a escuchar al cliente para dar forma a su visi\u00f3n y realizar soluciones especializadas y a medida para las distintas necesidades y los m\u00faltiples \u00e1mbitos de aplicaci\u00f3n.<\/p>\n<p>La gama VCMK incluye un <strong>gran n\u00famero de modelos<\/strong> que conjugan la tecnolog\u00eda m\u00e1s vanguardista con la excelencia ingenieril de Senzani para perseguir objetivos de mejora continua y afrontar los retos m\u00e1s dif\u00edciles.[\/vc_column_text][\/vc_column][vc_column width=\u00bb1\/2&#8243;][vc_column_text animation=\u00bbgrve-fade-in-down\u00bb animation_duration=\u00bbslow\u00bb]Entre estas soluciones, cabe mencionar:<br \/>\n&#8211; <strong>m\u00e1quinas con cambio de formato totalmente autom\u00e1tico<\/strong> gestionado desde el panel de operador; autoadaptabilidad de los formatos con lectura de c\u00f3digo de barras; gesti\u00f3n de almac\u00e9n de estuches de carga totalmente autom\u00e1tica; gesti\u00f3n ilimitada de los programas para los cambios de producto y de formato;<br \/>\n&#8211; <strong>m\u00e1quinas con alimentaci\u00f3n de producto de tecnolog\u00eda mixta<\/strong>;<br \/>\n&#8211; <strong>m\u00e1quinas personalizadas<\/strong> para envasar estuches de dimensiones irregulares y con secuencias de cierra m\u00faltiples y especiales;<br \/>\n&#8211; <strong>m\u00e1quinas completamente inoxidables<\/strong> y lavables para trabajar en ambientes bajo cero;<br \/>\n&#8211; <strong>m\u00e1quinas tratadas para trabajar con productos corrosivos<\/strong>;<br \/>\n&#8211; <strong>m\u00e1quinas que funcionan a velocidades extremas<\/strong> (incluso superiores a 600\u00a0estuches\/minuto); serie ilimitada de opciones y funcionalidades personalizadas.[\/vc_column_text][\/vc_column][\/vc_row][vc_row padding_top_multiplier=\u00bb\u00bb padding_bottom_multiplier=\u00bb\u00bb][vc_column][vc_single_image image=\u00bb21073&#8243; img_size=\u00bbfull\u00bb][\/vc_column][\/vc_row][vc_row padding_top_multiplier=\u00bb\u00bb padding_bottom_multiplier=\u00bb3x\u00bb columns_gap=\u00bb50&#8243;][vc_column width=\u00bb1\/2&#8243;][vc_column_text animation=\u00bbgrve-fade-in-down\u00bb animation_duration=\u00bbslow\u00bb]Todos los componentes han sido dise\u00f1ados y seleccionados para asegurar la <strong>m\u00e1xima fiabilidad durante el ciclo de vida<\/strong> de la m\u00e1quina y garantizar la <strong>total adaptabilidad a caracter\u00edsticas de formato<\/strong> que pueden variar en el tiempo, con el fin de hacer frente a la continua evoluci\u00f3n determinada por los requisitos de normas, de marketing y de producto.<br \/>\nLa calidad absoluta y la perfecta cuadratura de los estuches se garantizan mediante la adopci\u00f3n de normas muy estrictas de fabricaci\u00f3n y la minuciosidad en la puesta a punto de todos los elementos en las fases de prueba y de arranque de la producci\u00f3n con el cliente.[\/vc_column_text][\/vc_column][vc_column width=\u00bb1\/2&#8243;][vc_column_text animation=\u00bbgrve-fade-in-down\u00bb animation_duration=\u00bbslow\u00bb]Durante la fase de dise\u00f1o, se presta la m\u00e1xima atenci\u00f3n a la b\u00fasqueda de soluciones modernas e innovadoras en los \u00e1mbitos del ahorro energ\u00e9tico, la mitigaci\u00f3n del deterioro y la utilizaci\u00f3n de componentes totalmente libres de defectos.<\/p>\n<p>T\u00e9cnicos especializados ensamblan y prueban de manera exhaustiva todas las m\u00e1quinas antes de su entrega, reduciendo as\u00ed de forma considerable los tiempos de instalaci\u00f3n.[\/vc_column_text][\/vc_column][\/vc_row][vc_row padding_top_multiplier=\u00bb\u00bb columns_gap=\u00bb50&#8243;][vc_column]<div class=\"grve-element grve-divider\" style=\"\"><div class=\"grve-line-divider grve-border\"><\/div><\/div>[\/vc_column][\/vc_row][vc_row padding_top_multiplier=\u00bb\u00bb columns_gap=\u00bb50&#8243;][vc_column width=\u00bb1\/2&#8243;][vc_column_text css=\u00bb.vc_custom_1680862520487{padding-bottom: 20px !important;}\u00bb animation=\u00bbgrve-fade-in-up\u00bb animation_duration=\u00bbslow\u00bb]<\/p>\n<h4><b>Caracter\u00edsticas:<\/b><\/h4>\n<ul class=\"ul1\">\n<li class=\"li1\">velocidad m\u00e1xima entre 300 y 600 cpm y m\u00e1s;<\/li>\n<li class=\"li1\">movimiento continuo;<\/li>\n<li class=\"li1\">tecnolog\u00eda tool-free para los ajustes, sin necesidad de herramientas externas;<\/li>\n<li class=\"li1\">alv\u00e9olos y embudos de r\u00e1pido desacople y tecnolog\u00eda tool-free;<\/li>\n<li class=\"li1\">alv\u00e9olos monobloque de aluminio anticorrosivo 6082\u201d UNI9006\/4 para el perfecto mantenimiento de los estuches;<\/li>\n<li class=\"li1\">partes en contacto con el producto fabricadas en acero inoxidable;<\/li>\n<li class=\"li1\">embudos con revestimiento de Bancollan para productos fr\u00e1giles;<\/li>\n<li class=\"li1\">\u00a0control positivo de los estuches en fase de recogida\/formado;<\/li>\n<li class=\"li1\">alimentaci\u00f3n de producto con dosificador volum\u00e9trico, de peso, de c\u00f3clea o de contador;<\/li>\n<li class=\"li1\">m\u00e1xima amplitud en el rango de formatos disponibles;<\/li>\n<li class=\"li1\">almac\u00e9n de estuches: con plano variable 0-90\u00b0; ergon\u00f3mico; alerta de nivel m\u00ednimo; ajuste de plano de apoyo de estuches motorizado y programable desde el panel de operador; velocidad de alimentaci\u00f3n de estuches autom\u00e1tica en funci\u00f3n de la velocidad de la l\u00ednea. Posibilidad de integraci\u00f3n de soluciones de carga autom\u00e1tica de estuches con despaletizaci\u00f3n autom\u00e1tica de las cajas.<\/li>\n<\/ul>\n<p>[\/vc_column_text][\/vc_column][vc_column width=\u00bb1\/2&#8243;][vc_column_text css=\u00bb.vc_custom_1680862643260{padding-bottom: 20px !important;}\u00bb animation=\u00bbgrve-fade-in-up\u00bb animation_duration=\u00bbslow\u00bb]<\/p>\n<h4><b>\u00a0<\/b><\/h4>\n<ul class=\"ul1\">\n<li class=\"li1\">adaptabilidad a todas las formas de estuche y a todas las secuencias de cierre;<\/li>\n<li class=\"li1\">garant\u00eda de estabilidad contra el desbordamiento de producto;<\/li>\n<li class=\"li1\">pantalla t\u00e1ctil a color;<\/li>\n<li class=\"li1\">programaci\u00f3n sencilla e intuitiva;<\/li>\n<li class=\"li1\">rechazo de productos no conformes con control autom\u00e1tico;<\/li>\n<li class=\"li1\">certificaci\u00f3n alimentaria y versiones inoxidables completamente lavab les y para productos corrosivos;<\/li>\n<li class=\"li1\">lubricaci\u00f3n de los rodamientos de por vida, previa solicitud lubricaci\u00f3n centralizada;<\/li>\n<li class=\"li1\">consumo energ\u00e9tico limitado, gracias tambi\u00e9n al uso de una bomba de vac\u00edo;<\/li>\n<li class=\"li1\">disponibilidad de todas las plataformas de PLC (Siemens; Allen Bradley; Schneider);<\/li>\n<li class=\"li1\">tensi\u00f3n de cadena principal autom\u00e1tica sin intervenci\u00f3n humana.<\/li>\n<\/ul>\n<p>[\/vc_column_text][\/vc_column][\/vc_row]<\/p>\n<\/div>","protected":false},"excerpt":{"rendered":"<p>[vc_row padding_bottom_multiplier=\u00bb\u00bb][vc_column width=\u00bb1\/6&#8243;][vc_column_text css=\u00bb.vc_custom_1711722174207{padding-bottom: 20px !important;}\u00bb animation=\u00bbgrve-fade-in\u00bb] Estuchadoras serie VCMK Estuchadora vertical personalizaci\u00f3n elevada[\/vc_column_text][vc_column_text css=\u00bb.vc_custom_1680861886577{padding-top: 30px !important;padding-bottom: 8px !important;}\u00bb] Disponible con [\/vc_column_text][vc_single_image image=\u00bb21742&#8243; img_size=\u00bb120&#215;80&#8243; onclick=\u00bbcustom_link\u00bb link=\u00bbhttps:\/\/www.senzani.com\/es\/asistencia-de-remoto-smart\/\u00bb][\/vc_column][vc_column width=\u00bb5\/6&#8243;][\/vc_column][\/vc_row][vc_row padding_top_multiplier=\u00bb\u00bb columns_gap=\u00bb50&#8243;][vc_column width=\u00bb1\/6&#8243;][\/vc_column][vc_column width=\u00bb1\/3&#8243;][\/vc_column][vc_column width=\u00bb1\/3&#8243;][\/vc_column][vc_column width=\u00bb1\/6&#8243;][\/vc_column][\/vc_row][vc_row padding_top_multiplier=\u00bb\u00bb columns_gap=\u00bb50&#8243;][vc_column width=\u00bb1\/2&#8243;][vc_column_text animation=\u00bbgrve-fade-in-down\u00bb animation_duration=\u00bbslow\u00bb]La serie de estuchadoras VCMK representa, en un mercado cada vez m\u00e1s competitivo y orientado a la satisfacci\u00f3n [&hellip;]<\/p>\n","protected":false},"author":2,"featured_media":0,"parent":23437,"menu_order":0,"comment_status":"closed","ping_status":"open","template":"","meta":{"_acf_changed":false,"content-type":"","footnotes":""},"class_list":["post-23509","page","type-page","status-publish","hentry"],"acf":[],"yoast_head":"<!-- This site is optimized with the Yoast SEO plugin v27.5 - https:\/\/yoast.com\/product\/yoast-seo-wordpress\/ -->\n<title>Estuchadora vertical personalizaci\u00f3n elevada | Senzani Brevetti<\/title>\n<meta name=\"description\" content=\"M\u00e1quinas con cambio formato totalmente autom\u00e1tico, alimentaci\u00f3n de producto de tecnolog\u00eda mixta y personalizada para tama\u00f1os irregulares\" \/>\n<meta name=\"robots\" content=\"index, follow, max-snippet:-1, max-image-preview:large, max-video-preview:-1\" \/>\n<link rel=\"canonical\" href=\"https:\/\/www.senzani.com\/es\/soluciones\/estuchadora\/vcmk\/\" \/>\n<meta property=\"og:locale\" content=\"es_ES\" \/>\n<meta property=\"og:type\" content=\"article\" \/>\n<meta property=\"og:title\" content=\"Estuchadora vertical personalizaci\u00f3n elevada | Senzani Brevetti\" \/>\n<meta property=\"og:description\" content=\"M\u00e1quinas con cambio formato totalmente autom\u00e1tico, alimentaci\u00f3n de producto de tecnolog\u00eda mixta y personalizada para tama\u00f1os irregulares\" \/>\n<meta property=\"og:url\" content=\"https:\/\/www.senzani.com\/es\/soluciones\/estuchadora\/vcmk\/\" \/>\n<meta property=\"og:site_name\" content=\"Senzani Brevetti S.p.A.\" \/>\n<meta property=\"article:modified_time\" content=\"2024-10-04T15:04:33+00:00\" \/>\n<meta name=\"twitter:card\" content=\"summary_large_image\" \/>\n<meta name=\"twitter:label1\" content=\"Tiempo de lectura\" \/>\n\t<meta name=\"twitter:data1\" content=\"4 minutos\" \/>\n<script type=\"application\/ld+json\" class=\"yoast-schema-graph\">{\"@context\":\"https:\\\/\\\/schema.org\",\"@graph\":[{\"@type\":\"WebPage\",\"@id\":\"https:\\\/\\\/www.senzani.com\\\/es\\\/soluciones\\\/estuchadora\\\/vcmk\\\/\",\"url\":\"https:\\\/\\\/www.senzani.com\\\/es\\\/soluciones\\\/estuchadora\\\/vcmk\\\/\",\"name\":\"Estuchadora vertical personalizaci\u00f3n elevada | Senzani Brevetti\",\"isPartOf\":{\"@id\":\"https:\\\/\\\/www.senzani.com\\\/es\\\/#website\"},\"datePublished\":\"2020-06-19T13:18:54+00:00\",\"dateModified\":\"2024-10-04T15:04:33+00:00\",\"description\":\"M\u00e1quinas con cambio formato totalmente autom\u00e1tico, alimentaci\u00f3n de producto de tecnolog\u00eda mixta y personalizada para tama\u00f1os irregulares\",\"breadcrumb\":{\"@id\":\"https:\\\/\\\/www.senzani.com\\\/es\\\/soluciones\\\/estuchadora\\\/vcmk\\\/#breadcrumb\"},\"inLanguage\":\"es\",\"potentialAction\":[{\"@type\":\"ReadAction\",\"target\":[\"https:\\\/\\\/www.senzani.com\\\/es\\\/soluciones\\\/estuchadora\\\/vcmk\\\/\"]}]},{\"@type\":\"BreadcrumbList\",\"@id\":\"https:\\\/\\\/www.senzani.com\\\/es\\\/soluciones\\\/estuchadora\\\/vcmk\\\/#breadcrumb\",\"itemListElement\":[{\"@type\":\"ListItem\",\"position\":1,\"name\":\"Home\",\"item\":\"https:\\\/\\\/www.senzani.com\\\/es\\\/\"},{\"@type\":\"ListItem\",\"position\":2,\"name\":\"Soluciones\",\"item\":\"https:\\\/\\\/www.senzani.com\\\/es\\\/soluciones\\\/\"},{\"@type\":\"ListItem\",\"position\":3,\"name\":\"Cartoners\",\"item\":\"https:\\\/\\\/www.senzani.com\\\/es\\\/soluciones\\\/estuchadora\\\/\"},{\"@type\":\"ListItem\",\"position\":4,\"name\":\"VCMK\"}]},{\"@type\":\"WebSite\",\"@id\":\"https:\\\/\\\/www.senzani.com\\\/es\\\/#website\",\"url\":\"https:\\\/\\\/www.senzani.com\\\/es\\\/\",\"name\":\"Senzani Brevetti S.p.A.\",\"description\":\"Leader nel settore delle macchine per imballaggi\",\"publisher\":{\"@id\":\"https:\\\/\\\/www.senzani.com\\\/es\\\/#organization\"},\"potentialAction\":[{\"@type\":\"SearchAction\",\"target\":{\"@type\":\"EntryPoint\",\"urlTemplate\":\"https:\\\/\\\/www.senzani.com\\\/es\\\/?s={search_term_string}\"},\"query-input\":{\"@type\":\"PropertyValueSpecification\",\"valueRequired\":true,\"valueName\":\"search_term_string\"}}],\"inLanguage\":\"es\"},{\"@type\":\"Organization\",\"@id\":\"https:\\\/\\\/www.senzani.com\\\/es\\\/#organization\",\"name\":\"Senzani Brevetti\",\"url\":\"https:\\\/\\\/www.senzani.com\\\/es\\\/\",\"logo\":{\"@type\":\"ImageObject\",\"inLanguage\":\"es\",\"@id\":\"https:\\\/\\\/www.senzani.com\\\/es\\\/#\\\/schema\\\/logo\\\/image\\\/\",\"url\":\"https:\\\/\\\/www.senzani.com\\\/wp-content\\\/uploads\\\/2020\\\/03\\\/logo-senzani.png\",\"contentUrl\":\"https:\\\/\\\/www.senzani.com\\\/wp-content\\\/uploads\\\/2020\\\/03\\\/logo-senzani.png\",\"width\":259,\"height\":71,\"caption\":\"Senzani Brevetti\"},\"image\":{\"@id\":\"https:\\\/\\\/www.senzani.com\\\/es\\\/#\\\/schema\\\/logo\\\/image\\\/\"}}]}<\/script>\n<!-- \/ Yoast SEO plugin. -->","yoast_head_json":{"title":"Estuchadora vertical personalizaci\u00f3n elevada | Senzani Brevetti","description":"M\u00e1quinas con cambio formato totalmente autom\u00e1tico, alimentaci\u00f3n de producto de tecnolog\u00eda mixta y personalizada para tama\u00f1os irregulares","robots":{"index":"index","follow":"follow","max-snippet":"max-snippet:-1","max-image-preview":"max-image-preview:large","max-video-preview":"max-video-preview:-1"},"canonical":"https:\/\/www.senzani.com\/es\/soluciones\/estuchadora\/vcmk\/","og_locale":"es_ES","og_type":"article","og_title":"Estuchadora vertical personalizaci\u00f3n elevada | Senzani Brevetti","og_description":"M\u00e1quinas con cambio formato totalmente autom\u00e1tico, alimentaci\u00f3n de producto de tecnolog\u00eda mixta y personalizada para tama\u00f1os irregulares","og_url":"https:\/\/www.senzani.com\/es\/soluciones\/estuchadora\/vcmk\/","og_site_name":"Senzani Brevetti S.p.A.","article_modified_time":"2024-10-04T15:04:33+00:00","twitter_card":"summary_large_image","twitter_misc":{"Tiempo de lectura":"4 minutos"},"schema":{"@context":"https:\/\/schema.org","@graph":[{"@type":"WebPage","@id":"https:\/\/www.senzani.com\/es\/soluciones\/estuchadora\/vcmk\/","url":"https:\/\/www.senzani.com\/es\/soluciones\/estuchadora\/vcmk\/","name":"Estuchadora vertical personalizaci\u00f3n elevada | Senzani Brevetti","isPartOf":{"@id":"https:\/\/www.senzani.com\/es\/#website"},"datePublished":"2020-06-19T13:18:54+00:00","dateModified":"2024-10-04T15:04:33+00:00","description":"M\u00e1quinas con cambio formato totalmente autom\u00e1tico, alimentaci\u00f3n de producto de tecnolog\u00eda mixta y personalizada para tama\u00f1os irregulares","breadcrumb":{"@id":"https:\/\/www.senzani.com\/es\/soluciones\/estuchadora\/vcmk\/#breadcrumb"},"inLanguage":"es","potentialAction":[{"@type":"ReadAction","target":["https:\/\/www.senzani.com\/es\/soluciones\/estuchadora\/vcmk\/"]}]},{"@type":"BreadcrumbList","@id":"https:\/\/www.senzani.com\/es\/soluciones\/estuchadora\/vcmk\/#breadcrumb","itemListElement":[{"@type":"ListItem","position":1,"name":"Home","item":"https:\/\/www.senzani.com\/es\/"},{"@type":"ListItem","position":2,"name":"Soluciones","item":"https:\/\/www.senzani.com\/es\/soluciones\/"},{"@type":"ListItem","position":3,"name":"Cartoners","item":"https:\/\/www.senzani.com\/es\/soluciones\/estuchadora\/"},{"@type":"ListItem","position":4,"name":"VCMK"}]},{"@type":"WebSite","@id":"https:\/\/www.senzani.com\/es\/#website","url":"https:\/\/www.senzani.com\/es\/","name":"Senzani Brevetti S.p.A.","description":"Leader nel settore delle macchine per imballaggi","publisher":{"@id":"https:\/\/www.senzani.com\/es\/#organization"},"potentialAction":[{"@type":"SearchAction","target":{"@type":"EntryPoint","urlTemplate":"https:\/\/www.senzani.com\/es\/?s={search_term_string}"},"query-input":{"@type":"PropertyValueSpecification","valueRequired":true,"valueName":"search_term_string"}}],"inLanguage":"es"},{"@type":"Organization","@id":"https:\/\/www.senzani.com\/es\/#organization","name":"Senzani Brevetti","url":"https:\/\/www.senzani.com\/es\/","logo":{"@type":"ImageObject","inLanguage":"es","@id":"https:\/\/www.senzani.com\/es\/#\/schema\/logo\/image\/","url":"https:\/\/www.senzani.com\/wp-content\/uploads\/2020\/03\/logo-senzani.png","contentUrl":"https:\/\/www.senzani.com\/wp-content\/uploads\/2020\/03\/logo-senzani.png","width":259,"height":71,"caption":"Senzani Brevetti"},"image":{"@id":"https:\/\/www.senzani.com\/es\/#\/schema\/logo\/image\/"}}]}},"_links":{"self":[{"href":"https:\/\/www.senzani.com\/es\/wp-json\/wp\/v2\/pages\/23509","targetHints":{"allow":["GET"]}}],"collection":[{"href":"https:\/\/www.senzani.com\/es\/wp-json\/wp\/v2\/pages"}],"about":[{"href":"https:\/\/www.senzani.com\/es\/wp-json\/wp\/v2\/types\/page"}],"author":[{"embeddable":true,"href":"https:\/\/www.senzani.com\/es\/wp-json\/wp\/v2\/users\/2"}],"replies":[{"embeddable":true,"href":"https:\/\/www.senzani.com\/es\/wp-json\/wp\/v2\/comments?post=23509"}],"version-history":[{"count":11,"href":"https:\/\/www.senzani.com\/es\/wp-json\/wp\/v2\/pages\/23509\/revisions"}],"predecessor-version":[{"id":27202,"href":"https:\/\/www.senzani.com\/es\/wp-json\/wp\/v2\/pages\/23509\/revisions\/27202"}],"up":[{"embeddable":true,"href":"https:\/\/www.senzani.com\/es\/wp-json\/wp\/v2\/pages\/23437"}],"wp:attachment":[{"href":"https:\/\/www.senzani.com\/es\/wp-json\/wp\/v2\/media?parent=23509"}],"curies":[{"name":"wp","href":"https:\/\/api.w.org\/{rel}","templated":true}]}}