{"id":23497,"date":"2020-06-19T14:39:43","date_gmt":"2020-06-19T12:39:43","guid":{"rendered":"https:\/\/www.senzani.com\/soluciones\/estuchadora\/vcma\/"},"modified":"2024-12-12T16:36:58","modified_gmt":"2024-12-12T15:36:58","slug":"vcma","status":"publish","type":"page","link":"https:\/\/www.senzani.com\/es\/soluciones\/estuchadora\/vcma\/","title":{"rendered":"VCMA"},"content":{"rendered":"<div class=\"wpb-content-wrapper\"><p>[vc_row padding_bottom_multiplier=\u00bb\u00bb][vc_column width=\u00bb1\/6&#8243;]<div class=\"grve-element grve-image grve-animated-item grve-duration-very-slow grve-fade-in grve-align-left\" style=\"\" data-delay=\"200\">  <div class=\"grve-image-wrapper\"><img loading=\"lazy\" decoding=\"async\" width=\"240\" height=\"293\" src=\"https:\/\/www.senzani.com\/wp-content\/uploads\/2020\/03\/cartoners.jpg\" class=\"attachment-full size-full\" alt=\"\" \/>   <\/div><\/div>[vc_column_text css=\u00bb.vc_custom_1680858093094{padding-bottom: 20px !important;}\u00bb animation=\u00bbgrve-fade-in\u00bb]<\/p>\n<h1 style=\"color: #3ba9dc; font-size: 30px;\">Estuchadoras<br \/>\nserie VCMA<\/h1>\n<p><span style=\"color: #333333; font-size: 18px;\">Estuchadora vertical alternada<\/span>[\/vc_column_text][vc_column_text css=\u00bb.vc_custom_1680858104207{padding-top: 30px !important;padding-bottom: 8px !important;}\u00bb]<\/p>\n<div style=\"line-height: 18px; font-weight: 400;\">Disponible con<\/div>\n<p>[\/vc_column_text][vc_single_image image=\u00bb21742&#8243; img_size=\u00bb120&#215;80&#8243; onclick=\u00bbcustom_link\u00bb link=\u00bbhttps:\/\/www.senzani.com\/es\/asistencia-de-remoto-smart\/\u00bb][\/vc_column][vc_column width=\u00bb5\/6&#8243;]<div class=\"grve-element grve-box grve-align-center grve-animated-item grve-zoom-in grve-duration-normal\" style=\"\" data-delay=\"200\"><figure class=\"grve-image-hover grve-zoom-in\">\t<div class=\"grve-media\">\t\t<div class=\"grve-bg-light grve-hover-overlay grve-opacity-0\"><\/div><img loading=\"lazy\" decoding=\"async\" width=\"1200\" height=\"645\" src=\"https:\/\/www.senzani.com\/wp-content\/uploads\/2020\/06\/VCMA.jpg\" class=\"attachment-full size-full\" alt=\"\" srcset=\"https:\/\/www.senzani.com\/wp-content\/uploads\/2020\/06\/VCMA.jpg 1200w, https:\/\/www.senzani.com\/wp-content\/uploads\/2020\/06\/VCMA-300x161.jpg 300w, https:\/\/www.senzani.com\/wp-content\/uploads\/2020\/06\/VCMA-1024x550.jpg 1024w, https:\/\/www.senzani.com\/wp-content\/uploads\/2020\/06\/VCMA-768x413.jpg 768w\" sizes=\"auto, (max-width: 1200px) 100vw, 1200px\" \/>\t<\/div><\/figure>  <div class=\"grve-box-content\">    <p><\/p>  <\/div><\/div>[\/vc_column][\/vc_row][vc_row padding_top_multiplier=\u00bb\u00bb columns_gap=\u00bb50&#8243;][vc_column width=\u00bb1\/2&#8243;][vc_column_text animation=\u00bbgrve-fade-in-down\u00bb animation_duration=\u00bbslow\u00bb]La gama de estuchadoras Senzani <strong>VCMA<\/strong> trabaja de <strong>manera alterna<\/strong> y responde a la necesidad de <strong>estuchar productos s\u00f3lidos<\/strong> (objetos, bolsas prellenadas, c\u00e1psulas de caf\u00e9, frascos, botellas), <strong>granulares<\/strong> (simientes, detergentes en polvo) o variados (caramelos, barritas sueltas) a velocidades reducidas y con un llenado en estaci\u00f3n \u00fanica o doble. La propuesta VCMA ofrece la ventaja de poder beneficiarse de toda la experiencia tecnol\u00f3gica que acumula Senzani en el mundo de las estuchadoras continuas.<\/p>\n<p>Las estuchadoras de la serie VCMA constan de un carrusel de transporte de estuches y de varios sistemas de alimentaci\u00f3n personalizados en funci\u00f3n de tipo de producto. Entre ellos, cabe se\u00f1alar el sistema de alimentaci\u00f3n para bolsas \u00abbag in box\u00bb, soluci\u00f3n ideal para alimentar y controlar la correcta cadencia de los productos para una inserci\u00f3n en el estuche con total seguridad y fiabilidad.[\/vc_column_text][\/vc_column][vc_column width=\u00bb1\/2&#8243;][vc_column_text animation=\u00bbgrve-fade-in-down\u00bb animation_duration=\u00bbslow\u00bb]A fin de facilitar y optimizar las fases de transferencia de bolsas, en la zona de tr\u00e1nsito al estuche existe una <strong>tolva concebida espec\u00edficamente para mantener uniforme el producto<\/strong> con objeto de evitar el fen\u00f3meno de \u00abhinchaz\u00f3n\u00bb debido a la fuerza de gravedad, al tiempo que se activa autom\u00e1ticamente un tamp\u00f3n para ayudar a la acci\u00f3n de introducci\u00f3n. Se ha estudiado con detenimiento el sistema para el tratamiento de productos de especial fragilidad, con vistas a garantizar su absoluta integridad en las distintas etapas.<\/p>\n<p>La <strong>compatibilidad con m\u00faltiples sistemas de alimentaci\u00f3n de producto<\/strong>, dispositivos de inserci\u00f3n, marcadores, lectores de c\u00f3digo de barras y personalizaciones en funci\u00f3n de las necesidades del envase, con una gesti\u00f3n totalmente integrada, hace de la serie de m\u00e1quinas VCMA una de las m\u00e1s polivalentes de su g\u00e9nero.[\/vc_column_text][\/vc_column][\/vc_row][vc_row padding_top_multiplier=\u00bb\u00bb padding_bottom_multiplier=\u00bb\u00bb][vc_column][vc_single_image image=\u00bb21075&#8243; img_size=\u00bbfull\u00bb][\/vc_column][\/vc_row][vc_row padding_top_multiplier=\u00bb\u00bb padding_bottom_multiplier=\u00bb3x\u00bb columns_gap=\u00bb50&#8243;][vc_column width=\u00bb1\/2&#8243;][vc_column_text animation=\u00bbgrve-fade-in-down\u00bb animation_duration=\u00bbslow\u00bb]La calidad absoluta y la perfecta cuadratura de los estuches se garantizan mediante la adopci\u00f3n de <strong>normas muy estrictas de fabricaci\u00f3n<\/strong> y la minuciosidad en la puesta a punto de todos los elementos en las fases de prueba y de arranque de la producci\u00f3n con el cliente.<\/p>\n<p>Se minimizan los <strong>tiempos de cambio de formato<\/strong>, gracias al uso de tecnolog\u00eda tool-free y a la adopci\u00f3n de t\u00e9cnicas modernas para facilitar los ajustes. Existe disponible un tutorial espec\u00edfico para guiar al operador paso a paso en todas las fases, con el fin de evitar errores y agilizar el proceso.<\/p>\n<p>Con vistas a reducir los descartes, la experiencia Senzani pone a disposici\u00f3n varias funcionalidades inteligentes de gesti\u00f3n del producto y de los estuches en las distintas fases de llenado y de cierre, con un impacto positivo en la rentabilidad de la inversi\u00f3n.[\/vc_column_text][\/vc_column][vc_column width=\u00bb1\/2&#8243;][vc_column_text animation=\u00bbgrve-fade-in-down\u00bb animation_duration=\u00bbslow\u00bb]Durante la fase de dise\u00f1o, se presta la m\u00e1xima atenci\u00f3n a la b\u00fasqueda de soluciones modernas e innovadoras en los \u00e1mbitos del ahorro energ\u00e9tico, la mitigaci\u00f3n del deterioro y la utilizaci\u00f3n de componentes totalmente libres de defectos.<\/p>\n<p>T\u00e9cnicos especializados ensamblan y prueban de manera exhaustiva todas las m\u00e1quinas antes de su entrega, reduciendo as\u00ed de forma considerable los tiempos de instalaci\u00f3n.<\/p>\n<p>&nbsp;<\/p>\n<p>[\/vc_column_text][\/vc_column][\/vc_row][vc_row padding_top_multiplier=\u00bb\u00bb columns_gap=\u00bb50&#8243;][vc_column][vc_custom_heading text=\u00bbEstuchadoras serie VCMA modelos\u00bb font_container=\u00bbtag:h2|text_align:center\u00bb google_fonts=\u00bbfont_family:Montserrat%3Aregular%2C700|font_style:400%20regular%3A400%3Anormal\u00bb css_animation=\u00bbright-to-left\u00bb][vc_column_text]<\/p>\n<table border=\"1\">\n<tbody>\n<tr>\n<td>mod.<\/td>\n<td align=\"center\">velocidad max cpm<\/td>\n<td>medidas estuches min<\/td>\n<td>medidas estuches max<\/td>\n<td>nr. tolvas<\/td>\n<td>nr. alveolos<\/td>\n<\/tr>\n<tr>\n<td>VCMA<\/td>\n<td align=\"center\">60<\/td>\n<td>90x40x140<\/td>\n<td>220x100x370<\/td>\n<td>1 &#8211; 2<\/td>\n<td>15 &#8211; 22<\/td>\n<\/tr>\n<\/tbody>\n<\/table>\n<p>[\/vc_column_text][\/vc_column][\/vc_row][vc_row padding_top_multiplier=\u00bb\u00bb columns_gap=\u00bb50&#8243;][vc_column width=\u00bb1\/2&#8243;][vc_column_text css=\u00bb.vc_custom_1734017815961{padding-bottom: 20px !important;}\u00bb animation=\u00bbgrve-fade-in-up\u00bb animation_duration=\u00bbslow\u00bb]<\/p>\n<h4><b>Caracter\u00edsticas:<\/b><\/h4>\n<ul class=\"ul1\">\n<li class=\"li1\">velocidad de hasta 60 cpm en movimiento intermitente;<\/li>\n<li class=\"li1\">tipos de cierre disponibles: tradicional, laberinto, fondo automatico, flip-top;<\/li>\n<li class=\"li1\">adaptabilidad a todas las formas de estuche y a todas las secuencias de cierre;<\/li>\n<li class=\"li1\">tecnolog\u00eda tool-free para los ajustes, sin necesidad de herramientas externas;<\/li>\n<li class=\"li1\">control positivo de los estuches en fase de recogida\/formado;<\/li>\n<li class=\"li1\">almac\u00e9n de estuches: ergon\u00f3mico; alerta de nivel m\u00ednimo; ajuste de plano de apoyo de los estuches manual o motorizado y programable desde el panel en funci\u00f3n de los formatos;<\/li>\n<li class=\"li1\">velocidad de alimentaci\u00f3n de estuches autom\u00e1tica en funci\u00f3n de la velocidad de la l\u00ednea;<\/li>\n<li class=\"li1\">pantalla t\u00e1ctil a color;<\/li>\n<\/ul>\n<p>[\/vc_column_text][\/vc_column][vc_column width=\u00bb1\/2&#8243;][vc_column_text css=\u00bb.vc_custom_1680859151672{padding-bottom: 20px !important;}\u00bb animation=\u00bbgrve-fade-in-up\u00bb animation_duration=\u00bbslow\u00bb]<\/p>\n<h4><b>\u00a0\u00a0<\/b><\/h4>\n<ul class=\"ul1\">\n<li class=\"li1\">programaci\u00f3n sencilla e intuitiva;<\/li>\n<li class=\"li1\">rechazo de productos no conformes con control autom\u00e1tico;<\/li>\n<li class=\"li1\">mantenimiento reducido al m\u00ednimo con muchas partes lubricadas de por vida;<\/li>\n<li class=\"li1\">certificaci\u00f3n alimentaria y versiones inoxidables completamente lavables y para productos corrosivos;<\/li>\n<li class=\"li1\">consumo energ\u00e9tico limitado;<\/li>\n<li class=\"li1\">bomba de vac\u00edo el\u00e9ctrica (no Venturi) para sencillez de mantenimiento, consumo reducido y altas prestaciones;<\/li>\n<li class=\"li1\">disponibilidad de todas las plataformas de PLC (Siemens; Allen Bradley; Schneider).<\/li>\n<\/ul>\n<p>[\/vc_column_text][\/vc_column][\/vc_row]<\/p>\n<\/div>","protected":false},"excerpt":{"rendered":"<p>[vc_row padding_bottom_multiplier=\u00bb\u00bb][vc_column width=\u00bb1\/6&#8243;][vc_column_text css=\u00bb.vc_custom_1680858093094{padding-bottom: 20px !important;}\u00bb animation=\u00bbgrve-fade-in\u00bb] Estuchadoras serie VCMA Estuchadora vertical alternada[\/vc_column_text][vc_column_text css=\u00bb.vc_custom_1680858104207{padding-top: 30px !important;padding-bottom: 8px !important;}\u00bb] Disponible con [\/vc_column_text][vc_single_image image=\u00bb21742&#8243; img_size=\u00bb120&#215;80&#8243; onclick=\u00bbcustom_link\u00bb link=\u00bbhttps:\/\/www.senzani.com\/es\/asistencia-de-remoto-smart\/\u00bb][\/vc_column][vc_column width=\u00bb5\/6&#8243;][\/vc_column][\/vc_row][vc_row padding_top_multiplier=\u00bb\u00bb columns_gap=\u00bb50&#8243;][vc_column width=\u00bb1\/2&#8243;][vc_column_text animation=\u00bbgrve-fade-in-down\u00bb animation_duration=\u00bbslow\u00bb]La gama de estuchadoras Senzani VCMA trabaja de manera alterna y responde a la necesidad de estuchar productos s\u00f3lidos (objetos, bolsas prellenadas, c\u00e1psulas de caf\u00e9, [&hellip;]<\/p>\n","protected":false},"author":2,"featured_media":0,"parent":23437,"menu_order":0,"comment_status":"closed","ping_status":"open","template":"","meta":{"_acf_changed":false,"content-type":"","footnotes":""},"class_list":["post-23497","page","type-page","status-publish","hentry"],"acf":[],"yoast_head":"<!-- This site is optimized with the Yoast SEO plugin v27.3 - https:\/\/yoast.com\/product\/yoast-seo-wordpress\/ -->\n<title>Estuchadora vertical alternada | Senzani Brevetti<\/title>\n<meta name=\"description\" content=\"La VCMA Senzani funciona de manera alternada, ideal para envasar en estuche los productos s\u00f3lidos, granulares o diversos\" \/>\n<meta name=\"robots\" content=\"index, follow, max-snippet:-1, max-image-preview:large, max-video-preview:-1\" \/>\n<link rel=\"canonical\" href=\"https:\/\/www.senzani.com\/es\/soluciones\/estuchadora\/vcma\/\" \/>\n<meta property=\"og:locale\" content=\"es_ES\" \/>\n<meta property=\"og:type\" content=\"article\" \/>\n<meta property=\"og:title\" content=\"Estuchadora vertical alternada | Senzani Brevetti\" \/>\n<meta property=\"og:description\" content=\"La VCMA Senzani funciona de manera alternada, ideal para envasar en estuche los productos s\u00f3lidos, granulares o diversos\" \/>\n<meta property=\"og:url\" content=\"https:\/\/www.senzani.com\/es\/soluciones\/estuchadora\/vcma\/\" \/>\n<meta property=\"og:site_name\" content=\"Senzani Brevetti S.p.A.\" \/>\n<meta property=\"article:modified_time\" content=\"2024-12-12T15:36:58+00:00\" \/>\n<meta name=\"twitter:card\" content=\"summary_large_image\" \/>\n<meta name=\"twitter:label1\" content=\"Tiempo de lectura\" \/>\n\t<meta name=\"twitter:data1\" content=\"4 minutos\" \/>\n<script type=\"application\/ld+json\" class=\"yoast-schema-graph\">{\"@context\":\"https:\\\/\\\/schema.org\",\"@graph\":[{\"@type\":\"WebPage\",\"@id\":\"https:\\\/\\\/www.senzani.com\\\/es\\\/soluciones\\\/estuchadora\\\/vcma\\\/\",\"url\":\"https:\\\/\\\/www.senzani.com\\\/es\\\/soluciones\\\/estuchadora\\\/vcma\\\/\",\"name\":\"Estuchadora vertical alternada | Senzani Brevetti\",\"isPartOf\":{\"@id\":\"https:\\\/\\\/www.senzani.com\\\/es\\\/#website\"},\"datePublished\":\"2020-06-19T12:39:43+00:00\",\"dateModified\":\"2024-12-12T15:36:58+00:00\",\"description\":\"La VCMA Senzani funciona de manera alternada, ideal para envasar en estuche los productos s\u00f3lidos, granulares o diversos\",\"breadcrumb\":{\"@id\":\"https:\\\/\\\/www.senzani.com\\\/es\\\/soluciones\\\/estuchadora\\\/vcma\\\/#breadcrumb\"},\"inLanguage\":\"es\",\"potentialAction\":[{\"@type\":\"ReadAction\",\"target\":[\"https:\\\/\\\/www.senzani.com\\\/es\\\/soluciones\\\/estuchadora\\\/vcma\\\/\"]}]},{\"@type\":\"BreadcrumbList\",\"@id\":\"https:\\\/\\\/www.senzani.com\\\/es\\\/soluciones\\\/estuchadora\\\/vcma\\\/#breadcrumb\",\"itemListElement\":[{\"@type\":\"ListItem\",\"position\":1,\"name\":\"Home\",\"item\":\"https:\\\/\\\/www.senzani.com\\\/es\\\/\"},{\"@type\":\"ListItem\",\"position\":2,\"name\":\"Soluciones\",\"item\":\"https:\\\/\\\/www.senzani.com\\\/es\\\/soluciones\\\/\"},{\"@type\":\"ListItem\",\"position\":3,\"name\":\"Cartoners\",\"item\":\"https:\\\/\\\/www.senzani.com\\\/es\\\/soluciones\\\/estuchadora\\\/\"},{\"@type\":\"ListItem\",\"position\":4,\"name\":\"VCMA\"}]},{\"@type\":\"WebSite\",\"@id\":\"https:\\\/\\\/www.senzani.com\\\/es\\\/#website\",\"url\":\"https:\\\/\\\/www.senzani.com\\\/es\\\/\",\"name\":\"Senzani Brevetti S.p.A.\",\"description\":\"Leader nel settore delle macchine per imballaggi\",\"publisher\":{\"@id\":\"https:\\\/\\\/www.senzani.com\\\/es\\\/#organization\"},\"potentialAction\":[{\"@type\":\"SearchAction\",\"target\":{\"@type\":\"EntryPoint\",\"urlTemplate\":\"https:\\\/\\\/www.senzani.com\\\/es\\\/?s={search_term_string}\"},\"query-input\":{\"@type\":\"PropertyValueSpecification\",\"valueRequired\":true,\"valueName\":\"search_term_string\"}}],\"inLanguage\":\"es\"},{\"@type\":\"Organization\",\"@id\":\"https:\\\/\\\/www.senzani.com\\\/es\\\/#organization\",\"name\":\"Senzani Brevetti\",\"url\":\"https:\\\/\\\/www.senzani.com\\\/es\\\/\",\"logo\":{\"@type\":\"ImageObject\",\"inLanguage\":\"es\",\"@id\":\"https:\\\/\\\/www.senzani.com\\\/es\\\/#\\\/schema\\\/logo\\\/image\\\/\",\"url\":\"https:\\\/\\\/www.senzani.com\\\/wp-content\\\/uploads\\\/2020\\\/03\\\/logo-senzani.png\",\"contentUrl\":\"https:\\\/\\\/www.senzani.com\\\/wp-content\\\/uploads\\\/2020\\\/03\\\/logo-senzani.png\",\"width\":259,\"height\":71,\"caption\":\"Senzani Brevetti\"},\"image\":{\"@id\":\"https:\\\/\\\/www.senzani.com\\\/es\\\/#\\\/schema\\\/logo\\\/image\\\/\"}}]}<\/script>\n<!-- \/ Yoast SEO plugin. -->","yoast_head_json":{"title":"Estuchadora vertical alternada | Senzani Brevetti","description":"La VCMA Senzani funciona de manera alternada, ideal para envasar en estuche los productos s\u00f3lidos, granulares o diversos","robots":{"index":"index","follow":"follow","max-snippet":"max-snippet:-1","max-image-preview":"max-image-preview:large","max-video-preview":"max-video-preview:-1"},"canonical":"https:\/\/www.senzani.com\/es\/soluciones\/estuchadora\/vcma\/","og_locale":"es_ES","og_type":"article","og_title":"Estuchadora vertical alternada | Senzani Brevetti","og_description":"La VCMA Senzani funciona de manera alternada, ideal para envasar en estuche los productos s\u00f3lidos, granulares o diversos","og_url":"https:\/\/www.senzani.com\/es\/soluciones\/estuchadora\/vcma\/","og_site_name":"Senzani Brevetti S.p.A.","article_modified_time":"2024-12-12T15:36:58+00:00","twitter_card":"summary_large_image","twitter_misc":{"Tiempo de lectura":"4 minutos"},"schema":{"@context":"https:\/\/schema.org","@graph":[{"@type":"WebPage","@id":"https:\/\/www.senzani.com\/es\/soluciones\/estuchadora\/vcma\/","url":"https:\/\/www.senzani.com\/es\/soluciones\/estuchadora\/vcma\/","name":"Estuchadora vertical alternada | Senzani Brevetti","isPartOf":{"@id":"https:\/\/www.senzani.com\/es\/#website"},"datePublished":"2020-06-19T12:39:43+00:00","dateModified":"2024-12-12T15:36:58+00:00","description":"La VCMA Senzani funciona de manera alternada, ideal para envasar en estuche los productos s\u00f3lidos, granulares o diversos","breadcrumb":{"@id":"https:\/\/www.senzani.com\/es\/soluciones\/estuchadora\/vcma\/#breadcrumb"},"inLanguage":"es","potentialAction":[{"@type":"ReadAction","target":["https:\/\/www.senzani.com\/es\/soluciones\/estuchadora\/vcma\/"]}]},{"@type":"BreadcrumbList","@id":"https:\/\/www.senzani.com\/es\/soluciones\/estuchadora\/vcma\/#breadcrumb","itemListElement":[{"@type":"ListItem","position":1,"name":"Home","item":"https:\/\/www.senzani.com\/es\/"},{"@type":"ListItem","position":2,"name":"Soluciones","item":"https:\/\/www.senzani.com\/es\/soluciones\/"},{"@type":"ListItem","position":3,"name":"Cartoners","item":"https:\/\/www.senzani.com\/es\/soluciones\/estuchadora\/"},{"@type":"ListItem","position":4,"name":"VCMA"}]},{"@type":"WebSite","@id":"https:\/\/www.senzani.com\/es\/#website","url":"https:\/\/www.senzani.com\/es\/","name":"Senzani Brevetti S.p.A.","description":"Leader nel settore delle macchine per imballaggi","publisher":{"@id":"https:\/\/www.senzani.com\/es\/#organization"},"potentialAction":[{"@type":"SearchAction","target":{"@type":"EntryPoint","urlTemplate":"https:\/\/www.senzani.com\/es\/?s={search_term_string}"},"query-input":{"@type":"PropertyValueSpecification","valueRequired":true,"valueName":"search_term_string"}}],"inLanguage":"es"},{"@type":"Organization","@id":"https:\/\/www.senzani.com\/es\/#organization","name":"Senzani Brevetti","url":"https:\/\/www.senzani.com\/es\/","logo":{"@type":"ImageObject","inLanguage":"es","@id":"https:\/\/www.senzani.com\/es\/#\/schema\/logo\/image\/","url":"https:\/\/www.senzani.com\/wp-content\/uploads\/2020\/03\/logo-senzani.png","contentUrl":"https:\/\/www.senzani.com\/wp-content\/uploads\/2020\/03\/logo-senzani.png","width":259,"height":71,"caption":"Senzani Brevetti"},"image":{"@id":"https:\/\/www.senzani.com\/es\/#\/schema\/logo\/image\/"}}]}},"_links":{"self":[{"href":"https:\/\/www.senzani.com\/es\/wp-json\/wp\/v2\/pages\/23497","targetHints":{"allow":["GET"]}}],"collection":[{"href":"https:\/\/www.senzani.com\/es\/wp-json\/wp\/v2\/pages"}],"about":[{"href":"https:\/\/www.senzani.com\/es\/wp-json\/wp\/v2\/types\/page"}],"author":[{"embeddable":true,"href":"https:\/\/www.senzani.com\/es\/wp-json\/wp\/v2\/users\/2"}],"replies":[{"embeddable":true,"href":"https:\/\/www.senzani.com\/es\/wp-json\/wp\/v2\/comments?post=23497"}],"version-history":[{"count":13,"href":"https:\/\/www.senzani.com\/es\/wp-json\/wp\/v2\/pages\/23497\/revisions"}],"predecessor-version":[{"id":27363,"href":"https:\/\/www.senzani.com\/es\/wp-json\/wp\/v2\/pages\/23497\/revisions\/27363"}],"up":[{"embeddable":true,"href":"https:\/\/www.senzani.com\/es\/wp-json\/wp\/v2\/pages\/23437"}],"wp:attachment":[{"href":"https:\/\/www.senzani.com\/es\/wp-json\/wp\/v2\/media?parent=23497"}],"curies":[{"name":"wp","href":"https:\/\/api.w.org\/{rel}","templated":true}]}}