{"id":23471,"date":"2020-06-19T12:57:59","date_gmt":"2020-06-19T10:57:59","guid":{"rendered":"https:\/\/www.senzani.com\/soluciones\/estuchadora\/vcm\/"},"modified":"2024-10-04T17:09:33","modified_gmt":"2024-10-04T15:09:33","slug":"vcm","status":"publish","type":"page","link":"https:\/\/www.senzani.com\/es\/soluciones\/estuchadora\/vcm\/","title":{"rendered":"VCM"},"content":{"rendered":"<div class=\"wpb-content-wrapper\"><p>[vc_row padding_bottom_multiplier=\u00bb\u00bb][vc_column width=\u00bb1\/6&#8243;]<div class=\"grve-element grve-image grve-animated-item grve-duration-very-slow grve-fade-in grve-align-left\" style=\"\" data-delay=\"200\">  <div class=\"grve-image-wrapper\"><img loading=\"lazy\" decoding=\"async\" width=\"240\" height=\"293\" src=\"https:\/\/www.senzani.com\/wp-content\/uploads\/2020\/03\/cartoners.jpg\" class=\"attachment-full size-full\" alt=\"\" \/>   <\/div><\/div>[vc_column_text css=\u00bb.vc_custom_1680855698222{padding-bottom: 20px !important;}\u00bb animation=\u00bbgrve-fade-in\u00bb]<\/p>\n<h1 style=\"color: #3ba9dc; font-size: 30px;\">Estuchadoras<br \/>\nserie VCM<\/h1>\n<p><span style=\"color: #333333; font-size: 18px;\">Estuchadora vertical continua\u00a0<\/span>[\/vc_column_text][vc_column_text css=\u00bb.vc_custom_1680855709493{padding-top: 30px !important;padding-bottom: 8px !important;}\u00bb]<\/p>\n<div style=\"line-height: 18px; font-weight: 400;\">Disponible con<\/div>\n<p>[\/vc_column_text][vc_single_image image=\u00bb21742&#8243; img_size=\u00bb120&#215;80&#8243; onclick=\u00bbcustom_link\u00bb link=\u00bbhttps:\/\/www.senzani.com\/es\/asistencia-de-remoto-smart\/\u00bb][\/vc_column][vc_column width=\u00bb5\/6&#8243;]<div class=\"grve-element grve-box grve-align-center grve-animated-item grve-zoom-in grve-duration-normal\" style=\"\" data-delay=\"200\"><figure class=\"grve-image-hover grve-zoom-in\">\t<div class=\"grve-media\">\t\t<div class=\"grve-bg-light grve-hover-overlay grve-opacity-0\"><\/div><img loading=\"lazy\" decoding=\"async\" width=\"1200\" height=\"640\" src=\"https:\/\/www.senzani.com\/wp-content\/uploads\/2020\/05\/VCM.jpg\" class=\"attachment-full size-full\" alt=\"\" srcset=\"https:\/\/www.senzani.com\/wp-content\/uploads\/2020\/05\/VCM.jpg 1200w, https:\/\/www.senzani.com\/wp-content\/uploads\/2020\/05\/VCM-300x160.jpg 300w, https:\/\/www.senzani.com\/wp-content\/uploads\/2020\/05\/VCM-1024x546.jpg 1024w, https:\/\/www.senzani.com\/wp-content\/uploads\/2020\/05\/VCM-768x410.jpg 768w\" sizes=\"auto, (max-width: 1200px) 100vw, 1200px\" \/>\t<\/div><\/figure>  <div class=\"grve-box-content\">    <p><\/p>  <\/div><\/div>[\/vc_column][\/vc_row][vc_row padding_top_multiplier=\u00bb\u00bb columns_gap=\u00bb50&#8243;][vc_column]<div class=\"grve-element grve-align-center grve-animated-item grve-fade-in-up grve-duration-slow\" data-delay=\"200\"><a href=\"https:\/\/www.youtube.com\/watch?v=Vq5JwXPizW0\" title=\"VCM\" target=\"_blank\" rel=\"noopener noreferrer\" class=\"grve-btn grve-btn-large grve-round grve-bg-primary-5 grve-bg-hover-primary-1\"><span>VEA LA VCM4 EN FUNCIONAMIENTO<\/span><\/a><\/div>[\/vc_column][\/vc_row][vc_row padding_top_multiplier=\u00bb\u00bb columns_gap=\u00bb50&#8243;][vc_column width=\u00bb1\/2&#8243;][vc_column_text animation=\u00bbgrve-fade-in-down\u00bb animation_duration=\u00bbslow\u00bb]La gama de estuchadoras Senzani\u00a0<strong>VCM<\/strong> representa la soluci\u00f3n ideal para aquellos clientes que quieren conjugar unas exigencias productivas de velocidad baja o media con tecnolog\u00eda punta.<\/p>\n<p>La serie VCM Senzani se adapta a la perfecci\u00f3n a las necesidades t\u00edpicas del mundo de los subcontratistas: <strong>car\u00e1cter polivalente, flexibilidad, dimensiones compactas y facilidad de uso<\/strong>. Se minimizan los tiempos de cambio de formato, gracias al uso de tecnolog\u00eda tool-free y a la adopci\u00f3n de t\u00e9cnicas modernas para facilitar los ajustes. Existe disponible un tutorial espec\u00edfico para guiar al operador paso a paso en todas las fases, con el fin de evitar errores y agilizar el proceso.[\/vc_column_text][\/vc_column][vc_column width=\u00bb1\/2&#8243;][vc_column_text animation=\u00bbgrve-fade-in-down\u00bb animation_duration=\u00bbslow\u00bb]Todos los componentes han sido dise\u00f1ados y seleccionados para asegurar la <strong>m\u00e1xima fiabilidad<\/strong> durante el ciclo de vida de la m\u00e1quina y garantizar la <strong>total adaptabilidad a caracter\u00edsticas de formato que pueden variar en el tiempo<\/strong>, con el fin de hacer frente a la continua evoluci\u00f3n determinada por los requisitos de normas, de marketing y de producto.<\/p>\n<p>La calidad absoluta y la perfecta cuadratura de los estuches se garantizan mediante la adopci\u00f3n de normas muy estrictas de fabricaci\u00f3n y la minuciosidad en la puesta a punto de todos los elementos en las fases de prueba y de arranque de la producci\u00f3n con el cliente.[\/vc_column_text][\/vc_column][\/vc_row][vc_row padding_top_multiplier=\u00bb\u00bb padding_bottom_multiplier=\u00bb\u00bb][vc_column][vc_single_image image=\u00bb21073&#8243; img_size=\u00bbfull\u00bb][\/vc_column][\/vc_row][vc_row padding_top_multiplier=\u00bb\u00bb padding_bottom_multiplier=\u00bb3x\u00bb columns_gap=\u00bb50&#8243;][vc_column width=\u00bb1\/2&#8243;][vc_column_text animation=\u00bbgrve-fade-in-down\u00bb animation_duration=\u00bbslow\u00bb]Las versiones alargadas permiten disponer en una misma m\u00e1quina de m\u00faltiples sistemas de alimentaci\u00f3n de producto, dispositivos de inserci\u00f3n de aparatos o similares, marcadores, lectores de c\u00f3digo de barras y mucho m\u00e1s, con una gesti\u00f3n totalmente integrada.[\/vc_column_text][vc_single_image image=\u00bb19534&#8243; img_size=\u00bbfull\u00bb][\/vc_column][vc_column width=\u00bb1\/2&#8243;][vc_column_text animation=\u00bbgrve-fade-in-down\u00bb animation_duration=\u00bbslow\u00bb]Con vistas a reducir los descartes, la experiencia Senzani pone a disposici\u00f3n varias <strong>funcionalidades inteligentes de gesti\u00f3n del producto y de los estuches<\/strong> en las distintas fases de llenado y de cierre, con un impacto positivo en la rentabilidad de la inversi\u00f3n. En caso de ausencia de producto en la alimentaci\u00f3n, la funci\u00f3n \u00abno product\/no carton\u00bb de Senzani se encarga de que los estuches correspondientes no sean recogidos, evitando el derroche y la detenci\u00f3n de la cola. Adem\u00e1s, en caso de detenci\u00f3n de la m\u00e1quina, las estaciones de cierre, solapas inferior y superior, terminan las operaciones para garantizar el agarre de la cola, evitando as\u00ed el derroche de producto y de materiales de consumo.<\/p>\n<p>Durante la fase de dise\u00f1o, se presta la m\u00e1xima atenci\u00f3n a la b\u00fasqueda de soluciones modernas e innovadoras en los \u00e1mbitos del ahorro energ\u00e9tico, la mitigaci\u00f3n del deterioro y la utilizaci\u00f3n de componentes totalmente libres de defectos.<br \/>\nT\u00e9cnicos especializados ensamblan y prueban de manera exhaustiva todas las m\u00e1quinas antes de su entrega, reduciendo as\u00ed de forma considerable los tiempos de instalaci\u00f3n.[\/vc_column_text][\/vc_column][\/vc_row][vc_row padding_top_multiplier=\u00bb\u00bb columns_gap=\u00bb50&#8243;][vc_column][vc_custom_heading text=\u00bbEstuchadoras serie VCM modelos\u00bb font_container=\u00bbtag:h2|text_align:center\u00bb google_fonts=\u00bbfont_family:Montserrat%3Aregular%2C700|font_style:400%20regular%3A400%3Anormal\u00bb css_animation=\u00bbright-to-left\u00bb][vc_column_text]<\/p>\n<table border=\"1\">\n<tbody>\n<tr>\n<td>mod.<\/td>\n<td align=\"center\">velocidad max. cpm<\/td>\n<td>medidas estuches min<\/td>\n<td>medidas estuches max<\/td>\n<td>nr. tolvas<\/td>\n<td>nr. alveolos<\/td>\n<\/tr>\n<tr>\n<td>VCM3<\/td>\n<td align=\"center\">75<\/td>\n<td>60x30x140<\/td>\n<td>290x105x370<\/td>\n<td>3<\/td>\n<td>15<\/td>\n<\/tr>\n<tr>\n<td>VCM4<\/td>\n<td align=\"center\">100<\/td>\n<td>60x30x140<\/td>\n<td>220x80x330<\/td>\n<td>4<\/td>\n<td>20<\/td>\n<\/tr>\n<tr>\n<td>VCM5<\/td>\n<td align=\"center\">125<\/td>\n<td>60x30x140<\/td>\n<td>180x80x330<\/td>\n<td>5<\/td>\n<td>25<\/td>\n<\/tr>\n<tr>\n<td>VCM6<\/td>\n<td align=\"center\">150<\/td>\n<td>60x30x140<\/td>\n<td>220x105x370<\/td>\n<td>6<\/td>\n<td>21<\/td>\n<\/tr>\n<\/tbody>\n<\/table>\n<p>[\/vc_column_text][\/vc_column][\/vc_row][vc_row padding_top_multiplier=\u00bb\u00bb columns_gap=\u00bb50&#8243;][vc_column width=\u00bb1\/2&#8243;][vc_single_image image=\u00bb19532&#8243; img_size=\u00bbfull\u00bb][\/vc_column][vc_column width=\u00bb1\/2&#8243;][vc_column_text css=\u00bb.vc_custom_1680856435733{padding-bottom: 20px !important;}\u00bb animation=\u00bbgrve-fade-in-up\u00bb animation_duration=\u00bbslow\u00bb]<\/p>\n<h4><b>Caracter\u00edsticas:<\/b><\/h4>\n<ul>\n<li>Velocidad de hasta 150 cpm en movimiento continuo;<\/li>\n<li>tecnolog\u00eda tool-free para los ajustes, <strong>sin necesidad de utilizar herramientas<\/strong>;<\/li>\n<li>alv\u00e9olos y embudos de <strong>r\u00e1pido desacople<\/strong> y tecnolog\u00eda tool-free;<\/li>\n<li>alv\u00e9olos monobloque de aluminio anticorrosivo 6082\u201d UNI9006\/4 para el <strong>perfecto mantenimiento de los estuches<\/strong>;<\/li>\n<li>partes en contacto con el producto fabricadas en acero inoxidable;<\/li>\n<li>embudos con revestimiento de Bancollan para productos fr\u00e1giles;<\/li>\n<li>control positivo de los estuches en fase de recogida\/formado;<\/li>\n<li>alimentaci\u00f3n de producto con dosificador volum\u00e9trico, de peso, de c\u00f3clea o de contador;<\/li>\n<li>m\u00e1xima amplitud en el rango de formatos disponibles;<\/li>\n<li>almac\u00e9n de estuches: ergon\u00f3mico; alerta de nivel m\u00ednimo; ajuste de plano de apoyo de los estuches manual o motorizado y programable desde el panel en funci\u00f3n de los formatos;<\/li>\n<li>velocidad de alimentaci\u00f3n de estuches autom\u00e1tica en funci\u00f3n de la velocidad de la l\u00ednea;<\/li>\n<li>adaptabilidad a todas las formas de estuche y a todas las secuencias de cierre;<\/li>\n<li><strong>garant\u00eda de estabilidad<\/strong> contra el desbordamiento de producto;<\/li>\n<li>pantalla t\u00e1ctil a color de programaci\u00f3n sencilla e intuitiva;<\/li>\n<li>rechazo de productos no conformes con controlo autom\u00e1tico;<\/li>\n<li>certificaci\u00f3n alimentaria y versiones inoxidables completamente lavables y para productos corrosivos;<\/li>\n<li><strong>consumo energ\u00e9tico limitado<\/strong>;<\/li>\n<li>bomba de vac\u00edo el\u00e9ctrica (no Venturi) para sencillez de mantenimiento, consumo reducido y altas prestaciones;<\/li>\n<li>disponibilidad de todas las plataformas de PLC (Siemens; Allen Bradley; Schneider);<\/li>\n<li>funcionalidad \u00abno product\/no carton\u00bb y cierre en parado (opcional).<\/li>\n<\/ul>\n<p>[\/vc_column_text][\/vc_column][\/vc_row]<\/p>\n<\/div>","protected":false},"excerpt":{"rendered":"<p>[vc_row padding_bottom_multiplier=\u00bb\u00bb][vc_column width=\u00bb1\/6&#8243;][vc_column_text css=\u00bb.vc_custom_1680855698222{padding-bottom: 20px !important;}\u00bb animation=\u00bbgrve-fade-in\u00bb] Estuchadoras serie VCM Estuchadora vertical continua\u00a0[\/vc_column_text][vc_column_text css=\u00bb.vc_custom_1680855709493{padding-top: 30px !important;padding-bottom: 8px !important;}\u00bb] Disponible con [\/vc_column_text][vc_single_image image=\u00bb21742&#8243; img_size=\u00bb120&#215;80&#8243; onclick=\u00bbcustom_link\u00bb link=\u00bbhttps:\/\/www.senzani.com\/es\/asistencia-de-remoto-smart\/\u00bb][\/vc_column][vc_column width=\u00bb5\/6&#8243;][\/vc_column][\/vc_row][vc_row padding_top_multiplier=\u00bb\u00bb columns_gap=\u00bb50&#8243;][vc_column][\/vc_column][\/vc_row][vc_row padding_top_multiplier=\u00bb\u00bb columns_gap=\u00bb50&#8243;][vc_column width=\u00bb1\/2&#8243;][vc_column_text animation=\u00bbgrve-fade-in-down\u00bb animation_duration=\u00bbslow\u00bb]La gama de estuchadoras Senzani\u00a0VCM representa la soluci\u00f3n ideal para aquellos clientes que quieren conjugar unas exigencias productivas de velocidad baja o media [&hellip;]<\/p>\n","protected":false},"author":2,"featured_media":0,"parent":23437,"menu_order":0,"comment_status":"closed","ping_status":"open","template":"","meta":{"_acf_changed":false,"content-type":"","footnotes":""},"class_list":["post-23471","page","type-page","status-publish","hentry"],"acf":[],"yoast_head":"<!-- This site is optimized with the Yoast SEO plugin v27.4 - https:\/\/yoast.com\/product\/yoast-seo-wordpress\/ -->\n<title>Estuchadora vertical continua | Senzani Brevetti<\/title>\n<meta name=\"description\" content=\"Los tiempos de cambio se reducen al m\u00ednimo, gracias al uso de tecnolog\u00eda \u201ctool-free\u201d y al uso de t\u00e9cnicas modernas.\" \/>\n<meta name=\"robots\" content=\"index, follow, max-snippet:-1, max-image-preview:large, max-video-preview:-1\" \/>\n<link rel=\"canonical\" href=\"https:\/\/www.senzani.com\/es\/soluciones\/estuchadora\/vcm\/\" \/>\n<meta property=\"og:locale\" content=\"es_ES\" \/>\n<meta property=\"og:type\" content=\"article\" \/>\n<meta property=\"og:title\" content=\"Estuchadora vertical continua | Senzani Brevetti\" \/>\n<meta property=\"og:description\" content=\"Los tiempos de cambio se reducen al m\u00ednimo, gracias al uso de tecnolog\u00eda \u201ctool-free\u201d y al uso de t\u00e9cnicas modernas.\" \/>\n<meta property=\"og:url\" content=\"https:\/\/www.senzani.com\/es\/soluciones\/estuchadora\/vcm\/\" \/>\n<meta property=\"og:site_name\" content=\"Senzani Brevetti S.p.A.\" \/>\n<meta property=\"article:modified_time\" content=\"2024-10-04T15:09:33+00:00\" \/>\n<meta name=\"twitter:card\" content=\"summary_large_image\" \/>\n<meta name=\"twitter:label1\" content=\"Tiempo de lectura\" \/>\n\t<meta name=\"twitter:data1\" content=\"5 minutos\" \/>\n<script type=\"application\/ld+json\" class=\"yoast-schema-graph\">{\"@context\":\"https:\\\/\\\/schema.org\",\"@graph\":[{\"@type\":\"WebPage\",\"@id\":\"https:\\\/\\\/www.senzani.com\\\/es\\\/soluciones\\\/estuchadora\\\/vcm\\\/\",\"url\":\"https:\\\/\\\/www.senzani.com\\\/es\\\/soluciones\\\/estuchadora\\\/vcm\\\/\",\"name\":\"Estuchadora vertical continua | Senzani Brevetti\",\"isPartOf\":{\"@id\":\"https:\\\/\\\/www.senzani.com\\\/es\\\/#website\"},\"datePublished\":\"2020-06-19T10:57:59+00:00\",\"dateModified\":\"2024-10-04T15:09:33+00:00\",\"description\":\"Los tiempos de cambio se reducen al m\u00ednimo, gracias al uso de tecnolog\u00eda \u201ctool-free\u201d y al uso de t\u00e9cnicas modernas.\",\"breadcrumb\":{\"@id\":\"https:\\\/\\\/www.senzani.com\\\/es\\\/soluciones\\\/estuchadora\\\/vcm\\\/#breadcrumb\"},\"inLanguage\":\"es\",\"potentialAction\":[{\"@type\":\"ReadAction\",\"target\":[\"https:\\\/\\\/www.senzani.com\\\/es\\\/soluciones\\\/estuchadora\\\/vcm\\\/\"]}]},{\"@type\":\"BreadcrumbList\",\"@id\":\"https:\\\/\\\/www.senzani.com\\\/es\\\/soluciones\\\/estuchadora\\\/vcm\\\/#breadcrumb\",\"itemListElement\":[{\"@type\":\"ListItem\",\"position\":1,\"name\":\"Home\",\"item\":\"https:\\\/\\\/www.senzani.com\\\/es\\\/\"},{\"@type\":\"ListItem\",\"position\":2,\"name\":\"Soluciones\",\"item\":\"https:\\\/\\\/www.senzani.com\\\/es\\\/soluciones\\\/\"},{\"@type\":\"ListItem\",\"position\":3,\"name\":\"Cartoners\",\"item\":\"https:\\\/\\\/www.senzani.com\\\/es\\\/soluciones\\\/estuchadora\\\/\"},{\"@type\":\"ListItem\",\"position\":4,\"name\":\"VCM\"}]},{\"@type\":\"WebSite\",\"@id\":\"https:\\\/\\\/www.senzani.com\\\/es\\\/#website\",\"url\":\"https:\\\/\\\/www.senzani.com\\\/es\\\/\",\"name\":\"Senzani Brevetti S.p.A.\",\"description\":\"Leader nel settore delle macchine per imballaggi\",\"publisher\":{\"@id\":\"https:\\\/\\\/www.senzani.com\\\/es\\\/#organization\"},\"potentialAction\":[{\"@type\":\"SearchAction\",\"target\":{\"@type\":\"EntryPoint\",\"urlTemplate\":\"https:\\\/\\\/www.senzani.com\\\/es\\\/?s={search_term_string}\"},\"query-input\":{\"@type\":\"PropertyValueSpecification\",\"valueRequired\":true,\"valueName\":\"search_term_string\"}}],\"inLanguage\":\"es\"},{\"@type\":\"Organization\",\"@id\":\"https:\\\/\\\/www.senzani.com\\\/es\\\/#organization\",\"name\":\"Senzani Brevetti\",\"url\":\"https:\\\/\\\/www.senzani.com\\\/es\\\/\",\"logo\":{\"@type\":\"ImageObject\",\"inLanguage\":\"es\",\"@id\":\"https:\\\/\\\/www.senzani.com\\\/es\\\/#\\\/schema\\\/logo\\\/image\\\/\",\"url\":\"https:\\\/\\\/www.senzani.com\\\/wp-content\\\/uploads\\\/2020\\\/03\\\/logo-senzani.png\",\"contentUrl\":\"https:\\\/\\\/www.senzani.com\\\/wp-content\\\/uploads\\\/2020\\\/03\\\/logo-senzani.png\",\"width\":259,\"height\":71,\"caption\":\"Senzani Brevetti\"},\"image\":{\"@id\":\"https:\\\/\\\/www.senzani.com\\\/es\\\/#\\\/schema\\\/logo\\\/image\\\/\"}}]}<\/script>\n<!-- \/ Yoast SEO plugin. -->","yoast_head_json":{"title":"Estuchadora vertical continua | Senzani Brevetti","description":"Los tiempos de cambio se reducen al m\u00ednimo, gracias al uso de tecnolog\u00eda \u201ctool-free\u201d y al uso de t\u00e9cnicas modernas.","robots":{"index":"index","follow":"follow","max-snippet":"max-snippet:-1","max-image-preview":"max-image-preview:large","max-video-preview":"max-video-preview:-1"},"canonical":"https:\/\/www.senzani.com\/es\/soluciones\/estuchadora\/vcm\/","og_locale":"es_ES","og_type":"article","og_title":"Estuchadora vertical continua | Senzani Brevetti","og_description":"Los tiempos de cambio se reducen al m\u00ednimo, gracias al uso de tecnolog\u00eda \u201ctool-free\u201d y al uso de t\u00e9cnicas modernas.","og_url":"https:\/\/www.senzani.com\/es\/soluciones\/estuchadora\/vcm\/","og_site_name":"Senzani Brevetti S.p.A.","article_modified_time":"2024-10-04T15:09:33+00:00","twitter_card":"summary_large_image","twitter_misc":{"Tiempo de lectura":"5 minutos"},"schema":{"@context":"https:\/\/schema.org","@graph":[{"@type":"WebPage","@id":"https:\/\/www.senzani.com\/es\/soluciones\/estuchadora\/vcm\/","url":"https:\/\/www.senzani.com\/es\/soluciones\/estuchadora\/vcm\/","name":"Estuchadora vertical continua | Senzani Brevetti","isPartOf":{"@id":"https:\/\/www.senzani.com\/es\/#website"},"datePublished":"2020-06-19T10:57:59+00:00","dateModified":"2024-10-04T15:09:33+00:00","description":"Los tiempos de cambio se reducen al m\u00ednimo, gracias al uso de tecnolog\u00eda \u201ctool-free\u201d y al uso de t\u00e9cnicas modernas.","breadcrumb":{"@id":"https:\/\/www.senzani.com\/es\/soluciones\/estuchadora\/vcm\/#breadcrumb"},"inLanguage":"es","potentialAction":[{"@type":"ReadAction","target":["https:\/\/www.senzani.com\/es\/soluciones\/estuchadora\/vcm\/"]}]},{"@type":"BreadcrumbList","@id":"https:\/\/www.senzani.com\/es\/soluciones\/estuchadora\/vcm\/#breadcrumb","itemListElement":[{"@type":"ListItem","position":1,"name":"Home","item":"https:\/\/www.senzani.com\/es\/"},{"@type":"ListItem","position":2,"name":"Soluciones","item":"https:\/\/www.senzani.com\/es\/soluciones\/"},{"@type":"ListItem","position":3,"name":"Cartoners","item":"https:\/\/www.senzani.com\/es\/soluciones\/estuchadora\/"},{"@type":"ListItem","position":4,"name":"VCM"}]},{"@type":"WebSite","@id":"https:\/\/www.senzani.com\/es\/#website","url":"https:\/\/www.senzani.com\/es\/","name":"Senzani Brevetti S.p.A.","description":"Leader nel settore delle macchine per imballaggi","publisher":{"@id":"https:\/\/www.senzani.com\/es\/#organization"},"potentialAction":[{"@type":"SearchAction","target":{"@type":"EntryPoint","urlTemplate":"https:\/\/www.senzani.com\/es\/?s={search_term_string}"},"query-input":{"@type":"PropertyValueSpecification","valueRequired":true,"valueName":"search_term_string"}}],"inLanguage":"es"},{"@type":"Organization","@id":"https:\/\/www.senzani.com\/es\/#organization","name":"Senzani Brevetti","url":"https:\/\/www.senzani.com\/es\/","logo":{"@type":"ImageObject","inLanguage":"es","@id":"https:\/\/www.senzani.com\/es\/#\/schema\/logo\/image\/","url":"https:\/\/www.senzani.com\/wp-content\/uploads\/2020\/03\/logo-senzani.png","contentUrl":"https:\/\/www.senzani.com\/wp-content\/uploads\/2020\/03\/logo-senzani.png","width":259,"height":71,"caption":"Senzani Brevetti"},"image":{"@id":"https:\/\/www.senzani.com\/es\/#\/schema\/logo\/image\/"}}]}},"_links":{"self":[{"href":"https:\/\/www.senzani.com\/es\/wp-json\/wp\/v2\/pages\/23471","targetHints":{"allow":["GET"]}}],"collection":[{"href":"https:\/\/www.senzani.com\/es\/wp-json\/wp\/v2\/pages"}],"about":[{"href":"https:\/\/www.senzani.com\/es\/wp-json\/wp\/v2\/types\/page"}],"author":[{"embeddable":true,"href":"https:\/\/www.senzani.com\/es\/wp-json\/wp\/v2\/users\/2"}],"replies":[{"embeddable":true,"href":"https:\/\/www.senzani.com\/es\/wp-json\/wp\/v2\/comments?post=23471"}],"version-history":[{"count":7,"href":"https:\/\/www.senzani.com\/es\/wp-json\/wp\/v2\/pages\/23471\/revisions"}],"predecessor-version":[{"id":27206,"href":"https:\/\/www.senzani.com\/es\/wp-json\/wp\/v2\/pages\/23471\/revisions\/27206"}],"up":[{"embeddable":true,"href":"https:\/\/www.senzani.com\/es\/wp-json\/wp\/v2\/pages\/23437"}],"wp:attachment":[{"href":"https:\/\/www.senzani.com\/es\/wp-json\/wp\/v2\/media?parent=23471"}],"curies":[{"name":"wp","href":"https:\/\/api.w.org\/{rel}","templated":true}]}}