{"id":23463,"date":"2020-06-19T15:42:21","date_gmt":"2020-06-19T13:42:21","guid":{"rendered":"https:\/\/www.senzani.com\/soluciones\/estuchadora\/tlcm\/"},"modified":"2024-10-04T17:25:18","modified_gmt":"2024-10-04T15:25:18","slug":"tlcm","status":"publish","type":"page","link":"https:\/\/www.senzani.com\/es\/soluciones\/estuchadora\/tlcm\/","title":{"rendered":"TLCM"},"content":{"rendered":"<div class=\"wpb-content-wrapper\"><p>[vc_row padding_bottom_multiplier=\u00bb\u00bb][vc_column width=\u00bb1\/6&#8243;]<div class=\"grve-element grve-image grve-animated-item grve-duration-very-slow grve-fade-in grve-align-left\" style=\"\" data-delay=\"200\">  <div class=\"grve-image-wrapper\"><img loading=\"lazy\" decoding=\"async\" width=\"240\" height=\"293\" src=\"https:\/\/www.senzani.com\/wp-content\/uploads\/2020\/03\/cartoners.jpg\" class=\"attachment-full size-full\" alt=\"\" \/>   <\/div><\/div>[vc_column_text css=\u00bb.vc_custom_1711641602600{padding-bottom: 20px !important;}\u00bb animation=\u00bbgrve-fade-in\u00bb]<\/p>\n<h1 style=\"color: #3ba9dc; font-size: 30px;\">Estuchadoras<br \/>\nserie TLCM<\/h1>\n<p><span style=\"color: #333333; font-size: 18px;\">Estuchadoras top-load de troquel abierto\u00a0<\/span>[\/vc_column_text][vc_column_text css=\u00bb.vc_custom_1680796152655{padding-top: 30px !important;padding-bottom: 8px !important;}\u00bb]<\/p>\n<div style=\"line-height: 18px; font-weight: 400;\">Disponible con<\/div>\n<p>[\/vc_column_text][vc_single_image image=\u00bb21742&#8243; img_size=\u00bb120&#215;80&#8243; onclick=\u00bbcustom_link\u00bb link=\u00bbhttps:\/\/www.senzani.com\/es\/asistencia-de-remoto-smart\/\u00bb][\/vc_column][vc_column width=\u00bb5\/6&#8243;]<div class=\"grve-element grve-box grve-align-center grve-animated-item grve-zoom-in grve-duration-normal\" style=\"\" data-delay=\"200\"><figure class=\"grve-image-hover grve-zoom-in\">\t<div class=\"grve-media\">\t\t<div class=\"grve-bg-light grve-hover-overlay grve-opacity-0\"><\/div><img loading=\"lazy\" decoding=\"async\" width=\"1200\" height=\"714\" src=\"https:\/\/www.senzani.com\/wp-content\/uploads\/2020\/07\/TLCM2.jpg\" class=\"attachment-full size-full\" alt=\"\" srcset=\"https:\/\/www.senzani.com\/wp-content\/uploads\/2020\/07\/TLCM2.jpg 1200w, https:\/\/www.senzani.com\/wp-content\/uploads\/2020\/07\/TLCM2-300x179.jpg 300w, https:\/\/www.senzani.com\/wp-content\/uploads\/2020\/07\/TLCM2-1024x609.jpg 1024w, https:\/\/www.senzani.com\/wp-content\/uploads\/2020\/07\/TLCM2-768x457.jpg 768w\" sizes=\"auto, (max-width: 1200px) 100vw, 1200px\" \/>\t<\/div><\/figure>  <div class=\"grve-box-content\">    <p><\/p>  <\/div><\/div>[\/vc_column][\/vc_row][vc_row padding_top_multiplier=\u00bb\u00bb columns_gap=\u00bb50&#8243;][vc_column]<div class=\"grve-element grve-align-center grve-animated-item grve-fade-in-up grve-duration-slow\" data-delay=\"200\"><a href=\"https:\/\/www.youtube.com\/watch?v=hiJmt5Tq0W8\" title=\"VCM\" target=\"_blank\" rel=\"noopener noreferrer\" class=\"grve-btn grve-btn-large grve-round grve-bg-primary-5 grve-bg-hover-primary-1\"><span>VEA LA TLCM30 EN FUNCIONAMIENTO<\/span><\/a><\/div>[\/vc_column][\/vc_row][vc_row padding_top_multiplier=\u00bb\u00bb columns_gap=\u00bb50&#8243;][vc_column width=\u00bb1\/2&#8243;][vc_column_text animation=\u00bbgrve-fade-in-down\u00bb animation_duration=\u00bbslow\u00bb]La gama de estuchadoras <strong>TLCM<\/strong> representa la soluci\u00f3n<strong> top-load<\/strong> Senzani para el <strong>llenado ordenado de productos en estuches a partir de troquel plano<\/strong>.<br \/>\nSu dise\u00f1o se basa principalmente en caracter\u00edsticas de flexibilidad, solidez y fiabilidad que, combinadas con el uso de las tecnolog\u00edas m\u00e1s modernas y avanzadas, las sit\u00faan entre las m\u00e1quinas de mayor rendimiento y m\u00e1s vanguardistas del sector.<\/p>\n<p>Gracias a su <strong>modularidad<\/strong>, las estuchadoras TLCM se adaptan bien a los <strong>distintos tipos de productos ya envasados<\/strong>, como c\u00e1psulas de caf\u00e9, doypacks\/pouches, flowpacks y tubos, y a las distintas configuraciones dentro de los estuches.[\/vc_column_text][\/vc_column][vc_column width=\u00bb1\/2&#8243;][vc_column_text animation=\u00bbgrve-fade-in-down\u00bb animation_duration=\u00bbslow\u00bb]Para velocidades altas, la especialidad de Senzani, el dise\u00f1o prev\u00e9 <strong>estaciones m\u00faltiples de transferencia y llenado de producto y de formaci\u00f3n y cierre de los estuches<\/strong>, adaptables en funci\u00f3n del tipo de producto y de su configuraci\u00f3n dentro de las unidades individuales. Los movimientos de todos los dispositivos son simult\u00e1neos, con una sincronizaci\u00f3n <strong>perfecta y una gesti\u00f3n totalmente integrada y sencilla desde el panel del operador<\/strong>. Pese a la variedad de soluciones propuestas para adaptarse perfectamente a las distintas aplicaciones, existe un denominador com\u00fan: el sumo cuidado y atenci\u00f3n en el tratamiento del producto y de los envases con el fin de garantizar su total integridad y conformidad.[\/vc_column_text][\/vc_column][\/vc_row][vc_row padding_top_multiplier=\u00bb\u00bb padding_bottom_multiplier=\u00bb\u00bb][vc_column][vc_single_image image=\u00bb19828&#8243; img_size=\u00bbfull\u00bb][\/vc_column][\/vc_row][vc_row padding_top_multiplier=\u00bb\u00bb padding_bottom_multiplier=\u00bb3x\u00bb columns_gap=\u00bb50&#8243;][vc_column width=\u00bb1\/2&#8243;][vc_column_text animation=\u00bbgrve-fade-in-down\u00bb animation_duration=\u00bbslow\u00bb]<strong>Rapidez y facilidad de cambio de formato, amplias protecciones de LEXAN para otorgar una m\u00e1xima visibilidad y un acceso m\u00e1s f\u00e1cil a todos los elementos, dimensiones compactas, dise\u00f1o cautivador y atenci\u00f3n a la ergonom\u00eda<\/strong> en todos los puntos de intervenci\u00f3n humana: todas ellas representan caracter\u00edsticas indispensables en la maquinaria de nueva generaci\u00f3n, y la serie TLCM satisface con creces todos estos requisitos.<\/p>\n<p>Todos los componentes han sido dise\u00f1ados y seleccionados para asegurar la <strong>m\u00e1xima fiabilidad<\/strong> durante el ciclo de vida de la m\u00e1quina y garantizar la <strong>total adaptabilidad a caracter\u00edsticas de formato<\/strong> que pueden variar en el tiempo, con el fin de hacer frente a la continua evoluci\u00f3n determinada por los requisitos de normas, de marketing y de producto.<\/p>\n<p>Durante la fase de dise\u00f1o, se presta la m\u00e1xima atenci\u00f3n a la b\u00fasqueda de soluciones modernas e innovadoras en los \u00e1mbitos del ahorro energ\u00e9tico, la mitigaci\u00f3n del deterioro y la utilizaci\u00f3n de componentes totalmente libres de defectos.<\/p>\n<p>T\u00e9cnicos especializados ensamblan y prueban de manera exhaustiva todas las m\u00e1quinas antes de su entrega, reduciendo as\u00ed de forma considerable los tiempos de instalaci\u00f3n.[\/vc_column_text][\/vc_column][vc_column width=\u00bb1\/2&#8243;][vc_custom_heading text=\u00bbEstuchadoras serie TLCM<br \/>\nmodelos\u00bb font_container=\u00bbtag:h2|text_align:center\u00bb use_theme_fonts=\u00bbyes\u00bb][vc_column_text]<\/p>\n<table border=\"1\">\n<tbody>\n<tr>\n<td>mod.<\/td>\n<td align=\"center\">velocidad entrada max.<\/td>\n<td>velocidad salida max.<\/td>\n<td>Medidas estuches max.<\/td>\n<\/tr>\n<tr>\n<td>TLCM20<\/td>\n<td align=\"center\">200<\/td>\n<td>20<\/td>\n<td>280x480x300<\/td>\n<\/tr>\n<tr>\n<td>TLCM30<\/td>\n<td align=\"center\">300<\/td>\n<td>30<\/td>\n<td>280x480x300<\/td>\n<\/tr>\n<tr>\n<td>TLCM40<\/td>\n<td align=\"center\">400<\/td>\n<td>40<\/td>\n<td>280x480x300<\/td>\n<\/tr>\n<tr>\n<td>TLCM60<\/td>\n<td align=\"center\">600<\/td>\n<td>60<\/td>\n<td>200x480x200<\/td>\n<\/tr>\n<\/tbody>\n<\/table>\n<p>[\/vc_column_text][\/vc_column][\/vc_row][vc_row][vc_column]<div class=\"grve-element grve-divider\" style=\"\"><div class=\"grve-line-divider grve-border\"><\/div><\/div>[\/vc_column][\/vc_row][vc_row padding_top_multiplier=\u00bb\u00bb columns_gap=\u00bb50&#8243;][vc_column width=\u00bb1\/2&#8243;][vc_column_text css=\u00bb.vc_custom_1680796735083{padding-bottom: 20px !important;}\u00bb animation=\u00bbgrve-fade-in-up\u00bb animation_duration=\u00bbslow\u00bb]<\/p>\n<h4><b>Caracter\u00edsticas:<\/b><\/h4>\n<ul class=\"ul1\">\n<li class=\"li1\">velocidad de alimentaci\u00f3n: hasta 600\/min (en funci\u00f3n del tipo y de las dimensiones del producto);<\/li>\n<li class=\"li1\">velocidad en salida: hasta 60 estuches\/min;<\/li>\n<li class=\"li1\">volumen recudido y gesti\u00f3n sencilla de la m\u00e1quina por un \u00fanico operador;<\/li>\n<li class=\"li1\">almac\u00e9n vertical, ergon\u00f3mico, adaptable a una amplia gama de formatos;<\/li>\n<li class=\"li1\">motores sin escobillas;<\/li>\n<li class=\"li1\">\u00a0llenado pick &amp; place mediante robot Delta, Scara Fanuc o ejes cartesianos;<\/li>\n<li class=\"li1\">tecnolog\u00eda tool-free, sin necesidad de utilizar herramientas externas para los ajustes y los cambios de formato;<\/li>\n<li class=\"li1\">versi\u00f3n con m\u00f3dulos de gesti\u00f3n de cartones intercaladores o alveolares;<\/li>\n<li class=\"li1\">dise\u00f1o robusto, componentes certificados, mantenimiento reducido;<\/li>\n<\/ul>\n<p>[\/vc_column_text][\/vc_column][vc_column width=\u00bb1\/2&#8243;][vc_column_text css=\u00bb.vc_custom_1680796782310{padding-bottom: 20px !important;}\u00bb animation=\u00bbgrve-fade-in-up\u00bb animation_duration=\u00bbslow\u00bb]<\/p>\n<h4><b>\u00a0\u00a0<\/b><\/h4>\n<ul class=\"ul1\">\n<li class=\"li1\">ingenier\u00eda de todos los elementos para garantizar al 100 % la conformidad del producto;<\/li>\n<li class=\"li1\">programaci\u00f3n sencilla e intuitiva;<\/li>\n<li class=\"li1\">rechazo de productos no conformes con control autom\u00e1tico;<\/li>\n<li class=\"li1\">integraci\u00f3n de sistema de visi\u00f3n;<\/li>\n<li class=\"li1\">lubricaci\u00f3n de los rodamientos de por vida, previa solicitud lubricaci\u00f3n centralizada;<\/li>\n<li class=\"li1\">consumo energ\u00e9tico limitado;<\/li>\n<li class=\"li1\">bomba de vac\u00edo el\u00e9ctrica (no Venturi) para sencillez de mantenimiento, consumo reducido y altas prestaciones;<\/li>\n<li class=\"li1\">disponibilidad de todas las plataformas de PLC (Siemens; Allen Bradley; Schneider).<\/li>\n<\/ul>\n<p>[\/vc_column_text][\/vc_column][\/vc_row]<\/p>\n<\/div>","protected":false},"excerpt":{"rendered":"<p>[vc_row padding_bottom_multiplier=\u00bb\u00bb][vc_column width=\u00bb1\/6&#8243;][vc_column_text css=\u00bb.vc_custom_1711641602600{padding-bottom: 20px !important;}\u00bb animation=\u00bbgrve-fade-in\u00bb] Estuchadoras serie TLCM Estuchadoras top-load de troquel abierto\u00a0[\/vc_column_text][vc_column_text css=\u00bb.vc_custom_1680796152655{padding-top: 30px !important;padding-bottom: 8px !important;}\u00bb] Disponible con [\/vc_column_text][vc_single_image image=\u00bb21742&#8243; img_size=\u00bb120&#215;80&#8243; onclick=\u00bbcustom_link\u00bb link=\u00bbhttps:\/\/www.senzani.com\/es\/asistencia-de-remoto-smart\/\u00bb][\/vc_column][vc_column width=\u00bb5\/6&#8243;][\/vc_column][\/vc_row][vc_row padding_top_multiplier=\u00bb\u00bb columns_gap=\u00bb50&#8243;][vc_column][\/vc_column][\/vc_row][vc_row padding_top_multiplier=\u00bb\u00bb columns_gap=\u00bb50&#8243;][vc_column width=\u00bb1\/2&#8243;][vc_column_text animation=\u00bbgrve-fade-in-down\u00bb animation_duration=\u00bbslow\u00bb]La gama de estuchadoras TLCM representa la soluci\u00f3n top-load Senzani para el llenado ordenado de productos en estuches a partir de [&hellip;]<\/p>\n","protected":false},"author":2,"featured_media":0,"parent":23437,"menu_order":0,"comment_status":"closed","ping_status":"open","template":"","meta":{"_acf_changed":false,"content-type":"","footnotes":""},"class_list":["post-23463","page","type-page","status-publish","hentry"],"acf":[],"yoast_head":"<!-- This site is optimized with the Yoast SEO plugin v27.4 - https:\/\/yoast.com\/product\/yoast-seo-wordpress\/ -->\n<title>Estuchadoras top-load de troquelado extendido | Senzani Brevetti<\/title>\n<meta name=\"description\" content=\"La gama de estuchadoras TLCM representa la soluci\u00f3n de Senzani para la carga superior para el llenado ordenado de productos en estuches.\" \/>\n<meta name=\"robots\" content=\"index, follow, max-snippet:-1, max-image-preview:large, max-video-preview:-1\" \/>\n<link rel=\"canonical\" href=\"https:\/\/www.senzani.com\/es\/soluciones\/estuchadora\/tlcm\/\" \/>\n<meta property=\"og:locale\" content=\"es_ES\" \/>\n<meta property=\"og:type\" content=\"article\" \/>\n<meta property=\"og:title\" content=\"Estuchadoras top-load de troquelado extendido | Senzani Brevetti\" \/>\n<meta property=\"og:description\" content=\"La gama de estuchadoras TLCM representa la soluci\u00f3n de Senzani para la carga superior para el llenado ordenado de productos en estuches.\" \/>\n<meta property=\"og:url\" content=\"https:\/\/www.senzani.com\/es\/soluciones\/estuchadora\/tlcm\/\" \/>\n<meta property=\"og:site_name\" content=\"Senzani Brevetti S.p.A.\" \/>\n<meta property=\"article:modified_time\" content=\"2024-10-04T15:25:18+00:00\" \/>\n<meta name=\"twitter:card\" content=\"summary_large_image\" \/>\n<meta name=\"twitter:label1\" content=\"Tiempo de lectura\" \/>\n\t<meta name=\"twitter:data1\" content=\"4 minutos\" \/>\n<script type=\"application\/ld+json\" class=\"yoast-schema-graph\">{\"@context\":\"https:\\\/\\\/schema.org\",\"@graph\":[{\"@type\":\"WebPage\",\"@id\":\"https:\\\/\\\/www.senzani.com\\\/es\\\/soluciones\\\/estuchadora\\\/tlcm\\\/\",\"url\":\"https:\\\/\\\/www.senzani.com\\\/es\\\/soluciones\\\/estuchadora\\\/tlcm\\\/\",\"name\":\"Estuchadoras top-load de troquelado extendido | Senzani Brevetti\",\"isPartOf\":{\"@id\":\"https:\\\/\\\/www.senzani.com\\\/es\\\/#website\"},\"datePublished\":\"2020-06-19T13:42:21+00:00\",\"dateModified\":\"2024-10-04T15:25:18+00:00\",\"description\":\"La gama de estuchadoras TLCM representa la soluci\u00f3n de Senzani para la carga superior para el llenado ordenado de productos en estuches.\",\"breadcrumb\":{\"@id\":\"https:\\\/\\\/www.senzani.com\\\/es\\\/soluciones\\\/estuchadora\\\/tlcm\\\/#breadcrumb\"},\"inLanguage\":\"es\",\"potentialAction\":[{\"@type\":\"ReadAction\",\"target\":[\"https:\\\/\\\/www.senzani.com\\\/es\\\/soluciones\\\/estuchadora\\\/tlcm\\\/\"]}]},{\"@type\":\"BreadcrumbList\",\"@id\":\"https:\\\/\\\/www.senzani.com\\\/es\\\/soluciones\\\/estuchadora\\\/tlcm\\\/#breadcrumb\",\"itemListElement\":[{\"@type\":\"ListItem\",\"position\":1,\"name\":\"Home\",\"item\":\"https:\\\/\\\/www.senzani.com\\\/es\\\/\"},{\"@type\":\"ListItem\",\"position\":2,\"name\":\"Soluciones\",\"item\":\"https:\\\/\\\/www.senzani.com\\\/es\\\/soluciones\\\/\"},{\"@type\":\"ListItem\",\"position\":3,\"name\":\"Cartoners\",\"item\":\"https:\\\/\\\/www.senzani.com\\\/es\\\/soluciones\\\/estuchadora\\\/\"},{\"@type\":\"ListItem\",\"position\":4,\"name\":\"TLCM\"}]},{\"@type\":\"WebSite\",\"@id\":\"https:\\\/\\\/www.senzani.com\\\/es\\\/#website\",\"url\":\"https:\\\/\\\/www.senzani.com\\\/es\\\/\",\"name\":\"Senzani Brevetti S.p.A.\",\"description\":\"Leader nel settore delle macchine per imballaggi\",\"publisher\":{\"@id\":\"https:\\\/\\\/www.senzani.com\\\/es\\\/#organization\"},\"potentialAction\":[{\"@type\":\"SearchAction\",\"target\":{\"@type\":\"EntryPoint\",\"urlTemplate\":\"https:\\\/\\\/www.senzani.com\\\/es\\\/?s={search_term_string}\"},\"query-input\":{\"@type\":\"PropertyValueSpecification\",\"valueRequired\":true,\"valueName\":\"search_term_string\"}}],\"inLanguage\":\"es\"},{\"@type\":\"Organization\",\"@id\":\"https:\\\/\\\/www.senzani.com\\\/es\\\/#organization\",\"name\":\"Senzani Brevetti\",\"url\":\"https:\\\/\\\/www.senzani.com\\\/es\\\/\",\"logo\":{\"@type\":\"ImageObject\",\"inLanguage\":\"es\",\"@id\":\"https:\\\/\\\/www.senzani.com\\\/es\\\/#\\\/schema\\\/logo\\\/image\\\/\",\"url\":\"https:\\\/\\\/www.senzani.com\\\/wp-content\\\/uploads\\\/2020\\\/03\\\/logo-senzani.png\",\"contentUrl\":\"https:\\\/\\\/www.senzani.com\\\/wp-content\\\/uploads\\\/2020\\\/03\\\/logo-senzani.png\",\"width\":259,\"height\":71,\"caption\":\"Senzani Brevetti\"},\"image\":{\"@id\":\"https:\\\/\\\/www.senzani.com\\\/es\\\/#\\\/schema\\\/logo\\\/image\\\/\"}}]}<\/script>\n<!-- \/ Yoast SEO plugin. -->","yoast_head_json":{"title":"Estuchadoras top-load de troquelado extendido | Senzani Brevetti","description":"La gama de estuchadoras TLCM representa la soluci\u00f3n de Senzani para la carga superior para el llenado ordenado de productos en estuches.","robots":{"index":"index","follow":"follow","max-snippet":"max-snippet:-1","max-image-preview":"max-image-preview:large","max-video-preview":"max-video-preview:-1"},"canonical":"https:\/\/www.senzani.com\/es\/soluciones\/estuchadora\/tlcm\/","og_locale":"es_ES","og_type":"article","og_title":"Estuchadoras top-load de troquelado extendido | Senzani Brevetti","og_description":"La gama de estuchadoras TLCM representa la soluci\u00f3n de Senzani para la carga superior para el llenado ordenado de productos en estuches.","og_url":"https:\/\/www.senzani.com\/es\/soluciones\/estuchadora\/tlcm\/","og_site_name":"Senzani Brevetti S.p.A.","article_modified_time":"2024-10-04T15:25:18+00:00","twitter_card":"summary_large_image","twitter_misc":{"Tiempo de lectura":"4 minutos"},"schema":{"@context":"https:\/\/schema.org","@graph":[{"@type":"WebPage","@id":"https:\/\/www.senzani.com\/es\/soluciones\/estuchadora\/tlcm\/","url":"https:\/\/www.senzani.com\/es\/soluciones\/estuchadora\/tlcm\/","name":"Estuchadoras top-load de troquelado extendido | Senzani Brevetti","isPartOf":{"@id":"https:\/\/www.senzani.com\/es\/#website"},"datePublished":"2020-06-19T13:42:21+00:00","dateModified":"2024-10-04T15:25:18+00:00","description":"La gama de estuchadoras TLCM representa la soluci\u00f3n de Senzani para la carga superior para el llenado ordenado de productos en estuches.","breadcrumb":{"@id":"https:\/\/www.senzani.com\/es\/soluciones\/estuchadora\/tlcm\/#breadcrumb"},"inLanguage":"es","potentialAction":[{"@type":"ReadAction","target":["https:\/\/www.senzani.com\/es\/soluciones\/estuchadora\/tlcm\/"]}]},{"@type":"BreadcrumbList","@id":"https:\/\/www.senzani.com\/es\/soluciones\/estuchadora\/tlcm\/#breadcrumb","itemListElement":[{"@type":"ListItem","position":1,"name":"Home","item":"https:\/\/www.senzani.com\/es\/"},{"@type":"ListItem","position":2,"name":"Soluciones","item":"https:\/\/www.senzani.com\/es\/soluciones\/"},{"@type":"ListItem","position":3,"name":"Cartoners","item":"https:\/\/www.senzani.com\/es\/soluciones\/estuchadora\/"},{"@type":"ListItem","position":4,"name":"TLCM"}]},{"@type":"WebSite","@id":"https:\/\/www.senzani.com\/es\/#website","url":"https:\/\/www.senzani.com\/es\/","name":"Senzani Brevetti S.p.A.","description":"Leader nel settore delle macchine per imballaggi","publisher":{"@id":"https:\/\/www.senzani.com\/es\/#organization"},"potentialAction":[{"@type":"SearchAction","target":{"@type":"EntryPoint","urlTemplate":"https:\/\/www.senzani.com\/es\/?s={search_term_string}"},"query-input":{"@type":"PropertyValueSpecification","valueRequired":true,"valueName":"search_term_string"}}],"inLanguage":"es"},{"@type":"Organization","@id":"https:\/\/www.senzani.com\/es\/#organization","name":"Senzani Brevetti","url":"https:\/\/www.senzani.com\/es\/","logo":{"@type":"ImageObject","inLanguage":"es","@id":"https:\/\/www.senzani.com\/es\/#\/schema\/logo\/image\/","url":"https:\/\/www.senzani.com\/wp-content\/uploads\/2020\/03\/logo-senzani.png","contentUrl":"https:\/\/www.senzani.com\/wp-content\/uploads\/2020\/03\/logo-senzani.png","width":259,"height":71,"caption":"Senzani Brevetti"},"image":{"@id":"https:\/\/www.senzani.com\/es\/#\/schema\/logo\/image\/"}}]}},"_links":{"self":[{"href":"https:\/\/www.senzani.com\/es\/wp-json\/wp\/v2\/pages\/23463","targetHints":{"allow":["GET"]}}],"collection":[{"href":"https:\/\/www.senzani.com\/es\/wp-json\/wp\/v2\/pages"}],"about":[{"href":"https:\/\/www.senzani.com\/es\/wp-json\/wp\/v2\/types\/page"}],"author":[{"embeddable":true,"href":"https:\/\/www.senzani.com\/es\/wp-json\/wp\/v2\/users\/2"}],"replies":[{"embeddable":true,"href":"https:\/\/www.senzani.com\/es\/wp-json\/wp\/v2\/comments?post=23463"}],"version-history":[{"count":10,"href":"https:\/\/www.senzani.com\/es\/wp-json\/wp\/v2\/pages\/23463\/revisions"}],"predecessor-version":[{"id":27210,"href":"https:\/\/www.senzani.com\/es\/wp-json\/wp\/v2\/pages\/23463\/revisions\/27210"}],"up":[{"embeddable":true,"href":"https:\/\/www.senzani.com\/es\/wp-json\/wp\/v2\/pages\/23437"}],"wp:attachment":[{"href":"https:\/\/www.senzani.com\/es\/wp-json\/wp\/v2\/media?parent=23463"}],"curies":[{"name":"wp","href":"https:\/\/api.w.org\/{rel}","templated":true}]}}