{"id":23454,"date":"2020-06-19T16:54:08","date_gmt":"2020-06-19T14:54:08","guid":{"rendered":"https:\/\/www.senzani.com\/soluciones\/estuchadora\/hcm\/"},"modified":"2024-10-04T15:57:35","modified_gmt":"2024-10-04T13:57:35","slug":"hcm","status":"publish","type":"page","link":"https:\/\/www.senzani.com\/es\/soluciones\/estuchadora\/hcm\/","title":{"rendered":"HCM"},"content":{"rendered":"<div class=\"wpb-content-wrapper\"><p>[vc_row padding_bottom_multiplier=\u00bb\u00bb][vc_column width=\u00bb1\/6&#8243;]<div class=\"grve-element grve-image grve-animated-item grve-duration-very-slow grve-fade-in grve-align-left\" style=\"\" data-delay=\"200\">  <div class=\"grve-image-wrapper\"><img loading=\"lazy\" decoding=\"async\" width=\"240\" height=\"293\" src=\"https:\/\/www.senzani.com\/wp-content\/uploads\/2020\/03\/cartoners.jpg\" class=\"attachment-full size-full\" alt=\"\" \/>   <\/div><\/div>[vc_column_text css=\u00bb.vc_custom_1680794983514{padding-bottom: 20px !important;}\u00bb animation=\u00bbgrve-fade-in\u00bb]<\/p>\n<h1 style=\"color: #3ba9dc; font-size: 30px;\">Estuchadoras<br \/>\nserie HCM<\/h1>\n<p><span style=\"color: #333333; font-size: 18px;\">Estuchadora horizontal\u00a0<\/span>[\/vc_column_text][vc_column_text css=\u00bb.vc_custom_1680795008421{padding-top: 30px !important;padding-bottom: 8px !important;}\u00bb]<\/p>\n<div style=\"line-height: 18px; font-weight: 400;\">Disponible con<\/div>\n<p>[\/vc_column_text][vc_single_image image=\u00bb21742&#8243; img_size=\u00bb120&#215;80&#8243; onclick=\u00bbcustom_link\u00bb link=\u00bbhttps:\/\/www.senzani.com\/es\/asistencia-de-remoto-smart\/\u00bb][\/vc_column][vc_column width=\u00bb5\/6&#8243;]<div class=\"grve-element grve-box grve-align-center grve-animated-item grve-zoom-in grve-duration-normal\" style=\"\" data-delay=\"200\"><figure class=\"grve-image-hover grve-zoom-in\">\t<div class=\"grve-media\">\t\t<div class=\"grve-bg-light grve-hover-overlay grve-opacity-0\"><\/div><img loading=\"lazy\" decoding=\"async\" width=\"1200\" height=\"716\" src=\"https:\/\/www.senzani.com\/wp-content\/uploads\/2024\/03\/HCM-2024.jpg\" class=\"attachment-full size-full\" alt=\"\" srcset=\"https:\/\/www.senzani.com\/wp-content\/uploads\/2024\/03\/HCM-2024.jpg 1200w, https:\/\/www.senzani.com\/wp-content\/uploads\/2024\/03\/HCM-2024-300x179.jpg 300w, https:\/\/www.senzani.com\/wp-content\/uploads\/2024\/03\/HCM-2024-1024x611.jpg 1024w, https:\/\/www.senzani.com\/wp-content\/uploads\/2024\/03\/HCM-2024-768x458.jpg 768w\" sizes=\"auto, (max-width: 1200px) 100vw, 1200px\" \/>\t<\/div><\/figure>  <div class=\"grve-box-content\">    <p><\/p>  <\/div><\/div>[\/vc_column][\/vc_row][vc_row padding_top_multiplier=\u00bb\u00bb columns_gap=\u00bb50&#8243;][vc_column width=\u00bb1\/2&#8243;][vc_column_text animation=\u00bbgrve-fade-in-down\u00bb animation_duration=\u00bbslow\u00bb]La serie de estuchadoras <strong>HCM<\/strong> es la soluci\u00f3n ideada por Senzani en el campo del <strong>estuchado horizontal<\/strong> a partir de estuches prepegados.<\/p>\n<p>Senzani ofrece una amplia gama, con el fin de poder proponer soluciones para las m\u00faltiples necesidades de los distintos sectores comerciales, tanto para estuches de muy peque\u00f1as dimensiones como para aquellos m\u00e1s grandes.<\/p>\n<p>Un dise\u00f1o llevado a cabo por ingenieros expertos y el uso de la tecnolog\u00eda m\u00e1s sofisticada constituyen los elementos fundamentales para la realizaci\u00f3n de m\u00e1quinas capaces de alcanzar velocidades de envasado elevadas, garantizando unos niveles m\u00e1ximos de eficiencia, fiabilidad e integridad del producto.[\/vc_column_text][\/vc_column][vc_column width=\u00bb1\/2&#8243;][vc_column_text animation=\u00bbgrve-fade-in-down\u00bb animation_duration=\u00bbslow\u00bb]Un <strong>sistema de transporte de productos consistente en una cadena de dientes ajustables<\/strong> permite absorber una alta producci\u00f3n y, al mismo tiempo, controlar la cadencia de los productos para alimentar de forma uniforme la estuchadora. La recogida de los estuches se lleva a cabo con un <strong>movimiento continuo o alternado<\/strong> con ayuda de una torreta con brazos de ventosa que, a trav\u00e9s del vac\u00edo generado por una bomba, los posiciona en los alv\u00e9olos de transporte de la m\u00e1quina. La inserci\u00f3n del producto se efect\u00faa mediante un sistema de empujadores, con una introducci\u00f3n delicada y precisa, incluso a velocidades elevadas, que garantiza la integridad y la m\u00e1xima calidad.[\/vc_column_text][\/vc_column][\/vc_row][vc_row padding_top_multiplier=\u00bb\u00bb padding_bottom_multiplier=\u00bb\u00bb][vc_column][vc_single_image image=\u00bb27174&#8243; img_size=\u00bbfull\u00bb css=\u00bb\u00bb][\/vc_column][\/vc_row][vc_row padding_top_multiplier=\u00bb\u00bb padding_bottom_multiplier=\u00bb3x\u00bb columns_gap=\u00bb50&#8243;][vc_column width=\u00bb1\/2&#8243;][vc_column_text animation=\u00bbgrve-fade-in-down\u00bb animation_duration=\u00bbslow\u00bb]Se <strong>minimizan los tiempos de cambio de formato<\/strong>, gracias al uso de tecnolog\u00eda tool-free y a la adopci\u00f3n de t\u00e9cnicas modernas para facilitar los ajustes. Existe disponible un tutorial espec\u00edfico para guiar al operador paso a paso en todas las fases, con vistas a evitar errores y agilizar el proceso.<\/p>\n<p>Todos los componentes han sido dise\u00f1ados y seleccionados para asegurar la <strong>m\u00e1xima fiabilidad durante el ciclo de vida<\/strong> de la m\u00e1quina y garantizar la <strong>total adaptabilidad a caracter\u00edsticas de formato<\/strong> que pueden variar en el tiempo, con el fin de hacer frente a la continua evoluci\u00f3n determinada por los requisitos de normativa, de marketing y de producto.<\/p>\n<p>Durante la fase de dise\u00f1o, se presta la m\u00e1xima atenci\u00f3n a la b\u00fasqueda de soluciones modernas e innovadoras en los \u00e1mbitos del ahorro energ\u00e9tico, la mitigaci\u00f3n del deterioro y la utilizaci\u00f3n de componentes totalmente libres de defectos.<br \/>\nT\u00e9cnicos especializados ensamblan y prueban de manera exhaustiva todas las m\u00e1quinas antes de su entrega, reduciendo as\u00ed de forma considerable los tiempos de instalaci\u00f3n.[\/vc_column_text][\/vc_column][vc_column width=\u00bb1\/2&#8243;][vc_custom_heading text=\u00bbEstuchadoras serie HCM<br \/>\nmodelos\u00bb font_container=\u00bbtag:h2|text_align:center\u00bb use_theme_fonts=\u00bbyes\u00bb][vc_column_text]<\/p>\n<table border=\"1\">\n<tbody>\n<tr>\n<td>mod.<\/td>\n<td align=\"center\">Velocidad producci\u00f3n max.<\/td>\n<td>Medidas estuches min.<\/td>\n<td>Medidas estuches max.<\/td>\n<\/tr>\n<tr>\n<td>HCM15 ALTERNO<\/td>\n<td align=\"center\">15 cpm<\/td>\n<td>180X80X300<\/td>\n<td>150x110x50<\/td>\n<\/tr>\n<tr>\n<td>HCM120<br \/>\nCONTINUA<\/td>\n<td align=\"center\">120 cpm<\/td>\n<td>180X80X330<\/td>\n<td>200x120x60<\/td>\n<\/tr>\n<\/tbody>\n<\/table>\n<p>[\/vc_column_text][\/vc_column][\/vc_row][vc_row][vc_column]<div class=\"grve-element grve-divider\" style=\"\"><div class=\"grve-line-divider grve-border\"><\/div><\/div>[\/vc_column][\/vc_row][vc_row padding_top_multiplier=\u00bb\u00bb columns_gap=\u00bb50&#8243;][vc_column width=\u00bb1\/2&#8243;][vc_column_text css=\u00bb.vc_custom_1715781348936{padding-bottom: 20px !important;}\u00bb animation=\u00bbgrve-fade-in-up\u00bb animation_duration=\u00bbslow\u00bb]<\/p>\n<h4><b>Caracter\u00edsticas:<\/b><\/h4>\n<ul class=\"ul1\">\n<li class=\"li1\">Velocidad hasta 120 cpm en movimiento continuo;<\/li>\n<li class=\"li1\">Tecnolog\u00eda tool-free para los ajustes, sin necesidad de utilizar herramientas externas;<\/li>\n<li class=\"li1\">Partes en contacto con el producto fabricadas en acero inoxidable;<\/li>\n<li class=\"li1\">Control positivo de los estuches en fase de recogida\/formado;<\/li>\n<li class=\"li1\">Alimentaci\u00f3n del producto mediante transportador de cangilones;<\/li>\n<li class=\"li1\">M\u00e1xima amplitud en el rango de formatos disponibles;<\/li>\n<li class=\"li1\">Almac\u00e9n de estuches: ergon\u00f3mico; alerta de nivel m\u00ednimo; plano de apoyo de los estuches ajustable a trav\u00e9s de un manubrio manual;<\/li>\n<\/ul>\n<p>[\/vc_column_text][\/vc_column][vc_column width=\u00bb1\/2&#8243;][vc_column_text css=\u00bb.vc_custom_1715781321845{padding-bottom: 20px !important;}\u00bb animation=\u00bbgrve-fade-in-up\u00bb animation_duration=\u00bbslow\u00bb]<\/p>\n<h4><b>\u00a0\u00a0<\/b><\/h4>\n<ul class=\"ul1\">\n<li class=\"li1\">Adaptabilidad a todas las secuencias de cierre;<\/li>\n<li class=\"li1\">Pantalla t\u00e1ctil a color;<\/li>\n<li class=\"li1\">Programaci\u00f3n sencilla e intuitiva;<\/li>\n<li class=\"li1\">Rechazo de productos no conformes con control autom\u00e1tico;<\/li>\n<li class=\"li1\">Certificaci\u00f3n alimentaria y versiones inoxidables completamente lavables y para productos corrosivos;<\/li>\n<li class=\"li1\">Lubricaci\u00f3n de los rodamientos de por vida, previa solicitud lubricaci\u00f3n centralizada;<\/li>\n<li class=\"li1\">Consumo energ\u00e9tico reducido, gracias tambi\u00e9n al uso de una bomba de vac\u00edo;<\/li>\n<li class=\"li1\">Disponibilidad de todas las plataformas de PLC (Siemens; Allen Bradley; Schneider).<\/li>\n<\/ul>\n<p>[\/vc_column_text][\/vc_column][\/vc_row]<\/p>\n<\/div>","protected":false},"excerpt":{"rendered":"<p>[vc_row padding_bottom_multiplier=\u00bb\u00bb][vc_column width=\u00bb1\/6&#8243;][vc_column_text css=\u00bb.vc_custom_1680794983514{padding-bottom: 20px !important;}\u00bb animation=\u00bbgrve-fade-in\u00bb] Estuchadoras serie HCM Estuchadora horizontal\u00a0[\/vc_column_text][vc_column_text css=\u00bb.vc_custom_1680795008421{padding-top: 30px !important;padding-bottom: 8px !important;}\u00bb] Disponible con [\/vc_column_text][vc_single_image image=\u00bb21742&#8243; img_size=\u00bb120&#215;80&#8243; onclick=\u00bbcustom_link\u00bb link=\u00bbhttps:\/\/www.senzani.com\/es\/asistencia-de-remoto-smart\/\u00bb][\/vc_column][vc_column width=\u00bb5\/6&#8243;][\/vc_column][\/vc_row][vc_row padding_top_multiplier=\u00bb\u00bb columns_gap=\u00bb50&#8243;][vc_column width=\u00bb1\/2&#8243;][vc_column_text animation=\u00bbgrve-fade-in-down\u00bb animation_duration=\u00bbslow\u00bb]La serie de estuchadoras HCM es la soluci\u00f3n ideada por Senzani en el campo del estuchado horizontal a partir de estuches prepegados. Senzani ofrece una amplia [&hellip;]<\/p>\n","protected":false},"author":2,"featured_media":0,"parent":23437,"menu_order":0,"comment_status":"closed","ping_status":"open","template":"","meta":{"_acf_changed":false,"content-type":"","footnotes":""},"class_list":["post-23454","page","type-page","status-publish","hentry"],"acf":[],"yoast_head":"<!-- This site is optimized with the Yoast SEO plugin v27.5 - https:\/\/yoast.com\/product\/yoast-seo-wordpress\/ -->\n<title>Estuchadora horizontal | Senzani Brevetti<\/title>\n<meta name=\"description\" content=\"La serie de estuchadoras HCM es la soluci\u00f3n de Senzani en el campo del estuchado horizontal a partir de cartones pre-pegados.\" \/>\n<meta name=\"robots\" content=\"index, follow, max-snippet:-1, max-image-preview:large, max-video-preview:-1\" \/>\n<link rel=\"canonical\" href=\"https:\/\/www.senzani.com\/es\/soluciones\/estuchadora\/hcm\/\" \/>\n<meta property=\"og:locale\" content=\"es_ES\" \/>\n<meta property=\"og:type\" content=\"article\" \/>\n<meta property=\"og:title\" content=\"Estuchadora horizontal | Senzani Brevetti\" \/>\n<meta property=\"og:description\" content=\"La serie de estuchadoras HCM es la soluci\u00f3n de Senzani en el campo del estuchado horizontal a partir de cartones pre-pegados.\" \/>\n<meta property=\"og:url\" content=\"https:\/\/www.senzani.com\/es\/soluciones\/estuchadora\/hcm\/\" \/>\n<meta property=\"og:site_name\" content=\"Senzani Brevetti S.p.A.\" \/>\n<meta property=\"article:modified_time\" content=\"2024-10-04T13:57:35+00:00\" \/>\n<meta name=\"twitter:card\" content=\"summary_large_image\" \/>\n<meta name=\"twitter:label1\" content=\"Tiempo de lectura\" \/>\n\t<meta name=\"twitter:data1\" content=\"4 minutos\" \/>\n<script type=\"application\/ld+json\" class=\"yoast-schema-graph\">{\"@context\":\"https:\\\/\\\/schema.org\",\"@graph\":[{\"@type\":\"WebPage\",\"@id\":\"https:\\\/\\\/www.senzani.com\\\/es\\\/soluciones\\\/estuchadora\\\/hcm\\\/\",\"url\":\"https:\\\/\\\/www.senzani.com\\\/es\\\/soluciones\\\/estuchadora\\\/hcm\\\/\",\"name\":\"Estuchadora horizontal | Senzani Brevetti\",\"isPartOf\":{\"@id\":\"https:\\\/\\\/www.senzani.com\\\/es\\\/#website\"},\"datePublished\":\"2020-06-19T14:54:08+00:00\",\"dateModified\":\"2024-10-04T13:57:35+00:00\",\"description\":\"La serie de estuchadoras HCM es la soluci\u00f3n de Senzani en el campo del estuchado horizontal a partir de cartones pre-pegados.\",\"breadcrumb\":{\"@id\":\"https:\\\/\\\/www.senzani.com\\\/es\\\/soluciones\\\/estuchadora\\\/hcm\\\/#breadcrumb\"},\"inLanguage\":\"es\",\"potentialAction\":[{\"@type\":\"ReadAction\",\"target\":[\"https:\\\/\\\/www.senzani.com\\\/es\\\/soluciones\\\/estuchadora\\\/hcm\\\/\"]}]},{\"@type\":\"BreadcrumbList\",\"@id\":\"https:\\\/\\\/www.senzani.com\\\/es\\\/soluciones\\\/estuchadora\\\/hcm\\\/#breadcrumb\",\"itemListElement\":[{\"@type\":\"ListItem\",\"position\":1,\"name\":\"Home\",\"item\":\"https:\\\/\\\/www.senzani.com\\\/es\\\/\"},{\"@type\":\"ListItem\",\"position\":2,\"name\":\"Soluciones\",\"item\":\"https:\\\/\\\/www.senzani.com\\\/es\\\/soluciones\\\/\"},{\"@type\":\"ListItem\",\"position\":3,\"name\":\"Cartoners\",\"item\":\"https:\\\/\\\/www.senzani.com\\\/es\\\/soluciones\\\/estuchadora\\\/\"},{\"@type\":\"ListItem\",\"position\":4,\"name\":\"HCM\"}]},{\"@type\":\"WebSite\",\"@id\":\"https:\\\/\\\/www.senzani.com\\\/es\\\/#website\",\"url\":\"https:\\\/\\\/www.senzani.com\\\/es\\\/\",\"name\":\"Senzani Brevetti S.p.A.\",\"description\":\"Leader nel settore delle macchine per imballaggi\",\"publisher\":{\"@id\":\"https:\\\/\\\/www.senzani.com\\\/es\\\/#organization\"},\"potentialAction\":[{\"@type\":\"SearchAction\",\"target\":{\"@type\":\"EntryPoint\",\"urlTemplate\":\"https:\\\/\\\/www.senzani.com\\\/es\\\/?s={search_term_string}\"},\"query-input\":{\"@type\":\"PropertyValueSpecification\",\"valueRequired\":true,\"valueName\":\"search_term_string\"}}],\"inLanguage\":\"es\"},{\"@type\":\"Organization\",\"@id\":\"https:\\\/\\\/www.senzani.com\\\/es\\\/#organization\",\"name\":\"Senzani Brevetti\",\"url\":\"https:\\\/\\\/www.senzani.com\\\/es\\\/\",\"logo\":{\"@type\":\"ImageObject\",\"inLanguage\":\"es\",\"@id\":\"https:\\\/\\\/www.senzani.com\\\/es\\\/#\\\/schema\\\/logo\\\/image\\\/\",\"url\":\"https:\\\/\\\/www.senzani.com\\\/wp-content\\\/uploads\\\/2020\\\/03\\\/logo-senzani.png\",\"contentUrl\":\"https:\\\/\\\/www.senzani.com\\\/wp-content\\\/uploads\\\/2020\\\/03\\\/logo-senzani.png\",\"width\":259,\"height\":71,\"caption\":\"Senzani Brevetti\"},\"image\":{\"@id\":\"https:\\\/\\\/www.senzani.com\\\/es\\\/#\\\/schema\\\/logo\\\/image\\\/\"}}]}<\/script>\n<!-- \/ Yoast SEO plugin. -->","yoast_head_json":{"title":"Estuchadora horizontal | Senzani Brevetti","description":"La serie de estuchadoras HCM es la soluci\u00f3n de Senzani en el campo del estuchado horizontal a partir de cartones pre-pegados.","robots":{"index":"index","follow":"follow","max-snippet":"max-snippet:-1","max-image-preview":"max-image-preview:large","max-video-preview":"max-video-preview:-1"},"canonical":"https:\/\/www.senzani.com\/es\/soluciones\/estuchadora\/hcm\/","og_locale":"es_ES","og_type":"article","og_title":"Estuchadora horizontal | Senzani Brevetti","og_description":"La serie de estuchadoras HCM es la soluci\u00f3n de Senzani en el campo del estuchado horizontal a partir de cartones pre-pegados.","og_url":"https:\/\/www.senzani.com\/es\/soluciones\/estuchadora\/hcm\/","og_site_name":"Senzani Brevetti S.p.A.","article_modified_time":"2024-10-04T13:57:35+00:00","twitter_card":"summary_large_image","twitter_misc":{"Tiempo de lectura":"4 minutos"},"schema":{"@context":"https:\/\/schema.org","@graph":[{"@type":"WebPage","@id":"https:\/\/www.senzani.com\/es\/soluciones\/estuchadora\/hcm\/","url":"https:\/\/www.senzani.com\/es\/soluciones\/estuchadora\/hcm\/","name":"Estuchadora horizontal | Senzani Brevetti","isPartOf":{"@id":"https:\/\/www.senzani.com\/es\/#website"},"datePublished":"2020-06-19T14:54:08+00:00","dateModified":"2024-10-04T13:57:35+00:00","description":"La serie de estuchadoras HCM es la soluci\u00f3n de Senzani en el campo del estuchado horizontal a partir de cartones pre-pegados.","breadcrumb":{"@id":"https:\/\/www.senzani.com\/es\/soluciones\/estuchadora\/hcm\/#breadcrumb"},"inLanguage":"es","potentialAction":[{"@type":"ReadAction","target":["https:\/\/www.senzani.com\/es\/soluciones\/estuchadora\/hcm\/"]}]},{"@type":"BreadcrumbList","@id":"https:\/\/www.senzani.com\/es\/soluciones\/estuchadora\/hcm\/#breadcrumb","itemListElement":[{"@type":"ListItem","position":1,"name":"Home","item":"https:\/\/www.senzani.com\/es\/"},{"@type":"ListItem","position":2,"name":"Soluciones","item":"https:\/\/www.senzani.com\/es\/soluciones\/"},{"@type":"ListItem","position":3,"name":"Cartoners","item":"https:\/\/www.senzani.com\/es\/soluciones\/estuchadora\/"},{"@type":"ListItem","position":4,"name":"HCM"}]},{"@type":"WebSite","@id":"https:\/\/www.senzani.com\/es\/#website","url":"https:\/\/www.senzani.com\/es\/","name":"Senzani Brevetti S.p.A.","description":"Leader nel settore delle macchine per imballaggi","publisher":{"@id":"https:\/\/www.senzani.com\/es\/#organization"},"potentialAction":[{"@type":"SearchAction","target":{"@type":"EntryPoint","urlTemplate":"https:\/\/www.senzani.com\/es\/?s={search_term_string}"},"query-input":{"@type":"PropertyValueSpecification","valueRequired":true,"valueName":"search_term_string"}}],"inLanguage":"es"},{"@type":"Organization","@id":"https:\/\/www.senzani.com\/es\/#organization","name":"Senzani Brevetti","url":"https:\/\/www.senzani.com\/es\/","logo":{"@type":"ImageObject","inLanguage":"es","@id":"https:\/\/www.senzani.com\/es\/#\/schema\/logo\/image\/","url":"https:\/\/www.senzani.com\/wp-content\/uploads\/2020\/03\/logo-senzani.png","contentUrl":"https:\/\/www.senzani.com\/wp-content\/uploads\/2020\/03\/logo-senzani.png","width":259,"height":71,"caption":"Senzani Brevetti"},"image":{"@id":"https:\/\/www.senzani.com\/es\/#\/schema\/logo\/image\/"}}]}},"_links":{"self":[{"href":"https:\/\/www.senzani.com\/es\/wp-json\/wp\/v2\/pages\/23454","targetHints":{"allow":["GET"]}}],"collection":[{"href":"https:\/\/www.senzani.com\/es\/wp-json\/wp\/v2\/pages"}],"about":[{"href":"https:\/\/www.senzani.com\/es\/wp-json\/wp\/v2\/types\/page"}],"author":[{"embeddable":true,"href":"https:\/\/www.senzani.com\/es\/wp-json\/wp\/v2\/users\/2"}],"replies":[{"embeddable":true,"href":"https:\/\/www.senzani.com\/es\/wp-json\/wp\/v2\/comments?post=23454"}],"version-history":[{"count":13,"href":"https:\/\/www.senzani.com\/es\/wp-json\/wp\/v2\/pages\/23454\/revisions"}],"predecessor-version":[{"id":27178,"href":"https:\/\/www.senzani.com\/es\/wp-json\/wp\/v2\/pages\/23454\/revisions\/27178"}],"up":[{"embeddable":true,"href":"https:\/\/www.senzani.com\/es\/wp-json\/wp\/v2\/pages\/23437"}],"wp:attachment":[{"href":"https:\/\/www.senzani.com\/es\/wp-json\/wp\/v2\/media?parent=23454"}],"curies":[{"name":"wp","href":"https:\/\/api.w.org\/{rel}","templated":true}]}}