{"id":23218,"date":"2020-03-13T18:51:13","date_gmt":"2020-03-13T17:51:13","guid":{"rendered":"https:\/\/www.senzani.com\/lavora-con-noi\/"},"modified":"2023-04-25T17:23:42","modified_gmt":"2023-04-25T15:23:42","slug":"trabajar-con-nosotros","status":"publish","type":"page","link":"https:\/\/www.senzani.com\/es\/trabajar-con-nosotros\/","title":{"rendered":"Trabajar con nosotros"},"content":{"rendered":"<div class=\"wpb-content-wrapper\"><p>[vc_row heading_color=\u00bblight\u00bb bg_type=\u00bbgradient\u00bb bg_gradient_color_1=\u00bb#36cfec\u00bb bg_gradient_color_2=\u00bb#29b7e0&#8243; bg_gradient_direction=\u00bb45&#8243; margin_bottom=\u00bb40px\u00bb][vc_column][vc_custom_heading text=\u00bbTrabajar con nosotros\u00bb font_container=\u00bbtag:h1|text_align:center\u00bb use_theme_fonts=\u00bbyes\u00bb css_animation=\u00bbfadeInDown\u00bb el_id=\u00bbtitle_soluzioni\u00bb][vc_column_text animation=\u00bbgrve-fade-in\u00bb]<\/p>\n<p style=\"text-align: center;\"><span style=\"color: #ffffff;\">En esta secci\u00f3n encontrar\u00e1s las ofertas de trabajo activas y los puestos actualmente vacantes en el mundo Senzani: si te sientes la persona id\u00f3nea, env\u00edanos tu candidatura!<\/span><\/p>\n<p>[\/vc_column_text][\/vc_column][\/vc_row][vc_row][vc_column width=\u00bb1\/2&#8243; clipping_animation=\u00bbclipping-left\u00bb][vc_tta_accordion c_icon=\u00bbtriangle\u00bb active_section=\u00bb\u00bb][vc_tta_section title=\u00bbIngegnere meccanico (Middle\/Senior)\u00bb tab_id=\u00bb1593356098933-236b148a-8914&#8243;]<div class=\"grve-element grve-align-right\"><a href=\"https:\/\/www.senzani.com\/en\/work-with-us\/send-application\/?posizione=0\" title=\"Invia candidatura\" class=\"grve-btn grve-btn-medium grve-round grve-bg-primary-1 grve-bg-hover-primary-1 grve-btn-line\"><span><i class=\"entypo-icon entypo-icon-book-open\"><\/i>Candidatos<\/span><\/a><\/div>[\/vc_tta_section][vc_tta_section title=\u00bbTecnico Service Trasfertista (Junior\/Middle)\u00bb tab_id=\u00bb1593356099000-446407f6-34f5&#8243;]<div class=\"grve-element grve-align-right\"><a href=\"https:\/\/www.senzani.com\/en\/work-with-us\/send-application\/?posizione=1\" title=\"Invia candidatura\" rel=\"nofollow\" class=\"grve-btn grve-btn-medium grve-round grve-bg-primary-1 grve-bg-hover-primary-1 grve-btn-line\"><span><i class=\"entypo-icon entypo-icon-book-open\"><\/i>Candidatos<\/span><\/a><\/div>[\/vc_tta_section][vc_tta_section title=\u00bbIngegnere d\u2019automazione (PLC-Motion) &#8211; (Middle\/Senior)\u00bb tab_id=\u00bb1593356099074-3929073b-1d2a\u00bb]<div class=\"grve-element grve-align-right\"><a href=\"https:\/\/www.senzani.com\/en\/work-with-us\/send-application\/?posizione=2\" title=\"Invia candidatura\" rel=\"nofollow\" class=\"grve-btn grve-btn-medium grve-round grve-bg-primary-1 grve-bg-hover-primary-1 grve-btn-line\"><span><i class=\"entypo-icon entypo-icon-book-open\"><\/i>Candidatos<\/span><\/a><\/div>[\/vc_tta_section][vc_tta_section title=\u00bbProject Manager (settore Macchine Automatiche Packaging) &#8211; (Middle\/Senior)\u00bb tab_id=\u00bb1593356099146-1827ee3e-74cc\u00bb]<div class=\"grve-element grve-align-right\"><a href=\"https:\/\/www.senzani.com\/en\/work-with-us\/send-application\/?posizione=3\" title=\"Invia candidatura\" rel=\"nofollow\" class=\"grve-btn grve-btn-medium grve-round grve-bg-primary-1 grve-bg-hover-primary-1 grve-btn-line\"><span><i class=\"entypo-icon entypo-icon-book-open\"><\/i>Candidatos<\/span><\/a><\/div>[\/vc_tta_section][vc_tta_section title=\u00bbArea Sales Manager\u00bb tab_id=\u00bb1643889631319-62ef58d0-48ac\u00bb]<div class=\"grve-element grve-align-right\"><a href=\"https:\/\/www.senzani.com\/en\/work-with-us\/send-application\/?posizione=4\" title=\"Invia candidatura\" rel=\"nofollow\" class=\"grve-btn grve-btn-medium grve-round grve-bg-primary-1 grve-bg-hover-primary-1 grve-btn-line\"><span><i class=\"entypo-icon entypo-icon-book-open\"><\/i>Candidatos<\/span><\/a><\/div>[\/vc_tta_section][\/vc_tta_accordion][\/vc_column][vc_column width=\u00bb1\/2&#8243; shadow=\u00bbsmall\u00bb clipping_animation=\u00bbclipping-right\u00bb animation_delay=\u00bb1400&#8243; css=\u00bb.vc_custom_1594534092411{padding-top: 40px !important;padding-right: 40px !important;padding-bottom: 40px !important;padding-left: 40px !important;}\u00bb]<div class=\"grve-element grve-callout grve-btn-right\" style=\"\">  <div class=\"grve-callout-wrapper\"><h2 class=\"grve-callout-content grve-h2\">Enviar candidatura espont\u00e1nea<\/h2>    <p class=\"grve-leader-text\">Env\u00eda tu curr\u00edculum<\/p>  <\/div>  <div class=\"grve-button-wrapper\"><a href=\"https:\/\/www.senzani.com\/en\/work-with-us\/send-spontaneous-application\/\" title=\"Invia candidatura spontanea\" rel=\"nofollow\" class=\"grve-btn grve-btn-medium grve-round grve-bg-primary-2 grve-bg-hover-primary-2 grve-btn-line\"><span><i class=\"smp-icon-book-open\"><\/i>ENV\u00cdA TU CURR\u00cdCULUM<\/span><\/a>  <\/div><\/div>[\/vc_column][\/vc_row]<\/p>\n<\/div>","protected":false},"excerpt":{"rendered":"<p>[vc_row heading_color=\u00bblight\u00bb bg_type=\u00bbgradient\u00bb bg_gradient_color_1=\u00bb#36cfec\u00bb bg_gradient_color_2=\u00bb#29b7e0&#8243; bg_gradient_direction=\u00bb45&#8243; margin_bottom=\u00bb40px\u00bb][vc_column][vc_custom_heading text=\u00bbTrabajar con nosotros\u00bb font_container=\u00bbtag:h1|text_align:center\u00bb use_theme_fonts=\u00bbyes\u00bb css_animation=\u00bbfadeInDown\u00bb el_id=\u00bbtitle_soluzioni\u00bb][vc_column_text animation=\u00bbgrve-fade-in\u00bb] En esta secci\u00f3n encontrar\u00e1s las ofertas de trabajo activas y los puestos actualmente vacantes en el mundo Senzani: si te sientes la persona id\u00f3nea, env\u00edanos tu candidatura! [\/vc_column_text][\/vc_column][\/vc_row][vc_row][vc_column width=\u00bb1\/2&#8243; clipping_animation=\u00bbclipping-left\u00bb][vc_tta_accordion c_icon=\u00bbtriangle\u00bb active_section=\u00bb\u00bb][vc_tta_section title=\u00bbIngegnere meccanico (Middle\/Senior)\u00bb tab_id=\u00bb1593356098933-236b148a-8914&#8243;][\/vc_tta_section][vc_tta_section title=\u00bbTecnico Service Trasfertista (Junior\/Middle)\u00bb [&hellip;]<\/p>\n","protected":false},"author":4,"featured_media":0,"parent":0,"menu_order":0,"comment_status":"closed","ping_status":"open","template":"","meta":{"_acf_changed":false,"content-type":"","footnotes":""},"class_list":["post-23218","page","type-page","status-publish","hentry"],"acf":[],"yoast_head":"<!-- This site is optimized with the Yoast SEO plugin v27.5 - https:\/\/yoast.com\/product\/yoast-seo-wordpress\/ -->\n<title>Trabajar con nosotros | Senzani Brevetti S.p.A.<\/title>\n<meta name=\"robots\" content=\"index, follow, max-snippet:-1, max-image-preview:large, max-video-preview:-1\" \/>\n<link rel=\"canonical\" href=\"https:\/\/www.senzani.com\/es\/trabajar-con-nosotros\/\" \/>\n<meta property=\"og:locale\" content=\"es_ES\" \/>\n<meta property=\"og:type\" content=\"article\" \/>\n<meta property=\"og:title\" content=\"Trabajar con nosotros | Senzani Brevetti S.p.A.\" \/>\n<meta property=\"og:description\" content=\"[vc_row heading_color=\u00bblight\u00bb bg_type=\u00bbgradient\u00bb bg_gradient_color_1=\u00bb#36cfec\u00bb bg_gradient_color_2=\u00bb#29b7e0&#8243; bg_gradient_direction=\u00bb45&#8243; margin_bottom=\u00bb40px\u00bb][vc_column][vc_custom_heading text=\u00bbTrabajar con nosotros\u00bb font_container=\u00bbtag:h1|text_align:center\u00bb use_theme_fonts=\u00bbyes\u00bb css_animation=\u00bbfadeInDown\u00bb el_id=\u00bbtitle_soluzioni\u00bb][vc_column_text animation=\u00bbgrve-fade-in\u00bb] En esta secci\u00f3n encontrar\u00e1s las ofertas de trabajo activas y los puestos actualmente vacantes en el mundo Senzani: si te sientes la persona id\u00f3nea, env\u00edanos tu candidatura! [\/vc_column_text][\/vc_column][\/vc_row][vc_row][vc_column width=\u00bb1\/2&#8243; clipping_animation=\u00bbclipping-left\u00bb][vc_tta_accordion c_icon=\u00bbtriangle\u00bb active_section=\u00bb\u00bb][vc_tta_section title=\u00bbIngegnere meccanico (Middle\/Senior)\u00bb tab_id=\u00bb1593356098933-236b148a-8914&#8243;][\/vc_tta_section][vc_tta_section title=\u00bbTecnico Service Trasfertista (Junior\/Middle)\u00bb [&hellip;]\" \/>\n<meta property=\"og:url\" content=\"https:\/\/www.senzani.com\/es\/trabajar-con-nosotros\/\" \/>\n<meta property=\"og:site_name\" content=\"Senzani Brevetti S.p.A.\" \/>\n<meta property=\"article:modified_time\" content=\"2023-04-25T15:23:42+00:00\" \/>\n<meta name=\"twitter:card\" content=\"summary_large_image\" \/>\n<meta name=\"twitter:label1\" content=\"Tiempo de lectura\" \/>\n\t<meta name=\"twitter:data1\" content=\"1 minuto\" \/>\n<script type=\"application\/ld+json\" class=\"yoast-schema-graph\">{\"@context\":\"https:\\\/\\\/schema.org\",\"@graph\":[{\"@type\":\"WebPage\",\"@id\":\"https:\\\/\\\/www.senzani.com\\\/es\\\/trabajar-con-nosotros\\\/\",\"url\":\"https:\\\/\\\/www.senzani.com\\\/es\\\/trabajar-con-nosotros\\\/\",\"name\":\"Trabajar con nosotros | Senzani Brevetti S.p.A.\",\"isPartOf\":{\"@id\":\"https:\\\/\\\/www.senzani.com\\\/es\\\/#website\"},\"datePublished\":\"2020-03-13T17:51:13+00:00\",\"dateModified\":\"2023-04-25T15:23:42+00:00\",\"breadcrumb\":{\"@id\":\"https:\\\/\\\/www.senzani.com\\\/es\\\/trabajar-con-nosotros\\\/#breadcrumb\"},\"inLanguage\":\"es\",\"potentialAction\":[{\"@type\":\"ReadAction\",\"target\":[\"https:\\\/\\\/www.senzani.com\\\/es\\\/trabajar-con-nosotros\\\/\"]}]},{\"@type\":\"BreadcrumbList\",\"@id\":\"https:\\\/\\\/www.senzani.com\\\/es\\\/trabajar-con-nosotros\\\/#breadcrumb\",\"itemListElement\":[{\"@type\":\"ListItem\",\"position\":1,\"name\":\"Home\",\"item\":\"https:\\\/\\\/www.senzani.com\\\/es\\\/\"},{\"@type\":\"ListItem\",\"position\":2,\"name\":\"Trabajar con nosotros\"}]},{\"@type\":\"WebSite\",\"@id\":\"https:\\\/\\\/www.senzani.com\\\/es\\\/#website\",\"url\":\"https:\\\/\\\/www.senzani.com\\\/es\\\/\",\"name\":\"Senzani Brevetti S.p.A.\",\"description\":\"Leader nel settore delle macchine per imballaggi\",\"publisher\":{\"@id\":\"https:\\\/\\\/www.senzani.com\\\/es\\\/#organization\"},\"potentialAction\":[{\"@type\":\"SearchAction\",\"target\":{\"@type\":\"EntryPoint\",\"urlTemplate\":\"https:\\\/\\\/www.senzani.com\\\/es\\\/?s={search_term_string}\"},\"query-input\":{\"@type\":\"PropertyValueSpecification\",\"valueRequired\":true,\"valueName\":\"search_term_string\"}}],\"inLanguage\":\"es\"},{\"@type\":\"Organization\",\"@id\":\"https:\\\/\\\/www.senzani.com\\\/es\\\/#organization\",\"name\":\"Senzani Brevetti\",\"url\":\"https:\\\/\\\/www.senzani.com\\\/es\\\/\",\"logo\":{\"@type\":\"ImageObject\",\"inLanguage\":\"es\",\"@id\":\"https:\\\/\\\/www.senzani.com\\\/es\\\/#\\\/schema\\\/logo\\\/image\\\/\",\"url\":\"https:\\\/\\\/www.senzani.com\\\/wp-content\\\/uploads\\\/2020\\\/03\\\/logo-senzani.png\",\"contentUrl\":\"https:\\\/\\\/www.senzani.com\\\/wp-content\\\/uploads\\\/2020\\\/03\\\/logo-senzani.png\",\"width\":259,\"height\":71,\"caption\":\"Senzani Brevetti\"},\"image\":{\"@id\":\"https:\\\/\\\/www.senzani.com\\\/es\\\/#\\\/schema\\\/logo\\\/image\\\/\"}}]}<\/script>\n<!-- \/ Yoast SEO plugin. -->","yoast_head_json":{"title":"Trabajar con nosotros | Senzani Brevetti S.p.A.","robots":{"index":"index","follow":"follow","max-snippet":"max-snippet:-1","max-image-preview":"max-image-preview:large","max-video-preview":"max-video-preview:-1"},"canonical":"https:\/\/www.senzani.com\/es\/trabajar-con-nosotros\/","og_locale":"es_ES","og_type":"article","og_title":"Trabajar con nosotros | Senzani Brevetti S.p.A.","og_description":"[vc_row heading_color=\u00bblight\u00bb bg_type=\u00bbgradient\u00bb bg_gradient_color_1=\u00bb#36cfec\u00bb bg_gradient_color_2=\u00bb#29b7e0&#8243; bg_gradient_direction=\u00bb45&#8243; margin_bottom=\u00bb40px\u00bb][vc_column][vc_custom_heading text=\u00bbTrabajar con nosotros\u00bb font_container=\u00bbtag:h1|text_align:center\u00bb use_theme_fonts=\u00bbyes\u00bb css_animation=\u00bbfadeInDown\u00bb el_id=\u00bbtitle_soluzioni\u00bb][vc_column_text animation=\u00bbgrve-fade-in\u00bb] En esta secci\u00f3n encontrar\u00e1s las ofertas de trabajo activas y los puestos actualmente vacantes en el mundo Senzani: si te sientes la persona id\u00f3nea, env\u00edanos tu candidatura! [\/vc_column_text][\/vc_column][\/vc_row][vc_row][vc_column width=\u00bb1\/2&#8243; clipping_animation=\u00bbclipping-left\u00bb][vc_tta_accordion c_icon=\u00bbtriangle\u00bb active_section=\u00bb\u00bb][vc_tta_section title=\u00bbIngegnere meccanico (Middle\/Senior)\u00bb tab_id=\u00bb1593356098933-236b148a-8914&#8243;][\/vc_tta_section][vc_tta_section title=\u00bbTecnico Service Trasfertista (Junior\/Middle)\u00bb [&hellip;]","og_url":"https:\/\/www.senzani.com\/es\/trabajar-con-nosotros\/","og_site_name":"Senzani Brevetti S.p.A.","article_modified_time":"2023-04-25T15:23:42+00:00","twitter_card":"summary_large_image","twitter_misc":{"Tiempo de lectura":"1 minuto"},"schema":{"@context":"https:\/\/schema.org","@graph":[{"@type":"WebPage","@id":"https:\/\/www.senzani.com\/es\/trabajar-con-nosotros\/","url":"https:\/\/www.senzani.com\/es\/trabajar-con-nosotros\/","name":"Trabajar con nosotros | Senzani Brevetti S.p.A.","isPartOf":{"@id":"https:\/\/www.senzani.com\/es\/#website"},"datePublished":"2020-03-13T17:51:13+00:00","dateModified":"2023-04-25T15:23:42+00:00","breadcrumb":{"@id":"https:\/\/www.senzani.com\/es\/trabajar-con-nosotros\/#breadcrumb"},"inLanguage":"es","potentialAction":[{"@type":"ReadAction","target":["https:\/\/www.senzani.com\/es\/trabajar-con-nosotros\/"]}]},{"@type":"BreadcrumbList","@id":"https:\/\/www.senzani.com\/es\/trabajar-con-nosotros\/#breadcrumb","itemListElement":[{"@type":"ListItem","position":1,"name":"Home","item":"https:\/\/www.senzani.com\/es\/"},{"@type":"ListItem","position":2,"name":"Trabajar con nosotros"}]},{"@type":"WebSite","@id":"https:\/\/www.senzani.com\/es\/#website","url":"https:\/\/www.senzani.com\/es\/","name":"Senzani Brevetti S.p.A.","description":"Leader nel settore delle macchine per imballaggi","publisher":{"@id":"https:\/\/www.senzani.com\/es\/#organization"},"potentialAction":[{"@type":"SearchAction","target":{"@type":"EntryPoint","urlTemplate":"https:\/\/www.senzani.com\/es\/?s={search_term_string}"},"query-input":{"@type":"PropertyValueSpecification","valueRequired":true,"valueName":"search_term_string"}}],"inLanguage":"es"},{"@type":"Organization","@id":"https:\/\/www.senzani.com\/es\/#organization","name":"Senzani Brevetti","url":"https:\/\/www.senzani.com\/es\/","logo":{"@type":"ImageObject","inLanguage":"es","@id":"https:\/\/www.senzani.com\/es\/#\/schema\/logo\/image\/","url":"https:\/\/www.senzani.com\/wp-content\/uploads\/2020\/03\/logo-senzani.png","contentUrl":"https:\/\/www.senzani.com\/wp-content\/uploads\/2020\/03\/logo-senzani.png","width":259,"height":71,"caption":"Senzani Brevetti"},"image":{"@id":"https:\/\/www.senzani.com\/es\/#\/schema\/logo\/image\/"}}]}},"_links":{"self":[{"href":"https:\/\/www.senzani.com\/es\/wp-json\/wp\/v2\/pages\/23218","targetHints":{"allow":["GET"]}}],"collection":[{"href":"https:\/\/www.senzani.com\/es\/wp-json\/wp\/v2\/pages"}],"about":[{"href":"https:\/\/www.senzani.com\/es\/wp-json\/wp\/v2\/types\/page"}],"author":[{"embeddable":true,"href":"https:\/\/www.senzani.com\/es\/wp-json\/wp\/v2\/users\/4"}],"replies":[{"embeddable":true,"href":"https:\/\/www.senzani.com\/es\/wp-json\/wp\/v2\/comments?post=23218"}],"version-history":[{"count":7,"href":"https:\/\/www.senzani.com\/es\/wp-json\/wp\/v2\/pages\/23218\/revisions"}],"predecessor-version":[{"id":23220,"href":"https:\/\/www.senzani.com\/es\/wp-json\/wp\/v2\/pages\/23218\/revisions\/23220"}],"wp:attachment":[{"href":"https:\/\/www.senzani.com\/es\/wp-json\/wp\/v2\/media?parent=23218"}],"curies":[{"name":"wp","href":"https:\/\/api.w.org\/{rel}","templated":true}]}}