{"id":23200,"date":"2020-12-21T09:42:59","date_gmt":"2020-12-21T08:42:59","guid":{"rendered":"https:\/\/www.senzani.com\/capsule-caffe-astucciamento\/"},"modified":"2024-03-28T16:57:58","modified_gmt":"2024-03-28T15:57:58","slug":"capsulas-cafe-estuchado","status":"publish","type":"page","link":"https:\/\/www.senzani.com\/es\/capsulas-cafe-estuchado\/","title":{"rendered":"Todo en una m\u00e1quina, con 0MNIA"},"content":{"rendered":"<div class=\"wpb-content-wrapper\"><p>[vc_row section_type=\u00bbfullwidth\u00bb padding_top_multiplier=\u00bb\u00bb padding_bottom_multiplier=\u00bb\u00bb columns_gap=\u00bbnone\u00bb][vc_column][vc_single_image image=\u00bb21246&#8243; img_size=\u00bbfull\u00bb alignment=\u00bbcenter\u00bb][\/vc_column][\/vc_row][vc_row][vc_column][vc_custom_heading text=\u00bbTodo en una m\u00e1quina, con 0MNIA\u00bb font_container=\u00bbtag:h2|text_align:center\u00bb use_theme_fonts=\u00bbyes\u00bb el_id=\u00bbtitle_soluzioni\u00bb css=\u00bb.vc_custom_1682340290420{margin-bottom: 0px !important;padding-bottom: 0px !important;}\u00bb][vc_column_text css=\u00bb.vc_custom_1711641176825{padding-top: 30px !important;}\u00bb]<\/p>\n<h3 style=\"text-align: center;\"><span style=\"color: #676767;\">Se trata de la \u00abn\u00famero cero\u00bb,<br \/>\n<\/span><span style=\"color: #676767;\">un modelo revolucionario que representa el pistoletazo de salida para la nueva generaci\u00f3n de maquinaria para el envasado de c\u00e1psulas de caf\u00e9.<\/span><\/h3>\n<p>[\/vc_column_text][\/vc_column][\/vc_row][vc_row][vc_column width=\u00bb1\/2&#8243;][vc_column_text]OMNIA es la nueva estuchadora top-load de Senzani capaz de<strong> empaquetar<\/strong>, <strong>de modo ordenado<\/strong>,<strong> varios tipos de c\u00e1psula<\/strong> (desde Nespresso, Caffitaly, K-cup, A modo mio o Lavazza blu hasta la reci\u00e9n lanzada Vertuo) <strong>en todas las configuraciones y tipolog\u00edas de estuche posibles<\/strong>:<\/p>\n<ul>\n<li>monoestrato o multiestrato;<\/li>\n<li>con o sin cart\u00f3n alveolar;<\/li>\n<li>con o sin intercalador;<\/li>\n<li>en rosa 2\u00d72;<\/li>\n<li>con cierre flip-top;<\/li>\n<li>con c\u00e1psulas \u00aben orden\u00bb, alternadas o anidadas;<\/li>\n<li>tubo\/barra;<\/li>\n<li>caja 3\u00d73 o 4\u00d74.<\/li>\n<\/ul>\n<p>[\/vc_column_text][\/vc_column][vc_column width=\u00bb1\/2&#8243;]<video class=\"grve-element grve-embed-video\"  controls autoplay=\"autoplay\" poster=\"https:\/\/www.senzani.com\/wp-content\/uploads\/2021\/01\/poster.jpg\"><source src=\"\/wp-content\/uploads\/2021\/omnia-it.mp4\" type=\"video\/mp4\"><\/video>[\/vc_column][\/vc_row][vc_row][vc_column width=\u00bb1\/2&#8243;][vc_single_image image=\u00bb21172&#8243; img_size=\u00bbfull\u00bb][\/vc_column][vc_column width=\u00bb1\/2&#8243;][vc_column_text]\u00bfPor qu\u00e9 elegir 0MNIA?<\/p>\n<ul>\n<li>dispositivos t\u00e9cnicos especiales (patentados) para el tratamiento de <strong>c\u00e1psulas de aluminio<\/strong>;<\/li>\n<li><strong>volumen<\/strong> muy <strong>reducido<\/strong> (a partir de 2\u00a0x 3,9\u00a0metros);<\/li>\n<li>gesti\u00f3n de separadores entre estratos y entre c\u00e1psulas (intercalador o cart\u00f3n alveolar);<\/li>\n<li>\u00abcontrol positivo\u00bb de cada c\u00e1psula y calidad extremadamente alta de cuadratura de estuche;<\/li>\n<li>estuchado form-and-fill de troquel plano;<\/li>\n<li>cambio de formato intuitivo y r\u00e1pido, con un c\u00f3digo de color que gu\u00eda las operaciones;<\/li>\n<li>fhasta 800\u00a0c\u00e1psulas por minuto en entrada;<\/li>\n<li>hasta 80\u00a0estuches producidos por minuto.<\/li>\n<\/ul>\n<p>\u00a1Con 0MNIA, tu producci\u00f3n por fin ser\u00e1 sostenible![\/vc_column_text][\/vc_column][\/vc_row][vc_row][vc_column][vc_column_text]<\/p>\n<h3 style=\"text-align: center;\">\u00bfQue estas esperando? \u00bfQuieres saber m\u00e1s sobre OMNIA?<br \/>\nSolicite una presentaci\u00f3n ingresando sus datos a continuaci\u00f3n:<\/h3>\n<p>[\/vc_column_text]\n<div class=\"wpcf7 no-js\" id=\"wpcf7-f21250-o1\" lang=\"\" dir=\"ltr\" data-wpcf7-id=\"21250\">\n<div class=\"screen-reader-response\"><p role=\"status\" aria-live=\"polite\" aria-atomic=\"true\"><\/p> <ul><\/ul><\/div>\n<form action=\"\/es\/wp-json\/wp\/v2\/pages\/23200#wpcf7-f21250-o1\" method=\"post\" class=\"wpcf7-form init\" aria-label=\"Formulario de contacto\" novalidate=\"novalidate\" data-status=\"init\">\n<fieldset class=\"hidden-fields-container\"><input type=\"hidden\" name=\"_wpcf7\" value=\"21250\" \/><input type=\"hidden\" name=\"_wpcf7_version\" value=\"6.1.5\" \/><input type=\"hidden\" name=\"_wpcf7_locale\" value=\"\" \/><input type=\"hidden\" name=\"_wpcf7_unit_tag\" value=\"wpcf7-f21250-o1\" \/><input type=\"hidden\" name=\"_wpcf7_container_post\" value=\"0\" \/><input type=\"hidden\" name=\"_wpcf7_posted_data_hash\" value=\"\" \/><input type=\"hidden\" name=\"_wpcf7dtx_version\" value=\"5.0.5\" \/><input type=\"hidden\" name=\"_wpcf7_recaptcha_response\" value=\"\" \/>\n<\/fieldset>\n<p><small style=\"float:right;display:inline-block;font-size:11px;\">Fields marked with * are required.<\/small>\n<\/p>\n<div style=\"clear:both;margin-bottom:20px;\">\n<\/div>\n<div class=\"grve-column wpb_column grve-column-1-2\">\n\t<p><label> Name (*)<br \/>\n<span class=\"wpcf7-form-control-wrap\" data-name=\"nome\"><input size=\"40\" maxlength=\"400\" class=\"wpcf7-form-control wpcf7-text wpcf7-validates-as-required\" aria-required=\"true\" aria-invalid=\"false\" value=\"\" type=\"text\" name=\"nome\" \/><\/span> <\/label>\n\t<\/p>\n<\/div>\n<div class=\"grve-column wpb_column grve-column-1-2\">\n\t<p><label> Surname (*)<br \/>\n<span class=\"wpcf7-form-control-wrap\" data-name=\"surname\"><input size=\"40\" maxlength=\"400\" class=\"wpcf7-form-control wpcf7-text wpcf7-validates-as-required\" aria-required=\"true\" aria-invalid=\"false\" value=\"\" type=\"text\" name=\"surname\" \/><\/span> <\/label>\n\t<\/p>\n<\/div>\n<div class=\"grve-column wpb_column grve-column-1-2\">\n\t<p><label> Company e-mail (*)<br \/>\n<span class=\"wpcf7-form-control-wrap\" data-name=\"your-email\"><input size=\"40\" maxlength=\"400\" class=\"wpcf7-form-control wpcf7-email wpcf7-validates-as-required wpcf7-text wpcf7-validates-as-email\" aria-required=\"true\" aria-invalid=\"false\" value=\"\" type=\"email\" name=\"your-email\" \/><\/span> <\/label>\n\t<\/p>\n<\/div>\n<div class=\"grve-column wpb_column grve-column-1-2\">\n\t<p><label> Telephone<br \/>\n<span class=\"wpcf7-form-control-wrap\" data-name=\"telephone\"><input size=\"40\" maxlength=\"400\" class=\"wpcf7-form-control wpcf7-text\" aria-invalid=\"false\" value=\"\" type=\"text\" name=\"telephone\" \/><\/span> <\/label>\n\t<\/p>\n<\/div>\n<div class=\"grve-column wpb_column grve-column-1-1\">\n\t<p><label> Company<br \/>\n<span class=\"wpcf7-form-control-wrap\" data-name=\"company\"><input size=\"40\" maxlength=\"400\" class=\"wpcf7-form-control wpcf7-text\" aria-invalid=\"false\" value=\"\" type=\"text\" name=\"company\" \/><\/span> <\/label>\n\t<\/p>\n<\/div>\n<div class=\"grve-column wpb_column grve-column-1-1\">\n\t<p><label> Country<br \/>\n<span class=\"wpcf7-form-control-wrap\" data-name=\"country\"><input size=\"40\" maxlength=\"400\" class=\"wpcf7-form-control wpcf7-text\" aria-invalid=\"false\" value=\"\" type=\"text\" name=\"country\" \/><\/span> <\/label>\n\t<\/p>\n<\/div>\n<div class=\"grve-column wpb_column grve-column-1-1\">\n\t<p><label> Your message<br \/>\n<span class=\"wpcf7-form-control-wrap\" data-name=\"your-message\"><textarea cols=\"40\" rows=\"10\" maxlength=\"2000\" class=\"wpcf7-form-control wpcf7-textarea\" aria-invalid=\"false\" name=\"your-message\"><\/textarea><\/span> <\/label>\n\t<\/p>\n<\/div>\n<p><span class=\"wpcf7-form-control-wrap\" data-name=\"newsletter\"><span class=\"wpcf7-form-control wpcf7-checkbox\"><span class=\"wpcf7-list-item first last\"><input type=\"checkbox\" name=\"newsletter[]\" value=\"tick to subscribe to our newsletter\" \/><span class=\"wpcf7-list-item-label\">tick to subscribe to our newsletter<\/span><\/span><\/span><\/span>\n<\/p>\n<p>By filling out this form I authorize the use of my personal data, <a href=\"https:\/\/www.senzani.com\/en\/privacy-policy\/\" title=\"according to\" target=\"_blank\">Art. 13 Regolamento UE 2016\/679.<\/a>.<br \/>\n<span class=\"wpcf7-form-control-wrap\" data-name=\"privacy\"><span class=\"wpcf7-form-control wpcf7-acceptance\"><span class=\"wpcf7-list-item\"><label><input type=\"checkbox\" name=\"privacy\" value=\"1\" aria-invalid=\"false\" \/><span class=\"wpcf7-list-item-label\">AUTORIZE<\/span><\/label><\/span><\/span><\/span>\n<\/p>\n<p><label> Solve the quiz (antispam) (*)<br \/>\n<span class=\"wpcf7-form-control-wrap\" data-name=\"antispam\"><label><span class=\"wpcf7-quiz-label\">7 x 7 =<\/span> <input size=\"40\" class=\"wpcf7-form-control wpcf7-quiz\" autocomplete=\"off\" aria-required=\"true\" aria-invalid=\"false\" type=\"text\" name=\"antispam\" \/><\/label><input type=\"hidden\" name=\"_wpcf7_quiz_answer_antispam\" value=\"65e047d8435a9b15622fbea157eded23\" \/><\/span> <\/label>\n<\/p>\n<p><input class=\"wpcf7-form-control wpcf7-submit has-spinner\" type=\"submit\" value=\"Send\" \/>\n<\/p><div class=\"wpcf7-response-output\" aria-hidden=\"true\"><\/div>\n<\/form>\n<\/div>\n[\/vc_column][\/vc_row]<\/p>\n<\/div>","protected":false},"excerpt":{"rendered":"<p>[vc_row section_type=\u00bbfullwidth\u00bb padding_top_multiplier=\u00bb\u00bb padding_bottom_multiplier=\u00bb\u00bb columns_gap=\u00bbnone\u00bb][vc_column][vc_single_image image=\u00bb21246&#8243; img_size=\u00bbfull\u00bb alignment=\u00bbcenter\u00bb][\/vc_column][\/vc_row][vc_row][vc_column][vc_custom_heading text=\u00bbTodo en una m\u00e1quina, con 0MNIA\u00bb font_container=\u00bbtag:h2|text_align:center\u00bb use_theme_fonts=\u00bbyes\u00bb el_id=\u00bbtitle_soluzioni\u00bb css=\u00bb.vc_custom_1682340290420{margin-bottom: 0px !important;padding-bottom: 0px !important;}\u00bb][vc_column_text css=\u00bb.vc_custom_1711641176825{padding-top: 30px !important;}\u00bb] Se trata de la \u00abn\u00famero cero\u00bb, un modelo revolucionario que representa el pistoletazo de salida para la nueva generaci\u00f3n de maquinaria para el envasado de c\u00e1psulas de caf\u00e9. [\/vc_column_text][\/vc_column][\/vc_row][vc_row][vc_column width=\u00bb1\/2&#8243;][vc_column_text]OMNIA [&hellip;]<\/p>\n","protected":false},"author":2,"featured_media":0,"parent":0,"menu_order":0,"comment_status":"closed","ping_status":"open","template":"","meta":{"_acf_changed":false,"content-type":"","footnotes":""},"class_list":["post-23200","page","type-page","status-publish","hentry"],"acf":[],"yoast_head":"<!-- This site is optimized with the Yoast SEO plugin v27.3 - https:\/\/yoast.com\/product\/yoast-seo-wordpress\/ -->\n<title>Estuchado c\u00e1psulas de caf\u00e9, todo en una m\u00e1quina \u2013 Senzani Brevetti<\/title>\n<meta name=\"description\" content=\"Con 0MNIA una nueva generaci\u00f3n de m\u00e1quinas capaces con envase de c\u00e1psulas de caf\u00e9 en todas las configuraciones y tipolog\u00edas de estuches posibles\" \/>\n<meta name=\"robots\" content=\"index, follow, max-snippet:-1, max-image-preview:large, max-video-preview:-1\" \/>\n<link rel=\"canonical\" href=\"https:\/\/www.senzani.com\/es\/capsulas-cafe-estuchado\/\" \/>\n<meta property=\"og:locale\" content=\"es_ES\" \/>\n<meta property=\"og:type\" content=\"article\" \/>\n<meta property=\"og:title\" content=\"Estuchado c\u00e1psulas de caf\u00e9, todo en una m\u00e1quina \u2013 Senzani Brevetti\" \/>\n<meta property=\"og:description\" content=\"Con 0MNIA una nueva generaci\u00f3n de m\u00e1quinas capaces con envase de c\u00e1psulas de caf\u00e9 en todas las configuraciones y tipolog\u00edas de estuches posibles\" \/>\n<meta property=\"og:url\" content=\"https:\/\/www.senzani.com\/es\/capsulas-cafe-estuchado\/\" \/>\n<meta property=\"og:site_name\" content=\"Senzani Brevetti S.p.A.\" \/>\n<meta property=\"article:modified_time\" content=\"2024-03-28T15:57:58+00:00\" \/>\n<meta name=\"twitter:card\" content=\"summary_large_image\" \/>\n<meta name=\"twitter:label1\" content=\"Tiempo de lectura\" \/>\n\t<meta name=\"twitter:data1\" content=\"2 minutos\" \/>\n<script type=\"application\/ld+json\" class=\"yoast-schema-graph\">{\"@context\":\"https:\\\/\\\/schema.org\",\"@graph\":[{\"@type\":\"WebPage\",\"@id\":\"https:\\\/\\\/www.senzani.com\\\/es\\\/capsulas-cafe-estuchado\\\/\",\"url\":\"https:\\\/\\\/www.senzani.com\\\/es\\\/capsulas-cafe-estuchado\\\/\",\"name\":\"Estuchado c\u00e1psulas de caf\u00e9, todo en una m\u00e1quina \u2013 Senzani Brevetti\",\"isPartOf\":{\"@id\":\"https:\\\/\\\/www.senzani.com\\\/es\\\/#website\"},\"datePublished\":\"2020-12-21T08:42:59+00:00\",\"dateModified\":\"2024-03-28T15:57:58+00:00\",\"description\":\"Con 0MNIA una nueva generaci\u00f3n de m\u00e1quinas capaces con envase de c\u00e1psulas de caf\u00e9 en todas las configuraciones y tipolog\u00edas de estuches posibles\",\"breadcrumb\":{\"@id\":\"https:\\\/\\\/www.senzani.com\\\/es\\\/capsulas-cafe-estuchado\\\/#breadcrumb\"},\"inLanguage\":\"es\",\"potentialAction\":[{\"@type\":\"ReadAction\",\"target\":[\"https:\\\/\\\/www.senzani.com\\\/es\\\/capsulas-cafe-estuchado\\\/\"]}]},{\"@type\":\"BreadcrumbList\",\"@id\":\"https:\\\/\\\/www.senzani.com\\\/es\\\/capsulas-cafe-estuchado\\\/#breadcrumb\",\"itemListElement\":[{\"@type\":\"ListItem\",\"position\":1,\"name\":\"Home\",\"item\":\"https:\\\/\\\/www.senzani.com\\\/es\\\/\"},{\"@type\":\"ListItem\",\"position\":2,\"name\":\"Todo en una m\u00e1quina, con 0MNIA\"}]},{\"@type\":\"WebSite\",\"@id\":\"https:\\\/\\\/www.senzani.com\\\/es\\\/#website\",\"url\":\"https:\\\/\\\/www.senzani.com\\\/es\\\/\",\"name\":\"Senzani Brevetti S.p.A.\",\"description\":\"Leader nel settore delle macchine per imballaggi\",\"publisher\":{\"@id\":\"https:\\\/\\\/www.senzani.com\\\/es\\\/#organization\"},\"potentialAction\":[{\"@type\":\"SearchAction\",\"target\":{\"@type\":\"EntryPoint\",\"urlTemplate\":\"https:\\\/\\\/www.senzani.com\\\/es\\\/?s={search_term_string}\"},\"query-input\":{\"@type\":\"PropertyValueSpecification\",\"valueRequired\":true,\"valueName\":\"search_term_string\"}}],\"inLanguage\":\"es\"},{\"@type\":\"Organization\",\"@id\":\"https:\\\/\\\/www.senzani.com\\\/es\\\/#organization\",\"name\":\"Senzani Brevetti\",\"url\":\"https:\\\/\\\/www.senzani.com\\\/es\\\/\",\"logo\":{\"@type\":\"ImageObject\",\"inLanguage\":\"es\",\"@id\":\"https:\\\/\\\/www.senzani.com\\\/es\\\/#\\\/schema\\\/logo\\\/image\\\/\",\"url\":\"https:\\\/\\\/www.senzani.com\\\/wp-content\\\/uploads\\\/2020\\\/03\\\/logo-senzani.png\",\"contentUrl\":\"https:\\\/\\\/www.senzani.com\\\/wp-content\\\/uploads\\\/2020\\\/03\\\/logo-senzani.png\",\"width\":259,\"height\":71,\"caption\":\"Senzani Brevetti\"},\"image\":{\"@id\":\"https:\\\/\\\/www.senzani.com\\\/es\\\/#\\\/schema\\\/logo\\\/image\\\/\"}}]}<\/script>\n<!-- \/ Yoast SEO plugin. -->","yoast_head_json":{"title":"Estuchado c\u00e1psulas de caf\u00e9, todo en una m\u00e1quina \u2013 Senzani Brevetti","description":"Con 0MNIA una nueva generaci\u00f3n de m\u00e1quinas capaces con envase de c\u00e1psulas de caf\u00e9 en todas las configuraciones y tipolog\u00edas de estuches posibles","robots":{"index":"index","follow":"follow","max-snippet":"max-snippet:-1","max-image-preview":"max-image-preview:large","max-video-preview":"max-video-preview:-1"},"canonical":"https:\/\/www.senzani.com\/es\/capsulas-cafe-estuchado\/","og_locale":"es_ES","og_type":"article","og_title":"Estuchado c\u00e1psulas de caf\u00e9, todo en una m\u00e1quina \u2013 Senzani Brevetti","og_description":"Con 0MNIA una nueva generaci\u00f3n de m\u00e1quinas capaces con envase de c\u00e1psulas de caf\u00e9 en todas las configuraciones y tipolog\u00edas de estuches posibles","og_url":"https:\/\/www.senzani.com\/es\/capsulas-cafe-estuchado\/","og_site_name":"Senzani Brevetti S.p.A.","article_modified_time":"2024-03-28T15:57:58+00:00","twitter_card":"summary_large_image","twitter_misc":{"Tiempo de lectura":"2 minutos"},"schema":{"@context":"https:\/\/schema.org","@graph":[{"@type":"WebPage","@id":"https:\/\/www.senzani.com\/es\/capsulas-cafe-estuchado\/","url":"https:\/\/www.senzani.com\/es\/capsulas-cafe-estuchado\/","name":"Estuchado c\u00e1psulas de caf\u00e9, todo en una m\u00e1quina \u2013 Senzani Brevetti","isPartOf":{"@id":"https:\/\/www.senzani.com\/es\/#website"},"datePublished":"2020-12-21T08:42:59+00:00","dateModified":"2024-03-28T15:57:58+00:00","description":"Con 0MNIA una nueva generaci\u00f3n de m\u00e1quinas capaces con envase de c\u00e1psulas de caf\u00e9 en todas las configuraciones y tipolog\u00edas de estuches posibles","breadcrumb":{"@id":"https:\/\/www.senzani.com\/es\/capsulas-cafe-estuchado\/#breadcrumb"},"inLanguage":"es","potentialAction":[{"@type":"ReadAction","target":["https:\/\/www.senzani.com\/es\/capsulas-cafe-estuchado\/"]}]},{"@type":"BreadcrumbList","@id":"https:\/\/www.senzani.com\/es\/capsulas-cafe-estuchado\/#breadcrumb","itemListElement":[{"@type":"ListItem","position":1,"name":"Home","item":"https:\/\/www.senzani.com\/es\/"},{"@type":"ListItem","position":2,"name":"Todo en una m\u00e1quina, con 0MNIA"}]},{"@type":"WebSite","@id":"https:\/\/www.senzani.com\/es\/#website","url":"https:\/\/www.senzani.com\/es\/","name":"Senzani Brevetti S.p.A.","description":"Leader nel settore delle macchine per imballaggi","publisher":{"@id":"https:\/\/www.senzani.com\/es\/#organization"},"potentialAction":[{"@type":"SearchAction","target":{"@type":"EntryPoint","urlTemplate":"https:\/\/www.senzani.com\/es\/?s={search_term_string}"},"query-input":{"@type":"PropertyValueSpecification","valueRequired":true,"valueName":"search_term_string"}}],"inLanguage":"es"},{"@type":"Organization","@id":"https:\/\/www.senzani.com\/es\/#organization","name":"Senzani Brevetti","url":"https:\/\/www.senzani.com\/es\/","logo":{"@type":"ImageObject","inLanguage":"es","@id":"https:\/\/www.senzani.com\/es\/#\/schema\/logo\/image\/","url":"https:\/\/www.senzani.com\/wp-content\/uploads\/2020\/03\/logo-senzani.png","contentUrl":"https:\/\/www.senzani.com\/wp-content\/uploads\/2020\/03\/logo-senzani.png","width":259,"height":71,"caption":"Senzani Brevetti"},"image":{"@id":"https:\/\/www.senzani.com\/es\/#\/schema\/logo\/image\/"}}]}},"_links":{"self":[{"href":"https:\/\/www.senzani.com\/es\/wp-json\/wp\/v2\/pages\/23200","targetHints":{"allow":["GET"]}}],"collection":[{"href":"https:\/\/www.senzani.com\/es\/wp-json\/wp\/v2\/pages"}],"about":[{"href":"https:\/\/www.senzani.com\/es\/wp-json\/wp\/v2\/types\/page"}],"author":[{"embeddable":true,"href":"https:\/\/www.senzani.com\/es\/wp-json\/wp\/v2\/users\/2"}],"replies":[{"embeddable":true,"href":"https:\/\/www.senzani.com\/es\/wp-json\/wp\/v2\/comments?post=23200"}],"version-history":[{"count":11,"href":"https:\/\/www.senzani.com\/es\/wp-json\/wp\/v2\/pages\/23200\/revisions"}],"predecessor-version":[{"id":26032,"href":"https:\/\/www.senzani.com\/es\/wp-json\/wp\/v2\/pages\/23200\/revisions\/26032"}],"wp:attachment":[{"href":"https:\/\/www.senzani.com\/es\/wp-json\/wp\/v2\/media?parent=23200"}],"curies":[{"name":"wp","href":"https:\/\/api.w.org\/{rel}","templated":true}]}}