{"id":23600,"date":"2020-07-03T10:59:38","date_gmt":"2020-07-03T08:59:38","guid":{"rendered":"https:\/\/www.senzani.com\/soluzioni\/pallettizzatori\/pal\/"},"modified":"2023-04-26T15:10:11","modified_gmt":"2023-04-26T13:10:11","slug":"pal","status":"publish","type":"page","link":"https:\/\/www.senzani.com\/de\/verpackungsloesungen\/palettierer\/pal\/","title":{"rendered":"PAL"},"content":{"rendered":"<div class=\"wpb-content-wrapper\"><p>[vc_row padding_bottom_multiplier=&#8220;&#8220;][vc_column width=&#8220;1\/6&#8243;]<div class=\"grve-element grve-image grve-animated-item grve-duration-very-slow grve-fade-in grve-align-left\" style=\"\" data-delay=\"200\">  <div class=\"grve-image-wrapper\"><img loading=\"lazy\" decoding=\"async\" width=\"240\" height=\"293\" src=\"https:\/\/www.senzani.com\/wp-content\/uploads\/2020\/03\/end-of-line-1.jpg\" class=\"attachment-full size-full\" alt=\"\" \/>   <\/div><\/div>[vc_column_text animation=&#8220;grve-fade-in&#8220; css=&#8220;.vc_custom_1682514403344{padding-bottom: 20px !important;}&#8220;]<\/p>\n<h1 style=\"color: #8aa300; font-size: 30px;\">Reihe PAL<\/h1>\n<p><span style=\"color: #333333; font-size: 18px;\">Palettierer<\/span>[\/vc_column_text][vc_column_text css=&#8220;.vc_custom_1681479742062{padding-top: 30px !important;padding-bottom: 8px !important;}&#8220;]<\/p>\n<div style=\"line-height: 18px; font-weight: 400;\">Erh\u00e4ltlich mit<\/div>\n<p>[\/vc_column_text][vc_single_image image=&#8220;21742&#8243; img_size=&#8220;120&#215;80&#8243; onclick=&#8220;custom_link&#8220; link=&#8220;https:\/\/www.senzani.com\/de\/smart-remote-service\/&#8220;][\/vc_column][vc_column width=&#8220;5\/6&#8243;]<div class=\"grve-element grve-box grve-align-center grve-animated-item grve-zoom-in grve-duration-normal\" style=\"\" data-delay=\"200\"><figure class=\"grve-image-hover grve-zoom-in\">\t<div class=\"grve-media\">\t\t<div class=\"grve-bg-light grve-hover-overlay grve-opacity-0\"><\/div><img loading=\"lazy\" decoding=\"async\" width=\"1200\" height=\"700\" src=\"https:\/\/www.senzani.com\/wp-content\/uploads\/2020\/03\/PALok.jpg\" class=\"attachment-full size-full\" alt=\"\" srcset=\"https:\/\/www.senzani.com\/wp-content\/uploads\/2020\/03\/PALok.jpg 1200w, https:\/\/www.senzani.com\/wp-content\/uploads\/2020\/03\/PALok-300x175.jpg 300w, https:\/\/www.senzani.com\/wp-content\/uploads\/2020\/03\/PALok-1024x597.jpg 1024w, https:\/\/www.senzani.com\/wp-content\/uploads\/2020\/03\/PALok-768x448.jpg 768w\" sizes=\"auto, (max-width: 1200px) 100vw, 1200px\" \/>\t<\/div><\/figure>  <div class=\"grve-box-content\">    <p><\/p>  <\/div><\/div>[\/vc_column][\/vc_row][vc_row padding_top_multiplier=&#8220;&#8220; padding_bottom_multiplier=&#8220;&#8220; columns_gap=&#8220;50&#8243;][vc_column width=&#8220;1\/2&#8243;][vc_column_text animation=&#8220;grve-fade-in-down&#8220; animation_duration=&#8220;slow&#8220;]Um den unterschiedlichen Anforderungen der verschiedenen Branchen gerecht zu werden, bietet Senzani eine breite Auswahl an Palettierern an. Diese L\u00f6sungen k\u00f6nnen sowohl komplett in die Sekund\u00e4rverpackungsanlage integriert werden und bei begrenzter Geschwindigkeit arbeiten (6 Kartons pro Minute) als auch eigenst\u00e4ndige Palettieranlagen sein, die bei h\u00f6heren Geschwindigkeiten arbeiten (Zuf\u00fchrung \u00fcber mehrere Linien von bis zu 36 Kartons pro Minute).<br \/>\nSenzani-Palettierer zeichnen sich durch eine weitreichende Anpassungsm\u00f6glichkeit des Layouts und die Gew\u00e4hrleistung h\u00f6chster Effizienz, Zuverl\u00e4ssigkeit, Produktintegrit\u00e4t und Sicherheit des Bedieners aus.<br \/>\nJe nach erforderlicher Leistung werden die g\u00e4ngigsten anthropomorphen Roboter verschiedener Hersteller oder kartesische Robotersysteme eingesetzt. Der von Senzani entwickelte und kundenspezifisch angepasste Greifkopf erm\u00f6glicht eine \u00e4u\u00dferst zuverl\u00e4ssige und schonende Handhabung der Produkte. Alle L\u00f6sungen k\u00f6nnen mit Paletten- oder Zwischenblatt-Magazinen ausgestattet werden.<\/p>\n<p>Die automatischen Palettiersysteme von Senzani sind so konzipiert, dass sie Kartons mit unterschiedlichen Produkten, Gewichten und Gr\u00f6\u00dfen besonders schonend handhaben k\u00f6nnen und gleichzeitig \u00e4u\u00dferst schnell zu fertigen Paletten verarbeiten k\u00f6nnen.<br \/>\nGreifarme und -K\u00f6pfe wurden speziell von Senzani entwickelt, um das Produkt perfekt und<strong> ohne Besch\u00e4digungen<\/strong> zu handhaben.[\/vc_column_text][\/vc_column][vc_column width=&#8220;1\/2&#8243;][vc_column_text animation=&#8220;grve-fade-in-down&#8220; animation_duration=&#8220;slow&#8220;]Jede Palettierl\u00f6sung wird an den Zielmarkt und an die spezifischen Anforderungen des Kunden angepasst; der Platzbedarf wird so auf ein Minimum reduziert. Senzani garantiert eine vollst\u00e4ndige Integration mit den vorgeschalteten Produktionslinien, um Produktfluss und R\u00fcckverfolgbarkeit zu gew\u00e4hrleisten. Eine Integration der verschiedensten LGV\/AGV-Systeme sowohl f\u00fcr Materialien (wie z.B. leere Paletten und Zwischenbl\u00e4tter) als auch f\u00fcr fertige Paletten ist auch m\u00f6glich, sowohl hardwaretechnisch, mit vollst\u00e4ndig gesicherten Rollen-\/Kettenf\u00f6rderern als auch softwaretechnisch mit R\u00fcckverfolgungs- und Produktionsmanagementsystemen (MES).<\/p>\n<p>Alle Senzani-Palettieranlagen k\u00f6nnen mit verschiedenen Vorrichtungen dritter Hersteller erg\u00e4nzt werden, wie z. B.:<\/p>\n<ul>\n<li>Palettenwickler<\/li>\n<li>Drehplattformen<\/li>\n<li>Beschriftungs- und Track&amp;trace-Systeme<\/li>\n<li>AGV- und LGV-Transportsysteme<\/li>\n<\/ul>\n<p>Die HMI ist intuitiv und innovativ und erm\u00f6glicht eine einfache Programmierung neuer Palettenanordnungen. Die Formatwechsel des Greifkopfes erfolgt ohne dass externe Werkzeuge ben\u00f6tigt werden (\u201etool-free technology\u201c).[\/vc_column_text][\/vc_column][\/vc_row][vc_row padding_top_multiplier=&#8220;&#8220; padding_bottom_multiplier=&#8220;3x&#8220; columns_gap=&#8220;50&#8243;][vc_column][vc_single_image image=&#8220;21342&#8243; img_size=&#8220;full&#8220; alignment=&#8220;center&#8220;][\/vc_column][\/vc_row]<\/p>\n<\/div>","protected":false},"excerpt":{"rendered":"<p>[vc_row padding_bottom_multiplier=&#8220;&#8220;][vc_column width=&#8220;1\/6&#8243;][vc_column_text animation=&#8220;grve-fade-in&#8220; css=&#8220;.vc_custom_1682514403344{padding-bottom: 20px !important;}&#8220;] Reihe PAL Palettierer[\/vc_column_text][vc_column_text css=&#8220;.vc_custom_1681479742062{padding-top: 30px !important;padding-bottom: 8px !important;}&#8220;] Erh\u00e4ltlich mit [\/vc_column_text][vc_single_image image=&#8220;21742&#8243; img_size=&#8220;120&#215;80&#8243; onclick=&#8220;custom_link&#8220; link=&#8220;https:\/\/www.senzani.com\/de\/smart-remote-service\/&#8220;][\/vc_column][vc_column width=&#8220;5\/6&#8243;][\/vc_column][\/vc_row][vc_row padding_top_multiplier=&#8220;&#8220; padding_bottom_multiplier=&#8220;&#8220; columns_gap=&#8220;50&#8243;][vc_column width=&#8220;1\/2&#8243;][vc_column_text animation=&#8220;grve-fade-in-down&#8220; animation_duration=&#8220;slow&#8220;]Um den unterschiedlichen Anforderungen der verschiedenen Branchen gerecht zu werden, bietet Senzani eine breite Auswahl an Palettierern an. Diese L\u00f6sungen k\u00f6nnen sowohl komplett in die Sekund\u00e4rverpackungsanlage integriert [&hellip;]<\/p>\n","protected":false},"author":2,"featured_media":0,"parent":23590,"menu_order":0,"comment_status":"closed","ping_status":"open","template":"","meta":{"_acf_changed":false,"content-type":"","footnotes":""},"class_list":["post-23600","page","type-page","status-publish","hentry"],"acf":[],"yoast_head":"<!-- This site is optimized with the Yoast SEO plugin v27.4 - https:\/\/yoast.com\/product\/yoast-seo-wordpress\/ -->\n<title>Ma\u00dfgeschneiderte Palettierer| Senzani Brevetti<\/title>\n<meta name=\"description\" content=\"Senzani Palettierer k\u00f6nnen Kartons mit unterschiedlichen Produkten, Gewichten und Gr\u00f6\u00dfen mit hoher Geschwindigkeit und Pr\u00e4zision verarbeiten\" \/>\n<meta name=\"robots\" content=\"index, follow, max-snippet:-1, max-image-preview:large, max-video-preview:-1\" \/>\n<link rel=\"canonical\" href=\"https:\/\/www.senzani.com\/de\/verpackungsloesungen\/palettierer\/pal\/\" \/>\n<meta property=\"og:locale\" content=\"de_DE\" \/>\n<meta property=\"og:type\" content=\"article\" \/>\n<meta property=\"og:title\" content=\"Ma\u00dfgeschneiderte Palettierer| Senzani Brevetti\" \/>\n<meta property=\"og:description\" content=\"Senzani Palettierer k\u00f6nnen Kartons mit unterschiedlichen Produkten, Gewichten und Gr\u00f6\u00dfen mit hoher Geschwindigkeit und Pr\u00e4zision verarbeiten\" \/>\n<meta property=\"og:url\" content=\"https:\/\/www.senzani.com\/de\/verpackungsloesungen\/palettierer\/pal\/\" \/>\n<meta property=\"og:site_name\" content=\"Senzani Brevetti S.p.A.\" \/>\n<meta property=\"article:modified_time\" content=\"2023-04-26T13:10:11+00:00\" \/>\n<meta name=\"twitter:card\" content=\"summary_large_image\" \/>\n<meta name=\"twitter:label1\" content=\"Gesch\u00e4tzte Lesezeit\" \/>\n\t<meta name=\"twitter:data1\" content=\"2\u00a0Minuten\" \/>\n<script type=\"application\/ld+json\" class=\"yoast-schema-graph\">{\"@context\":\"https:\\\/\\\/schema.org\",\"@graph\":[{\"@type\":\"WebPage\",\"@id\":\"https:\\\/\\\/www.senzani.com\\\/de\\\/verpackungsloesungen\\\/palettierer\\\/pal\\\/\",\"url\":\"https:\\\/\\\/www.senzani.com\\\/de\\\/verpackungsloesungen\\\/palettierer\\\/pal\\\/\",\"name\":\"Ma\u00dfgeschneiderte Palettierer| Senzani Brevetti\",\"isPartOf\":{\"@id\":\"https:\\\/\\\/www.senzani.com\\\/de\\\/#website\"},\"datePublished\":\"2020-07-03T08:59:38+00:00\",\"dateModified\":\"2023-04-26T13:10:11+00:00\",\"description\":\"Senzani Palettierer k\u00f6nnen Kartons mit unterschiedlichen Produkten, Gewichten und Gr\u00f6\u00dfen mit hoher Geschwindigkeit und Pr\u00e4zision verarbeiten\",\"breadcrumb\":{\"@id\":\"https:\\\/\\\/www.senzani.com\\\/de\\\/verpackungsloesungen\\\/palettierer\\\/pal\\\/#breadcrumb\"},\"inLanguage\":\"de\",\"potentialAction\":[{\"@type\":\"ReadAction\",\"target\":[\"https:\\\/\\\/www.senzani.com\\\/de\\\/verpackungsloesungen\\\/palettierer\\\/pal\\\/\"]}]},{\"@type\":\"BreadcrumbList\",\"@id\":\"https:\\\/\\\/www.senzani.com\\\/de\\\/verpackungsloesungen\\\/palettierer\\\/pal\\\/#breadcrumb\",\"itemListElement\":[{\"@type\":\"ListItem\",\"position\":1,\"name\":\"Home\",\"item\":\"https:\\\/\\\/www.senzani.com\\\/de\\\/\"},{\"@type\":\"ListItem\",\"position\":2,\"name\":\"Verpackungsl\u00f6sungen\",\"item\":\"https:\\\/\\\/www.senzani.com\\\/de\\\/verpackungsloesungen\\\/\"},{\"@type\":\"ListItem\",\"position\":3,\"name\":\"End of line\",\"item\":\"https:\\\/\\\/www.senzani.com\\\/de\\\/verpackungsloesungen\\\/palettierer\\\/\"},{\"@type\":\"ListItem\",\"position\":4,\"name\":\"PAL\"}]},{\"@type\":\"WebSite\",\"@id\":\"https:\\\/\\\/www.senzani.com\\\/de\\\/#website\",\"url\":\"https:\\\/\\\/www.senzani.com\\\/de\\\/\",\"name\":\"Senzani Brevetti S.p.A.\",\"description\":\"Leader nel settore delle macchine per imballaggi\",\"publisher\":{\"@id\":\"https:\\\/\\\/www.senzani.com\\\/de\\\/#organization\"},\"potentialAction\":[{\"@type\":\"SearchAction\",\"target\":{\"@type\":\"EntryPoint\",\"urlTemplate\":\"https:\\\/\\\/www.senzani.com\\\/de\\\/?s={search_term_string}\"},\"query-input\":{\"@type\":\"PropertyValueSpecification\",\"valueRequired\":true,\"valueName\":\"search_term_string\"}}],\"inLanguage\":\"de\"},{\"@type\":\"Organization\",\"@id\":\"https:\\\/\\\/www.senzani.com\\\/de\\\/#organization\",\"name\":\"Senzani Brevetti\",\"url\":\"https:\\\/\\\/www.senzani.com\\\/de\\\/\",\"logo\":{\"@type\":\"ImageObject\",\"inLanguage\":\"de\",\"@id\":\"https:\\\/\\\/www.senzani.com\\\/de\\\/#\\\/schema\\\/logo\\\/image\\\/\",\"url\":\"https:\\\/\\\/www.senzani.com\\\/wp-content\\\/uploads\\\/2020\\\/03\\\/logo-senzani.png\",\"contentUrl\":\"https:\\\/\\\/www.senzani.com\\\/wp-content\\\/uploads\\\/2020\\\/03\\\/logo-senzani.png\",\"width\":259,\"height\":71,\"caption\":\"Senzani Brevetti\"},\"image\":{\"@id\":\"https:\\\/\\\/www.senzani.com\\\/de\\\/#\\\/schema\\\/logo\\\/image\\\/\"}}]}<\/script>\n<!-- \/ Yoast SEO plugin. -->","yoast_head_json":{"title":"Ma\u00dfgeschneiderte Palettierer| Senzani Brevetti","description":"Senzani Palettierer k\u00f6nnen Kartons mit unterschiedlichen Produkten, Gewichten und Gr\u00f6\u00dfen mit hoher Geschwindigkeit und Pr\u00e4zision verarbeiten","robots":{"index":"index","follow":"follow","max-snippet":"max-snippet:-1","max-image-preview":"max-image-preview:large","max-video-preview":"max-video-preview:-1"},"canonical":"https:\/\/www.senzani.com\/de\/verpackungsloesungen\/palettierer\/pal\/","og_locale":"de_DE","og_type":"article","og_title":"Ma\u00dfgeschneiderte Palettierer| Senzani Brevetti","og_description":"Senzani Palettierer k\u00f6nnen Kartons mit unterschiedlichen Produkten, Gewichten und Gr\u00f6\u00dfen mit hoher Geschwindigkeit und Pr\u00e4zision verarbeiten","og_url":"https:\/\/www.senzani.com\/de\/verpackungsloesungen\/palettierer\/pal\/","og_site_name":"Senzani Brevetti S.p.A.","article_modified_time":"2023-04-26T13:10:11+00:00","twitter_card":"summary_large_image","twitter_misc":{"Gesch\u00e4tzte Lesezeit":"2\u00a0Minuten"},"schema":{"@context":"https:\/\/schema.org","@graph":[{"@type":"WebPage","@id":"https:\/\/www.senzani.com\/de\/verpackungsloesungen\/palettierer\/pal\/","url":"https:\/\/www.senzani.com\/de\/verpackungsloesungen\/palettierer\/pal\/","name":"Ma\u00dfgeschneiderte Palettierer| Senzani Brevetti","isPartOf":{"@id":"https:\/\/www.senzani.com\/de\/#website"},"datePublished":"2020-07-03T08:59:38+00:00","dateModified":"2023-04-26T13:10:11+00:00","description":"Senzani Palettierer k\u00f6nnen Kartons mit unterschiedlichen Produkten, Gewichten und Gr\u00f6\u00dfen mit hoher Geschwindigkeit und Pr\u00e4zision verarbeiten","breadcrumb":{"@id":"https:\/\/www.senzani.com\/de\/verpackungsloesungen\/palettierer\/pal\/#breadcrumb"},"inLanguage":"de","potentialAction":[{"@type":"ReadAction","target":["https:\/\/www.senzani.com\/de\/verpackungsloesungen\/palettierer\/pal\/"]}]},{"@type":"BreadcrumbList","@id":"https:\/\/www.senzani.com\/de\/verpackungsloesungen\/palettierer\/pal\/#breadcrumb","itemListElement":[{"@type":"ListItem","position":1,"name":"Home","item":"https:\/\/www.senzani.com\/de\/"},{"@type":"ListItem","position":2,"name":"Verpackungsl\u00f6sungen","item":"https:\/\/www.senzani.com\/de\/verpackungsloesungen\/"},{"@type":"ListItem","position":3,"name":"End of line","item":"https:\/\/www.senzani.com\/de\/verpackungsloesungen\/palettierer\/"},{"@type":"ListItem","position":4,"name":"PAL"}]},{"@type":"WebSite","@id":"https:\/\/www.senzani.com\/de\/#website","url":"https:\/\/www.senzani.com\/de\/","name":"Senzani Brevetti S.p.A.","description":"Leader nel settore delle macchine per imballaggi","publisher":{"@id":"https:\/\/www.senzani.com\/de\/#organization"},"potentialAction":[{"@type":"SearchAction","target":{"@type":"EntryPoint","urlTemplate":"https:\/\/www.senzani.com\/de\/?s={search_term_string}"},"query-input":{"@type":"PropertyValueSpecification","valueRequired":true,"valueName":"search_term_string"}}],"inLanguage":"de"},{"@type":"Organization","@id":"https:\/\/www.senzani.com\/de\/#organization","name":"Senzani Brevetti","url":"https:\/\/www.senzani.com\/de\/","logo":{"@type":"ImageObject","inLanguage":"de","@id":"https:\/\/www.senzani.com\/de\/#\/schema\/logo\/image\/","url":"https:\/\/www.senzani.com\/wp-content\/uploads\/2020\/03\/logo-senzani.png","contentUrl":"https:\/\/www.senzani.com\/wp-content\/uploads\/2020\/03\/logo-senzani.png","width":259,"height":71,"caption":"Senzani Brevetti"},"image":{"@id":"https:\/\/www.senzani.com\/de\/#\/schema\/logo\/image\/"}}]}},"_links":{"self":[{"href":"https:\/\/www.senzani.com\/de\/wp-json\/wp\/v2\/pages\/23600","targetHints":{"allow":["GET"]}}],"collection":[{"href":"https:\/\/www.senzani.com\/de\/wp-json\/wp\/v2\/pages"}],"about":[{"href":"https:\/\/www.senzani.com\/de\/wp-json\/wp\/v2\/types\/page"}],"author":[{"embeddable":true,"href":"https:\/\/www.senzani.com\/de\/wp-json\/wp\/v2\/users\/2"}],"replies":[{"embeddable":true,"href":"https:\/\/www.senzani.com\/de\/wp-json\/wp\/v2\/comments?post=23600"}],"version-history":[{"count":8,"href":"https:\/\/www.senzani.com\/de\/wp-json\/wp\/v2\/pages\/23600\/revisions"}],"predecessor-version":[{"id":25172,"href":"https:\/\/www.senzani.com\/de\/wp-json\/wp\/v2\/pages\/23600\/revisions\/25172"}],"up":[{"embeddable":true,"href":"https:\/\/www.senzani.com\/de\/wp-json\/wp\/v2\/pages\/23590"}],"wp:attachment":[{"href":"https:\/\/www.senzani.com\/de\/wp-json\/wp\/v2\/media?parent=23600"}],"curies":[{"name":"wp","href":"https:\/\/api.w.org\/{rel}","templated":true}]}}