{"id":23590,"date":"2020-03-20T16:21:01","date_gmt":"2020-03-20T15:21:01","guid":{"rendered":"https:\/\/www.senzani.com\/soluzioni\/pallettizzatori\/"},"modified":"2024-03-29T15:40:49","modified_gmt":"2024-03-29T14:40:49","slug":"palettierer","status":"publish","type":"page","link":"https:\/\/www.senzani.com\/de\/verpackungsloesungen\/palettierer\/","title":{"rendered":"End of line"},"content":{"rendered":"<div class=\"wpb-content-wrapper\"><p>[vc_row][vc_column width=&#8220;1\/4&#8243;]<div class=\"grve-element grve-image grve-animated-item grve-duration-very-slow grve-fade-in grve-align-center\" style=\"\" data-delay=\"200\">  <div class=\"grve-image-wrapper\"><img loading=\"lazy\" decoding=\"async\" width=\"240\" height=\"293\" src=\"https:\/\/www.senzani.com\/wp-content\/uploads\/2021\/07\/pallettizzatori.jpeg\" class=\"attachment-full size-full\" alt=\"Icona dei pallettizzatori di Senzani\" \/>   <\/div><\/div>[vc_column_text css=&#8220;.vc_custom_1681478436377{padding-top: 15px !important;padding-bottom: 8px !important;}&#8220;]<\/p>\n<div style=\"line-height: 18px; font-weight: 400;\">All diese Maschinen<br \/>\nsind erh\u00e4ltlich mit<\/div>\n<p>[\/vc_column_text][vc_single_image image=&#8220;21741&#8243; img_size=&#8220;120&#215;80&#8243; onclick=&#8220;custom_link&#8220; link=&#8220;https:\/\/www.senzani.com\/de\/smart-remote-service\/&#8220;][\/vc_column][vc_column width=&#8220;3\/4&#8243;][vc_custom_heading text=&#8220;Palettierer: L\u00f6sungen f\u00fcr den End-of-Line-Bereich&#8220; font_container=&#8220;tag:h1|text_align:left&#8220; google_fonts=&#8220;font_family:Montserrat%3Aregular%2C700|font_style:400%20regular%3A400%3Anormal&#8220; css_animation=&#8220;right-to-left&#8220; el_id=&#8220;title_soluzioni&#8220;][vc_column_text animation=&#8220;grve-fade-in-down&#8220; animation_duration=&#8220;slow&#8220;]Um jede Produktionsanlage zu erg\u00e4nzen, haben wir zahlreiche ma\u00dfgeschneiderte End-of-Line-L\u00f6sungen entwickelt, die dem Kunden extreme Effizienz und Liniengeschwindigkeit bieten, ohne dabei das Thema Sicherheit zu vernachl\u00e4ssigen.<\/p>\n<p>Diese Systeme erm\u00f6glichen eine vollst\u00e4ndige Automatisierung der Linie: Sie k\u00fcmmern sich um die Logistik der fertigen Palette, die Bereitstellung aller Verbrauchsmaterialien und die Entpalettierung von Verpackungsmaterialien, die aus Gr\u00fcnden der Nachhaltigkeit wiederverwertet werden sollen. Immer h\u00e4ufiger werden komplett automatische Ein- und Ausfahrtsshuttlesysteme integriert.[\/vc_column_text][\/vc_column][\/vc_row][vc_row][vc_column width=&#8220;1\/4&#8243;][vc_column_text animation=&#8220;grve-fade-in&#8220; css=&#8220;.vc_custom_1711380779548{padding-bottom: 20px !important;}&#8220;]<span style=\"color: #8aa300; font-size: 30px;\">VCPAL<\/span><br \/>\n<span style=\"color: #333333; font-size: 18px;\">Palettierer f\u00fcr RSC-Kartons <\/span>[\/vc_column_text][vc_column_text animation=&#8220;grve-fade-in-up&#8220; animation_duration=&#8220;slow&#8220; css=&#8220;.vc_custom_1711380809944{padding-bottom: 20px !important;}&#8220;]Vollst\u00e4ndig integriertes Verpackungssystem von Faltschachteln in RSC-Kartons <span class=\"ui-provider a b c d e f g h i j k l m n o p q r s t u v w x y z ab ac ae af ag ah ai aj ak\" dir=\"ltr\">mit anschlie\u00dfender Palettierung<\/span>.[\/vc_column_text][vc_column_text animation=&#8220;grve-fade-in-left&#8220; animation_duration=&#8220;very-slow&#8220; css=&#8220;.vc_custom_1711379024122{padding-bottom: 20px !important;}&#8220;]<\/p>\n<p class=\"p1\"><strong>Ma\u00dfe der fertigen Palette<\/strong><br \/>\nmin. <span style=\"font-weight: 400;\">800 x 1000 x 400 H mm.<br \/>\n<\/span><span style=\"font-weight: 400;\">max\u00a0 1100 x 1280 x 2.000 H mm.<\/span><\/p>\n<p class=\"p1\"><strong>Leistung<br \/>\n<\/strong><span style=\"font-weight: 400;\">10 <span class=\"ui-provider a b c d e f g h i j k l m n o p q r s t u v w x y z ab ac ae af ag ah ai aj ak\" dir=\"ltr\">Kartons\/Minute<\/span><br \/>\n<\/span><span style=\"font-weight: 400;\">60 <span class=\"ui-provider a b c d e f g h i j k l m n o p q r s t u v w x y z ab ac ae af ag ah ai aj ak\" dir=\"ltr\">Schichten\/Stunde<\/span><br \/>\n<\/span><span style=\"font-weight: 400;\">10 <span class=\"ui-provider a b c d e f g h i j k l m n o p q r s t u v w x y z ab ac ae af ag ah ai aj ak\" dir=\"ltr\">Paletten\/Stunde<\/span><\/span><\/p>\n<p>[\/vc_column_text]<div class=\"grve-element grve-align-left grve-animated-item grve-fade-in-left-big grve-duration-slow\" data-delay=\"200\"><a href=\"https:\/\/www.senzani.com\/de\/verpackungsloesungen\/palettierer\/vcpal\/\" title=\"VCPAL\" class=\"grve-btn grve-btn-medium grve-round grve-bg-primary-6 grve-bg-hover-primary-1 grve-btn-line\"><span>Mehr erfahren<\/span><\/a><\/div>[\/vc_column][vc_column width=&#8220;3\/4&#8243;]<div class=\"grve-element grve-box grve-align-center grve-animated-item grve-zoom-in grve-duration-normal\" style=\"\" data-delay=\"200\"><a href=\"https:\/\/www.senzani.com\/de\/verpackungsloesungen\/palettierer\/vcpal\/\" title=\"VCPAL\"><figure class=\"grve-image-hover grve-zoom-in\">\t<div class=\"grve-media\">\t\t<div class=\"grve-bg-light grve-hover-overlay grve-opacity-0\"><\/div><img loading=\"lazy\" decoding=\"async\" width=\"1200\" height=\"642\" src=\"https:\/\/www.senzani.com\/wp-content\/uploads\/2021\/07\/VCPAL.jpeg\" class=\"attachment-full size-full\" alt=\"VCPAL Carton-pallettizzatore\" srcset=\"https:\/\/www.senzani.com\/wp-content\/uploads\/2021\/07\/VCPAL.jpeg 1200w, https:\/\/www.senzani.com\/wp-content\/uploads\/2021\/07\/VCPAL-300x161.jpeg 300w, https:\/\/www.senzani.com\/wp-content\/uploads\/2021\/07\/VCPAL-1024x548.jpeg 1024w, https:\/\/www.senzani.com\/wp-content\/uploads\/2021\/07\/VCPAL-768x411.jpeg 768w\" sizes=\"auto, (max-width: 1200px) 100vw, 1200px\" \/>\t<\/div><\/figure><\/a>  <div class=\"grve-box-content\">    <p><\/p>  <\/div><\/div>[\/vc_column][\/vc_row][vc_row][vc_column]<div class=\"grve-element grve-divider\" style=\"\"><div class=\"grve-line-divider grve-border\"><\/div><\/div>[\/vc_column][\/vc_row][vc_row][vc_column width=&#8220;1\/4&#8243;][vc_column_text animation=&#8220;grve-fade-in&#8220; css=&#8220;.vc_custom_1681478962173{padding-bottom: 20px !important;}&#8220;]<span style=\"color: #8aa300; font-size: 30px;\">PAL<\/span><br \/>\n<span style=\"color: #333333; font-size: 18px;\">Palettierer\u00a0<\/span>[\/vc_column_text][vc_column_text animation=&#8220;grve-fade-in-up&#8220; animation_duration=&#8220;slow&#8220; css=&#8220;.vc_custom_1681479037334{padding-bottom: 20px !important;}&#8220;]Um den unterschiedlichen Anforderungen der verschiedenen Branchen gerecht zu werden, bietet Senzani eine breite Auswahl an Palettierern an. Diese L\u00f6sungen k\u00f6nnen sowohl komplett in die Sekund\u00e4rverpackungsanlage integriert werden und bei begrenzter Geschwindigkeit arbeiten (6 Kartons pro Minute) als auch eigenst\u00e4ndige Palettieranlagen sein, die bei h\u00f6heren Geschwindigkeiten arbeiten (Zuf\u00fchrung \u00fcber mehrere Linien von bis zu 36 Kartons pro Minute).[\/vc_column_text][vc_column_text animation=&#8220;grve-fade-in-left&#8220; animation_duration=&#8220;very-slow&#8220; css=&#8220;.vc_custom_1681479411895{padding-bottom: 20px !important;}&#8220;]<\/p>\n<p class=\"p1\"><strong>Ma\u00dfe der fertigen Palette<\/strong><br \/>\nmin. <span style=\"font-weight: 400;\">800 x 1000 x 400 H mm.<br \/>\n<\/span><span style=\"font-weight: 400;\">max\u00a0 1100 x 1280 x 2.000 H mm.<\/span><\/p>\n<p class=\"p1\"><strong>Leistung<br \/>\n<\/strong>10 Robots\/min Steckdosen.<br \/>\nbis zu 50 Kisten pro Minute (Mehrschichtvorbereitung)<\/p>\n<p>[\/vc_column_text]<div class=\"grve-element grve-align-left grve-animated-item grve-fade-in-left-big grve-duration-slow\" data-delay=\"200\"><a href=\"https:\/\/www.senzani.com\/de\/verpackungsloesungen\/palettierer\/pal\/\" title=\"PAL\" class=\"grve-btn grve-btn-medium grve-round grve-bg-primary-6 grve-bg-hover-primary-1 grve-btn-line\"><span>Mehr erfahren<\/span><\/a><\/div>[\/vc_column][vc_column width=&#8220;3\/4&#8243;]<div class=\"grve-element grve-box grve-align-center grve-animated-item grve-zoom-in grve-duration-normal\" style=\"\" data-delay=\"200\"><a href=\"https:\/\/www.senzani.com\/de\/verpackungsloesungen\/palettierer\/pal\/\" title=\"pal\"><figure class=\"grve-image-hover grve-zoom-in\">\t<div class=\"grve-media\">\t\t<div class=\"grve-bg-light grve-hover-overlay grve-opacity-0\"><\/div><img loading=\"lazy\" decoding=\"async\" width=\"1200\" height=\"700\" src=\"https:\/\/www.senzani.com\/wp-content\/uploads\/2021\/07\/PALok.jpeg\" class=\"attachment-full size-full\" alt=\"PAL Pallettizzatore\" srcset=\"https:\/\/www.senzani.com\/wp-content\/uploads\/2021\/07\/PALok.jpeg 1200w, https:\/\/www.senzani.com\/wp-content\/uploads\/2021\/07\/PALok-300x175.jpeg 300w, https:\/\/www.senzani.com\/wp-content\/uploads\/2021\/07\/PALok-1024x597.jpeg 1024w, https:\/\/www.senzani.com\/wp-content\/uploads\/2021\/07\/PALok-768x448.jpeg 768w\" sizes=\"auto, (max-width: 1200px) 100vw, 1200px\" \/>\t<\/div><\/figure><\/a>  <div class=\"grve-box-content\">    <p><\/p>  <\/div><\/div>[\/vc_column][\/vc_row][vc_row bg_type=&#8220;color&#8220; padding_top_multiplier=&#8220;&#8220; padding_bottom_multiplier=&#8220;&#8220; columns_gap=&#8220;none&#8220; equal_column_height=&#8220;middle-content&#8220; bg_color=&#8220;#ededed&#8220; margin_bottom=&#8220;20&#8243;][vc_column][vc_column_text]<div class=\"wpb-content-wrapper\"><p>[vc_row padding_top_multiplier=&#8220;&#8220; padding_bottom_multiplier=&#8220;&#8220; columns_gap=&#8220;none&#8220; equal_column_height=&#8220;middle-content&#8220; mobile_visibility=&#8220;hide&#8220; mobile_equal_column_height=&#8220;false&#8220; section_id=&#8220;cta_catalogo&#8220;][vc_column width=&#8220;1\/2&#8243;][vc_custom_heading text=&#8220;GESAMTKATALOG HERUNTERLADEN&#8220; font_container=&#8220;tag:h2|font_size:38px|text_align:center|color:%23db0ca4|line_height:45px&#8220; use_theme_fonts=&#8220;yes&#8220; el_id=&#8220;title_cta_scarica&#8220;][\/vc_column][vc_column width=&#8220;1\/3&#8243;]<div class=\"grve-element grve-image grve-align-center\" style=\"\">  <div class=\"grve-image-wrapper\"><img loading=\"lazy\" decoding=\"async\" width=\"307\" height=\"163\" src=\"https:\/\/www.senzani.com\/wp-content\/uploads\/2020\/03\/cta-catalogo-1.png\" class=\"attachment-full size-full\" alt=\"\" srcset=\"https:\/\/www.senzani.com\/wp-content\/uploads\/2020\/03\/cta-catalogo-1.png 307w, https:\/\/www.senzani.com\/wp-content\/uploads\/2020\/03\/cta-catalogo-1-300x159.png 300w\" sizes=\"auto, (max-width: 307px) 100vw, 307px\" \/>   <\/div><\/div>[\/vc_column][vc_column width=&#8220;1\/6&#8243;]<div class=\"grve-element grve-align-center\"><a href=\"https:\/\/www.senzani.com\/wp-content\/uploads\/2024\/10\/catalogo-DE-SENZANI-Set24-WEB.pdf\" target=\"_blank\" rel=\"noopener noreferrer\" class=\"grve-btn grve-btn-medium grve-round grve-bg-primary-2 grve-bg-hover-white btn-download\" style=\"margin-bottom: 0px;\"><span>DOWNLOAD<\/span><\/a><\/div>[\/vc_column][\/vc_row][vc_row columns_gap=&#8220;none&#8220; equal_column_height=&#8220;middle-content&#8220; desktop_visibility=&#8220;hide&#8220; tablet_visibility=&#8220;hide&#8220; tablet_sm_visibility=&#8220;hide&#8220; mobile_equal_column_height=&#8220;false&#8220; section_id=&#8220;cta_catalogo&#8220;][vc_column][vc_custom_heading text=&#8220;GESAMTKATALOG HERUNTERLADEN&#8220; font_container=&#8220;tag:h2|font_size:22px|text_align:center|color:%23db0ca4&#8243; use_theme_fonts=&#8220;yes&#8220; css=&#8220;.vc_custom_1681318086959{padding-bottom: 20px !important;}&#8220;]<div class=\"grve-element grve-image grve-align-center\" style=\"margin-bottom: 20px;\">  <div class=\"grve-image-wrapper\"><img loading=\"lazy\" decoding=\"async\" class=\"attachment-full size-full\" alt=\"Dummy Image\" src=\"https:\/\/www.senzani.com\/wp-content\/plugins\/movedo-extension\/assets\/images\/empty\/full.jpg\" width=\"1024\" height=\"768\">   <\/div><\/div><div class=\"grve-element grve-align-center\"><a href=\"https:\/\/www.senzani.com\/wp-content\/uploads\/2024\/10\/catalogo-DE-SENZANI-Set24-WEB.pdf\" target=\"_blank\" rel=\"noopener noreferrer\" class=\"grve-btn grve-btn-medium grve-round grve-bg-primary-2 grve-bg-hover-white btn-download\" style=\"margin-bottom: 0px;\"><span>DOWNLOAD<\/span><\/a><\/div>[\/vc_column][\/vc_row]<\/p>\n<\/div>[\/vc_column_text][\/vc_column][\/vc_row]<\/p>\n<\/div>","protected":false},"excerpt":{"rendered":"<p>[vc_row][vc_column width=&#8220;1\/4&#8243;][vc_column_text css=&#8220;.vc_custom_1681478436377{padding-top: 15px !important;padding-bottom: 8px !important;}&#8220;] All diese Maschinen sind erh\u00e4ltlich mit [\/vc_column_text][vc_single_image image=&#8220;21741&#8243; img_size=&#8220;120&#215;80&#8243; onclick=&#8220;custom_link&#8220; link=&#8220;https:\/\/www.senzani.com\/de\/smart-remote-service\/&#8220;][\/vc_column][vc_column width=&#8220;3\/4&#8243;][vc_custom_heading text=&#8220;Palettierer: L\u00f6sungen f\u00fcr den End-of-Line-Bereich&#8220; font_container=&#8220;tag:h1|text_align:left&#8220; google_fonts=&#8220;font_family:Montserrat%3Aregular%2C700|font_style:400%20regular%3A400%3Anormal&#8220; css_animation=&#8220;right-to-left&#8220; el_id=&#8220;title_soluzioni&#8220;][vc_column_text animation=&#8220;grve-fade-in-down&#8220; animation_duration=&#8220;slow&#8220;]Um jede Produktionsanlage zu erg\u00e4nzen, haben wir zahlreiche ma\u00dfgeschneiderte End-of-Line-L\u00f6sungen entwickelt, die dem Kunden extreme Effizienz und Liniengeschwindigkeit bieten, ohne dabei das Thema Sicherheit zu vernachl\u00e4ssigen. [&hellip;]<\/p>\n","protected":false},"author":2,"featured_media":0,"parent":23416,"menu_order":0,"comment_status":"closed","ping_status":"open","template":"","meta":{"_acf_changed":false,"content-type":"","footnotes":""},"class_list":["post-23590","page","type-page","status-publish","hentry"],"acf":[],"yoast_head":"<!-- This site is optimized with the Yoast SEO plugin v27.5 - https:\/\/yoast.com\/product\/yoast-seo-wordpress\/ -->\n<title>Palettierer und End-Of-Line-L\u00f6sungen | Senzani Brevetti<\/title>\n<meta name=\"description\" content=\"Wir entwickeln und stellen Palettierl\u00f6sungen her, die dem Kunden eine hohe Effizienz und Leistung der Linie garantieren.\" \/>\n<meta name=\"robots\" content=\"index, follow, max-snippet:-1, max-image-preview:large, max-video-preview:-1\" \/>\n<link rel=\"canonical\" href=\"https:\/\/www.senzani.com\/de\/verpackungsloesungen\/palettierer\/\" \/>\n<meta property=\"og:locale\" content=\"de_DE\" \/>\n<meta property=\"og:type\" content=\"article\" \/>\n<meta property=\"og:title\" content=\"Palettierer und End-Of-Line-L\u00f6sungen | Senzani Brevetti\" \/>\n<meta property=\"og:description\" content=\"Wir entwickeln und stellen Palettierl\u00f6sungen her, die dem Kunden eine hohe Effizienz und Leistung der Linie garantieren.\" \/>\n<meta property=\"og:url\" content=\"https:\/\/www.senzani.com\/de\/verpackungsloesungen\/palettierer\/\" \/>\n<meta property=\"og:site_name\" content=\"Senzani Brevetti S.p.A.\" \/>\n<meta property=\"article:modified_time\" content=\"2024-03-29T14:40:49+00:00\" \/>\n<meta name=\"twitter:card\" content=\"summary_large_image\" \/>\n<meta name=\"twitter:label1\" content=\"Gesch\u00e4tzte Lesezeit\" \/>\n\t<meta name=\"twitter:data1\" content=\"2\u00a0Minuten\" \/>\n<script type=\"application\/ld+json\" class=\"yoast-schema-graph\">{\"@context\":\"https:\\\/\\\/schema.org\",\"@graph\":[{\"@type\":\"WebPage\",\"@id\":\"https:\\\/\\\/www.senzani.com\\\/de\\\/verpackungsloesungen\\\/palettierer\\\/\",\"url\":\"https:\\\/\\\/www.senzani.com\\\/de\\\/verpackungsloesungen\\\/palettierer\\\/\",\"name\":\"Palettierer und End-Of-Line-L\u00f6sungen | Senzani Brevetti\",\"isPartOf\":{\"@id\":\"https:\\\/\\\/www.senzani.com\\\/de\\\/#website\"},\"datePublished\":\"2020-03-20T15:21:01+00:00\",\"dateModified\":\"2024-03-29T14:40:49+00:00\",\"description\":\"Wir entwickeln und stellen Palettierl\u00f6sungen her, die dem Kunden eine hohe Effizienz und Leistung der Linie garantieren.\",\"breadcrumb\":{\"@id\":\"https:\\\/\\\/www.senzani.com\\\/de\\\/verpackungsloesungen\\\/palettierer\\\/#breadcrumb\"},\"inLanguage\":\"de\",\"potentialAction\":[{\"@type\":\"ReadAction\",\"target\":[\"https:\\\/\\\/www.senzani.com\\\/de\\\/verpackungsloesungen\\\/palettierer\\\/\"]}]},{\"@type\":\"BreadcrumbList\",\"@id\":\"https:\\\/\\\/www.senzani.com\\\/de\\\/verpackungsloesungen\\\/palettierer\\\/#breadcrumb\",\"itemListElement\":[{\"@type\":\"ListItem\",\"position\":1,\"name\":\"Home\",\"item\":\"https:\\\/\\\/www.senzani.com\\\/de\\\/\"},{\"@type\":\"ListItem\",\"position\":2,\"name\":\"Verpackungsl\u00f6sungen\",\"item\":\"https:\\\/\\\/www.senzani.com\\\/de\\\/verpackungsloesungen\\\/\"},{\"@type\":\"ListItem\",\"position\":3,\"name\":\"End of line\"}]},{\"@type\":\"WebSite\",\"@id\":\"https:\\\/\\\/www.senzani.com\\\/de\\\/#website\",\"url\":\"https:\\\/\\\/www.senzani.com\\\/de\\\/\",\"name\":\"Senzani Brevetti S.p.A.\",\"description\":\"Leader nel settore delle macchine per imballaggi\",\"publisher\":{\"@id\":\"https:\\\/\\\/www.senzani.com\\\/de\\\/#organization\"},\"potentialAction\":[{\"@type\":\"SearchAction\",\"target\":{\"@type\":\"EntryPoint\",\"urlTemplate\":\"https:\\\/\\\/www.senzani.com\\\/de\\\/?s={search_term_string}\"},\"query-input\":{\"@type\":\"PropertyValueSpecification\",\"valueRequired\":true,\"valueName\":\"search_term_string\"}}],\"inLanguage\":\"de\"},{\"@type\":\"Organization\",\"@id\":\"https:\\\/\\\/www.senzani.com\\\/de\\\/#organization\",\"name\":\"Senzani Brevetti\",\"url\":\"https:\\\/\\\/www.senzani.com\\\/de\\\/\",\"logo\":{\"@type\":\"ImageObject\",\"inLanguage\":\"de\",\"@id\":\"https:\\\/\\\/www.senzani.com\\\/de\\\/#\\\/schema\\\/logo\\\/image\\\/\",\"url\":\"https:\\\/\\\/www.senzani.com\\\/wp-content\\\/uploads\\\/2020\\\/03\\\/logo-senzani.png\",\"contentUrl\":\"https:\\\/\\\/www.senzani.com\\\/wp-content\\\/uploads\\\/2020\\\/03\\\/logo-senzani.png\",\"width\":259,\"height\":71,\"caption\":\"Senzani Brevetti\"},\"image\":{\"@id\":\"https:\\\/\\\/www.senzani.com\\\/de\\\/#\\\/schema\\\/logo\\\/image\\\/\"}}]}<\/script>\n<!-- \/ Yoast SEO plugin. -->","yoast_head_json":{"title":"Palettierer und End-Of-Line-L\u00f6sungen | Senzani Brevetti","description":"Wir entwickeln und stellen Palettierl\u00f6sungen her, die dem Kunden eine hohe Effizienz und Leistung der Linie garantieren.","robots":{"index":"index","follow":"follow","max-snippet":"max-snippet:-1","max-image-preview":"max-image-preview:large","max-video-preview":"max-video-preview:-1"},"canonical":"https:\/\/www.senzani.com\/de\/verpackungsloesungen\/palettierer\/","og_locale":"de_DE","og_type":"article","og_title":"Palettierer und End-Of-Line-L\u00f6sungen | Senzani Brevetti","og_description":"Wir entwickeln und stellen Palettierl\u00f6sungen her, die dem Kunden eine hohe Effizienz und Leistung der Linie garantieren.","og_url":"https:\/\/www.senzani.com\/de\/verpackungsloesungen\/palettierer\/","og_site_name":"Senzani Brevetti S.p.A.","article_modified_time":"2024-03-29T14:40:49+00:00","twitter_card":"summary_large_image","twitter_misc":{"Gesch\u00e4tzte Lesezeit":"2\u00a0Minuten"},"schema":{"@context":"https:\/\/schema.org","@graph":[{"@type":"WebPage","@id":"https:\/\/www.senzani.com\/de\/verpackungsloesungen\/palettierer\/","url":"https:\/\/www.senzani.com\/de\/verpackungsloesungen\/palettierer\/","name":"Palettierer und End-Of-Line-L\u00f6sungen | Senzani Brevetti","isPartOf":{"@id":"https:\/\/www.senzani.com\/de\/#website"},"datePublished":"2020-03-20T15:21:01+00:00","dateModified":"2024-03-29T14:40:49+00:00","description":"Wir entwickeln und stellen Palettierl\u00f6sungen her, die dem Kunden eine hohe Effizienz und Leistung der Linie garantieren.","breadcrumb":{"@id":"https:\/\/www.senzani.com\/de\/verpackungsloesungen\/palettierer\/#breadcrumb"},"inLanguage":"de","potentialAction":[{"@type":"ReadAction","target":["https:\/\/www.senzani.com\/de\/verpackungsloesungen\/palettierer\/"]}]},{"@type":"BreadcrumbList","@id":"https:\/\/www.senzani.com\/de\/verpackungsloesungen\/palettierer\/#breadcrumb","itemListElement":[{"@type":"ListItem","position":1,"name":"Home","item":"https:\/\/www.senzani.com\/de\/"},{"@type":"ListItem","position":2,"name":"Verpackungsl\u00f6sungen","item":"https:\/\/www.senzani.com\/de\/verpackungsloesungen\/"},{"@type":"ListItem","position":3,"name":"End of line"}]},{"@type":"WebSite","@id":"https:\/\/www.senzani.com\/de\/#website","url":"https:\/\/www.senzani.com\/de\/","name":"Senzani Brevetti S.p.A.","description":"Leader nel settore delle macchine per imballaggi","publisher":{"@id":"https:\/\/www.senzani.com\/de\/#organization"},"potentialAction":[{"@type":"SearchAction","target":{"@type":"EntryPoint","urlTemplate":"https:\/\/www.senzani.com\/de\/?s={search_term_string}"},"query-input":{"@type":"PropertyValueSpecification","valueRequired":true,"valueName":"search_term_string"}}],"inLanguage":"de"},{"@type":"Organization","@id":"https:\/\/www.senzani.com\/de\/#organization","name":"Senzani Brevetti","url":"https:\/\/www.senzani.com\/de\/","logo":{"@type":"ImageObject","inLanguage":"de","@id":"https:\/\/www.senzani.com\/de\/#\/schema\/logo\/image\/","url":"https:\/\/www.senzani.com\/wp-content\/uploads\/2020\/03\/logo-senzani.png","contentUrl":"https:\/\/www.senzani.com\/wp-content\/uploads\/2020\/03\/logo-senzani.png","width":259,"height":71,"caption":"Senzani Brevetti"},"image":{"@id":"https:\/\/www.senzani.com\/de\/#\/schema\/logo\/image\/"}}]}},"_links":{"self":[{"href":"https:\/\/www.senzani.com\/de\/wp-json\/wp\/v2\/pages\/23590","targetHints":{"allow":["GET"]}}],"collection":[{"href":"https:\/\/www.senzani.com\/de\/wp-json\/wp\/v2\/pages"}],"about":[{"href":"https:\/\/www.senzani.com\/de\/wp-json\/wp\/v2\/types\/page"}],"author":[{"embeddable":true,"href":"https:\/\/www.senzani.com\/de\/wp-json\/wp\/v2\/users\/2"}],"replies":[{"embeddable":true,"href":"https:\/\/www.senzani.com\/de\/wp-json\/wp\/v2\/comments?post=23590"}],"version-history":[{"count":14,"href":"https:\/\/www.senzani.com\/de\/wp-json\/wp\/v2\/pages\/23590\/revisions"}],"predecessor-version":[{"id":26057,"href":"https:\/\/www.senzani.com\/de\/wp-json\/wp\/v2\/pages\/23590\/revisions\/26057"}],"up":[{"embeddable":true,"href":"https:\/\/www.senzani.com\/de\/wp-json\/wp\/v2\/pages\/23416"}],"wp:attachment":[{"href":"https:\/\/www.senzani.com\/de\/wp-json\/wp\/v2\/media?parent=23590"}],"curies":[{"name":"wp","href":"https:\/\/api.w.org\/{rel}","templated":true}]}}