{"id":23570,"date":"2020-06-19T10:30:58","date_gmt":"2020-06-19T08:30:58","guid":{"rendered":"https:\/\/www.senzani.com\/soluzioni\/incartonatrici\/cpwa\/"},"modified":"2024-10-04T17:33:59","modified_gmt":"2024-10-04T15:33:59","slug":"cpwa","status":"publish","type":"page","link":"https:\/\/www.senzani.com\/de\/verpackungsloesungen\/sammelpacker\/cpwa\/","title":{"rendered":"CPWA"},"content":{"rendered":"<div class=\"wpb-content-wrapper\"><p>[vc_row padding_bottom_multiplier=&#8220;&#8220;][vc_column width=&#8220;1\/6&#8243;]<div class=\"grve-element grve-image grve-animated-item grve-duration-very-slow grve-fade-in grve-align-left\" style=\"\" data-delay=\"200\">  <div class=\"grve-image-wrapper\"><img loading=\"lazy\" decoding=\"async\" width=\"240\" height=\"293\" src=\"https:\/\/www.senzani.com\/wp-content\/uploads\/2020\/03\/case-packers.jpg\" class=\"attachment-full size-full\" alt=\"\" \/>   <\/div><\/div>[vc_column_text css=&#8220;.vc_custom_1711380220806{padding-bottom: 20px !important;}&#8220; animation=&#8220;grve-fade-in&#8220;]<\/p>\n<h1 style=\"color: #db0ca4; font-size: 30px;\"><span class=\"ui-provider a b c d e f g h i j k l m n o p q r s t u v w x y z ab ac ae af ag ah ai aj ak\" dir=\"ltr\">CPWA Sammel-<br \/>\nPacker<\/span><\/h1>\n<p><span style=\"color: #333333; font-size: 18px;\"><span class=\"ui-provider a b c d e f g h i j k l m n o p q r s t u v w x y z ab ac ae af ag ah ai aj ak\" dir=\"ltr\">Wrap-Around-Sammelpacker<\/span><\/span>[\/vc_column_text][vc_column_text css=&#8220;.vc_custom_1681476846080{padding-top: 30px !important;padding-bottom: 8px !important;}&#8220;]<\/p>\n<div style=\"line-height: 18px; font-weight: 400;\">Erh\u00e4ltlich mit<\/div>\n<p>[\/vc_column_text][vc_single_image image=&#8220;21742&#8243; img_size=&#8220;120&#215;80&#8243; onclick=&#8220;custom_link&#8220; link=&#8220;https:\/\/www.senzani.com\/de\/smart-remote-service\/&#8220;][\/vc_column][vc_column width=&#8220;5\/6&#8243;]<div class=\"grve-element grve-box grve-align-center grve-animated-item grve-zoom-in grve-duration-normal\" style=\"\" data-delay=\"200\"><figure class=\"grve-image-hover grve-zoom-in\">\t<div class=\"grve-media\">\t\t<div class=\"grve-bg-light grve-hover-overlay grve-opacity-0\"><\/div><img loading=\"lazy\" decoding=\"async\" width=\"1200\" height=\"655\" src=\"https:\/\/www.senzani.com\/wp-content\/uploads\/2020\/05\/CPWA.jpg\" class=\"attachment-full size-full\" alt=\"\" srcset=\"https:\/\/www.senzani.com\/wp-content\/uploads\/2020\/05\/CPWA.jpg 1200w, https:\/\/www.senzani.com\/wp-content\/uploads\/2020\/05\/CPWA-300x164.jpg 300w, https:\/\/www.senzani.com\/wp-content\/uploads\/2020\/05\/CPWA-1024x559.jpg 1024w, https:\/\/www.senzani.com\/wp-content\/uploads\/2020\/05\/CPWA-768x419.jpg 768w\" sizes=\"auto, (max-width: 1200px) 100vw, 1200px\" \/>\t<\/div><\/figure>  <div class=\"grve-box-content\">    <p><\/p>  <\/div><\/div>[\/vc_column][\/vc_row][vc_row padding_top_multiplier=&#8220;&#8220; columns_gap=&#8220;50&#8243;][vc_column width=&#8220;1\/3&#8243;]<div class=\"grve-element grve-align-center grve-animated-item grve-fade-in-up grve-duration-slow\" data-delay=\"200\"><a href=\"https:\/\/www.youtube.com\/watch?v=7W-cQ5ESyUw\" target=\"_blank\" rel=\"noopener noreferrer\" class=\"grve-btn grve-btn-large grve-round grve-bg-primary-5 grve-bg-hover-primary-1\"><span>SCHAUEN SIE SICH DIE CPWA6-MASCHINE IN BETRIEB AN<\/span><\/a><\/div>[\/vc_column][vc_column width=&#8220;1\/3&#8243;]<div class=\"grve-element grve-align-center grve-animated-item grve-fade-in-up grve-duration-slow\" data-delay=\"200\"><a href=\"https:\/\/www.youtube.com\/watch?v=5yh5kdD7CSg\" target=\"_blank\" rel=\"noopener noreferrer\" class=\"grve-btn grve-btn-large grve-round grve-bg-primary-5 grve-bg-hover-primary-1\"><span>SCHAUEN SIE SICH DIE CPWA12-MASCHINE IN BETRIEB AN<\/span><\/a><\/div>[\/vc_column][vc_column width=&#8220;1\/3&#8243;]<div class=\"grve-element grve-align-center grve-animated-item grve-fade-in-up grve-duration-slow\" data-delay=\"200\"><a href=\"https:\/\/www.youtube.com\/watch?v=7y4m0r9N444\" target=\"_blank\" rel=\"noopener noreferrer\" class=\"grve-btn grve-btn-large grve-round grve-bg-primary-5 grve-bg-hover-primary-1\"><span>SCHAUEN SIE SICH DIE CPWA18-MASCHINE IN BETRIEB AN<\/span><\/a><\/div>[\/vc_column][\/vc_row][vc_row padding_top_multiplier=&#8220;&#8220; columns_gap=&#8220;50&#8243;][vc_column width=&#8220;1\/2&#8243;][vc_column_text animation=&#8220;grve-fade-in-down&#8220; animation_duration=&#8220;slow&#8220;]Die <strong>CPWA<\/strong>-Sammelpacker von Senzani sind die ideale L\u00f6sung f\u00fcr die <strong>Sekund\u00e4rverpackung von Produkten in Kartons ausgehend vom flachen Verpackungszuschnitt durch Wrap-Around-Technologie<\/strong>.<br \/>\nImmer ansprechendere Endverpackungen f\u00fcr die verschiedensten Produktanordnungen zu entwickeln ist wahrscheinlich die gr\u00f6\u00dfte Herausforderung, mit der sich die jede Marketing-Abteilung heute konfrontieren muss, um den neuen Standards des Gro\u00dfhandels gerecht zu werden. In diesem Szenario sind Wrap-Around-Verpackungen der neue Trend, der sich zurzeit gegen\u00fcber American-Case-Kartons durchgesetzt.[\/vc_column_text][\/vc_column][vc_column width=&#8220;1\/2&#8243;][vc_column_text animation=&#8220;grve-fade-in-down&#8220; animation_duration=&#8220;slow&#8220;]Die M\u00f6glichkeit, Form und Grafik individuell zu gestalten, um f\u00fcr den Verkaufsort geeignete Verpackungen (\u201e<strong>shelf-ready packaging<\/strong>\u201c) zu entwickeln, erschlie\u00dft neue M\u00f6glichkeiten im Bereich der Sekund\u00e4rverpackung.<br \/>\nDie CPWA-Sammelpacker sind die ideale L\u00f6sung daf\u00fcr: Die Wrap-Around-Technologie <strong>gew\u00e4hrleistet eine gr\u00f6\u00dfere Anpassbarkeit an verschiedene Formate, Verpackungsarten<\/strong> (Trays, Kartons, Trays mit Deckel, Displays) und Kartonqualit\u00e4ten.[\/vc_column_text][\/vc_column][\/vc_row][vc_row padding_top_multiplier=&#8220;&#8220; padding_bottom_multiplier=&#8220;&#8220;][vc_column][vc_single_image image=&#8220;21318&#8243; img_size=&#8220;full&#8220;][\/vc_column][\/vc_row][vc_row padding_top_multiplier=&#8220;&#8220; padding_bottom_multiplier=&#8220;3x&#8220; columns_gap=&#8220;50&#8243;][vc_column width=&#8220;1\/2&#8243;][vc_column_text animation=&#8220;grve-fade-in-down&#8220; animation_duration=&#8220;slow&#8220;]Das Produkt wird mit extremer Sorgfalt gehandhabt und die Verpackung wird direkt um die Packformation geformt. Das Ergebnis ist ein <strong>stabiles und robustes Gebinde<\/strong>, das maximale Unversehrtheit w\u00e4hrend des Transports gew\u00e4hrleistet.<\/p>\n<p>Dank der Anwendung modernster Technologien erfolgen <strong>Formatwechsel schnell und sicher<\/strong> durch einfache und werkzeuglose Maschinenumstellungen (\u201eTool-free Technologie\u201c). Die Auswahl der Programme findet \u00fcber eine <strong>intuitive Bedienerschnittstelle<\/strong> statt. Eine detaillierte Beschreibung des Formatwechsels f\u00fchrt den Bediener Schritt f\u00fcr Schritt durch alle Phasen, um Fehler zu vermeiden.[\/vc_column_text][\/vc_column][vc_column width=&#8220;1\/2&#8243;][vc_column_text animation=&#8220;grve-fade-in-down&#8220; animation_duration=&#8220;slow&#8220;]F\u00fcr hohe Geschwindigkeiten, worin Senzani Spezialist ist, sieht das <strong>Maschinenkonzept mehrere Stationen f\u00fcr die Formung, Bef\u00fcllung und Verschlie\u00dfung der Verpackungen<\/strong> vor. Die Bewegungen aller Elemente erfolgen gleichzeitig, mit vollst\u00e4ndig integrierter und einfacher Steuerung \u00fcber das Bedienfeld.<\/p>\n<p>Alle Komponenten sind so konzipiert und ausgew\u00e4hlt, dass sie w\u00e4hrend der gesamten Lebensdauer der Maschine ein H\u00f6chstma\u00df an Zuverl\u00e4ssigkeit gew\u00e4hrleisten.<br \/>\nBei der Entwicklung unserer Maschinen legen wir gro\u00dfen Wert auf die Suche nach modernen und innovativen L\u00f6sungen zur Energieeinsparung, Verschlei\u00dfverringerung und auf die Verwendung erstklassiger Markenkomponenten.<br \/>\nVor der Auslieferung werden alle Maschinen von Fachtechnikern montiert und bis auf das kleinste Detail getestet, was die Installierungszeiten deutlich verk\u00fcrzt.[\/vc_column_text][\/vc_column][\/vc_row][vc_row padding_top_multiplier=&#8220;&#8220; columns_gap=&#8220;50&#8243;][vc_column width=&#8220;1\/2&#8243;][vc_row_inner css=&#8220;.vc_custom_1592559808006{padding-top: 0px !important;padding-bottom: 40px !important;}&#8220;][vc_column_inner width=&#8220;1\/4&#8243;][vc_single_image image=&#8220;19424&#8243; img_size=&#8220;full&#8220; css=&#8220;.vc_custom_1592557404140{padding-top: 0px !important;padding-bottom: 0px !important;}&#8220;][\/vc_column_inner][vc_column_inner width=&#8220;1\/4&#8243;][vc_single_image image=&#8220;19422&#8243; img_size=&#8220;full&#8220; css=&#8220;.vc_custom_1592557410896{padding-top: 0px !important;padding-bottom: 0px !important;}&#8220;][\/vc_column_inner][vc_column_inner width=&#8220;1\/4&#8243;][vc_single_image image=&#8220;19426&#8243; img_size=&#8220;full&#8220; css=&#8220;.vc_custom_1592557417656{padding-top: 0px !important;padding-bottom: 0px !important;}&#8220;][\/vc_column_inner][vc_column_inner width=&#8220;1\/4&#8243;][vc_single_image image=&#8220;19428&#8243; img_size=&#8220;full&#8220; css=&#8220;.vc_custom_1592557424545{padding-top: 0px !important;padding-bottom: 0px !important;}&#8220;][\/vc_column_inner][\/vc_row_inner][vc_custom_heading text=&#8220;Sammelpacker der Produktreihe CPWA<br \/>\nModelle&#8220; font_container=&#8220;tag:h2|text_align:center&#8220; google_fonts=&#8220;font_family:Montserrat%3Aregular%2C700|font_style:400%20regular%3A400%3Anormal&#8220; css_animation=&#8220;right-to-left&#8220;][vc_column_text]<\/p>\n<table border=\"1\">\n<tbody>\n<tr>\n<td>mod.<\/td>\n<td align=\"center\">Max. Leistung (Kartons\/Min)<\/td>\n<td>Min. Ma\u00dfe des Kartons<\/td>\n<td>Max. Ma\u00dfe des Kartons<\/td>\n<\/tr>\n<tr>\n<td>CPWA8<\/td>\n<td align=\"center\">8<\/td>\n<td>100X260X110<\/td>\n<td>280x480x300<\/td>\n<\/tr>\n<tr>\n<td>CPWA10<\/td>\n<td align=\"center\">10<\/td>\n<td>100x260x110<\/td>\n<td>280x480x300<\/td>\n<\/tr>\n<tr>\n<td>CPWA12<\/td>\n<td align=\"center\">12<\/td>\n<td>100x260x110<\/td>\n<td>280x480x300<\/td>\n<\/tr>\n<tr>\n<td>CPWA15<\/td>\n<td align=\"center\">15<\/td>\n<td>100x260x110<\/td>\n<td>200x480x200<\/td>\n<\/tr>\n<tr>\n<td>CPWA18<\/td>\n<td align=\"center\">18<\/td>\n<td>100x260x110<\/td>\n<td>200x480x200<\/td>\n<\/tr>\n<tr>\n<td>CPWA20<\/td>\n<td align=\"center\">20<\/td>\n<td>100x260x110<\/td>\n<td>200x480x200<\/td>\n<\/tr>\n<tr>\n<td>CPWA25<\/td>\n<td align=\"center\">25<\/td>\n<td>100x250x110<\/td>\n<td>280x480x300<\/td>\n<\/tr>\n<tr>\n<td>CPWA30<\/td>\n<td align=\"center\">30<\/td>\n<td>100x260x110<\/td>\n<td>280x480x300<\/td>\n<\/tr>\n<\/tbody>\n<\/table>\n<p>[\/vc_column_text][\/vc_column][vc_column width=&#8220;1\/2&#8243;][vc_column_text css=&#8220;.vc_custom_1712652957680{padding-bottom: 20px !important;}&#8220; animation=&#8220;grve-fade-in-up&#8220; animation_duration=&#8220;slow&#8220;]<\/p>\n<h4><b>Merkmale:<\/b><\/h4>\n<ul class=\"ul1\">\n<li class=\"li1\">Verpackbare Produkte: Faltschachteln, Schalen, Beutel u.v.m.<\/li>\n<li class=\"li1\">Leistung: bis zu 36 Verpackungseinheiten\/Minute<\/li>\n<li class=\"li1\">Geringer Platzbedarf und einfache Bedienung durch eine Person (bedienerfreundliches Layout)<\/li>\n<li class=\"li1\">Kompakte Maschine (Zuf\u00fchrungs- und Kartonhandling-Modul)<\/li>\n<li class=\"li1\">Hei\u00dfleimverschluss<\/li>\n<li class=\"li1\">Vertikales\/horizontales und ergonomisches Magazin f\u00fcr flache Zuschnitte, an eine breite Formatpalette und an unterschiedliche Kartonqualit\u00e4ten anpassbar<\/li>\n<li class=\"li1\">Integration eines Senzani-Entpalettiersystems m\u00f6glich<\/li>\n<li class=\"li1\">Vollelektronische Maschine mit Brushless-Motoren<\/li>\n<li class=\"li1\">An extrem viele Formate und Produktanordnungen anpassbar<\/li>\n<li class=\"li1\">\u201eTool-free\u201c-Technologie f\u00fcr werkzeuglose Verstellungen und Formatwechsel<\/li>\n<li class=\"li1\">Robuste Bauweise, zertifizierte Komponenten, geringer Wartungsbedarf<\/li>\n<li class=\"li1\">Engineering aller Elemente, um eine 100%ige Produktkonformit\u00e4t zu gew\u00e4hrleisten<\/li>\n<li class=\"li1\">Einfache und intuitive Programmierung<\/li>\n<li class=\"li1\">Automatischer Aussto\u00df nicht konformer Verpackungseinheiten<\/li>\n<li class=\"li1\">Leichte Zug\u00e4nglichkeit aller Maschinenelemente<\/li>\n<li class=\"li1\">Lebenslange Schmierung der Lager, zentralisierte Schmierung auf Anfrage<\/li>\n<li class=\"li1\">Reduzierter Energieverbrauch<\/li>\n<li class=\"li1\">Verf\u00fcgbarkeit aller g\u00e4ngigen SPS-Plattformen (Siemens, Allen Bradley, Schneider)<\/li>\n<\/ul>\n<p>[\/vc_column_text][\/vc_column][\/vc_row]<\/p>\n<\/div>","protected":false},"excerpt":{"rendered":"<p>[vc_row padding_bottom_multiplier=&#8220;&#8220;][vc_column width=&#8220;1\/6&#8243;][vc_column_text css=&#8220;.vc_custom_1711380220806{padding-bottom: 20px !important;}&#8220; animation=&#8220;grve-fade-in&#8220;] CPWA Sammel- Packer Wrap-Around-Sammelpacker[\/vc_column_text][vc_column_text css=&#8220;.vc_custom_1681476846080{padding-top: 30px !important;padding-bottom: 8px !important;}&#8220;] Erh\u00e4ltlich mit [\/vc_column_text][vc_single_image image=&#8220;21742&#8243; img_size=&#8220;120&#215;80&#8243; onclick=&#8220;custom_link&#8220; link=&#8220;https:\/\/www.senzani.com\/de\/smart-remote-service\/&#8220;][\/vc_column][vc_column width=&#8220;5\/6&#8243;][\/vc_column][\/vc_row][vc_row padding_top_multiplier=&#8220;&#8220; columns_gap=&#8220;50&#8243;][vc_column width=&#8220;1\/3&#8243;][\/vc_column][vc_column width=&#8220;1\/3&#8243;][\/vc_column][vc_column width=&#8220;1\/3&#8243;][\/vc_column][\/vc_row][vc_row padding_top_multiplier=&#8220;&#8220; columns_gap=&#8220;50&#8243;][vc_column width=&#8220;1\/2&#8243;][vc_column_text animation=&#8220;grve-fade-in-down&#8220; animation_duration=&#8220;slow&#8220;]Die CPWA-Sammelpacker von Senzani sind die ideale L\u00f6sung f\u00fcr die Sekund\u00e4rverpackung von Produkten in Kartons ausgehend vom flachen Verpackungszuschnitt durch Wrap-Around-Technologie. Immer [&hellip;]<\/p>\n","protected":false},"author":4,"featured_media":0,"parent":23539,"menu_order":0,"comment_status":"closed","ping_status":"open","template":"","meta":{"_acf_changed":false,"content-type":"","footnotes":""},"class_list":["post-23570","page","type-page","status-publish","hentry"],"acf":[],"yoast_head":"<!-- This site is optimized with the Yoast SEO plugin v27.5 - https:\/\/yoast.com\/product\/yoast-seo-wordpress\/ -->\n<title>Wrap-Around-Sammelpacker| Senzani Brevetti<\/title>\n<meta name=\"description\" content=\"Die CPWA-Sammelpacker von Senzani sind die ideale L\u00f6sung f\u00fcr die Sekund\u00e4rverpackung von Produkten in Umkartons durch Wrap-Around-Technologie\" \/>\n<meta name=\"robots\" content=\"index, follow, max-snippet:-1, max-image-preview:large, max-video-preview:-1\" \/>\n<link rel=\"canonical\" href=\"https:\/\/www.senzani.com\/de\/verpackungsloesungen\/sammelpacker\/cpwa\/\" \/>\n<meta property=\"og:locale\" content=\"de_DE\" \/>\n<meta property=\"og:type\" content=\"article\" \/>\n<meta property=\"og:title\" content=\"Wrap-Around-Sammelpacker| Senzani Brevetti\" \/>\n<meta property=\"og:description\" content=\"Die CPWA-Sammelpacker von Senzani sind die ideale L\u00f6sung f\u00fcr die Sekund\u00e4rverpackung von Produkten in Umkartons durch Wrap-Around-Technologie\" \/>\n<meta property=\"og:url\" content=\"https:\/\/www.senzani.com\/de\/verpackungsloesungen\/sammelpacker\/cpwa\/\" \/>\n<meta property=\"og:site_name\" content=\"Senzani Brevetti S.p.A.\" \/>\n<meta property=\"article:modified_time\" content=\"2024-10-04T15:33:59+00:00\" \/>\n<meta name=\"twitter:card\" content=\"summary_large_image\" \/>\n<meta name=\"twitter:label1\" content=\"Gesch\u00e4tzte Lesezeit\" \/>\n\t<meta name=\"twitter:data1\" content=\"4\u00a0Minuten\" \/>\n<script type=\"application\/ld+json\" class=\"yoast-schema-graph\">{\"@context\":\"https:\\\/\\\/schema.org\",\"@graph\":[{\"@type\":\"WebPage\",\"@id\":\"https:\\\/\\\/www.senzani.com\\\/de\\\/verpackungsloesungen\\\/sammelpacker\\\/cpwa\\\/\",\"url\":\"https:\\\/\\\/www.senzani.com\\\/de\\\/verpackungsloesungen\\\/sammelpacker\\\/cpwa\\\/\",\"name\":\"Wrap-Around-Sammelpacker| Senzani Brevetti\",\"isPartOf\":{\"@id\":\"https:\\\/\\\/www.senzani.com\\\/de\\\/#website\"},\"datePublished\":\"2020-06-19T08:30:58+00:00\",\"dateModified\":\"2024-10-04T15:33:59+00:00\",\"description\":\"Die CPWA-Sammelpacker von Senzani sind die ideale L\u00f6sung f\u00fcr die Sekund\u00e4rverpackung von Produkten in Umkartons durch Wrap-Around-Technologie\",\"breadcrumb\":{\"@id\":\"https:\\\/\\\/www.senzani.com\\\/de\\\/verpackungsloesungen\\\/sammelpacker\\\/cpwa\\\/#breadcrumb\"},\"inLanguage\":\"de\",\"potentialAction\":[{\"@type\":\"ReadAction\",\"target\":[\"https:\\\/\\\/www.senzani.com\\\/de\\\/verpackungsloesungen\\\/sammelpacker\\\/cpwa\\\/\"]}]},{\"@type\":\"BreadcrumbList\",\"@id\":\"https:\\\/\\\/www.senzani.com\\\/de\\\/verpackungsloesungen\\\/sammelpacker\\\/cpwa\\\/#breadcrumb\",\"itemListElement\":[{\"@type\":\"ListItem\",\"position\":1,\"name\":\"Home\",\"item\":\"https:\\\/\\\/www.senzani.com\\\/de\\\/\"},{\"@type\":\"ListItem\",\"position\":2,\"name\":\"Verpackungsl\u00f6sungen\",\"item\":\"https:\\\/\\\/www.senzani.com\\\/de\\\/verpackungsloesungen\\\/\"},{\"@type\":\"ListItem\",\"position\":3,\"name\":\"Case packers\",\"item\":\"https:\\\/\\\/www.senzani.com\\\/de\\\/verpackungsloesungen\\\/sammelpacker\\\/\"},{\"@type\":\"ListItem\",\"position\":4,\"name\":\"CPWA\"}]},{\"@type\":\"WebSite\",\"@id\":\"https:\\\/\\\/www.senzani.com\\\/de\\\/#website\",\"url\":\"https:\\\/\\\/www.senzani.com\\\/de\\\/\",\"name\":\"Senzani Brevetti S.p.A.\",\"description\":\"Leader nel settore delle macchine per imballaggi\",\"publisher\":{\"@id\":\"https:\\\/\\\/www.senzani.com\\\/de\\\/#organization\"},\"potentialAction\":[{\"@type\":\"SearchAction\",\"target\":{\"@type\":\"EntryPoint\",\"urlTemplate\":\"https:\\\/\\\/www.senzani.com\\\/de\\\/?s={search_term_string}\"},\"query-input\":{\"@type\":\"PropertyValueSpecification\",\"valueRequired\":true,\"valueName\":\"search_term_string\"}}],\"inLanguage\":\"de\"},{\"@type\":\"Organization\",\"@id\":\"https:\\\/\\\/www.senzani.com\\\/de\\\/#organization\",\"name\":\"Senzani Brevetti\",\"url\":\"https:\\\/\\\/www.senzani.com\\\/de\\\/\",\"logo\":{\"@type\":\"ImageObject\",\"inLanguage\":\"de\",\"@id\":\"https:\\\/\\\/www.senzani.com\\\/de\\\/#\\\/schema\\\/logo\\\/image\\\/\",\"url\":\"https:\\\/\\\/www.senzani.com\\\/wp-content\\\/uploads\\\/2020\\\/03\\\/logo-senzani.png\",\"contentUrl\":\"https:\\\/\\\/www.senzani.com\\\/wp-content\\\/uploads\\\/2020\\\/03\\\/logo-senzani.png\",\"width\":259,\"height\":71,\"caption\":\"Senzani Brevetti\"},\"image\":{\"@id\":\"https:\\\/\\\/www.senzani.com\\\/de\\\/#\\\/schema\\\/logo\\\/image\\\/\"}}]}<\/script>\n<!-- \/ Yoast SEO plugin. -->","yoast_head_json":{"title":"Wrap-Around-Sammelpacker| Senzani Brevetti","description":"Die CPWA-Sammelpacker von Senzani sind die ideale L\u00f6sung f\u00fcr die Sekund\u00e4rverpackung von Produkten in Umkartons durch Wrap-Around-Technologie","robots":{"index":"index","follow":"follow","max-snippet":"max-snippet:-1","max-image-preview":"max-image-preview:large","max-video-preview":"max-video-preview:-1"},"canonical":"https:\/\/www.senzani.com\/de\/verpackungsloesungen\/sammelpacker\/cpwa\/","og_locale":"de_DE","og_type":"article","og_title":"Wrap-Around-Sammelpacker| Senzani Brevetti","og_description":"Die CPWA-Sammelpacker von Senzani sind die ideale L\u00f6sung f\u00fcr die Sekund\u00e4rverpackung von Produkten in Umkartons durch Wrap-Around-Technologie","og_url":"https:\/\/www.senzani.com\/de\/verpackungsloesungen\/sammelpacker\/cpwa\/","og_site_name":"Senzani Brevetti S.p.A.","article_modified_time":"2024-10-04T15:33:59+00:00","twitter_card":"summary_large_image","twitter_misc":{"Gesch\u00e4tzte Lesezeit":"4\u00a0Minuten"},"schema":{"@context":"https:\/\/schema.org","@graph":[{"@type":"WebPage","@id":"https:\/\/www.senzani.com\/de\/verpackungsloesungen\/sammelpacker\/cpwa\/","url":"https:\/\/www.senzani.com\/de\/verpackungsloesungen\/sammelpacker\/cpwa\/","name":"Wrap-Around-Sammelpacker| Senzani Brevetti","isPartOf":{"@id":"https:\/\/www.senzani.com\/de\/#website"},"datePublished":"2020-06-19T08:30:58+00:00","dateModified":"2024-10-04T15:33:59+00:00","description":"Die CPWA-Sammelpacker von Senzani sind die ideale L\u00f6sung f\u00fcr die Sekund\u00e4rverpackung von Produkten in Umkartons durch Wrap-Around-Technologie","breadcrumb":{"@id":"https:\/\/www.senzani.com\/de\/verpackungsloesungen\/sammelpacker\/cpwa\/#breadcrumb"},"inLanguage":"de","potentialAction":[{"@type":"ReadAction","target":["https:\/\/www.senzani.com\/de\/verpackungsloesungen\/sammelpacker\/cpwa\/"]}]},{"@type":"BreadcrumbList","@id":"https:\/\/www.senzani.com\/de\/verpackungsloesungen\/sammelpacker\/cpwa\/#breadcrumb","itemListElement":[{"@type":"ListItem","position":1,"name":"Home","item":"https:\/\/www.senzani.com\/de\/"},{"@type":"ListItem","position":2,"name":"Verpackungsl\u00f6sungen","item":"https:\/\/www.senzani.com\/de\/verpackungsloesungen\/"},{"@type":"ListItem","position":3,"name":"Case packers","item":"https:\/\/www.senzani.com\/de\/verpackungsloesungen\/sammelpacker\/"},{"@type":"ListItem","position":4,"name":"CPWA"}]},{"@type":"WebSite","@id":"https:\/\/www.senzani.com\/de\/#website","url":"https:\/\/www.senzani.com\/de\/","name":"Senzani Brevetti S.p.A.","description":"Leader nel settore delle macchine per imballaggi","publisher":{"@id":"https:\/\/www.senzani.com\/de\/#organization"},"potentialAction":[{"@type":"SearchAction","target":{"@type":"EntryPoint","urlTemplate":"https:\/\/www.senzani.com\/de\/?s={search_term_string}"},"query-input":{"@type":"PropertyValueSpecification","valueRequired":true,"valueName":"search_term_string"}}],"inLanguage":"de"},{"@type":"Organization","@id":"https:\/\/www.senzani.com\/de\/#organization","name":"Senzani Brevetti","url":"https:\/\/www.senzani.com\/de\/","logo":{"@type":"ImageObject","inLanguage":"de","@id":"https:\/\/www.senzani.com\/de\/#\/schema\/logo\/image\/","url":"https:\/\/www.senzani.com\/wp-content\/uploads\/2020\/03\/logo-senzani.png","contentUrl":"https:\/\/www.senzani.com\/wp-content\/uploads\/2020\/03\/logo-senzani.png","width":259,"height":71,"caption":"Senzani Brevetti"},"image":{"@id":"https:\/\/www.senzani.com\/de\/#\/schema\/logo\/image\/"}}]}},"_links":{"self":[{"href":"https:\/\/www.senzani.com\/de\/wp-json\/wp\/v2\/pages\/23570","targetHints":{"allow":["GET"]}}],"collection":[{"href":"https:\/\/www.senzani.com\/de\/wp-json\/wp\/v2\/pages"}],"about":[{"href":"https:\/\/www.senzani.com\/de\/wp-json\/wp\/v2\/types\/page"}],"author":[{"embeddable":true,"href":"https:\/\/www.senzani.com\/de\/wp-json\/wp\/v2\/users\/4"}],"replies":[{"embeddable":true,"href":"https:\/\/www.senzani.com\/de\/wp-json\/wp\/v2\/comments?post=23570"}],"version-history":[{"count":10,"href":"https:\/\/www.senzani.com\/de\/wp-json\/wp\/v2\/pages\/23570\/revisions"}],"predecessor-version":[{"id":27215,"href":"https:\/\/www.senzani.com\/de\/wp-json\/wp\/v2\/pages\/23570\/revisions\/27215"}],"up":[{"embeddable":true,"href":"https:\/\/www.senzani.com\/de\/wp-json\/wp\/v2\/pages\/23539"}],"wp:attachment":[{"href":"https:\/\/www.senzani.com\/de\/wp-json\/wp\/v2\/media?parent=23570"}],"curies":[{"name":"wp","href":"https:\/\/api.w.org\/{rel}","templated":true}]}}