{"id":23561,"date":"2020-06-19T12:07:30","date_gmt":"2020-06-19T10:07:30","guid":{"rendered":"https:\/\/www.senzani.com\/soluzioni\/incartonatrici\/cptl\/"},"modified":"2024-03-25T16:29:36","modified_gmt":"2024-03-25T15:29:36","slug":"cptl","status":"publish","type":"page","link":"https:\/\/www.senzani.com\/de\/verpackungsloesungen\/sammelpacker\/cptl\/","title":{"rendered":"CPTL"},"content":{"rendered":"<div class=\"wpb-content-wrapper\"><p>[vc_row padding_bottom_multiplier=&#8220;&#8220;][vc_column width=&#8220;1\/6&#8243;]<div class=\"grve-element grve-image grve-animated-item grve-duration-very-slow grve-fade-in grve-align-left\" style=\"\" data-delay=\"200\">  <div class=\"grve-image-wrapper\"><img loading=\"lazy\" decoding=\"async\" width=\"240\" height=\"293\" src=\"https:\/\/www.senzani.com\/wp-content\/uploads\/2020\/03\/case-packers.jpg\" class=\"attachment-full size-full\" alt=\"\" \/>   <\/div><\/div>[vc_column_text animation=&#8220;grve-fade-in&#8220; css=&#8220;.vc_custom_1711380565131{padding-bottom: 20px !important;}&#8220;]<\/p>\n<h1 style=\"color: #db0ca4; font-size: 30px;\">CPTL Sammel-<br \/>\nPacker<\/h1>\n<p><span style=\"color: #333333; font-size: 18px;\">Top-Load-Sammelpacker <\/span>[\/vc_column_text][vc_column_text css=&#8220;.vc_custom_1681475696998{padding-top: 30px !important;padding-bottom: 8px !important;}&#8220;]<\/p>\n<div style=\"line-height: 18px; font-weight: 400;\">Erh\u00e4ltlich mit<\/div>\n<p>[\/vc_column_text][vc_single_image image=&#8220;21742&#8243; img_size=&#8220;120&#215;80&#8243; onclick=&#8220;custom_link&#8220; link=&#8220;https:\/\/www.senzani.com\/de\/smart-remote-service\/&#8220;][\/vc_column][vc_column width=&#8220;5\/6&#8243;]<div class=\"grve-element grve-box grve-align-center grve-animated-item grve-zoom-in grve-duration-normal\" style=\"\" data-delay=\"200\"><figure class=\"grve-image-hover grve-zoom-in\">\t<div class=\"grve-media\">\t\t<div class=\"grve-bg-light grve-hover-overlay grve-opacity-0\"><\/div><img loading=\"lazy\" decoding=\"async\" width=\"1200\" height=\"746\" src=\"https:\/\/www.senzani.com\/wp-content\/uploads\/2020\/05\/CPTL.jpg\" class=\"attachment-full size-full\" alt=\"\" srcset=\"https:\/\/www.senzani.com\/wp-content\/uploads\/2020\/05\/CPTL.jpg 1200w, https:\/\/www.senzani.com\/wp-content\/uploads\/2020\/05\/CPTL-300x187.jpg 300w, https:\/\/www.senzani.com\/wp-content\/uploads\/2020\/05\/CPTL-1024x637.jpg 1024w, https:\/\/www.senzani.com\/wp-content\/uploads\/2020\/05\/CPTL-768x477.jpg 768w\" sizes=\"auto, (max-width: 1200px) 100vw, 1200px\" \/>\t<\/div><\/figure>  <div class=\"grve-box-content\">    <p><\/p>  <\/div><\/div>[\/vc_column][\/vc_row][vc_row padding_top_multiplier=&#8220;&#8220; columns_gap=&#8220;50&#8243;][vc_column width=&#8220;1\/2&#8243;][vc_column_text animation=&#8220;grve-fade-in-down&#8220; animation_duration=&#8220;slow&#8220;]Die <strong>CPTL<\/strong>-Sammelpacker von Senzani sind die ideale L\u00f6sung f\u00fcr die <strong>Sekund\u00e4rverpackung von Produkten in American-Case-Kartons (RSC Case) mit Einf\u00fchrung von oben<\/strong>. Obwohl das Konzept dieser Art von Maschinen recht simpel ist, setzen wir modernste Technologie ein, um eine Reihe an Produkten anzubieten, die unter den schnellsten und zuverl\u00e4ssigsten ihrer Art sind.<\/p>\n<p>Die perfekte Ausformung der Kartons wird durch die Anwendung <strong>hochpr\u00e4ziser servogesteuerter Vorrichtungen<\/strong> und durch die aktiv gef\u00fchrte \u00d6ffnung des Kartons gesichert und w\u00e4hrend des Transports zur Abf\u00fcllstation dank des spezifischen Designs der Transportketten aufrechterhalten.[\/vc_column_text][\/vc_column][vc_column width=&#8220;1\/2&#8243;][vc_column_text animation=&#8220;grve-fade-in-down&#8220; animation_duration=&#8220;slow&#8220;]F\u00fcr die Handhabung der Produkte vor der Abf\u00fcllung bietet Senzani verschiedene L\u00f6sungen an, um sich optimal an die Form und die Art der Prim\u00e4rverpackung anzupassen und maximale Flexibilit\u00e4t bei den Produktgruppierungen innerhalb des Kartons zu garantieren.<br \/>\nUm die Unversehrtheit des Produkts w\u00e4hrend der Karton-Bef\u00fcllung zu sichern, werden verschiedene <strong>Roboter-Systeme<\/strong> eingesetzt, um das Produkt mit extremer Sorgfalt zu handhaben.<br \/>\nDank der Anwendung modernster Technologien erfolgen <strong>Formatwechsel schnell und sicher<\/strong> durch einfache und werkzeuglose Maschinenumstellungen (\u201eTool-free Technologie\u201c). Die Auswahl der Programme findet \u00fcber eine intuitive Bedienerschnittstelle statt. Eine detaillierte Beschreibung des Formatwechsels f\u00fchrt den Bediener Schritt f\u00fcr Schritt durch alle Phasen, um Fehler zu vermeiden.[\/vc_column_text][\/vc_column][\/vc_row][vc_row padding_top_multiplier=&#8220;&#8220; padding_bottom_multiplier=&#8220;&#8220;][vc_column][vc_single_image image=&#8220;19820&#8243; img_size=&#8220;full&#8220;][\/vc_column][\/vc_row][vc_row padding_top_multiplier=&#8220;&#8220; padding_bottom_multiplier=&#8220;3x&#8220; columns_gap=&#8220;50&#8243;][vc_column width=&#8220;1\/2&#8243;][vc_column_text animation=&#8220;grve-fade-in-down&#8220; animation_duration=&#8220;slow&#8220;]F\u00fcr hohe Geschwindigkeiten, worin Senzani Spezialist ist, sieht das Maschinenkonzept <strong>mehrere Stationen f\u00fcr die Formung, Bef\u00fcllung und Verschlie\u00dfung der Kartons<\/strong> vor. Die Bewegungen aller Elemente erfolgen gleichzeitig, mit vollst\u00e4ndig integrierter und einfacher Steuerung \u00fcber das Bedienfeld.<br \/>\nAlle Komponenten sind so konzipiert und ausgew\u00e4hlt, dass sie w\u00e4hrend der gesamten Lebensdauer der Maschine ein H\u00f6chstma\u00df an Zuverl\u00e4ssigkeit gew\u00e4hrleisten.[\/vc_column_text][\/vc_column][vc_column width=&#8220;1\/2&#8243;][vc_column_text animation=&#8220;grve-fade-in-down&#8220; animation_duration=&#8220;slow&#8220;]Bei der Entwicklung unserer Maschinen legen wir gro\u00dfen Wert auf die Suche nach modernen und innovativen L\u00f6sungen zur Energieeinsparung und Verschlei\u00dfverringerung und auf die Verwendung erstklassiger Markenkomponenten.<\/p>\n<p>Vor der Auslieferung werden alle Maschinen von Fachtechnikern montiert und bis auf das kleinste Detail getestet, was die Installierungszeiten deutlich verk\u00fcrzt.[\/vc_column_text][\/vc_column][\/vc_row][vc_row padding_top_multiplier=&#8220;&#8220; columns_gap=&#8220;50&#8243;][vc_column width=&#8220;1\/2&#8243;][vc_custom_heading text=&#8220;Sammelpacker der Produktreihe CPTL<br \/>\nModelle&#8220; font_container=&#8220;tag:h2|text_align:center&#8220; google_fonts=&#8220;font_family:Montserrat%3Aregular%2C700|font_style:400%20regular%3A400%3Anormal&#8220; css_animation=&#8220;right-to-left&#8220;][vc_column_text]<\/p>\n<table border=\"1\">\n<tbody>\n<tr>\n<td>mod.<\/td>\n<td align=\"center\">velocit\u00e0 max cpm<\/td>\n<td>dimensione cassa min<\/td>\n<td>dimensione cassa max<\/td>\n<\/tr>\n<tr>\n<td>CPTL6<\/td>\n<td align=\"center\">6<\/td>\n<td>250x160x250<\/td>\n<td>500x300x450<\/td>\n<\/tr>\n<tr>\n<td>CPTL12<\/td>\n<td align=\"center\">12<\/td>\n<td>250x150x250<\/td>\n<td>500x300x450<\/td>\n<\/tr>\n<tr>\n<td>CPTL20<\/td>\n<td align=\"center\">20<\/td>\n<td>250x150x150<\/td>\n<td>400x300x300<\/td>\n<\/tr>\n<tr>\n<td>CPTL25<\/td>\n<td align=\"center\">25<\/td>\n<td>250x150x150<\/td>\n<td>400x300x300<\/td>\n<\/tr>\n<\/tbody>\n<\/table>\n<p>[\/vc_column_text][\/vc_column][vc_column width=&#8220;1\/2&#8243;][vc_column_text animation=&#8220;grve-fade-in-up&#8220; animation_duration=&#8220;slow&#8220; css=&#8220;.vc_custom_1681476365017{padding-bottom: 20px !important;}&#8220;]<\/p>\n<h4><b>Merkmale:<\/b><\/h4>\n<ul class=\"ul1\">\n<li class=\"li1\">Verpackbare Produkte: Faltschachteln, Doypacks, Pouches, Beutel, Flowpacks, Dosen u.v.m.<\/li>\n<li class=\"li1\">Leistung: bis zu 25 Kartons\/Minute<\/li>\n<li class=\"li1\">Geringer Platzbedarf und einfache Bedienung durch eine Person (bedienerfreundliches Layout)<\/li>\n<li class=\"li1\">3-in-1-Maschine: Karton-\u00d6ffnung, -Bef\u00fcllung und -Verschluss (Hei\u00dfleim oder Klebeband)<\/li>\n<li class=\"li1\">Vertikales\/horizontales und ergonomisches Magazin f\u00fcr flache Kartons, an eine breite Formatpalette und an unterschiedliche Kartonqualit\u00e4ten anpassbar<\/li>\n<li class=\"li1\">Vollelektronische Maschine mit Brushless-Motoren<\/li>\n<li class=\"li1\">An extrem viele Formate und Produktanordnungen anpassbar<\/li>\n<li class=\"li1\">\u201eTool-free\u201c-Technologie f\u00fcr werkzeuglose Verstellungen und Formatwechsel<\/li>\n<li class=\"li1\">Robuste Bauweise, zertifizierte Komponenten, geringer Wartungsbedarf<\/li>\n<li class=\"li1\">Engineering aller Elemente, um eine 100%ige Produktkonformit\u00e4t zu gew\u00e4hrleisten<\/li>\n<li class=\"li1\">Einfache und intuitive Programmierung<\/li>\n<li class=\"li1\">Automatischer Aussto\u00df nicht konformer Kartons<\/li>\n<li class=\"li1\">Leichte Zug\u00e4nglichkeit aller Maschinenelemente<\/li>\n<li class=\"li1\">Lebenslange Schmierung der Lager, zentralisierte Schmierung auf Anfrage<\/li>\n<li class=\"li1\">Reduzierter Energieverbrauch auch dank der Anwendung eines Venturi-Vakuumsystems<\/li>\n<li class=\"li1\">Verf\u00fcgbarkeit aller g\u00e4ngigen SPS-Plattformen (Siemens, Allen Bradley, Schneider und mehr)<\/li>\n<\/ul>\n<p>[\/vc_column_text][\/vc_column][\/vc_row]<\/p>\n<\/div>","protected":false},"excerpt":{"rendered":"<p>[vc_row padding_bottom_multiplier=&#8220;&#8220;][vc_column width=&#8220;1\/6&#8243;][vc_column_text animation=&#8220;grve-fade-in&#8220; css=&#8220;.vc_custom_1711380565131{padding-bottom: 20px !important;}&#8220;] CPTL Sammel- Packer Top-Load-Sammelpacker [\/vc_column_text][vc_column_text css=&#8220;.vc_custom_1681475696998{padding-top: 30px !important;padding-bottom: 8px !important;}&#8220;] Erh\u00e4ltlich mit [\/vc_column_text][vc_single_image image=&#8220;21742&#8243; img_size=&#8220;120&#215;80&#8243; onclick=&#8220;custom_link&#8220; link=&#8220;https:\/\/www.senzani.com\/de\/smart-remote-service\/&#8220;][\/vc_column][vc_column width=&#8220;5\/6&#8243;][\/vc_column][\/vc_row][vc_row padding_top_multiplier=&#8220;&#8220; columns_gap=&#8220;50&#8243;][vc_column width=&#8220;1\/2&#8243;][vc_column_text animation=&#8220;grve-fade-in-down&#8220; animation_duration=&#8220;slow&#8220;]Die CPTL-Sammelpacker von Senzani sind die ideale L\u00f6sung f\u00fcr die Sekund\u00e4rverpackung von Produkten in American-Case-Kartons (RSC Case) mit Einf\u00fchrung von oben. Obwohl das Konzept dieser Art [&hellip;]<\/p>\n","protected":false},"author":4,"featured_media":0,"parent":23539,"menu_order":0,"comment_status":"closed","ping_status":"open","template":"","meta":{"_acf_changed":false,"content-type":"","footnotes":""},"class_list":["post-23561","page","type-page","status-publish","hentry"],"acf":[],"yoast_head":"<!-- This site is optimized with the Yoast SEO plugin v27.3 - https:\/\/yoast.com\/product\/yoast-seo-wordpress\/ -->\n<title>Top-Load-Sammelpacker | Senzani Brevetti<\/title>\n<meta name=\"description\" content=\"Die CPTL-Sammelpacker von Senzani sind die ideale L\u00f6sung f\u00fcr die Bef\u00fcllung von oben von American-Case-Kartons (RSC Case)\" \/>\n<meta name=\"robots\" content=\"index, follow, max-snippet:-1, max-image-preview:large, max-video-preview:-1\" \/>\n<link rel=\"canonical\" href=\"https:\/\/www.senzani.com\/de\/verpackungsloesungen\/sammelpacker\/cptl\/\" \/>\n<meta property=\"og:locale\" content=\"de_DE\" \/>\n<meta property=\"og:type\" content=\"article\" \/>\n<meta property=\"og:title\" content=\"Top-Load-Sammelpacker | Senzani Brevetti\" \/>\n<meta property=\"og:description\" content=\"Die CPTL-Sammelpacker von Senzani sind die ideale L\u00f6sung f\u00fcr die Bef\u00fcllung von oben von American-Case-Kartons (RSC Case)\" \/>\n<meta property=\"og:url\" content=\"https:\/\/www.senzani.com\/de\/verpackungsloesungen\/sammelpacker\/cptl\/\" \/>\n<meta property=\"og:site_name\" content=\"Senzani Brevetti S.p.A.\" \/>\n<meta property=\"article:modified_time\" content=\"2024-03-25T15:29:36+00:00\" \/>\n<meta name=\"twitter:card\" content=\"summary_large_image\" \/>\n<meta name=\"twitter:label1\" content=\"Gesch\u00e4tzte Lesezeit\" \/>\n\t<meta name=\"twitter:data1\" content=\"3\u00a0Minuten\" \/>\n<script type=\"application\/ld+json\" class=\"yoast-schema-graph\">{\"@context\":\"https:\\\/\\\/schema.org\",\"@graph\":[{\"@type\":\"WebPage\",\"@id\":\"https:\\\/\\\/www.senzani.com\\\/de\\\/verpackungsloesungen\\\/sammelpacker\\\/cptl\\\/\",\"url\":\"https:\\\/\\\/www.senzani.com\\\/de\\\/verpackungsloesungen\\\/sammelpacker\\\/cptl\\\/\",\"name\":\"Top-Load-Sammelpacker | Senzani Brevetti\",\"isPartOf\":{\"@id\":\"https:\\\/\\\/www.senzani.com\\\/de\\\/#website\"},\"datePublished\":\"2020-06-19T10:07:30+00:00\",\"dateModified\":\"2024-03-25T15:29:36+00:00\",\"description\":\"Die CPTL-Sammelpacker von Senzani sind die ideale L\u00f6sung f\u00fcr die Bef\u00fcllung von oben von American-Case-Kartons (RSC Case)\",\"breadcrumb\":{\"@id\":\"https:\\\/\\\/www.senzani.com\\\/de\\\/verpackungsloesungen\\\/sammelpacker\\\/cptl\\\/#breadcrumb\"},\"inLanguage\":\"de\",\"potentialAction\":[{\"@type\":\"ReadAction\",\"target\":[\"https:\\\/\\\/www.senzani.com\\\/de\\\/verpackungsloesungen\\\/sammelpacker\\\/cptl\\\/\"]}]},{\"@type\":\"BreadcrumbList\",\"@id\":\"https:\\\/\\\/www.senzani.com\\\/de\\\/verpackungsloesungen\\\/sammelpacker\\\/cptl\\\/#breadcrumb\",\"itemListElement\":[{\"@type\":\"ListItem\",\"position\":1,\"name\":\"Home\",\"item\":\"https:\\\/\\\/www.senzani.com\\\/de\\\/\"},{\"@type\":\"ListItem\",\"position\":2,\"name\":\"Verpackungsl\u00f6sungen\",\"item\":\"https:\\\/\\\/www.senzani.com\\\/de\\\/verpackungsloesungen\\\/\"},{\"@type\":\"ListItem\",\"position\":3,\"name\":\"Case packers\",\"item\":\"https:\\\/\\\/www.senzani.com\\\/de\\\/verpackungsloesungen\\\/sammelpacker\\\/\"},{\"@type\":\"ListItem\",\"position\":4,\"name\":\"CPTL\"}]},{\"@type\":\"WebSite\",\"@id\":\"https:\\\/\\\/www.senzani.com\\\/de\\\/#website\",\"url\":\"https:\\\/\\\/www.senzani.com\\\/de\\\/\",\"name\":\"Senzani Brevetti S.p.A.\",\"description\":\"Leader nel settore delle macchine per imballaggi\",\"publisher\":{\"@id\":\"https:\\\/\\\/www.senzani.com\\\/de\\\/#organization\"},\"potentialAction\":[{\"@type\":\"SearchAction\",\"target\":{\"@type\":\"EntryPoint\",\"urlTemplate\":\"https:\\\/\\\/www.senzani.com\\\/de\\\/?s={search_term_string}\"},\"query-input\":{\"@type\":\"PropertyValueSpecification\",\"valueRequired\":true,\"valueName\":\"search_term_string\"}}],\"inLanguage\":\"de\"},{\"@type\":\"Organization\",\"@id\":\"https:\\\/\\\/www.senzani.com\\\/de\\\/#organization\",\"name\":\"Senzani Brevetti\",\"url\":\"https:\\\/\\\/www.senzani.com\\\/de\\\/\",\"logo\":{\"@type\":\"ImageObject\",\"inLanguage\":\"de\",\"@id\":\"https:\\\/\\\/www.senzani.com\\\/de\\\/#\\\/schema\\\/logo\\\/image\\\/\",\"url\":\"https:\\\/\\\/www.senzani.com\\\/wp-content\\\/uploads\\\/2020\\\/03\\\/logo-senzani.png\",\"contentUrl\":\"https:\\\/\\\/www.senzani.com\\\/wp-content\\\/uploads\\\/2020\\\/03\\\/logo-senzani.png\",\"width\":259,\"height\":71,\"caption\":\"Senzani Brevetti\"},\"image\":{\"@id\":\"https:\\\/\\\/www.senzani.com\\\/de\\\/#\\\/schema\\\/logo\\\/image\\\/\"}}]}<\/script>\n<!-- \/ Yoast SEO plugin. -->","yoast_head_json":{"title":"Top-Load-Sammelpacker | Senzani Brevetti","description":"Die CPTL-Sammelpacker von Senzani sind die ideale L\u00f6sung f\u00fcr die Bef\u00fcllung von oben von American-Case-Kartons (RSC Case)","robots":{"index":"index","follow":"follow","max-snippet":"max-snippet:-1","max-image-preview":"max-image-preview:large","max-video-preview":"max-video-preview:-1"},"canonical":"https:\/\/www.senzani.com\/de\/verpackungsloesungen\/sammelpacker\/cptl\/","og_locale":"de_DE","og_type":"article","og_title":"Top-Load-Sammelpacker | Senzani Brevetti","og_description":"Die CPTL-Sammelpacker von Senzani sind die ideale L\u00f6sung f\u00fcr die Bef\u00fcllung von oben von American-Case-Kartons (RSC Case)","og_url":"https:\/\/www.senzani.com\/de\/verpackungsloesungen\/sammelpacker\/cptl\/","og_site_name":"Senzani Brevetti S.p.A.","article_modified_time":"2024-03-25T15:29:36+00:00","twitter_card":"summary_large_image","twitter_misc":{"Gesch\u00e4tzte Lesezeit":"3\u00a0Minuten"},"schema":{"@context":"https:\/\/schema.org","@graph":[{"@type":"WebPage","@id":"https:\/\/www.senzani.com\/de\/verpackungsloesungen\/sammelpacker\/cptl\/","url":"https:\/\/www.senzani.com\/de\/verpackungsloesungen\/sammelpacker\/cptl\/","name":"Top-Load-Sammelpacker | Senzani Brevetti","isPartOf":{"@id":"https:\/\/www.senzani.com\/de\/#website"},"datePublished":"2020-06-19T10:07:30+00:00","dateModified":"2024-03-25T15:29:36+00:00","description":"Die CPTL-Sammelpacker von Senzani sind die ideale L\u00f6sung f\u00fcr die Bef\u00fcllung von oben von American-Case-Kartons (RSC Case)","breadcrumb":{"@id":"https:\/\/www.senzani.com\/de\/verpackungsloesungen\/sammelpacker\/cptl\/#breadcrumb"},"inLanguage":"de","potentialAction":[{"@type":"ReadAction","target":["https:\/\/www.senzani.com\/de\/verpackungsloesungen\/sammelpacker\/cptl\/"]}]},{"@type":"BreadcrumbList","@id":"https:\/\/www.senzani.com\/de\/verpackungsloesungen\/sammelpacker\/cptl\/#breadcrumb","itemListElement":[{"@type":"ListItem","position":1,"name":"Home","item":"https:\/\/www.senzani.com\/de\/"},{"@type":"ListItem","position":2,"name":"Verpackungsl\u00f6sungen","item":"https:\/\/www.senzani.com\/de\/verpackungsloesungen\/"},{"@type":"ListItem","position":3,"name":"Case packers","item":"https:\/\/www.senzani.com\/de\/verpackungsloesungen\/sammelpacker\/"},{"@type":"ListItem","position":4,"name":"CPTL"}]},{"@type":"WebSite","@id":"https:\/\/www.senzani.com\/de\/#website","url":"https:\/\/www.senzani.com\/de\/","name":"Senzani Brevetti S.p.A.","description":"Leader nel settore delle macchine per imballaggi","publisher":{"@id":"https:\/\/www.senzani.com\/de\/#organization"},"potentialAction":[{"@type":"SearchAction","target":{"@type":"EntryPoint","urlTemplate":"https:\/\/www.senzani.com\/de\/?s={search_term_string}"},"query-input":{"@type":"PropertyValueSpecification","valueRequired":true,"valueName":"search_term_string"}}],"inLanguage":"de"},{"@type":"Organization","@id":"https:\/\/www.senzani.com\/de\/#organization","name":"Senzani Brevetti","url":"https:\/\/www.senzani.com\/de\/","logo":{"@type":"ImageObject","inLanguage":"de","@id":"https:\/\/www.senzani.com\/de\/#\/schema\/logo\/image\/","url":"https:\/\/www.senzani.com\/wp-content\/uploads\/2020\/03\/logo-senzani.png","contentUrl":"https:\/\/www.senzani.com\/wp-content\/uploads\/2020\/03\/logo-senzani.png","width":259,"height":71,"caption":"Senzani Brevetti"},"image":{"@id":"https:\/\/www.senzani.com\/de\/#\/schema\/logo\/image\/"}}]}},"_links":{"self":[{"href":"https:\/\/www.senzani.com\/de\/wp-json\/wp\/v2\/pages\/23561","targetHints":{"allow":["GET"]}}],"collection":[{"href":"https:\/\/www.senzani.com\/de\/wp-json\/wp\/v2\/pages"}],"about":[{"href":"https:\/\/www.senzani.com\/de\/wp-json\/wp\/v2\/types\/page"}],"author":[{"embeddable":true,"href":"https:\/\/www.senzani.com\/de\/wp-json\/wp\/v2\/users\/4"}],"replies":[{"embeddable":true,"href":"https:\/\/www.senzani.com\/de\/wp-json\/wp\/v2\/comments?post=23561"}],"version-history":[{"count":7,"href":"https:\/\/www.senzani.com\/de\/wp-json\/wp\/v2\/pages\/23561\/revisions"}],"predecessor-version":[{"id":25919,"href":"https:\/\/www.senzani.com\/de\/wp-json\/wp\/v2\/pages\/23561\/revisions\/25919"}],"up":[{"embeddable":true,"href":"https:\/\/www.senzani.com\/de\/wp-json\/wp\/v2\/pages\/23539"}],"wp:attachment":[{"href":"https:\/\/www.senzani.com\/de\/wp-json\/wp\/v2\/media?parent=23561"}],"curies":[{"name":"wp","href":"https:\/\/api.w.org\/{rel}","templated":true}]}}