{"id":23528,"date":"2020-06-19T15:56:14","date_gmt":"2020-06-19T13:56:14","guid":{"rendered":"https:\/\/www.senzani.com\/soluzioni\/astucciatrice\/wacm\/"},"modified":"2023-04-21T16:49:25","modified_gmt":"2023-04-21T14:49:25","slug":"wacm","status":"publish","type":"page","link":"https:\/\/www.senzani.com\/de\/verpackungsloesungen\/kartoniermaschinen\/wacm\/","title":{"rendered":"WACM"},"content":{"rendered":"<div class=\"wpb-content-wrapper\"><p>[vc_row padding_bottom_multiplier=&#8220;&#8220;][vc_column width=&#8220;1\/6&#8243;]<div class=\"grve-element grve-image grve-animated-item grve-duration-very-slow grve-fade-in grve-align-left\" style=\"\" data-delay=\"200\">  <div class=\"grve-image-wrapper\"><img loading=\"lazy\" decoding=\"async\" width=\"240\" height=\"293\" src=\"https:\/\/www.senzani.com\/wp-content\/uploads\/2020\/03\/cartoners.jpg\" class=\"attachment-full size-full\" alt=\"\" \/>   <\/div><\/div>[vc_column_text animation=&#8220;grve-fade-in&#8220; css=&#8220;.vc_custom_1682088021073{padding-bottom: 20px !important;}&#8220;]<\/p>\n<h1 style=\"color: #3ba9dc; font-size: 30px;\">WACM<br \/>\nKartonier-<br \/>\nmaschinen<\/h1>\n<p><span style=\"color: #333333; font-size: 18px;\">Wrap-Around Kartoniermaschine ausgehend vom flachen Zuschnitt <\/span>[\/vc_column_text][vc_column_text css=&#8220;.vc_custom_1681467766859{padding-top: 30px !important;padding-bottom: 8px !important;}&#8220;]<\/p>\n<div style=\"line-height: 18px; font-weight: 400;\">Erh\u00e4ltlich mit<\/div>\n<p>[\/vc_column_text][vc_single_image image=&#8220;21742&#8243; img_size=&#8220;120&#215;80&#8243; onclick=&#8220;custom_link&#8220; link=&#8220;https:\/\/www.senzani.com\/de\/smart-remote-service\/&#8220;][\/vc_column][vc_column width=&#8220;5\/6&#8243;]<div class=\"grve-element grve-box grve-align-center grve-animated-item grve-zoom-in grve-duration-normal\" style=\"\" data-delay=\"200\"><figure class=\"grve-image-hover grve-zoom-in\">\t<div class=\"grve-media\">\t\t<div class=\"grve-bg-light grve-hover-overlay grve-opacity-0\"><\/div><img loading=\"lazy\" decoding=\"async\" width=\"1200\" height=\"745\" src=\"https:\/\/www.senzani.com\/wp-content\/uploads\/2020\/07\/WACM1.jpg\" class=\"attachment-full size-full\" alt=\"\" srcset=\"https:\/\/www.senzani.com\/wp-content\/uploads\/2020\/07\/WACM1.jpg 1200w, https:\/\/www.senzani.com\/wp-content\/uploads\/2020\/07\/WACM1-300x186.jpg 300w, https:\/\/www.senzani.com\/wp-content\/uploads\/2020\/07\/WACM1-1024x636.jpg 1024w, https:\/\/www.senzani.com\/wp-content\/uploads\/2020\/07\/WACM1-768x477.jpg 768w\" sizes=\"auto, (max-width: 1200px) 100vw, 1200px\" \/>\t<\/div><\/figure>  <div class=\"grve-box-content\">    <p><\/p>  <\/div><\/div>[\/vc_column][\/vc_row][vc_row padding_top_multiplier=&#8220;&#8220; columns_gap=&#8220;50&#8243;][vc_column width=&#8220;1\/2&#8243;][vc_column_text animation=&#8220;grve-fade-in-down&#8220; animation_duration=&#8220;slow&#8220;]Die <strong>WACM<\/strong>-Kartonierer wurden f\u00fcr das <strong>Wrap-Around-Verpacken (ausgehend vom flachen Verpackungszuschnitt)<\/strong> von Produkten entwicket und stellen die ideale L\u00f6sung f\u00fcr Kunden dar, die ihre Produkte in verkaufsfertigen Verpackungseinheiten wie Trays, Displays o.\u00c4. pr\u00e4sentieren wollen.<\/p>\n<p>Dank der Anwendung spezifischer Technologien wird das Produkt mit extremer Sorgfalt gehandhabt und die Verpackung wird direkt um die Packformation geformt. Das so entstandene Gebinde kann dank seiner Kompaktheit problemlos und unversehrt zum Verkaufsort transportiert werden.[\/vc_column_text][\/vc_column][vc_column width=&#8220;1\/2&#8243;][vc_column_text animation=&#8220;grve-fade-in-down&#8220; animation_duration=&#8220;slow&#8220;]Das <strong>ergonomische Magazin f\u00fcr Schachtelzuschnitte<\/strong> ist f\u00fcr verschiedene Formate, auch mit unterschiedlicher Grammatur, konzipiert.<\/p>\n<p>Sollte es sich f\u00fcr n\u00f6tig erweisen, sehen die WACM-Maschinen auch ein Modul f\u00fcr die Handhabung von Einsetzlagen und\/oder Trennlagen vor.<\/p>\n<p>Dank der Anwendung modernster Technologien erfolgen <strong>Formatwechsel<\/strong> <strong>schnell und sicher durch einfache und werkzeuglose Maschinenumstellungen<\/strong> (\u201eTool-free Technologie\u201c). Die Auswahl der Programme findet \u00fcber eine intuitive Bedienerschnittstelle statt. Eine detaillierte Beschreibung des Formatwechsels f\u00fchrt den Bediener Schritt f\u00fcr Schritt durch alle Phasen, um Fehler zu vermeiden.[\/vc_column_text][\/vc_column][\/vc_row][vc_row padding_top_multiplier=&#8220;&#8220; padding_bottom_multiplier=&#8220;&#8220;][vc_column][vc_single_image image=&#8220;19826&#8243; img_size=&#8220;full&#8220;][\/vc_column][\/vc_row][vc_row padding_top_multiplier=&#8220;&#8220; padding_bottom_multiplier=&#8220;3x&#8220; columns_gap=&#8220;50&#8243;][vc_column width=&#8220;1\/2&#8243;][vc_column_text animation=&#8220;grve-fade-in-down&#8220; animation_duration=&#8220;slow&#8220;]F\u00fcr hohe Geschwindigkeiten, worin Senzani Spezialist ist, sieht das Maschinenkonzept<strong> mehrere Stationen f\u00fcr die Formung, Bef\u00fcllung und Verschlie\u00dfung der Faltschachteln<\/strong> vor. Diese Stationen k\u00f6nnen je nach Produkt und gew\u00fcnschter Anordnung innerhalb der Verpackung konfiguriert werden. Die Bewegungen aller Elemente erfolgen gleichzeitig, mit vollst\u00e4ndig integrierter und einfacher Steuerung \u00fcber das Bedienfeld.<\/p>\n<p>Alle Komponenten sind so konzipiert und ausgew\u00e4hlt, dass sie w\u00e4hrend der gesamten Lebensdauer der Maschine ein H\u00f6chstma\u00df an Zuverl\u00e4ssigkeit gew\u00e4hrleisten und optimal an die sich im Laufe der Zeit \u00e4ndernden Formateigenschaften angepasst werden k\u00f6nnen, um den von Vorschriften, Marketingstrategien und Produkten bedingten Entwicklungen gerecht zu werden.<\/p>\n<p>Bei der Entwicklung unserer Maschinen legen wir gro\u00dfen Wert auf die Suche nach modernen und innovativen L\u00f6sungen zur Energieeinsparung und Verschlei\u00dfverringerung und auf die Verwendung erstklassiger Markenkomponenten.<br \/>\nVor der Auslieferung werden alle Maschinen von Fachtechnikern montiert und bis auf das kleinste Detail getestet, was die Installierungszeiten deutlich verk\u00fcrzt.[\/vc_column_text][\/vc_column][vc_column width=&#8220;1\/2&#8243;][vc_custom_heading text=&#8220;Kartonierer der Produktreihe WACM<br \/>\nModelle&#8220; font_container=&#8220;tag:h2|text_align:center&#8220; use_theme_fonts=&#8220;yes&#8220;][vc_column_text]<\/p>\n<table border=\"1\">\n<tbody>\n<tr>\n<td>mod.<\/td>\n<td align=\"center\">Max. Zuf\u00fchrungs-geschwindigkeit<br \/>\n(vom Produkt abh\u00e4ngig)<\/td>\n<td>Max. Ma\u00dfe der WA-Schachteln<\/td>\n<td>Min. Ma\u00dfe der WA-Schachteln<\/td>\n<\/tr>\n<tr>\n<td>WACM12<\/td>\n<td align=\"center\">1700 cpm<\/td>\n<td>130x90x30<\/td>\n<td>150x110x50<\/td>\n<\/tr>\n<tr>\n<td>WACM15<\/td>\n<td align=\"center\">300 cpm<\/td>\n<td>150x90x30<\/td>\n<td>200x120x60<\/td>\n<\/tr>\n<tr>\n<td>WACM20<\/td>\n<td align=\"center\">300 cpm<\/td>\n<td>150x80x80<\/td>\n<td>250x100x100<\/td>\n<\/tr>\n<\/tbody>\n<\/table>\n<p>[\/vc_column_text][\/vc_column][\/vc_row][vc_row][vc_column]<div class=\"grve-element grve-divider\" style=\"\"><div class=\"grve-line-divider grve-border\"><\/div><\/div>[\/vc_column][\/vc_row][vc_row padding_top_multiplier=&#8220;&#8220; columns_gap=&#8220;50&#8243;][vc_column width=&#8220;1\/2&#8243;][vc_column_text animation=&#8220;grve-fade-in-up&#8220; animation_duration=&#8220;slow&#8220; css=&#8220;.vc_custom_1681468154109{padding-bottom: 20px !important;}&#8220;]<\/p>\n<h4><b>Merkmale:<\/b><\/h4>\n<ul class=\"ul1\">\n<li class=\"li1\">verpackbare Produkte: vorverpackte Produkte mit gleichm\u00e4\u00dfiger Form wie Suppenw\u00fcrfel, Faltschachteln, Schalen, Kaffeekapseln, Dosen u.v.m.<\/li>\n<li class=\"li1\">Zuf\u00fchrgeschwindigkeit: bis zu 1700 Einheiten\/Minute<\/li>\n<li class=\"li1\">Leistung: bis zu 25 Verpackungen\/Minute<\/li>\n<li class=\"li1\">Geringer Platzbedarf und einfache Bedienung durch eine Person (bedienerfreundliches Layout)<\/li>\n<li class=\"li1\">Vertikales und ergonomisches Schachtelmagazin, an eine breite Formatpalette anpassbar<\/li>\n<li class=\"li1\">Brushless-Motoren<\/li>\n<li class=\"li1\">\u00a0\u201eTool-free\u201c-Technologie f\u00fcr werkzeuglose Verstellungen und Formatwechsel<\/li>\n<\/ul>\n<p>[\/vc_column_text][\/vc_column][vc_column width=&#8220;1\/2&#8243;][vc_column_text animation=&#8220;grve-fade-in-up&#8220; animation_duration=&#8220;slow&#8220; css=&#8220;.vc_custom_1681468182853{padding-bottom: 20px !important;}&#8220;]<\/p>\n<h4><b>\u00a0\u00a0<\/b><\/h4>\n<ul class=\"ul1\">\n<li class=\"li1\">Modul f\u00fcr die Handhabung von Einsetzlagen und\/oder Trennlagen (optional erh\u00e4ltlich)<\/li>\n<li class=\"li1\">Robuste Bauweise, zertifizierte Komponenten, geringer Wartungsbedarf<\/li>\n<li class=\"li1\">Engineering aller Elemente, um eine 100%ige Produktkonformit\u00e4t zu gew\u00e4hrleisten<\/li>\n<li class=\"li1\">Einfache und intuitive Programmierung<\/li>\n<li class=\"li1\">Automatischer Aussto\u00df nicht konformer Verpackungen<\/li>\n<li class=\"li1\">Integration eines Bildverarbeitungssystems<\/li>\n<li class=\"li1\">Lebenslange Schmierung der Lager, zentralisierte Schmierung auf Anfrage<\/li>\n<li class=\"li1\">Verf\u00fcgbarkeit aller g\u00e4ngigen SPS-Systeme (Siemens, Allen Bradley, Schneider)<\/li>\n<\/ul>\n<p>[\/vc_column_text][\/vc_column][\/vc_row]<\/p>\n<\/div>","protected":false},"excerpt":{"rendered":"<p>[vc_row padding_bottom_multiplier=&#8220;&#8220;][vc_column width=&#8220;1\/6&#8243;][vc_column_text animation=&#8220;grve-fade-in&#8220; css=&#8220;.vc_custom_1682088021073{padding-bottom: 20px !important;}&#8220;] WACM Kartonier- maschinen Wrap-Around Kartoniermaschine ausgehend vom flachen Zuschnitt [\/vc_column_text][vc_column_text css=&#8220;.vc_custom_1681467766859{padding-top: 30px !important;padding-bottom: 8px !important;}&#8220;] Erh\u00e4ltlich mit [\/vc_column_text][vc_single_image image=&#8220;21742&#8243; img_size=&#8220;120&#215;80&#8243; onclick=&#8220;custom_link&#8220; link=&#8220;https:\/\/www.senzani.com\/de\/smart-remote-service\/&#8220;][\/vc_column][vc_column width=&#8220;5\/6&#8243;][\/vc_column][\/vc_row][vc_row padding_top_multiplier=&#8220;&#8220; columns_gap=&#8220;50&#8243;][vc_column width=&#8220;1\/2&#8243;][vc_column_text animation=&#8220;grve-fade-in-down&#8220; animation_duration=&#8220;slow&#8220;]Die WACM-Kartonierer wurden f\u00fcr das Wrap-Around-Verpacken (ausgehend vom flachen Verpackungszuschnitt) von Produkten entwicket und stellen die ideale L\u00f6sung f\u00fcr Kunden dar, [&hellip;]<\/p>\n","protected":false},"author":2,"featured_media":0,"parent":23436,"menu_order":0,"comment_status":"closed","ping_status":"open","template":"","meta":{"_acf_changed":false,"content-type":"","footnotes":""},"class_list":["post-23528","page","type-page","status-publish","hentry"],"acf":[],"yoast_head":"<!-- This site is optimized with the Yoast SEO plugin v27.4 - https:\/\/yoast.com\/product\/yoast-seo-wordpress\/ -->\n<title>Wrap-Around Kartoniermaschine ausgehend vom flachen Zuschnitt | Senzani Brevetti<\/title>\n<meta name=\"description\" content=\"Die WACM-Kartonierer sind die ideale L\u00f6sung um Produkte in verkaufsfertigen Verpackungseinheiten wie Trays, Displays o.\u00c4. zu verpacken\" \/>\n<meta name=\"robots\" content=\"index, follow, max-snippet:-1, max-image-preview:large, max-video-preview:-1\" \/>\n<link rel=\"canonical\" href=\"https:\/\/www.senzani.com\/de\/verpackungsloesungen\/kartoniermaschinen\/wacm\/\" \/>\n<meta property=\"og:locale\" content=\"de_DE\" \/>\n<meta property=\"og:type\" content=\"article\" \/>\n<meta property=\"og:title\" content=\"Wrap-Around Kartoniermaschine ausgehend vom flachen Zuschnitt | Senzani Brevetti\" \/>\n<meta property=\"og:description\" content=\"Die WACM-Kartonierer sind die ideale L\u00f6sung um Produkte in verkaufsfertigen Verpackungseinheiten wie Trays, Displays o.\u00c4. zu verpacken\" \/>\n<meta property=\"og:url\" content=\"https:\/\/www.senzani.com\/de\/verpackungsloesungen\/kartoniermaschinen\/wacm\/\" \/>\n<meta property=\"og:site_name\" content=\"Senzani Brevetti S.p.A.\" \/>\n<meta property=\"article:modified_time\" content=\"2023-04-21T14:49:25+00:00\" \/>\n<meta name=\"twitter:card\" content=\"summary_large_image\" \/>\n<meta name=\"twitter:label1\" content=\"Gesch\u00e4tzte Lesezeit\" \/>\n\t<meta name=\"twitter:data1\" content=\"3\u00a0Minuten\" \/>\n<script type=\"application\/ld+json\" class=\"yoast-schema-graph\">{\"@context\":\"https:\\\/\\\/schema.org\",\"@graph\":[{\"@type\":\"WebPage\",\"@id\":\"https:\\\/\\\/www.senzani.com\\\/de\\\/verpackungsloesungen\\\/kartoniermaschinen\\\/wacm\\\/\",\"url\":\"https:\\\/\\\/www.senzani.com\\\/de\\\/verpackungsloesungen\\\/kartoniermaschinen\\\/wacm\\\/\",\"name\":\"Wrap-Around Kartoniermaschine ausgehend vom flachen Zuschnitt | Senzani Brevetti\",\"isPartOf\":{\"@id\":\"https:\\\/\\\/www.senzani.com\\\/de\\\/#website\"},\"datePublished\":\"2020-06-19T13:56:14+00:00\",\"dateModified\":\"2023-04-21T14:49:25+00:00\",\"description\":\"Die WACM-Kartonierer sind die ideale L\u00f6sung um Produkte in verkaufsfertigen Verpackungseinheiten wie Trays, Displays o.\u00c4. zu verpacken\",\"breadcrumb\":{\"@id\":\"https:\\\/\\\/www.senzani.com\\\/de\\\/verpackungsloesungen\\\/kartoniermaschinen\\\/wacm\\\/#breadcrumb\"},\"inLanguage\":\"de\",\"potentialAction\":[{\"@type\":\"ReadAction\",\"target\":[\"https:\\\/\\\/www.senzani.com\\\/de\\\/verpackungsloesungen\\\/kartoniermaschinen\\\/wacm\\\/\"]}]},{\"@type\":\"BreadcrumbList\",\"@id\":\"https:\\\/\\\/www.senzani.com\\\/de\\\/verpackungsloesungen\\\/kartoniermaschinen\\\/wacm\\\/#breadcrumb\",\"itemListElement\":[{\"@type\":\"ListItem\",\"position\":1,\"name\":\"Home\",\"item\":\"https:\\\/\\\/www.senzani.com\\\/de\\\/\"},{\"@type\":\"ListItem\",\"position\":2,\"name\":\"Verpackungsl\u00f6sungen\",\"item\":\"https:\\\/\\\/www.senzani.com\\\/de\\\/verpackungsloesungen\\\/\"},{\"@type\":\"ListItem\",\"position\":3,\"name\":\"Cartoners\",\"item\":\"https:\\\/\\\/www.senzani.com\\\/de\\\/verpackungsloesungen\\\/kartoniermaschinen\\\/\"},{\"@type\":\"ListItem\",\"position\":4,\"name\":\"WACM\"}]},{\"@type\":\"WebSite\",\"@id\":\"https:\\\/\\\/www.senzani.com\\\/de\\\/#website\",\"url\":\"https:\\\/\\\/www.senzani.com\\\/de\\\/\",\"name\":\"Senzani Brevetti S.p.A.\",\"description\":\"Leader nel settore delle macchine per imballaggi\",\"publisher\":{\"@id\":\"https:\\\/\\\/www.senzani.com\\\/de\\\/#organization\"},\"potentialAction\":[{\"@type\":\"SearchAction\",\"target\":{\"@type\":\"EntryPoint\",\"urlTemplate\":\"https:\\\/\\\/www.senzani.com\\\/de\\\/?s={search_term_string}\"},\"query-input\":{\"@type\":\"PropertyValueSpecification\",\"valueRequired\":true,\"valueName\":\"search_term_string\"}}],\"inLanguage\":\"de\"},{\"@type\":\"Organization\",\"@id\":\"https:\\\/\\\/www.senzani.com\\\/de\\\/#organization\",\"name\":\"Senzani Brevetti\",\"url\":\"https:\\\/\\\/www.senzani.com\\\/de\\\/\",\"logo\":{\"@type\":\"ImageObject\",\"inLanguage\":\"de\",\"@id\":\"https:\\\/\\\/www.senzani.com\\\/de\\\/#\\\/schema\\\/logo\\\/image\\\/\",\"url\":\"https:\\\/\\\/www.senzani.com\\\/wp-content\\\/uploads\\\/2020\\\/03\\\/logo-senzani.png\",\"contentUrl\":\"https:\\\/\\\/www.senzani.com\\\/wp-content\\\/uploads\\\/2020\\\/03\\\/logo-senzani.png\",\"width\":259,\"height\":71,\"caption\":\"Senzani Brevetti\"},\"image\":{\"@id\":\"https:\\\/\\\/www.senzani.com\\\/de\\\/#\\\/schema\\\/logo\\\/image\\\/\"}}]}<\/script>\n<!-- \/ Yoast SEO plugin. -->","yoast_head_json":{"title":"Wrap-Around Kartoniermaschine ausgehend vom flachen Zuschnitt | Senzani Brevetti","description":"Die WACM-Kartonierer sind die ideale L\u00f6sung um Produkte in verkaufsfertigen Verpackungseinheiten wie Trays, Displays o.\u00c4. zu verpacken","robots":{"index":"index","follow":"follow","max-snippet":"max-snippet:-1","max-image-preview":"max-image-preview:large","max-video-preview":"max-video-preview:-1"},"canonical":"https:\/\/www.senzani.com\/de\/verpackungsloesungen\/kartoniermaschinen\/wacm\/","og_locale":"de_DE","og_type":"article","og_title":"Wrap-Around Kartoniermaschine ausgehend vom flachen Zuschnitt | Senzani Brevetti","og_description":"Die WACM-Kartonierer sind die ideale L\u00f6sung um Produkte in verkaufsfertigen Verpackungseinheiten wie Trays, Displays o.\u00c4. zu verpacken","og_url":"https:\/\/www.senzani.com\/de\/verpackungsloesungen\/kartoniermaschinen\/wacm\/","og_site_name":"Senzani Brevetti S.p.A.","article_modified_time":"2023-04-21T14:49:25+00:00","twitter_card":"summary_large_image","twitter_misc":{"Gesch\u00e4tzte Lesezeit":"3\u00a0Minuten"},"schema":{"@context":"https:\/\/schema.org","@graph":[{"@type":"WebPage","@id":"https:\/\/www.senzani.com\/de\/verpackungsloesungen\/kartoniermaschinen\/wacm\/","url":"https:\/\/www.senzani.com\/de\/verpackungsloesungen\/kartoniermaschinen\/wacm\/","name":"Wrap-Around Kartoniermaschine ausgehend vom flachen Zuschnitt | Senzani Brevetti","isPartOf":{"@id":"https:\/\/www.senzani.com\/de\/#website"},"datePublished":"2020-06-19T13:56:14+00:00","dateModified":"2023-04-21T14:49:25+00:00","description":"Die WACM-Kartonierer sind die ideale L\u00f6sung um Produkte in verkaufsfertigen Verpackungseinheiten wie Trays, Displays o.\u00c4. zu verpacken","breadcrumb":{"@id":"https:\/\/www.senzani.com\/de\/verpackungsloesungen\/kartoniermaschinen\/wacm\/#breadcrumb"},"inLanguage":"de","potentialAction":[{"@type":"ReadAction","target":["https:\/\/www.senzani.com\/de\/verpackungsloesungen\/kartoniermaschinen\/wacm\/"]}]},{"@type":"BreadcrumbList","@id":"https:\/\/www.senzani.com\/de\/verpackungsloesungen\/kartoniermaschinen\/wacm\/#breadcrumb","itemListElement":[{"@type":"ListItem","position":1,"name":"Home","item":"https:\/\/www.senzani.com\/de\/"},{"@type":"ListItem","position":2,"name":"Verpackungsl\u00f6sungen","item":"https:\/\/www.senzani.com\/de\/verpackungsloesungen\/"},{"@type":"ListItem","position":3,"name":"Cartoners","item":"https:\/\/www.senzani.com\/de\/verpackungsloesungen\/kartoniermaschinen\/"},{"@type":"ListItem","position":4,"name":"WACM"}]},{"@type":"WebSite","@id":"https:\/\/www.senzani.com\/de\/#website","url":"https:\/\/www.senzani.com\/de\/","name":"Senzani Brevetti S.p.A.","description":"Leader nel settore delle macchine per imballaggi","publisher":{"@id":"https:\/\/www.senzani.com\/de\/#organization"},"potentialAction":[{"@type":"SearchAction","target":{"@type":"EntryPoint","urlTemplate":"https:\/\/www.senzani.com\/de\/?s={search_term_string}"},"query-input":{"@type":"PropertyValueSpecification","valueRequired":true,"valueName":"search_term_string"}}],"inLanguage":"de"},{"@type":"Organization","@id":"https:\/\/www.senzani.com\/de\/#organization","name":"Senzani Brevetti","url":"https:\/\/www.senzani.com\/de\/","logo":{"@type":"ImageObject","inLanguage":"de","@id":"https:\/\/www.senzani.com\/de\/#\/schema\/logo\/image\/","url":"https:\/\/www.senzani.com\/wp-content\/uploads\/2020\/03\/logo-senzani.png","contentUrl":"https:\/\/www.senzani.com\/wp-content\/uploads\/2020\/03\/logo-senzani.png","width":259,"height":71,"caption":"Senzani Brevetti"},"image":{"@id":"https:\/\/www.senzani.com\/de\/#\/schema\/logo\/image\/"}}]}},"_links":{"self":[{"href":"https:\/\/www.senzani.com\/de\/wp-json\/wp\/v2\/pages\/23528","targetHints":{"allow":["GET"]}}],"collection":[{"href":"https:\/\/www.senzani.com\/de\/wp-json\/wp\/v2\/pages"}],"about":[{"href":"https:\/\/www.senzani.com\/de\/wp-json\/wp\/v2\/types\/page"}],"author":[{"embeddable":true,"href":"https:\/\/www.senzani.com\/de\/wp-json\/wp\/v2\/users\/2"}],"replies":[{"embeddable":true,"href":"https:\/\/www.senzani.com\/de\/wp-json\/wp\/v2\/comments?post=23528"}],"version-history":[{"count":6,"href":"https:\/\/www.senzani.com\/de\/wp-json\/wp\/v2\/pages\/23528\/revisions"}],"predecessor-version":[{"id":25082,"href":"https:\/\/www.senzani.com\/de\/wp-json\/wp\/v2\/pages\/23528\/revisions\/25082"}],"up":[{"embeddable":true,"href":"https:\/\/www.senzani.com\/de\/wp-json\/wp\/v2\/pages\/23436"}],"wp:attachment":[{"href":"https:\/\/www.senzani.com\/de\/wp-json\/wp\/v2\/media?parent=23528"}],"curies":[{"name":"wp","href":"https:\/\/api.w.org\/{rel}","templated":true}]}}