{"id":23518,"date":"2020-06-19T15:07:58","date_gmt":"2020-06-19T13:07:58","guid":{"rendered":"https:\/\/www.senzani.com\/soluzioni\/astucciatrice\/vcmx\/"},"modified":"2023-04-21T16:46:09","modified_gmt":"2023-04-21T14:46:09","slug":"vcmx","status":"publish","type":"page","link":"https:\/\/www.senzani.com\/de\/verpackungsloesungen\/kartoniermaschinen\/vcmx\/","title":{"rendered":"VCMX"},"content":{"rendered":"<div class=\"wpb-content-wrapper\"><p>[vc_row padding_bottom_multiplier=&#8220;&#8220;][vc_column width=&#8220;1\/6&#8243;]<div class=\"grve-element grve-image grve-animated-item grve-duration-very-slow grve-fade-in grve-align-left\" style=\"\" data-delay=\"200\">  <div class=\"grve-image-wrapper\"><img loading=\"lazy\" decoding=\"async\" width=\"240\" height=\"293\" src=\"https:\/\/www.senzani.com\/wp-content\/uploads\/2020\/03\/cartoners.jpg\" class=\"attachment-full size-full\" alt=\"\" \/>   <\/div><\/div>[vc_column_text animation=&#8220;grve-fade-in&#8220; css=&#8220;.vc_custom_1682087865675{padding-bottom: 20px !important;}&#8220;]<\/p>\n<h1 style=\"color: #3ba9dc; font-size: 30px;\">VCMX<br \/>\nKartonier-<br \/>\nmaschinen<\/h1>\n<p><span style=\"color: #333333; font-size: 18px;\">Kontinuierlich arbeitende vertikale Kartoniermaschine f\u00fcr hohe Geschwindigkeiten <\/span>[\/vc_column_text][vc_column_text css=&#8220;.vc_custom_1681466274244{padding-top: 30px !important;padding-bottom: 8px !important;}&#8220;]<\/p>\n<div style=\"line-height: 18px; font-weight: 400;\">Erh\u00e4ltlich mit<\/div>\n<p>[\/vc_column_text][vc_single_image image=&#8220;21742&#8243; img_size=&#8220;120&#215;80&#8243; onclick=&#8220;custom_link&#8220; link=&#8220;https:\/\/www.senzani.com\/de\/smart-remote-service\/&#8220;][\/vc_column][vc_column width=&#8220;5\/6&#8243;]<div class=\"grve-element grve-box grve-align-center grve-animated-item grve-zoom-in grve-duration-normal\" style=\"\" data-delay=\"200\"><figure class=\"grve-image-hover grve-zoom-in\">\t<div class=\"grve-media\">\t\t<div class=\"grve-bg-light grve-hover-overlay grve-opacity-0\"><\/div><img loading=\"lazy\" decoding=\"async\" width=\"1200\" height=\"656\" src=\"https:\/\/www.senzani.com\/wp-content\/uploads\/2021\/04\/VCMX2.jpg\" class=\"attachment-full size-full\" alt=\"\" srcset=\"https:\/\/www.senzani.com\/wp-content\/uploads\/2021\/04\/VCMX2.jpg 1200w, https:\/\/www.senzani.com\/wp-content\/uploads\/2021\/04\/VCMX2-300x164.jpg 300w, https:\/\/www.senzani.com\/wp-content\/uploads\/2021\/04\/VCMX2-1024x560.jpg 1024w, https:\/\/www.senzani.com\/wp-content\/uploads\/2021\/04\/VCMX2-768x420.jpg 768w\" sizes=\"auto, (max-width: 1200px) 100vw, 1200px\" \/>\t<\/div><\/figure>  <div class=\"grve-box-content\">    <p><\/p>  <\/div><\/div>[\/vc_column][\/vc_row][vc_row padding_top_multiplier=&#8220;&#8220; columns_gap=&#8220;50&#8243;][vc_column width=&#8220;1\/2&#8243;][vc_column_text animation=&#8220;grve-fade-in-down&#8220; animation_duration=&#8220;slow&#8220;]Die Senzani <strong>VCMX<\/strong>-Kartonierer sind f\u00fcr Kunden gedacht, deren Produktionsbed\u00fcrfnisse <strong>h\u00f6chste Qualit\u00e4t und maximale Zuverl\u00e4ssigkeit<\/strong> erfordern, auch bei hohen Geschwindigkeiten und im 24\/7-Betrieb.<\/p>\n<p>Die Maschinen der VCMX-Produktpalette wurden speziell <strong>f\u00fcr hohe Produktionsleistungen entwickelt<\/strong>. Hier werden fortschrittliche technologische L\u00f6sungen geschickt eingesetzt, um optimale Ergebnisse in Bezug auf Effizienz, Produktivit\u00e4t und Robustheit zu gew\u00e4hrleisten.<\/p>\n<p>Dank \u201eintelligenter\u201c L\u00f6sungen zur Vereinfachung der Formatwechsel, erfolgen diese extrem schnell, bedienerfreundlich und fehlerlos.[\/vc_column_text][\/vc_column][vc_column width=&#8220;1\/2&#8243;][vc_column_text animation=&#8220;grve-fade-in-down&#8220; animation_duration=&#8220;slow&#8220;]Je nach Eigenschaften des Projekts wird der VCMX-Kartonierer mit mechanischem Antrieb oder mit Servoantrieb geliefert. Im zweiten Fall werden die Funktionsparameter elektronisch und im Selbstdiagnosemodus verwaltet.<\/p>\n<p>Alle Komponenten sind so konzipiert und ausgew\u00e4hlt, dass sie w\u00e4hrend der gesamten Lebensdauer der Maschine ein H\u00f6chstma\u00df an <strong>Zuverl\u00e4ssigkeit<\/strong> gew\u00e4hrleisten und <strong>optimal an die sich im Laufe der Zeit \u00e4ndernden Formateigenschaften angepasst<\/strong> werden k\u00f6nnen, um den von Vorschriften, Marketingstrategien und Produkten bedingten Entwicklungen gerecht zu werden.[\/vc_column_text][\/vc_column][\/vc_row][vc_row padding_top_multiplier=&#8220;&#8220; padding_bottom_multiplier=&#8220;&#8220;][vc_column][vc_single_image image=&#8220;21073&#8243; img_size=&#8220;full&#8220;][\/vc_column][\/vc_row][vc_row padding_top_multiplier=&#8220;&#8220; padding_bottom_multiplier=&#8220;3x&#8220; columns_gap=&#8220;50&#8243;][vc_column width=&#8220;1\/2&#8243;][vc_column_text animation=&#8220;grve-fade-in-down&#8220; animation_duration=&#8220;slow&#8220;]Die absolute Qualit\u00e4t und perfekte Ausformung jeder Faltschachtel werden durch \u00e4u\u00dferst strenge Baustandards und die sorgf\u00e4ltige Feinjustierung aller Elemente w\u00e4hrend der Test- und Produktionsanlaufphasen mit dem Kunden gesichert.<\/p>\n<p>Die Entnahme der <strong>flachen Faltschachteln<\/strong> aus dem FS-Magazin und deren Einf\u00fchrung in die FS-Halter erfolgt <strong>kontinuierlich und mit aktiver F\u00fchrung der Faltschachtel<\/strong>. Die Einf\u00fcgung der Faltschachtel in den FS-Halter erfolgt \u00e4u\u00dferst sanft und pr\u00e4zise: So bleibt die Faltschachtel unversehrt, selbst bei sehr hohen Geschwindigkeiten und bei Faltschachteln mit nicht optimaler Kartonqualit\u00e4t und\/oder quadratischer Form.<\/p>\n<p>In Hinblick auf Abfallvermeidung hat Senzani verschiedene \u201eintelligente\u201c Produkt- und Faltschachtel-Verwaltungsfunktionen w\u00e4hrend der Abf\u00fcll- und Verschlussphase entwickelt, dank denen Materialverschwendungen vermieden werden k\u00f6nnen, was positive Auswirkungen auf die Rentabilit\u00e4t der Investition hat.[\/vc_column_text][\/vc_column][vc_column width=&#8220;1\/2&#8243;][vc_column_text animation=&#8220;grve-fade-in-down&#8220; animation_duration=&#8220;slow&#8220;]Im Falle eines Produktmangels in der Zuf\u00fchrung sorgt die &#8222;<strong>No product\/no carton<\/strong>&#8222;-Funktion von Senzani z.B. daf\u00fcr, dass die entsprechende Faltschachtel nicht aus dem FS-Magazin genommen wird, und meidet so die Verschwendung von Faltschachteln und Hei\u00dfleim. Eine weitere Funktion erm\u00f6glicht es, bei einem gew\u00f6hnlichen Maschinenstopp den Schlie\u00dfvorgang der Laschen von bereits in Produktion befindlichen Faltschachteln fortzuf\u00fchren und zu vollbringen, um sicherzustellen, dass der Hei\u00dfleim h\u00e4lt und so Produkt- und Materialabf\u00e4lle zu vermeiden.<\/p>\n<p>Bei der Entwicklung unserer Maschinen legen wir gro\u00dfen Wert auf die Suche nach modernen und innovativen L\u00f6sungen zur Energieeinsparung und Verschlei\u00dfverringerung und auf die Verwendung erstklassiger Markenkomponenten.<\/p>\n<p>Vor der Auslieferung werden alle Maschinen von Fachtechnikern montiert und bis auf das kleinste Detail getestet, was die Installierungszeiten deutlich verk\u00fcrzt.[\/vc_column_text][\/vc_column][\/vc_row][vc_row padding_top_multiplier=&#8220;&#8220; columns_gap=&#8220;50&#8243;][vc_column][vc_custom_heading text=&#8220;Kartonierer der Produktreihe WACM<br \/>\nModelle&#8220; font_container=&#8220;tag:h2|text_align:center&#8220; google_fonts=&#8220;font_family:Montserrat%3Aregular%2C700|font_style:400%20regular%3A400%3Anormal&#8220; css_animation=&#8220;right-to-left&#8220;][vc_column_text]<\/p>\n<table border=\"1\">\n<tbody>\n<tr>\n<td>mod.<\/td>\n<td align=\"center\">Max. Leistung (FS\/Min)<\/td>\n<td>Min. Ma\u00dfe der FS<\/td>\n<td>Max. Ma\u00dfe der FS<\/td>\n<td>Anzahl der Trichter<\/td>\n<td>Anzahl der FS-Halter<\/td>\n<\/tr>\n<tr>\n<td>VCMX6<\/td>\n<td align=\"center\">80<\/td>\n<td>100x50x160<\/td>\n<td>285x145x390<\/td>\n<td>6<\/td>\n<td>27<\/td>\n<\/tr>\n<tr>\n<td>VCMX8<\/td>\n<td align=\"center\">200<\/td>\n<td>60x30x140<\/td>\n<td>180x80x330<\/td>\n<td>8<\/td>\n<td>36<\/td>\n<\/tr>\n<tr>\n<td>VCMX10<\/td>\n<td align=\"center\">250<\/td>\n<td>60x30x140<\/td>\n<td>180x80x330<\/td>\n<td>10<\/td>\n<td>40<\/td>\n<\/tr>\n<tr>\n<td>VCMX12<\/td>\n<td align=\"center\">300<\/td>\n<td>60x30x140<\/td>\n<td>180x80x330<\/td>\n<td>12<\/td>\n<td>48<\/td>\n<\/tr>\n<tr>\n<td>VCMX15<\/td>\n<td align=\"center\">350<\/td>\n<td>60x30x140<\/td>\n<td>180x80x330<\/td>\n<td>15<\/td>\n<td>51<\/td>\n<\/tr>\n<\/tbody>\n<\/table>\n<p>[\/vc_column_text][\/vc_column][\/vc_row][vc_row padding_top_multiplier=&#8220;&#8220; columns_gap=&#8220;50&#8243;][vc_column width=&#8220;1\/2&#8243;][vc_column_text animation=&#8220;grve-fade-in-up&#8220; animation_duration=&#8220;slow&#8220; css=&#8220;.vc_custom_1681466777788{padding-bottom: 20px !important;}&#8220;]<\/p>\n<h4><b>Merkmale:<\/b><\/h4>\n<ul class=\"ul1\">\n<li class=\"li1\">Leistung: bis zu 350 Faltschachteln\/Minute<\/li>\n<li class=\"li1\">Kontinuierlich arbeitend<\/li>\n<li class=\"li1\">\u201eTool-free\u201c-Technologie f\u00fcr werkzeuglose Verstellungen<\/li>\n<li class=\"li1\">\u00a0Trichter und Faltschachtel-Halter mit Schnellentnahmevorrichtung und \u201eTool-free\u201c-Technologie<\/li>\n<li class=\"li1\">Einteilige Schachtelhalter aus korrosionsbest\u00e4ndigem Aluminium 6082&#8243; UNI9006\/4 f\u00fcr einen optimalen Schachteltransport<\/li>\n<li class=\"li1\">Produktber\u00fchrende Bauteile aus Edelstahl<\/li>\n<li class=\"li1\">\u00a0Trichter mit Bancollan-Beschichtung f\u00fcr zerbrechliche Produkte<\/li>\n<li class=\"li1\">Aktive F\u00fchrung der Faltschachtel w\u00e4hrend der Entnahme aus dem FS-Magazin und Aufrichtung<\/li>\n<li class=\"li1\">Produktzuf\u00fchrung durch verschiedene Dosiersysteme (volumetrisch, nach Gewicht, durch Schneckendosierer oder durch Z\u00e4hlung)<\/li>\n<li class=\"li1\">Gro\u00dfer Formatbereich<\/li>\n<li class=\"li1\">Schachtelmagazin: von inline bis zu einer 90\u00b0-Schr\u00e4gstellung; ergonomisch; Warnmeldung bei Mindestf\u00fcllstand; manuelle oder motorisierte (je nach Format \u00fcber das Bedienfeld einstellbare) Verstellung der FS-Auflagefl\u00e4che; Automatische Zuf\u00fchrgeschwindigkeit der Faltschachteln je nach Geschwindigkeit der Linie<\/li>\n<li class=\"li1\">Alle Faltschachtelformen und g\u00e4ngige Verschlussarten realisierbar<\/li>\n<li class=\"li1\">Garantierte Abdichtung gegen das Auslaufen des Produkts<\/li>\n<\/ul>\n<p>[\/vc_column_text][\/vc_column][vc_column width=&#8220;1\/2&#8243;][vc_column_text animation=&#8220;grve-fade-in-up&#8220; animation_duration=&#8220;slow&#8220; css=&#8220;.vc_custom_1681466847908{padding-bottom: 20px !important;}&#8220;]<\/p>\n<h4><b>\u00a0<\/b><\/h4>\n<ul class=\"ul1\">\n<li class=\"li1\">Einfache und intuitive Programmierung<\/li>\n<li class=\"li1\">Automatische Ausschleusung nicht konformer Faltschachteln<\/li>\n<li class=\"li1\">Standardm\u00e4\u00dfige manuelle zentralisierte Schmierung der nicht optimal zug\u00e4nglichen Maschinenbereiche, Schmierpumpe optional erh\u00e4ltlich<\/li>\n<li class=\"li1\">Lebensmitteltaugliche\/ korrosionsgesch\u00fctzte\/ komplett abwaschbare Edelstahl- Version auf Anfrage erh\u00e4ltlich<\/li>\n<li class=\"li1\">Reduzierter Energieverbrauch<\/li>\n<li class=\"li1\">Standardm\u00e4\u00dfige energiesparende elektrische Vakuumpumpen: wartungsfreundlich, hohe Leistungen bei niedrigen Kosten, geringen Energieverbrauch und hervorragende Leistung in Bezug auf Durchsatz und Vakuumniveau<\/li>\n<li class=\"li1\">Verf\u00fcgbarkeit aller g\u00e4ngigen SPS-Systeme (Siemens, Allen Bradley, Schneider, \u2026)<\/li>\n<li class=\"li1\">\u201eNo product\/no carton\u201c-Funktion und Laschenverschluss der in Produktion befindlichen Faltschachteln bei gew\u00f6hnlichen Maschinenstopp optional erh\u00e4ltlich<\/li>\n<\/ul>\n<p>[\/vc_column_text][\/vc_column][\/vc_row]<\/p>\n<\/div>","protected":false},"excerpt":{"rendered":"<p>[vc_row padding_bottom_multiplier=&#8220;&#8220;][vc_column width=&#8220;1\/6&#8243;][vc_column_text animation=&#8220;grve-fade-in&#8220; css=&#8220;.vc_custom_1682087865675{padding-bottom: 20px !important;}&#8220;] VCMX Kartonier- maschinen Kontinuierlich arbeitende vertikale Kartoniermaschine f\u00fcr hohe Geschwindigkeiten [\/vc_column_text][vc_column_text css=&#8220;.vc_custom_1681466274244{padding-top: 30px !important;padding-bottom: 8px !important;}&#8220;] Erh\u00e4ltlich mit [\/vc_column_text][vc_single_image image=&#8220;21742&#8243; img_size=&#8220;120&#215;80&#8243; onclick=&#8220;custom_link&#8220; link=&#8220;https:\/\/www.senzani.com\/de\/smart-remote-service\/&#8220;][\/vc_column][vc_column width=&#8220;5\/6&#8243;][\/vc_column][\/vc_row][vc_row padding_top_multiplier=&#8220;&#8220; columns_gap=&#8220;50&#8243;][vc_column width=&#8220;1\/2&#8243;][vc_column_text animation=&#8220;grve-fade-in-down&#8220; animation_duration=&#8220;slow&#8220;]Die Senzani VCMX-Kartonierer sind f\u00fcr Kunden gedacht, deren Produktionsbed\u00fcrfnisse h\u00f6chste Qualit\u00e4t und maximale Zuverl\u00e4ssigkeit erfordern, auch bei hohen Geschwindigkeiten und [&hellip;]<\/p>\n","protected":false},"author":2,"featured_media":0,"parent":23436,"menu_order":0,"comment_status":"closed","ping_status":"open","template":"","meta":{"_acf_changed":false,"content-type":"","footnotes":""},"class_list":["post-23518","page","type-page","status-publish","hentry"],"acf":[],"yoast_head":"<!-- This site is optimized with the Yoast SEO plugin v27.4 - https:\/\/yoast.com\/product\/yoast-seo-wordpress\/ -->\n<title>Kontinuierlich arbeitende vertikale Kartoniermaschine f\u00fcr hohe Geschwindigkeiten | Senzani Brevetti<\/title>\n<meta name=\"description\" content=\"Die VCMX-Kartonierer sind f\u00fcr Kunden gedacht, die rund um die Uhr, sieben Tage die Woche, produzieren\" \/>\n<meta name=\"robots\" content=\"index, follow, max-snippet:-1, max-image-preview:large, max-video-preview:-1\" \/>\n<link rel=\"canonical\" href=\"https:\/\/www.senzani.com\/de\/verpackungsloesungen\/kartoniermaschinen\/vcmx\/\" \/>\n<meta property=\"og:locale\" content=\"de_DE\" \/>\n<meta property=\"og:type\" content=\"article\" \/>\n<meta property=\"og:title\" content=\"Kontinuierlich arbeitende vertikale Kartoniermaschine f\u00fcr hohe Geschwindigkeiten | Senzani Brevetti\" \/>\n<meta property=\"og:description\" content=\"Die VCMX-Kartonierer sind f\u00fcr Kunden gedacht, die rund um die Uhr, sieben Tage die Woche, produzieren\" \/>\n<meta property=\"og:url\" content=\"https:\/\/www.senzani.com\/de\/verpackungsloesungen\/kartoniermaschinen\/vcmx\/\" \/>\n<meta property=\"og:site_name\" content=\"Senzani Brevetti S.p.A.\" \/>\n<meta property=\"article:modified_time\" content=\"2023-04-21T14:46:09+00:00\" \/>\n<meta name=\"twitter:card\" content=\"summary_large_image\" \/>\n<meta name=\"twitter:label1\" content=\"Gesch\u00e4tzte Lesezeit\" \/>\n\t<meta name=\"twitter:data1\" content=\"4\u00a0Minuten\" \/>\n<script type=\"application\/ld+json\" class=\"yoast-schema-graph\">{\"@context\":\"https:\\\/\\\/schema.org\",\"@graph\":[{\"@type\":\"WebPage\",\"@id\":\"https:\\\/\\\/www.senzani.com\\\/de\\\/verpackungsloesungen\\\/kartoniermaschinen\\\/vcmx\\\/\",\"url\":\"https:\\\/\\\/www.senzani.com\\\/de\\\/verpackungsloesungen\\\/kartoniermaschinen\\\/vcmx\\\/\",\"name\":\"Kontinuierlich arbeitende vertikale Kartoniermaschine f\u00fcr hohe Geschwindigkeiten | Senzani Brevetti\",\"isPartOf\":{\"@id\":\"https:\\\/\\\/www.senzani.com\\\/de\\\/#website\"},\"datePublished\":\"2020-06-19T13:07:58+00:00\",\"dateModified\":\"2023-04-21T14:46:09+00:00\",\"description\":\"Die VCMX-Kartonierer sind f\u00fcr Kunden gedacht, die rund um die Uhr, sieben Tage die Woche, produzieren\",\"breadcrumb\":{\"@id\":\"https:\\\/\\\/www.senzani.com\\\/de\\\/verpackungsloesungen\\\/kartoniermaschinen\\\/vcmx\\\/#breadcrumb\"},\"inLanguage\":\"de\",\"potentialAction\":[{\"@type\":\"ReadAction\",\"target\":[\"https:\\\/\\\/www.senzani.com\\\/de\\\/verpackungsloesungen\\\/kartoniermaschinen\\\/vcmx\\\/\"]}]},{\"@type\":\"BreadcrumbList\",\"@id\":\"https:\\\/\\\/www.senzani.com\\\/de\\\/verpackungsloesungen\\\/kartoniermaschinen\\\/vcmx\\\/#breadcrumb\",\"itemListElement\":[{\"@type\":\"ListItem\",\"position\":1,\"name\":\"Home\",\"item\":\"https:\\\/\\\/www.senzani.com\\\/de\\\/\"},{\"@type\":\"ListItem\",\"position\":2,\"name\":\"Verpackungsl\u00f6sungen\",\"item\":\"https:\\\/\\\/www.senzani.com\\\/de\\\/verpackungsloesungen\\\/\"},{\"@type\":\"ListItem\",\"position\":3,\"name\":\"Cartoners\",\"item\":\"https:\\\/\\\/www.senzani.com\\\/de\\\/verpackungsloesungen\\\/kartoniermaschinen\\\/\"},{\"@type\":\"ListItem\",\"position\":4,\"name\":\"VCMX\"}]},{\"@type\":\"WebSite\",\"@id\":\"https:\\\/\\\/www.senzani.com\\\/de\\\/#website\",\"url\":\"https:\\\/\\\/www.senzani.com\\\/de\\\/\",\"name\":\"Senzani Brevetti S.p.A.\",\"description\":\"Leader nel settore delle macchine per imballaggi\",\"publisher\":{\"@id\":\"https:\\\/\\\/www.senzani.com\\\/de\\\/#organization\"},\"potentialAction\":[{\"@type\":\"SearchAction\",\"target\":{\"@type\":\"EntryPoint\",\"urlTemplate\":\"https:\\\/\\\/www.senzani.com\\\/de\\\/?s={search_term_string}\"},\"query-input\":{\"@type\":\"PropertyValueSpecification\",\"valueRequired\":true,\"valueName\":\"search_term_string\"}}],\"inLanguage\":\"de\"},{\"@type\":\"Organization\",\"@id\":\"https:\\\/\\\/www.senzani.com\\\/de\\\/#organization\",\"name\":\"Senzani Brevetti\",\"url\":\"https:\\\/\\\/www.senzani.com\\\/de\\\/\",\"logo\":{\"@type\":\"ImageObject\",\"inLanguage\":\"de\",\"@id\":\"https:\\\/\\\/www.senzani.com\\\/de\\\/#\\\/schema\\\/logo\\\/image\\\/\",\"url\":\"https:\\\/\\\/www.senzani.com\\\/wp-content\\\/uploads\\\/2020\\\/03\\\/logo-senzani.png\",\"contentUrl\":\"https:\\\/\\\/www.senzani.com\\\/wp-content\\\/uploads\\\/2020\\\/03\\\/logo-senzani.png\",\"width\":259,\"height\":71,\"caption\":\"Senzani Brevetti\"},\"image\":{\"@id\":\"https:\\\/\\\/www.senzani.com\\\/de\\\/#\\\/schema\\\/logo\\\/image\\\/\"}}]}<\/script>\n<!-- \/ Yoast SEO plugin. -->","yoast_head_json":{"title":"Kontinuierlich arbeitende vertikale Kartoniermaschine f\u00fcr hohe Geschwindigkeiten | Senzani Brevetti","description":"Die VCMX-Kartonierer sind f\u00fcr Kunden gedacht, die rund um die Uhr, sieben Tage die Woche, produzieren","robots":{"index":"index","follow":"follow","max-snippet":"max-snippet:-1","max-image-preview":"max-image-preview:large","max-video-preview":"max-video-preview:-1"},"canonical":"https:\/\/www.senzani.com\/de\/verpackungsloesungen\/kartoniermaschinen\/vcmx\/","og_locale":"de_DE","og_type":"article","og_title":"Kontinuierlich arbeitende vertikale Kartoniermaschine f\u00fcr hohe Geschwindigkeiten | Senzani Brevetti","og_description":"Die VCMX-Kartonierer sind f\u00fcr Kunden gedacht, die rund um die Uhr, sieben Tage die Woche, produzieren","og_url":"https:\/\/www.senzani.com\/de\/verpackungsloesungen\/kartoniermaschinen\/vcmx\/","og_site_name":"Senzani Brevetti S.p.A.","article_modified_time":"2023-04-21T14:46:09+00:00","twitter_card":"summary_large_image","twitter_misc":{"Gesch\u00e4tzte Lesezeit":"4\u00a0Minuten"},"schema":{"@context":"https:\/\/schema.org","@graph":[{"@type":"WebPage","@id":"https:\/\/www.senzani.com\/de\/verpackungsloesungen\/kartoniermaschinen\/vcmx\/","url":"https:\/\/www.senzani.com\/de\/verpackungsloesungen\/kartoniermaschinen\/vcmx\/","name":"Kontinuierlich arbeitende vertikale Kartoniermaschine f\u00fcr hohe Geschwindigkeiten | Senzani Brevetti","isPartOf":{"@id":"https:\/\/www.senzani.com\/de\/#website"},"datePublished":"2020-06-19T13:07:58+00:00","dateModified":"2023-04-21T14:46:09+00:00","description":"Die VCMX-Kartonierer sind f\u00fcr Kunden gedacht, die rund um die Uhr, sieben Tage die Woche, produzieren","breadcrumb":{"@id":"https:\/\/www.senzani.com\/de\/verpackungsloesungen\/kartoniermaschinen\/vcmx\/#breadcrumb"},"inLanguage":"de","potentialAction":[{"@type":"ReadAction","target":["https:\/\/www.senzani.com\/de\/verpackungsloesungen\/kartoniermaschinen\/vcmx\/"]}]},{"@type":"BreadcrumbList","@id":"https:\/\/www.senzani.com\/de\/verpackungsloesungen\/kartoniermaschinen\/vcmx\/#breadcrumb","itemListElement":[{"@type":"ListItem","position":1,"name":"Home","item":"https:\/\/www.senzani.com\/de\/"},{"@type":"ListItem","position":2,"name":"Verpackungsl\u00f6sungen","item":"https:\/\/www.senzani.com\/de\/verpackungsloesungen\/"},{"@type":"ListItem","position":3,"name":"Cartoners","item":"https:\/\/www.senzani.com\/de\/verpackungsloesungen\/kartoniermaschinen\/"},{"@type":"ListItem","position":4,"name":"VCMX"}]},{"@type":"WebSite","@id":"https:\/\/www.senzani.com\/de\/#website","url":"https:\/\/www.senzani.com\/de\/","name":"Senzani Brevetti S.p.A.","description":"Leader nel settore delle macchine per imballaggi","publisher":{"@id":"https:\/\/www.senzani.com\/de\/#organization"},"potentialAction":[{"@type":"SearchAction","target":{"@type":"EntryPoint","urlTemplate":"https:\/\/www.senzani.com\/de\/?s={search_term_string}"},"query-input":{"@type":"PropertyValueSpecification","valueRequired":true,"valueName":"search_term_string"}}],"inLanguage":"de"},{"@type":"Organization","@id":"https:\/\/www.senzani.com\/de\/#organization","name":"Senzani Brevetti","url":"https:\/\/www.senzani.com\/de\/","logo":{"@type":"ImageObject","inLanguage":"de","@id":"https:\/\/www.senzani.com\/de\/#\/schema\/logo\/image\/","url":"https:\/\/www.senzani.com\/wp-content\/uploads\/2020\/03\/logo-senzani.png","contentUrl":"https:\/\/www.senzani.com\/wp-content\/uploads\/2020\/03\/logo-senzani.png","width":259,"height":71,"caption":"Senzani Brevetti"},"image":{"@id":"https:\/\/www.senzani.com\/de\/#\/schema\/logo\/image\/"}}]}},"_links":{"self":[{"href":"https:\/\/www.senzani.com\/de\/wp-json\/wp\/v2\/pages\/23518","targetHints":{"allow":["GET"]}}],"collection":[{"href":"https:\/\/www.senzani.com\/de\/wp-json\/wp\/v2\/pages"}],"about":[{"href":"https:\/\/www.senzani.com\/de\/wp-json\/wp\/v2\/types\/page"}],"author":[{"embeddable":true,"href":"https:\/\/www.senzani.com\/de\/wp-json\/wp\/v2\/users\/2"}],"replies":[{"embeddable":true,"href":"https:\/\/www.senzani.com\/de\/wp-json\/wp\/v2\/comments?post=23518"}],"version-history":[{"count":5,"href":"https:\/\/www.senzani.com\/de\/wp-json\/wp\/v2\/pages\/23518\/revisions"}],"predecessor-version":[{"id":25079,"href":"https:\/\/www.senzani.com\/de\/wp-json\/wp\/v2\/pages\/23518\/revisions\/25079"}],"up":[{"embeddable":true,"href":"https:\/\/www.senzani.com\/de\/wp-json\/wp\/v2\/pages\/23436"}],"wp:attachment":[{"href":"https:\/\/www.senzani.com\/de\/wp-json\/wp\/v2\/media?parent=23518"}],"curies":[{"name":"wp","href":"https:\/\/api.w.org\/{rel}","templated":true}]}}