{"id":23508,"date":"2020-06-19T15:18:54","date_gmt":"2020-06-19T13:18:54","guid":{"rendered":"https:\/\/www.senzani.com\/soluzioni\/astucciatrice\/vcmk\/"},"modified":"2024-10-04T17:03:22","modified_gmt":"2024-10-04T15:03:22","slug":"vcmk","status":"publish","type":"page","link":"https:\/\/www.senzani.com\/de\/verpackungsloesungen\/kartoniermaschinen\/vcmk\/","title":{"rendered":"VCMK"},"content":{"rendered":"<div class=\"wpb-content-wrapper\"><p>[vc_row padding_bottom_multiplier=&#8220;&#8220;][vc_column width=&#8220;1\/6&#8243;]<div class=\"grve-element grve-image grve-animated-item grve-duration-very-slow grve-fade-in grve-align-left\" style=\"\" data-delay=\"200\">  <div class=\"grve-image-wrapper\"><img loading=\"lazy\" decoding=\"async\" width=\"240\" height=\"293\" src=\"https:\/\/www.senzani.com\/wp-content\/uploads\/2020\/03\/cartoners.jpg\" class=\"attachment-full size-full\" alt=\"\" \/>   <\/div><\/div>[vc_column_text css=&#8220;.vc_custom_1682087915290{padding-bottom: 20px !important;}&#8220; animation=&#8220;grve-fade-in&#8220;]<\/p>\n<h1 style=\"color: #3ba9dc; font-size: 30px;\">VCMK<br \/>\nKartonier-<br \/>\nmaschinen<\/h1>\n<p><span style=\"color: #333333; font-size: 18px;\">Ma\u00dfgeschneiderte vertikale Kartoniermaschine<\/span>[\/vc_column_text][vc_column_text css=&#8220;.vc_custom_1681464697749{padding-top: 30px !important;padding-bottom: 8px !important;}&#8220;]<\/p>\n<div style=\"line-height: 18px; font-weight: 400;\">Erh\u00e4ltlich mit<\/div>\n<p>[\/vc_column_text][vc_single_image image=&#8220;21742&#8243; img_size=&#8220;120&#215;80&#8243; onclick=&#8220;custom_link&#8220; link=&#8220;https:\/\/www.senzani.com\/de\/smart-remote-service\/&#8220;][\/vc_column][vc_column width=&#8220;5\/6&#8243;]<div class=\"grve-element grve-box grve-align-center grve-animated-item grve-zoom-in grve-duration-normal\" style=\"\" data-delay=\"200\"><figure class=\"grve-image-hover grve-zoom-in\">\t<div class=\"grve-media\">\t\t<div class=\"grve-bg-light grve-hover-overlay grve-opacity-0\"><\/div><img loading=\"lazy\" decoding=\"async\" width=\"1200\" height=\"543\" src=\"https:\/\/www.senzani.com\/wp-content\/uploads\/2020\/06\/VCMK.jpg\" class=\"attachment-full size-full\" alt=\"\" srcset=\"https:\/\/www.senzani.com\/wp-content\/uploads\/2020\/06\/VCMK.jpg 1200w, https:\/\/www.senzani.com\/wp-content\/uploads\/2020\/06\/VCMK-300x136.jpg 300w, https:\/\/www.senzani.com\/wp-content\/uploads\/2020\/06\/VCMK-1024x463.jpg 1024w, https:\/\/www.senzani.com\/wp-content\/uploads\/2020\/06\/VCMK-768x348.jpg 768w\" sizes=\"auto, (max-width: 1200px) 100vw, 1200px\" \/>\t<\/div><\/figure>  <div class=\"grve-box-content\">    <p><\/p>  <\/div><\/div>[\/vc_column][\/vc_row][vc_row padding_top_multiplier=&#8220;&#8220; columns_gap=&#8220;50&#8243;][vc_column width=&#8220;1\/2&#8243;]<div class=\"grve-element grve-align-center grve-animated-item grve-fade-in-up grve-duration-slow\" data-delay=\"200\"><a href=\"https:\/\/www.youtube.com\/watch?v=o2X9fx4y1EE\" title=\"VCM\" target=\"_blank\" rel=\"noopener noreferrer\" class=\"grve-btn grve-btn-large grve-round grve-bg-primary-5 grve-bg-hover-primary-1\"><span>SCHAUEN SIE SICH DIE VCMK12-MASCHINE IN BETRIEB AN<\/span><\/a><\/div>[\/vc_column][vc_column width=&#8220;1\/2&#8243;]<div class=\"grve-element grve-align-center grve-animated-item grve-fade-in-up grve-duration-slow\" data-delay=\"200\"><a href=\"https:\/\/www.youtube.com\/watch?v=oYF3P-l0Kas\" title=\"VCM\" target=\"_blank\" rel=\"noopener noreferrer\" class=\"grve-btn grve-btn-large grve-round grve-bg-primary-5 grve-bg-hover-primary-1\"><span>SCHAUEN SIE SICH DIE VCMK15-MASCHINE IN BETRIEB AN<\/span><\/a><\/div>[\/vc_column][\/vc_row][vc_row padding_top_multiplier=&#8220;&#8220; columns_gap=&#8220;50&#8243;][vc_column width=&#8220;1\/2&#8243;][vc_column_text animation=&#8220;grve-fade-in-down&#8220; animation_duration=&#8220;slow&#8220;]In einem immer wettbewerblicheren und auf Kundenzufriedenheit ausgerichteten Markt stellen die <strong>VCMK<\/strong>-Kartonierer Senzanis bedeutendste Antwort dar: Diese Verpackungsmaschinen sind aus der Vereinigung des Know-hows von Senzani mit der Bereitschaft, auf die Bed\u00fcrfnisse des Kunden einzugehen entstanden, um dessen Vision zu verwirklichen und ma\u00dfgeschneiderte L\u00f6sungen f\u00fcr verschiedene Anwendungsbereiche zu entwickeln.<\/p>\n<p>Die VCMK-Produktpalette umfasst <strong>eine Vielzahl von Modellen<\/strong>, die eine Kombination aus modernster Technologie und exzellenter Ingenieurwissenschaft verk\u00f6rpern. Diese werden von Senzani bei der Verfolgung einer kontinuierlichen Verbesserung und der Meisterung auch der anspruchsvollsten Herausforderungen eingesetzt.[\/vc_column_text][\/vc_column][vc_column width=&#8220;1\/2&#8243;][vc_column_text animation=&#8220;grve-fade-in-down&#8220; animation_duration=&#8220;slow&#8220;]Zu diesen Verpackungsl\u00f6sungen geh\u00f6ren:<br \/>\n&#8211; <strong>Maschinen mit vollautomatischem<\/strong>, \u00fcber das Bedienfeld gesteuertem, <strong>Formatwechsel<\/strong>; Selbstanpassung der Formate durch Strichcode-Lesung; Schachtelmagazin mit vollautomatischer Beladung; unbegrenzte Programmspeicherpl\u00e4tze f\u00fcr Produkt- und Formatwechsel;<br \/>\n&#8211; <strong>Maschinen mit mehreren Produktdosiersystemen<\/strong>;<br \/>\n&#8211; <strong>Ma\u00dfgeschneiderte Maschinen<\/strong> zum Konfektionieren von Faltschachteln unregelm\u00e4\u00dfiger Gr\u00f6\u00dfe und mit mehreren und\/oder besonderen Verschlussarten;<br \/>\n&#8211; <strong>Vollst\u00e4ndig aus Edelstahl gefertigte und komplett abwaschbare Maschinen<\/strong> f\u00fcr den Einsatz in Tiefk\u00fchlbereichen;<br \/>\n&#8211; <strong>F\u00fcr die Verarbeitung korrosiver Produkte behandelte Maschinen<\/strong>;<br \/>\n&#8211; <strong>Bei extremen Geschwindigkeiten funktionst\u00fcchtige Maschinen<\/strong> (sogar \u00fcber 600 FS\/Min); unbegrenzte Auswahl an optionaler Ausstattung und ma\u00dfgeschneiderten Funktionen.[\/vc_column_text][\/vc_column][\/vc_row][vc_row padding_top_multiplier=&#8220;&#8220; padding_bottom_multiplier=&#8220;&#8220;][vc_column][vc_single_image image=&#8220;21073&#8243; img_size=&#8220;full&#8220;][\/vc_column][\/vc_row][vc_row padding_top_multiplier=&#8220;&#8220; padding_bottom_multiplier=&#8220;3x&#8220; columns_gap=&#8220;50&#8243;][vc_column width=&#8220;1\/2&#8243;][vc_column_text animation=&#8220;grve-fade-in-down&#8220; animation_duration=&#8220;slow&#8220;]Alle Komponenten sind so konzipiert und ausgew\u00e4hlt, dass sie w\u00e4hrend der gesamten Lebensdauer der Maschine <strong>ein H\u00f6chstma\u00df an Zuverl\u00e4ssigkeit gew\u00e4hrleisten und optimal an die sich im Laufe der Zeit \u00e4ndernden Formateigenschaften angepasst werden k\u00f6nnen<\/strong>, um den von Vorschriften, Marketingstrategien und Produkten bedingten Entwicklungen gerecht zu werden.<br \/>\nDie absolute Qualit\u00e4t und perfekte Ausformung jeder Faltschachtel werden durch \u00e4u\u00dferst strenge Baustandards und die sorgf\u00e4ltige Feinjustierung aller Elemente w\u00e4hrend der Test- und Produktionsanlaufphasen mit dem Kunden gesichert.[\/vc_column_text][\/vc_column][vc_column width=&#8220;1\/2&#8243;][vc_column_text animation=&#8220;grve-fade-in-down&#8220; animation_duration=&#8220;slow&#8220;]Bei der Entwicklung unserer Maschinen legen wir gro\u00dfen Wert auf die Suche nach modernen und innovativen L\u00f6sungen zur Energieeinsparung und Verschlei\u00dfverringerung und auf die Verwendung erstklassiger Markenkomponenten.<\/p>\n<p>Vor der Auslieferung werden alle Maschinen von Fachtechnikern montiert und bis auf das kleinste Detail getestet, was die Installierungszeiten deutlich verk\u00fcrzt.[\/vc_column_text][\/vc_column][\/vc_row][vc_row padding_top_multiplier=&#8220;&#8220; columns_gap=&#8220;50&#8243;][vc_column]<div class=\"grve-element grve-divider\" style=\"\"><div class=\"grve-line-divider grve-border\"><\/div><\/div>[\/vc_column][\/vc_row][vc_row padding_top_multiplier=&#8220;&#8220; columns_gap=&#8220;50&#8243;][vc_column width=&#8220;1\/2&#8243;][vc_column_text css=&#8220;.vc_custom_1681465655817{padding-bottom: 20px !important;}&#8220; animation=&#8220;grve-fade-in-up&#8220; animation_duration=&#8220;slow&#8220;]<\/p>\n<h4><b>Merkmale:<\/b><\/h4>\n<ul class=\"ul1\">\n<li class=\"li1\">Leistung: zwischen 300 und 600+ Faltschachteln\/Minute<\/li>\n<li class=\"li1\">\u00a0Kontinuierlich arbeitend<\/li>\n<li class=\"li1\">\u201eTool-free\u201c-Technologie f\u00fcr werkzeuglose Verstellungen<\/li>\n<li class=\"li1\">\u00a0Trichter und Faltschachtel-Halter mit Schnellentnahmevorrichtung und \u201eTool-free\u201c-Technologie<\/li>\n<li class=\"li1\">\u00a0Einteilige Schachtelhalter aus korrosionsbest\u00e4ndigem Aluminium 6082&#8243; UNI9006\/4 f\u00fcr einen optimalen Schachteltransport<\/li>\n<li class=\"li1\">Produktber\u00fchrende Bauteile aus Edelstahl<\/li>\n<li class=\"li1\">Trichter mit Bancollan-Beschichtung f\u00fcr zerbrechliche Produkte<\/li>\n<li class=\"li1\">Aktive F\u00fchrung der Faltschachtel w\u00e4hrend der Entnahme aus dem FS-Magazin und Aufrichtung<\/li>\n<li class=\"li1\">Produktzuf\u00fchrung durch verschiedene Dosiersysteme (volumetrisch, nach Gewicht, durch Schneckendosierer oder durch Z\u00e4hlung)<\/li>\n<li class=\"li1\">Gro\u00dfer Formatbereich<\/li>\n<li class=\"li1\">Schachtelmagazin: von inline bis zu einer 90\u00b0-Schr\u00e4gstellung; ergonomisch; Warnmeldung bei Mindestf\u00fcllstand; manuelle oder motorisierte (je nach Format \u00fcber das Bedienfeld einstellbare) Verstellung der FS-Auflagefl\u00e4che; Automatische Zuf\u00fchrgeschwindigkeit der Faltschachteln je nach Geschwindigkeit der Linie<\/li>\n<\/ul>\n<p>[\/vc_column_text][\/vc_column][vc_column width=&#8220;1\/2&#8243;][vc_column_text css=&#8220;.vc_custom_1681465687340{padding-bottom: 20px !important;}&#8220; animation=&#8220;grve-fade-in-up&#8220; animation_duration=&#8220;slow&#8220;]<\/p>\n<h4><b>\u00a0<\/b><\/h4>\n<ul class=\"ul1\">\n<li class=\"li1\">\u00a0L\u00f6sungen f\u00fcr das automatische Beladen des FS-Magazins k\u00f6nnen integriert werden<\/li>\n<li class=\"li1\">Alle Faltschachtelformen und g\u00e4ngige Verschlussarten realisierbar<\/li>\n<li class=\"li1\">Garantierte Abdichtung gegen das Auslaufen des Produkts<\/li>\n<li class=\"li1\">Touchscreen-Farbdisplay<\/li>\n<li class=\"li1\">Einfache und intuitive Programmierung<\/li>\n<li class=\"li1\">Automatische Ausschleusung nicht konformer Faltschachteln<\/li>\n<li class=\"li1\">Lebensmitteltaugliche\/ korrosionsgesch\u00fctzte\/ komplett abwaschbare Edelstahl- Version auf Anfrage erh\u00e4ltlich<\/li>\n<li class=\"li1\">Lebenslange Schmierung der Lager, zentralisierte Schmierung auf Anfrage<\/li>\n<li class=\"li1\">Reduzierter Energieverbrauch auch dank der Anwendung einer Vakuumpumpe<\/li>\n<li class=\"li1\">Verf\u00fcgbarkeit aller g\u00e4ngigen SPS-Systeme (Siemens, Allen Bradley, Schneider)<\/li>\n<li class=\"li1\">Automatische Spannung der Antriebskette<\/li>\n<\/ul>\n<p>[\/vc_column_text][\/vc_column][\/vc_row]<\/p>\n<\/div>","protected":false},"excerpt":{"rendered":"<p>[vc_row padding_bottom_multiplier=&#8220;&#8220;][vc_column width=&#8220;1\/6&#8243;][vc_column_text css=&#8220;.vc_custom_1682087915290{padding-bottom: 20px !important;}&#8220; animation=&#8220;grve-fade-in&#8220;] VCMK Kartonier- maschinen Ma\u00dfgeschneiderte vertikale Kartoniermaschine[\/vc_column_text][vc_column_text css=&#8220;.vc_custom_1681464697749{padding-top: 30px !important;padding-bottom: 8px !important;}&#8220;] Erh\u00e4ltlich mit [\/vc_column_text][vc_single_image image=&#8220;21742&#8243; img_size=&#8220;120&#215;80&#8243; onclick=&#8220;custom_link&#8220; link=&#8220;https:\/\/www.senzani.com\/de\/smart-remote-service\/&#8220;][\/vc_column][vc_column width=&#8220;5\/6&#8243;][\/vc_column][\/vc_row][vc_row padding_top_multiplier=&#8220;&#8220; columns_gap=&#8220;50&#8243;][vc_column width=&#8220;1\/2&#8243;][\/vc_column][vc_column width=&#8220;1\/2&#8243;][\/vc_column][\/vc_row][vc_row padding_top_multiplier=&#8220;&#8220; columns_gap=&#8220;50&#8243;][vc_column width=&#8220;1\/2&#8243;][vc_column_text animation=&#8220;grve-fade-in-down&#8220; animation_duration=&#8220;slow&#8220;]In einem immer wettbewerblicheren und auf Kundenzufriedenheit ausgerichteten Markt stellen die VCMK-Kartonierer Senzanis bedeutendste Antwort dar: Diese Verpackungsmaschinen sind aus der [&hellip;]<\/p>\n","protected":false},"author":2,"featured_media":0,"parent":23436,"menu_order":0,"comment_status":"closed","ping_status":"open","template":"","meta":{"_acf_changed":false,"content-type":"","footnotes":""},"class_list":["post-23508","page","type-page","status-publish","hentry"],"acf":[],"yoast_head":"<!-- This site is optimized with the Yoast SEO plugin v27.4 - https:\/\/yoast.com\/product\/yoast-seo-wordpress\/ -->\n<title>Ma\u00dfgeschneiderte vertikale Kartoniermaschine | Senzani Brevetti<\/title>\n<meta name=\"description\" content=\"Verpackungsmaschinen mit vollautomatischem Formatwechsel, mehreren Dosiersystemen, auch f\u00fcr unregelm\u00e4\u00dfige Formate geeignet\" \/>\n<meta name=\"robots\" content=\"index, follow, max-snippet:-1, max-image-preview:large, max-video-preview:-1\" \/>\n<link rel=\"canonical\" href=\"https:\/\/www.senzani.com\/de\/verpackungsloesungen\/kartoniermaschinen\/vcmk\/\" \/>\n<meta property=\"og:locale\" content=\"de_DE\" \/>\n<meta property=\"og:type\" content=\"article\" \/>\n<meta property=\"og:title\" content=\"Ma\u00dfgeschneiderte vertikale Kartoniermaschine | Senzani Brevetti\" \/>\n<meta property=\"og:description\" content=\"Verpackungsmaschinen mit vollautomatischem Formatwechsel, mehreren Dosiersystemen, auch f\u00fcr unregelm\u00e4\u00dfige Formate geeignet\" \/>\n<meta property=\"og:url\" content=\"https:\/\/www.senzani.com\/de\/verpackungsloesungen\/kartoniermaschinen\/vcmk\/\" \/>\n<meta property=\"og:site_name\" content=\"Senzani Brevetti S.p.A.\" \/>\n<meta property=\"article:modified_time\" content=\"2024-10-04T15:03:22+00:00\" \/>\n<meta name=\"twitter:card\" content=\"summary_large_image\" \/>\n<meta name=\"twitter:label1\" content=\"Gesch\u00e4tzte Lesezeit\" \/>\n\t<meta name=\"twitter:data1\" content=\"3\u00a0Minuten\" \/>\n<script type=\"application\/ld+json\" class=\"yoast-schema-graph\">{\"@context\":\"https:\\\/\\\/schema.org\",\"@graph\":[{\"@type\":\"WebPage\",\"@id\":\"https:\\\/\\\/www.senzani.com\\\/de\\\/verpackungsloesungen\\\/kartoniermaschinen\\\/vcmk\\\/\",\"url\":\"https:\\\/\\\/www.senzani.com\\\/de\\\/verpackungsloesungen\\\/kartoniermaschinen\\\/vcmk\\\/\",\"name\":\"Ma\u00dfgeschneiderte vertikale Kartoniermaschine | Senzani Brevetti\",\"isPartOf\":{\"@id\":\"https:\\\/\\\/www.senzani.com\\\/de\\\/#website\"},\"datePublished\":\"2020-06-19T13:18:54+00:00\",\"dateModified\":\"2024-10-04T15:03:22+00:00\",\"description\":\"Verpackungsmaschinen mit vollautomatischem Formatwechsel, mehreren Dosiersystemen, auch f\u00fcr unregelm\u00e4\u00dfige Formate geeignet\",\"breadcrumb\":{\"@id\":\"https:\\\/\\\/www.senzani.com\\\/de\\\/verpackungsloesungen\\\/kartoniermaschinen\\\/vcmk\\\/#breadcrumb\"},\"inLanguage\":\"de\",\"potentialAction\":[{\"@type\":\"ReadAction\",\"target\":[\"https:\\\/\\\/www.senzani.com\\\/de\\\/verpackungsloesungen\\\/kartoniermaschinen\\\/vcmk\\\/\"]}]},{\"@type\":\"BreadcrumbList\",\"@id\":\"https:\\\/\\\/www.senzani.com\\\/de\\\/verpackungsloesungen\\\/kartoniermaschinen\\\/vcmk\\\/#breadcrumb\",\"itemListElement\":[{\"@type\":\"ListItem\",\"position\":1,\"name\":\"Home\",\"item\":\"https:\\\/\\\/www.senzani.com\\\/de\\\/\"},{\"@type\":\"ListItem\",\"position\":2,\"name\":\"Verpackungsl\u00f6sungen\",\"item\":\"https:\\\/\\\/www.senzani.com\\\/de\\\/verpackungsloesungen\\\/\"},{\"@type\":\"ListItem\",\"position\":3,\"name\":\"Cartoners\",\"item\":\"https:\\\/\\\/www.senzani.com\\\/de\\\/verpackungsloesungen\\\/kartoniermaschinen\\\/\"},{\"@type\":\"ListItem\",\"position\":4,\"name\":\"VCMK\"}]},{\"@type\":\"WebSite\",\"@id\":\"https:\\\/\\\/www.senzani.com\\\/de\\\/#website\",\"url\":\"https:\\\/\\\/www.senzani.com\\\/de\\\/\",\"name\":\"Senzani Brevetti S.p.A.\",\"description\":\"Leader nel settore delle macchine per imballaggi\",\"publisher\":{\"@id\":\"https:\\\/\\\/www.senzani.com\\\/de\\\/#organization\"},\"potentialAction\":[{\"@type\":\"SearchAction\",\"target\":{\"@type\":\"EntryPoint\",\"urlTemplate\":\"https:\\\/\\\/www.senzani.com\\\/de\\\/?s={search_term_string}\"},\"query-input\":{\"@type\":\"PropertyValueSpecification\",\"valueRequired\":true,\"valueName\":\"search_term_string\"}}],\"inLanguage\":\"de\"},{\"@type\":\"Organization\",\"@id\":\"https:\\\/\\\/www.senzani.com\\\/de\\\/#organization\",\"name\":\"Senzani Brevetti\",\"url\":\"https:\\\/\\\/www.senzani.com\\\/de\\\/\",\"logo\":{\"@type\":\"ImageObject\",\"inLanguage\":\"de\",\"@id\":\"https:\\\/\\\/www.senzani.com\\\/de\\\/#\\\/schema\\\/logo\\\/image\\\/\",\"url\":\"https:\\\/\\\/www.senzani.com\\\/wp-content\\\/uploads\\\/2020\\\/03\\\/logo-senzani.png\",\"contentUrl\":\"https:\\\/\\\/www.senzani.com\\\/wp-content\\\/uploads\\\/2020\\\/03\\\/logo-senzani.png\",\"width\":259,\"height\":71,\"caption\":\"Senzani Brevetti\"},\"image\":{\"@id\":\"https:\\\/\\\/www.senzani.com\\\/de\\\/#\\\/schema\\\/logo\\\/image\\\/\"}}]}<\/script>\n<!-- \/ Yoast SEO plugin. -->","yoast_head_json":{"title":"Ma\u00dfgeschneiderte vertikale Kartoniermaschine | Senzani Brevetti","description":"Verpackungsmaschinen mit vollautomatischem Formatwechsel, mehreren Dosiersystemen, auch f\u00fcr unregelm\u00e4\u00dfige Formate geeignet","robots":{"index":"index","follow":"follow","max-snippet":"max-snippet:-1","max-image-preview":"max-image-preview:large","max-video-preview":"max-video-preview:-1"},"canonical":"https:\/\/www.senzani.com\/de\/verpackungsloesungen\/kartoniermaschinen\/vcmk\/","og_locale":"de_DE","og_type":"article","og_title":"Ma\u00dfgeschneiderte vertikale Kartoniermaschine | Senzani Brevetti","og_description":"Verpackungsmaschinen mit vollautomatischem Formatwechsel, mehreren Dosiersystemen, auch f\u00fcr unregelm\u00e4\u00dfige Formate geeignet","og_url":"https:\/\/www.senzani.com\/de\/verpackungsloesungen\/kartoniermaschinen\/vcmk\/","og_site_name":"Senzani Brevetti S.p.A.","article_modified_time":"2024-10-04T15:03:22+00:00","twitter_card":"summary_large_image","twitter_misc":{"Gesch\u00e4tzte Lesezeit":"3\u00a0Minuten"},"schema":{"@context":"https:\/\/schema.org","@graph":[{"@type":"WebPage","@id":"https:\/\/www.senzani.com\/de\/verpackungsloesungen\/kartoniermaschinen\/vcmk\/","url":"https:\/\/www.senzani.com\/de\/verpackungsloesungen\/kartoniermaschinen\/vcmk\/","name":"Ma\u00dfgeschneiderte vertikale Kartoniermaschine | Senzani Brevetti","isPartOf":{"@id":"https:\/\/www.senzani.com\/de\/#website"},"datePublished":"2020-06-19T13:18:54+00:00","dateModified":"2024-10-04T15:03:22+00:00","description":"Verpackungsmaschinen mit vollautomatischem Formatwechsel, mehreren Dosiersystemen, auch f\u00fcr unregelm\u00e4\u00dfige Formate geeignet","breadcrumb":{"@id":"https:\/\/www.senzani.com\/de\/verpackungsloesungen\/kartoniermaschinen\/vcmk\/#breadcrumb"},"inLanguage":"de","potentialAction":[{"@type":"ReadAction","target":["https:\/\/www.senzani.com\/de\/verpackungsloesungen\/kartoniermaschinen\/vcmk\/"]}]},{"@type":"BreadcrumbList","@id":"https:\/\/www.senzani.com\/de\/verpackungsloesungen\/kartoniermaschinen\/vcmk\/#breadcrumb","itemListElement":[{"@type":"ListItem","position":1,"name":"Home","item":"https:\/\/www.senzani.com\/de\/"},{"@type":"ListItem","position":2,"name":"Verpackungsl\u00f6sungen","item":"https:\/\/www.senzani.com\/de\/verpackungsloesungen\/"},{"@type":"ListItem","position":3,"name":"Cartoners","item":"https:\/\/www.senzani.com\/de\/verpackungsloesungen\/kartoniermaschinen\/"},{"@type":"ListItem","position":4,"name":"VCMK"}]},{"@type":"WebSite","@id":"https:\/\/www.senzani.com\/de\/#website","url":"https:\/\/www.senzani.com\/de\/","name":"Senzani Brevetti S.p.A.","description":"Leader nel settore delle macchine per imballaggi","publisher":{"@id":"https:\/\/www.senzani.com\/de\/#organization"},"potentialAction":[{"@type":"SearchAction","target":{"@type":"EntryPoint","urlTemplate":"https:\/\/www.senzani.com\/de\/?s={search_term_string}"},"query-input":{"@type":"PropertyValueSpecification","valueRequired":true,"valueName":"search_term_string"}}],"inLanguage":"de"},{"@type":"Organization","@id":"https:\/\/www.senzani.com\/de\/#organization","name":"Senzani Brevetti","url":"https:\/\/www.senzani.com\/de\/","logo":{"@type":"ImageObject","inLanguage":"de","@id":"https:\/\/www.senzani.com\/de\/#\/schema\/logo\/image\/","url":"https:\/\/www.senzani.com\/wp-content\/uploads\/2020\/03\/logo-senzani.png","contentUrl":"https:\/\/www.senzani.com\/wp-content\/uploads\/2020\/03\/logo-senzani.png","width":259,"height":71,"caption":"Senzani Brevetti"},"image":{"@id":"https:\/\/www.senzani.com\/de\/#\/schema\/logo\/image\/"}}]}},"_links":{"self":[{"href":"https:\/\/www.senzani.com\/de\/wp-json\/wp\/v2\/pages\/23508","targetHints":{"allow":["GET"]}}],"collection":[{"href":"https:\/\/www.senzani.com\/de\/wp-json\/wp\/v2\/pages"}],"about":[{"href":"https:\/\/www.senzani.com\/de\/wp-json\/wp\/v2\/types\/page"}],"author":[{"embeddable":true,"href":"https:\/\/www.senzani.com\/de\/wp-json\/wp\/v2\/users\/2"}],"replies":[{"embeddable":true,"href":"https:\/\/www.senzani.com\/de\/wp-json\/wp\/v2\/comments?post=23508"}],"version-history":[{"count":7,"href":"https:\/\/www.senzani.com\/de\/wp-json\/wp\/v2\/pages\/23508\/revisions"}],"predecessor-version":[{"id":27200,"href":"https:\/\/www.senzani.com\/de\/wp-json\/wp\/v2\/pages\/23508\/revisions\/27200"}],"up":[{"embeddable":true,"href":"https:\/\/www.senzani.com\/de\/wp-json\/wp\/v2\/pages\/23436"}],"wp:attachment":[{"href":"https:\/\/www.senzani.com\/de\/wp-json\/wp\/v2\/media?parent=23508"}],"curies":[{"name":"wp","href":"https:\/\/api.w.org\/{rel}","templated":true}]}}