{"id":23470,"date":"2020-06-19T12:57:59","date_gmt":"2020-06-19T10:57:59","guid":{"rendered":"https:\/\/www.senzani.com\/soluzioni\/astucciatrice\/vcm\/"},"modified":"2024-10-04T17:08:57","modified_gmt":"2024-10-04T15:08:57","slug":"vcm","status":"publish","type":"page","link":"https:\/\/www.senzani.com\/de\/verpackungsloesungen\/kartoniermaschinen\/vcm\/","title":{"rendered":"VCM"},"content":{"rendered":"<div class=\"wpb-content-wrapper\"><p>[vc_row padding_bottom_multiplier=&#8220;&#8220;][vc_column width=&#8220;1\/6&#8243; z_index=&#8220;5000&#8243;]<div class=\"grve-element grve-image grve-animated-item grve-duration-very-slow grve-fade-in grve-align-left\" style=\"\" data-delay=\"200\">  <div class=\"grve-image-wrapper\"><img loading=\"lazy\" decoding=\"async\" width=\"240\" height=\"293\" src=\"https:\/\/www.senzani.com\/wp-content\/uploads\/2020\/03\/cartoners.jpg\" class=\"attachment-full size-full\" alt=\"\" \/>   <\/div><\/div>[vc_column_text css=&#8220;.vc_custom_1682084155966{padding-bottom: 20px !important;}&#8220; animation=&#8220;grve-fade-in&#8220;]<\/p>\n<h1 style=\"color: #3ba9dc; font-size: 30px;\">VCM<br \/>\nKartonier-<br \/>\nmaschinen<\/h1>\n<p><span style=\"color: #333333; font-size: 18px;\">Kontinuierlich arbeitende vertikale Kartoniermaschine<\/span>[\/vc_column_text][vc_column_text css=&#8220;.vc_custom_1681462667250{padding-top: 30px !important;padding-bottom: 8px !important;}&#8220;]<\/p>\n<div style=\"line-height: 18px; font-weight: 400;\">Erh\u00e4ltlich mit<\/div>\n<p>[\/vc_column_text][vc_single_image image=&#8220;21742&#8243; img_size=&#8220;120&#215;80&#8243; onclick=&#8220;custom_link&#8220; link=&#8220;https:\/\/www.senzani.com\/de\/smart-remote-service\/&#8220;][\/vc_column][vc_column width=&#8220;5\/6&#8243;]<div class=\"grve-element grve-box grve-align-center grve-animated-item grve-zoom-in grve-duration-normal\" style=\"\" data-delay=\"200\"><figure class=\"grve-image-hover grve-zoom-in\">\t<div class=\"grve-media\">\t\t<div class=\"grve-bg-light grve-hover-overlay grve-opacity-0\"><\/div><img loading=\"lazy\" decoding=\"async\" width=\"1200\" height=\"640\" src=\"https:\/\/www.senzani.com\/wp-content\/uploads\/2020\/05\/VCM.jpg\" class=\"attachment-full size-full\" alt=\"\" srcset=\"https:\/\/www.senzani.com\/wp-content\/uploads\/2020\/05\/VCM.jpg 1200w, https:\/\/www.senzani.com\/wp-content\/uploads\/2020\/05\/VCM-300x160.jpg 300w, https:\/\/www.senzani.com\/wp-content\/uploads\/2020\/05\/VCM-1024x546.jpg 1024w, https:\/\/www.senzani.com\/wp-content\/uploads\/2020\/05\/VCM-768x410.jpg 768w\" sizes=\"auto, (max-width: 1200px) 100vw, 1200px\" \/>\t<\/div><\/figure>  <div class=\"grve-box-content\">    <p><\/p>  <\/div><\/div>[\/vc_column][\/vc_row][vc_row padding_top_multiplier=&#8220;&#8220; columns_gap=&#8220;50&#8243;][vc_column]<div class=\"grve-element grve-align-center grve-animated-item grve-fade-in-up grve-duration-slow\" data-delay=\"200\"><a href=\"https:\/\/www.youtube.com\/watch?v=Vq5JwXPizW0\" title=\"VCM\" target=\"_blank\" rel=\"noopener noreferrer\" class=\"grve-btn grve-btn-large grve-round grve-bg-primary-5 grve-bg-hover-primary-1\"><span>SCHAUEN SIE SICH DIE VCM4-MASCHINE IN BETRIEB AN <\/span><\/a><\/div>[\/vc_column][\/vc_row][vc_row padding_top_multiplier=&#8220;&#8220; columns_gap=&#8220;50&#8243;][vc_column width=&#8220;1\/2&#8243;][vc_column_text animation=&#8220;grve-fade-in-down&#8220; animation_duration=&#8220;slow&#8220;]Die Senzani <strong>VCM<\/strong>-Kartonierer sind die ideale L\u00f6sung f\u00fcr Kunden, die niedrige bis mittlere Produktionsgeschwindigkeiten mit modernster Technologie kombinieren m\u00f6chten.<\/p>\n<p><strong>Vielseitig, flexibel, kompakt und benutzerfreundlich<\/strong>: Die VCM-Maschinen von Senzani eignen sich bestens f\u00fcr die typischen Anforderungen von Lohnfertigern. Formatwechsel erfolgen werkzeuglos (\u201etool-free\u201c-Technologie) und sind, dank der Anwendung moderner Techniken zur Vereinfachung der Verstellungen, schnell und bedienerfreundlich. Eine detaillierte Beschreibung des Formatwechsels f\u00fchrt den Bediener Schritt f\u00fcr Schritt durch alle Phasen, um Fehler zu vermeiden und den Vorgang zu beschleunigen.[\/vc_column_text][\/vc_column][vc_column width=&#8220;1\/2&#8243;][vc_column_text animation=&#8220;grve-fade-in-down&#8220; animation_duration=&#8220;slow&#8220;]Alle Komponenten sind so konzipiert und ausgew\u00e4hlt, dass sie w\u00e4hrend der gesamten Lebensdauer der Maschine ein H\u00f6chstma\u00df an <strong>Zuverl\u00e4ssigkeit<\/strong> gew\u00e4hrleisten und <strong>optimal an die sich im Laufe der Zeit \u00e4ndernden Formateigenschaften angepasst<\/strong> werden k\u00f6nnen, um den kontinuierlichen von Vorschriften, Marketingstrategien und Produkten bedingten Entwicklungen gerecht zu werden.<\/p>\n<p>Die absolute Qualit\u00e4t und perfekte Ausformung jeder Faltschachtel werden durch \u00e4u\u00dferst strenge Baustandards und die sorgf\u00e4ltige Feinjustierung aller Elemente w\u00e4hrend der Test- und Produktionsanlaufphasen mit dem Kunden gesichert.[\/vc_column_text][\/vc_column][\/vc_row][vc_row padding_top_multiplier=&#8220;&#8220; padding_bottom_multiplier=&#8220;&#8220;][vc_column][vc_single_image image=&#8220;21073&#8243; img_size=&#8220;full&#8220;][\/vc_column][\/vc_row][vc_row padding_top_multiplier=&#8220;&#8220; padding_bottom_multiplier=&#8220;3x&#8220; columns_gap=&#8220;50&#8243;][vc_column width=&#8220;1\/2&#8243;][vc_column_text animation=&#8220;grve-fade-in-down&#8220; animation_duration=&#8220;slow&#8220;]Die verl\u00e4ngerten Versionen dieser Verpackungsmaschinen erm\u00f6glichen es, mehrere Zuf\u00fchrsysteme, Einlegevorrichtungen (f\u00fcr Werbegeschenke o.\u00c4.), Markierer, Strichcodeleser u.v.m. auf derselben Maschine zu haben, mit vollst\u00e4ndig integrierter Bedienung.[\/vc_column_text][vc_single_image image=&#8220;19534&#8243; img_size=&#8220;full&#8220;][\/vc_column][vc_column width=&#8220;1\/2&#8243;][vc_column_text animation=&#8220;grve-fade-in-down&#8220; animation_duration=&#8220;slow&#8220;]In Hinblick auf Abfallvermeidung hat Senzani verschiedene <strong>\u201eintelligente\u201c Produkt- und Faltschachtel-Verwaltungsfunktionen<\/strong> w\u00e4hrend der Abf\u00fcll- und Verschlussphase entwickelt, dank denen Materialverschwendungen vermieden werden k\u00f6nnen, was positive Auswirkungen auf die Rentabilit\u00e4t der Investition hat. Im Falle eines Produktmangels in der Zuf\u00fchrung sorgt die &#8222;No product\/no carton&#8220;-Funktion von Senzani z.B. daf\u00fcr, dass die entsprechende Faltschachtel nicht aus dem FS-Magazin genommen wird, und meidet so die Verschwendung von Faltschachteln und Hei\u00dfleim. Eine weitere Funktion erm\u00f6glicht es, bei einem gew\u00f6hnlichen Maschinenstopp den Schlie\u00dfvorgang der Laschen von bereits in Produktion befindlichen Faltschachteln fortzuf\u00fchren und zu vollbringen, um sicherzustellen, dass der Hei\u00dfleim h\u00e4lt und so Produkt- und Materialabf\u00e4lle zu vermeiden.<\/p>\n<p>Bei der Entwicklung unserer Maschinen legen wir gro\u00dfen Wert auf die Suche nach modernen und innovativen L\u00f6sungen zur Energieeinsparung und Verschlei\u00dfverringerung und auf die Verwendung erstklassiger Markenkomponenten. Vor der Auslieferung werden alle Maschinen von Fachtechnikern montiert und bis auf das kleinste Detail getestet, was die Installierungszeiten deutlich verk\u00fcrzt.[\/vc_column_text][\/vc_column][\/vc_row][vc_row padding_top_multiplier=&#8220;&#8220; columns_gap=&#8220;50&#8243;][vc_column][vc_custom_heading text=&#8220;Kartonierer der Produktreihe VCM<br \/>\nModelle&#8220; font_container=&#8220;tag:h2|text_align:center&#8220; google_fonts=&#8220;font_family:Montserrat%3Aregular%2C700|font_style:400%20regular%3A400%3Anormal&#8220; css_animation=&#8220;right-to-left&#8220;][vc_column_text]<\/p>\n<table border=\"1\">\n<tbody>\n<tr>\n<td>mod.<\/td>\n<td align=\"center\">Max. Leistung (FS\/Min)<\/td>\n<td>Min. Ma\u00dfe der FS<\/td>\n<td>Max. Ma\u00dfe der FS<\/td>\n<td>Anzahl der Trichter<\/td>\n<td>Anzahl der FS-Halter<\/td>\n<\/tr>\n<tr>\n<td>VCM3<\/td>\n<td align=\"center\">75<\/td>\n<td>60x30x140<\/td>\n<td>290x105x370<\/td>\n<td>3<\/td>\n<td>15<\/td>\n<\/tr>\n<tr>\n<td>VCM4<\/td>\n<td align=\"center\">100<\/td>\n<td>60x30x140<\/td>\n<td>220x80x330<\/td>\n<td>4<\/td>\n<td>20<\/td>\n<\/tr>\n<tr>\n<td>VCM5<\/td>\n<td align=\"center\">125<\/td>\n<td>60x30x140<\/td>\n<td>180x80x330<\/td>\n<td>5<\/td>\n<td>25<\/td>\n<\/tr>\n<tr>\n<td>VCM6<\/td>\n<td align=\"center\">150<\/td>\n<td>60x30x140<\/td>\n<td>220x105x370<\/td>\n<td>6<\/td>\n<td>21<\/td>\n<\/tr>\n<\/tbody>\n<\/table>\n<p>[\/vc_column_text][\/vc_column][\/vc_row][vc_row padding_top_multiplier=&#8220;&#8220; columns_gap=&#8220;50&#8243;][vc_column width=&#8220;1\/2&#8243;][vc_single_image image=&#8220;19532&#8243; img_size=&#8220;full&#8220;][\/vc_column][vc_column width=&#8220;1\/2&#8243;][vc_column_text css=&#8220;.vc_custom_1681463043947{padding-bottom: 20px !important;}&#8220; animation=&#8220;grve-fade-in-up&#8220; animation_duration=&#8220;slow&#8220;]<\/p>\n<h4><b>Merkmale:<\/b><\/h4>\n<ul>\n<li>Leistung: bis zu 150 Faltschachteln\/Minute, kontinuierlich arbeitend<\/li>\n<li>\u201eTool-free\u201c-Technologie f\u00fcr werkzeuglose Verstellungen<\/li>\n<li>Trichter und Faltschachtel-Halter mit Schnellentnahmevorrichtung und \u201eTool-free\u201c-Technologie<\/li>\n<li>Einteilige Schachtelhalter aus korrosionsbest\u00e4ndigem Aluminium 6082&#8243; UNI9006\/4 f\u00fcr einen optimalen Schachteltransport<\/li>\n<li>Produktber\u00fchrende Bauteile aus Edelstahl<\/li>\n<li>Trichter mit Bancollan-Beschichtung f\u00fcr zerbrechliche Produkte<\/li>\n<li>Aktive F\u00fchrung der Faltschachtel w\u00e4hrend der Entnahme aus dem FS-Magazin und Aufrichtung<\/li>\n<li>Produktzuf\u00fchrung durch verschiedene Dosiersysteme (volumetrisch, nach Gewicht, durch Schneckendosierer oder durch Z\u00e4hlung)<\/li>\n<li>Gro\u00dfer Formatbereich<\/li>\n<li>Ergonomisches FS-Magazin; Warnmeldung bei Mindestf\u00fcllstand; manuelle oder motorisierte (je nach Format \u00fcber das Bedienfeld einstellbare) Verstellung der FS-Auflagefl\u00e4che<\/li>\n<li>\u00a0Automatische Zuf\u00fchrgeschwindigkeit der Faltschachteln je nach Geschwindigkeit der Linie<\/li>\n<li>Alle Faltschachtelformen und g\u00e4ngige Verschlussarten realisierbar<\/li>\n<li>Garantierte Abdichtung gegen das Auslaufen des Produkts<\/li>\n<li>Touchscreen-Farbdisplay mit einfacher und intuitiver Programmierung<\/li>\n<li>Automatische Ausschleusung nicht konformer Faltschachteln<\/li>\n<li>Lebensmitteltaugliche\/ korrosionsgesch\u00fctzte\/ komplett abwaschbare Edelstahl- Version auf Anfrage erh\u00e4ltlich<\/li>\n<li>Reduzierter Energieverbrauch<\/li>\n<li>Elektrische Vakuumpumpe (nicht Venturi) f\u00fcr einfache Wartung, reduzierten Energieverbrauch und hohe Leistungen<\/li>\n<li>Verf\u00fcgbarkeit aller g\u00e4ngigen SPS-Systeme (Siemens, Allen Bradley, Schneider)<\/li>\n<li>\u201eNo product\/no carton\u201c-Funktion und Laschenverschluss der in Produktion befindlichen Faltschachteln bei gew\u00f6hnlichen Maschinenstopp optional erh\u00e4ltlich<\/li>\n<\/ul>\n<p>[\/vc_column_text][\/vc_column][\/vc_row]<\/p>\n<\/div>","protected":false},"excerpt":{"rendered":"<p>[vc_row padding_bottom_multiplier=&#8220;&#8220;][vc_column width=&#8220;1\/6&#8243; z_index=&#8220;5000&#8243;][vc_column_text css=&#8220;.vc_custom_1682084155966{padding-bottom: 20px !important;}&#8220; animation=&#8220;grve-fade-in&#8220;] VCM Kartonier- maschinen Kontinuierlich arbeitende vertikale Kartoniermaschine[\/vc_column_text][vc_column_text css=&#8220;.vc_custom_1681462667250{padding-top: 30px !important;padding-bottom: 8px !important;}&#8220;] Erh\u00e4ltlich mit [\/vc_column_text][vc_single_image image=&#8220;21742&#8243; img_size=&#8220;120&#215;80&#8243; onclick=&#8220;custom_link&#8220; link=&#8220;https:\/\/www.senzani.com\/de\/smart-remote-service\/&#8220;][\/vc_column][vc_column width=&#8220;5\/6&#8243;][\/vc_column][\/vc_row][vc_row padding_top_multiplier=&#8220;&#8220; columns_gap=&#8220;50&#8243;][vc_column][\/vc_column][\/vc_row][vc_row padding_top_multiplier=&#8220;&#8220; columns_gap=&#8220;50&#8243;][vc_column width=&#8220;1\/2&#8243;][vc_column_text animation=&#8220;grve-fade-in-down&#8220; animation_duration=&#8220;slow&#8220;]Die Senzani VCM-Kartonierer sind die ideale L\u00f6sung f\u00fcr Kunden, die niedrige bis mittlere Produktionsgeschwindigkeiten mit modernster Technologie kombinieren m\u00f6chten. Vielseitig, flexibel, [&hellip;]<\/p>\n","protected":false},"author":2,"featured_media":0,"parent":23436,"menu_order":0,"comment_status":"closed","ping_status":"open","template":"","meta":{"_acf_changed":false,"content-type":"","footnotes":""},"class_list":["post-23470","page","type-page","status-publish","hentry"],"acf":[],"yoast_head":"<!-- This site is optimized with the Yoast SEO plugin v27.4 - https:\/\/yoast.com\/product\/yoast-seo-wordpress\/ -->\n<title>Kontinuierlich arbeitende vertikale Kartoniermaschine | Senzani Brevetti<\/title>\n<meta name=\"description\" content=\"Die Formatumstellzeiten sind dank der \u201eTool-free&quot;-Technologie und der Anwendung moderner Techniken auf ein Minimum reduziert\" \/>\n<meta name=\"robots\" content=\"index, follow, max-snippet:-1, max-image-preview:large, max-video-preview:-1\" \/>\n<link rel=\"canonical\" href=\"https:\/\/www.senzani.com\/de\/verpackungsloesungen\/kartoniermaschinen\/vcm\/\" \/>\n<meta property=\"og:locale\" content=\"de_DE\" \/>\n<meta property=\"og:type\" content=\"article\" \/>\n<meta property=\"og:title\" content=\"Kontinuierlich arbeitende vertikale Kartoniermaschine | Senzani Brevetti\" \/>\n<meta property=\"og:description\" content=\"Die Formatumstellzeiten sind dank der \u201eTool-free&quot;-Technologie und der Anwendung moderner Techniken auf ein Minimum reduziert\" \/>\n<meta property=\"og:url\" content=\"https:\/\/www.senzani.com\/de\/verpackungsloesungen\/kartoniermaschinen\/vcm\/\" \/>\n<meta property=\"og:site_name\" content=\"Senzani Brevetti S.p.A.\" \/>\n<meta property=\"article:modified_time\" content=\"2024-10-04T15:08:57+00:00\" \/>\n<meta name=\"twitter:card\" content=\"summary_large_image\" \/>\n<meta name=\"twitter:label1\" content=\"Gesch\u00e4tzte Lesezeit\" \/>\n\t<meta name=\"twitter:data1\" content=\"4\u00a0Minuten\" \/>\n<script type=\"application\/ld+json\" class=\"yoast-schema-graph\">{\"@context\":\"https:\\\/\\\/schema.org\",\"@graph\":[{\"@type\":\"WebPage\",\"@id\":\"https:\\\/\\\/www.senzani.com\\\/de\\\/verpackungsloesungen\\\/kartoniermaschinen\\\/vcm\\\/\",\"url\":\"https:\\\/\\\/www.senzani.com\\\/de\\\/verpackungsloesungen\\\/kartoniermaschinen\\\/vcm\\\/\",\"name\":\"Kontinuierlich arbeitende vertikale Kartoniermaschine | Senzani Brevetti\",\"isPartOf\":{\"@id\":\"https:\\\/\\\/www.senzani.com\\\/de\\\/#website\"},\"datePublished\":\"2020-06-19T10:57:59+00:00\",\"dateModified\":\"2024-10-04T15:08:57+00:00\",\"description\":\"Die Formatumstellzeiten sind dank der \u201eTool-free\\\"-Technologie und der Anwendung moderner Techniken auf ein Minimum reduziert\",\"breadcrumb\":{\"@id\":\"https:\\\/\\\/www.senzani.com\\\/de\\\/verpackungsloesungen\\\/kartoniermaschinen\\\/vcm\\\/#breadcrumb\"},\"inLanguage\":\"de\",\"potentialAction\":[{\"@type\":\"ReadAction\",\"target\":[\"https:\\\/\\\/www.senzani.com\\\/de\\\/verpackungsloesungen\\\/kartoniermaschinen\\\/vcm\\\/\"]}]},{\"@type\":\"BreadcrumbList\",\"@id\":\"https:\\\/\\\/www.senzani.com\\\/de\\\/verpackungsloesungen\\\/kartoniermaschinen\\\/vcm\\\/#breadcrumb\",\"itemListElement\":[{\"@type\":\"ListItem\",\"position\":1,\"name\":\"Home\",\"item\":\"https:\\\/\\\/www.senzani.com\\\/de\\\/\"},{\"@type\":\"ListItem\",\"position\":2,\"name\":\"Verpackungsl\u00f6sungen\",\"item\":\"https:\\\/\\\/www.senzani.com\\\/de\\\/verpackungsloesungen\\\/\"},{\"@type\":\"ListItem\",\"position\":3,\"name\":\"Cartoners\",\"item\":\"https:\\\/\\\/www.senzani.com\\\/de\\\/verpackungsloesungen\\\/kartoniermaschinen\\\/\"},{\"@type\":\"ListItem\",\"position\":4,\"name\":\"VCM\"}]},{\"@type\":\"WebSite\",\"@id\":\"https:\\\/\\\/www.senzani.com\\\/de\\\/#website\",\"url\":\"https:\\\/\\\/www.senzani.com\\\/de\\\/\",\"name\":\"Senzani Brevetti S.p.A.\",\"description\":\"Leader nel settore delle macchine per imballaggi\",\"publisher\":{\"@id\":\"https:\\\/\\\/www.senzani.com\\\/de\\\/#organization\"},\"potentialAction\":[{\"@type\":\"SearchAction\",\"target\":{\"@type\":\"EntryPoint\",\"urlTemplate\":\"https:\\\/\\\/www.senzani.com\\\/de\\\/?s={search_term_string}\"},\"query-input\":{\"@type\":\"PropertyValueSpecification\",\"valueRequired\":true,\"valueName\":\"search_term_string\"}}],\"inLanguage\":\"de\"},{\"@type\":\"Organization\",\"@id\":\"https:\\\/\\\/www.senzani.com\\\/de\\\/#organization\",\"name\":\"Senzani Brevetti\",\"url\":\"https:\\\/\\\/www.senzani.com\\\/de\\\/\",\"logo\":{\"@type\":\"ImageObject\",\"inLanguage\":\"de\",\"@id\":\"https:\\\/\\\/www.senzani.com\\\/de\\\/#\\\/schema\\\/logo\\\/image\\\/\",\"url\":\"https:\\\/\\\/www.senzani.com\\\/wp-content\\\/uploads\\\/2020\\\/03\\\/logo-senzani.png\",\"contentUrl\":\"https:\\\/\\\/www.senzani.com\\\/wp-content\\\/uploads\\\/2020\\\/03\\\/logo-senzani.png\",\"width\":259,\"height\":71,\"caption\":\"Senzani Brevetti\"},\"image\":{\"@id\":\"https:\\\/\\\/www.senzani.com\\\/de\\\/#\\\/schema\\\/logo\\\/image\\\/\"}}]}<\/script>\n<!-- \/ Yoast SEO plugin. -->","yoast_head_json":{"title":"Kontinuierlich arbeitende vertikale Kartoniermaschine | Senzani Brevetti","description":"Die Formatumstellzeiten sind dank der \u201eTool-free\"-Technologie und der Anwendung moderner Techniken auf ein Minimum reduziert","robots":{"index":"index","follow":"follow","max-snippet":"max-snippet:-1","max-image-preview":"max-image-preview:large","max-video-preview":"max-video-preview:-1"},"canonical":"https:\/\/www.senzani.com\/de\/verpackungsloesungen\/kartoniermaschinen\/vcm\/","og_locale":"de_DE","og_type":"article","og_title":"Kontinuierlich arbeitende vertikale Kartoniermaschine | Senzani Brevetti","og_description":"Die Formatumstellzeiten sind dank der \u201eTool-free\"-Technologie und der Anwendung moderner Techniken auf ein Minimum reduziert","og_url":"https:\/\/www.senzani.com\/de\/verpackungsloesungen\/kartoniermaschinen\/vcm\/","og_site_name":"Senzani Brevetti S.p.A.","article_modified_time":"2024-10-04T15:08:57+00:00","twitter_card":"summary_large_image","twitter_misc":{"Gesch\u00e4tzte Lesezeit":"4\u00a0Minuten"},"schema":{"@context":"https:\/\/schema.org","@graph":[{"@type":"WebPage","@id":"https:\/\/www.senzani.com\/de\/verpackungsloesungen\/kartoniermaschinen\/vcm\/","url":"https:\/\/www.senzani.com\/de\/verpackungsloesungen\/kartoniermaschinen\/vcm\/","name":"Kontinuierlich arbeitende vertikale Kartoniermaschine | Senzani Brevetti","isPartOf":{"@id":"https:\/\/www.senzani.com\/de\/#website"},"datePublished":"2020-06-19T10:57:59+00:00","dateModified":"2024-10-04T15:08:57+00:00","description":"Die Formatumstellzeiten sind dank der \u201eTool-free\"-Technologie und der Anwendung moderner Techniken auf ein Minimum reduziert","breadcrumb":{"@id":"https:\/\/www.senzani.com\/de\/verpackungsloesungen\/kartoniermaschinen\/vcm\/#breadcrumb"},"inLanguage":"de","potentialAction":[{"@type":"ReadAction","target":["https:\/\/www.senzani.com\/de\/verpackungsloesungen\/kartoniermaschinen\/vcm\/"]}]},{"@type":"BreadcrumbList","@id":"https:\/\/www.senzani.com\/de\/verpackungsloesungen\/kartoniermaschinen\/vcm\/#breadcrumb","itemListElement":[{"@type":"ListItem","position":1,"name":"Home","item":"https:\/\/www.senzani.com\/de\/"},{"@type":"ListItem","position":2,"name":"Verpackungsl\u00f6sungen","item":"https:\/\/www.senzani.com\/de\/verpackungsloesungen\/"},{"@type":"ListItem","position":3,"name":"Cartoners","item":"https:\/\/www.senzani.com\/de\/verpackungsloesungen\/kartoniermaschinen\/"},{"@type":"ListItem","position":4,"name":"VCM"}]},{"@type":"WebSite","@id":"https:\/\/www.senzani.com\/de\/#website","url":"https:\/\/www.senzani.com\/de\/","name":"Senzani Brevetti S.p.A.","description":"Leader nel settore delle macchine per imballaggi","publisher":{"@id":"https:\/\/www.senzani.com\/de\/#organization"},"potentialAction":[{"@type":"SearchAction","target":{"@type":"EntryPoint","urlTemplate":"https:\/\/www.senzani.com\/de\/?s={search_term_string}"},"query-input":{"@type":"PropertyValueSpecification","valueRequired":true,"valueName":"search_term_string"}}],"inLanguage":"de"},{"@type":"Organization","@id":"https:\/\/www.senzani.com\/de\/#organization","name":"Senzani Brevetti","url":"https:\/\/www.senzani.com\/de\/","logo":{"@type":"ImageObject","inLanguage":"de","@id":"https:\/\/www.senzani.com\/de\/#\/schema\/logo\/image\/","url":"https:\/\/www.senzani.com\/wp-content\/uploads\/2020\/03\/logo-senzani.png","contentUrl":"https:\/\/www.senzani.com\/wp-content\/uploads\/2020\/03\/logo-senzani.png","width":259,"height":71,"caption":"Senzani Brevetti"},"image":{"@id":"https:\/\/www.senzani.com\/de\/#\/schema\/logo\/image\/"}}]}},"_links":{"self":[{"href":"https:\/\/www.senzani.com\/de\/wp-json\/wp\/v2\/pages\/23470","targetHints":{"allow":["GET"]}}],"collection":[{"href":"https:\/\/www.senzani.com\/de\/wp-json\/wp\/v2\/pages"}],"about":[{"href":"https:\/\/www.senzani.com\/de\/wp-json\/wp\/v2\/types\/page"}],"author":[{"embeddable":true,"href":"https:\/\/www.senzani.com\/de\/wp-json\/wp\/v2\/users\/2"}],"replies":[{"embeddable":true,"href":"https:\/\/www.senzani.com\/de\/wp-json\/wp\/v2\/comments?post=23470"}],"version-history":[{"count":8,"href":"https:\/\/www.senzani.com\/de\/wp-json\/wp\/v2\/pages\/23470\/revisions"}],"predecessor-version":[{"id":27205,"href":"https:\/\/www.senzani.com\/de\/wp-json\/wp\/v2\/pages\/23470\/revisions\/27205"}],"up":[{"embeddable":true,"href":"https:\/\/www.senzani.com\/de\/wp-json\/wp\/v2\/pages\/23436"}],"wp:attachment":[{"href":"https:\/\/www.senzani.com\/de\/wp-json\/wp\/v2\/media?parent=23470"}],"curies":[{"name":"wp","href":"https:\/\/api.w.org\/{rel}","templated":true}]}}