{"id":23453,"date":"2020-06-19T16:54:08","date_gmt":"2020-06-19T14:54:08","guid":{"rendered":"https:\/\/www.senzani.com\/soluzioni\/astucciatrice\/hcm\/"},"modified":"2024-10-04T15:57:25","modified_gmt":"2024-10-04T13:57:25","slug":"hcm","status":"publish","type":"page","link":"https:\/\/www.senzani.com\/de\/verpackungsloesungen\/kartoniermaschinen\/hcm\/","title":{"rendered":"HCM"},"content":{"rendered":"<div class=\"wpb-content-wrapper\"><p>[vc_row padding_bottom_multiplier=&#8220;&#8220;][vc_column width=&#8220;1\/6&#8243;]<div class=\"grve-element grve-image grve-animated-item grve-duration-very-slow grve-fade-in grve-align-left\" style=\"\" data-delay=\"200\">  <div class=\"grve-image-wrapper\"><img loading=\"lazy\" decoding=\"async\" width=\"240\" height=\"293\" src=\"https:\/\/www.senzani.com\/wp-content\/uploads\/2020\/03\/cartoners.jpg\" class=\"attachment-full size-full\" alt=\"\" \/>   <\/div><\/div>[vc_column_text css=&#8220;.vc_custom_1682088077807{padding-bottom: 20px !important;}&#8220; animation=&#8220;grve-fade-in&#8220;]<\/p>\n<h1 style=\"color: #3ba9dc; font-size: 30px;\">HCM<br \/>\nKartonier-<br \/>\nmaschinen<\/h1>\n<p><span style=\"color: #333333; font-size: 18px;\">Horizontale Kartoniermaschine<\/span>[\/vc_column_text][vc_column_text css=&#8220;.vc_custom_1681459317484{padding-top: 30px !important;padding-bottom: 8px !important;}&#8220;]<\/p>\n<div style=\"line-height: 18px; font-weight: 400;\">Erh\u00e4ltlich mit<\/div>\n<p>[\/vc_column_text][vc_single_image image=&#8220;21742&#8243; img_size=&#8220;120&#215;80&#8243; onclick=&#8220;custom_link&#8220; link=&#8220;https:\/\/www.senzani.com\/de\/smart-remote-service\/&#8220;][\/vc_column][vc_column width=&#8220;5\/6&#8243;]<div class=\"grve-element grve-box grve-align-center grve-animated-item grve-zoom-in grve-duration-normal\" style=\"\" data-delay=\"200\"><figure class=\"grve-image-hover grve-zoom-in\">\t<div class=\"grve-media\">\t\t<div class=\"grve-bg-light grve-hover-overlay grve-opacity-0\"><\/div><img loading=\"lazy\" decoding=\"async\" width=\"1200\" height=\"716\" src=\"https:\/\/www.senzani.com\/wp-content\/uploads\/2024\/03\/HCM-2024.jpg\" class=\"attachment-full size-full\" alt=\"\" srcset=\"https:\/\/www.senzani.com\/wp-content\/uploads\/2024\/03\/HCM-2024.jpg 1200w, https:\/\/www.senzani.com\/wp-content\/uploads\/2024\/03\/HCM-2024-300x179.jpg 300w, https:\/\/www.senzani.com\/wp-content\/uploads\/2024\/03\/HCM-2024-1024x611.jpg 1024w, https:\/\/www.senzani.com\/wp-content\/uploads\/2024\/03\/HCM-2024-768x458.jpg 768w\" sizes=\"auto, (max-width: 1200px) 100vw, 1200px\" \/>\t<\/div><\/figure>  <div class=\"grve-box-content\">    <p><\/p>  <\/div><\/div>[\/vc_column][\/vc_row][vc_row padding_top_multiplier=&#8220;&#8220; columns_gap=&#8220;50&#8243;][vc_column width=&#8220;1\/2&#8243;][vc_column_text animation=&#8220;grve-fade-in-down&#8220; animation_duration=&#8220;slow&#8220;]Die <strong>HCM<\/strong>-Kartonierer sind die Senzani-L\u00f6sung f\u00fcr die horizontale Kartonierung aus vorgeklebten Faltschachteln.<\/p>\n<p>Um Verpackungsl\u00f6sungen f\u00fcr die vielfachen Anforderungen verschiedener Branchen anzubieten, sowohl f\u00fcr sehr kleine als auch f\u00fcr gr\u00f6\u00dfere Faltschachtelformate, stellt Senzani eine breite Produktpalette zur Verf\u00fcgung.<\/p>\n<p>Der Entwurf jeder Maschine durch erfahrene Ingenieure und der Einsatz modernster Technologie sind Grundbestandteile f\u00fcr die Herstellung von Verpackungsmaschinen, die in der Lage sind, hohe Geschwindigkeiten zu erreichen und gleichzeitig Effizienz, Zuverl\u00e4ssigkeit und Unversehrtheit des Produkts zu garantieren.[\/vc_column_text][\/vc_column][vc_column width=&#8220;1\/2&#8243;][vc_column_text animation=&#8220;grve-fade-in-down&#8220; animation_duration=&#8220;slow&#8220;]Ein <strong>Produkttransportsystem, bestehend aus einer F\u00f6rderkette<\/strong>, erm\u00f6glicht es, hohe Produktionsleistungen zu erbringen und gleichzeitig die Produkte zu kadenzieren, um sie dem Kartonierer gleichm\u00e4\u00dfig zuzuf\u00fchren. Die Entnahme der Faltschachteln aus dem FS-Magazin erfolgt <strong>kontinuierlich oder intermittierend<\/strong>. Dank des von einer Pumpe erzeugten Vakuums, werden die Faltschachteln von den mit Saugn\u00e4pfen ausgestatteten Greifarmen eines Drehrevolvers aus dem Magazin entnommen und in die FS-Halter der Maschine positioniert. Die Einf\u00fchrung erfolgt durch ein Schiebersystem, das auch bei hohen Geschwindigkeiten eine sanfte und pr\u00e4zise Positionierung erm\u00f6glicht und so Unversehrtheit des Produkts und h\u00f6chste Qualit\u00e4t der Verpackung garantiert.[\/vc_column_text][\/vc_column][\/vc_row][vc_row padding_top_multiplier=&#8220;&#8220; padding_bottom_multiplier=&#8220;&#8220;][vc_column][vc_single_image image=&#8220;27173&#8243; img_size=&#8220;full&#8220; css=&#8220;&#8220;][\/vc_column][\/vc_row][vc_row padding_top_multiplier=&#8220;&#8220; padding_bottom_multiplier=&#8220;3x&#8220; columns_gap=&#8220;50&#8243;][vc_column width=&#8220;1\/2&#8243;][vc_column_text animation=&#8220;grve-fade-in-down&#8220; animation_duration=&#8220;slow&#8220;]<strong>Formatwechsel<\/strong> erfolgen werkzeuglos (\u201etool-free\u201c-Technologie) und sind, dank der Anwendung moderner Techniken zur Vereinfachung der Verstellungen,<strong> schnell und bedienerfreundlich<\/strong>. Eine detaillierte Beschreibung des Formatwechsels f\u00fchrt den Bediener Schritt f\u00fcr Schritt durch alle Phasen, um Fehler zu vermeiden und den Vorgang zu beschleunigen.<\/p>\n<p>Alle Komponenten sind so konzipiert und ausgew\u00e4hlt, dass sie <strong>w\u00e4hrend der gesamten Lebensdauer der Maschine ein H\u00f6chstma\u00df an Zuverl\u00e4ssigkeit gew\u00e4hrleisten<\/strong> und optimal <strong>an die sich im Laufe der Zeit \u00e4ndernden Formateigenschaften angepasst<\/strong> werden k\u00f6nnen, um den von Vorschriften, Marketingstrategien und Produkten bedingten Entwicklungen gerecht zu werden.<\/p>\n<p>Bei der Entwicklung unserer Maschinen legen wir gro\u00dfen Wert auf die Suche nach modernen und innovativen L\u00f6sungen zur Energieeinsparung und Verschlei\u00dfverringerung und auf die Verwendung erstklassiger Markenkomponenten.<br \/>\nVor der Auslieferung werden alle Maschinen von Fachtechnikern montiert und bis auf das kleinste Detail getestet, was die Installierungszeiten deutlich verk\u00fcrzt.[\/vc_column_text][\/vc_column][vc_column width=&#8220;1\/2&#8243;][vc_custom_heading text=&#8220;Kartonierer der Produktreihe HCM<br \/>\nModelle&#8220; font_container=&#8220;tag:h2|text_align:center&#8220; use_theme_fonts=&#8220;yes&#8220;][vc_column_text]<\/p>\n<table border=\"1\">\n<tbody>\n<tr>\n<td>mod.<\/td>\n<td align=\"center\">Max. Leistung (FS\/Min)<\/td>\n<td>Min. Ma\u00dfe der FS<\/td>\n<td>Max. Ma\u00dfe der FS<\/td>\n<\/tr>\n<tr>\n<td>HCM15 intermittierend arbeitend<\/td>\n<td align=\"center\">15 cpm<\/td>\n<td>180X80X300<\/td>\n<td>150x110x50<\/td>\n<\/tr>\n<tr>\n<td>HCM120 kontinuierlich arbeitend<\/td>\n<td align=\"center\">120 cpm<\/td>\n<td>180X80X330<\/td>\n<td>200x120x60<\/td>\n<\/tr>\n<\/tbody>\n<\/table>\n<p>[\/vc_column_text][\/vc_column][\/vc_row][vc_row][vc_column]<div class=\"grve-element grve-divider\" style=\"\"><div class=\"grve-line-divider grve-border\"><\/div><\/div>[\/vc_column][\/vc_row][vc_row padding_top_multiplier=&#8220;&#8220; columns_gap=&#8220;50&#8243;][vc_column width=&#8220;1\/2&#8243;][vc_column_text css=&#8220;.vc_custom_1681459640035{padding-bottom: 20px !important;}&#8220; animation=&#8220;grve-fade-in-up&#8220; animation_duration=&#8220;slow&#8220;]<\/p>\n<h4><b>Merkmale:<\/b><\/h4>\n<ul class=\"ul1\">\n<li class=\"li1\">Leistung: bis zu 120 Faltschachteln\/Minute im kontinuierlichen Arbeitsmodus<\/li>\n<li class=\"li1\">\u201eTool-free\u201c-Technologie f\u00fcr werkzeuglose Verstellungen<\/li>\n<li class=\"li1\">Produktber\u00fchrende Bauteile aus Edelstahl<\/li>\n<li class=\"li1\">Aktive F\u00fchrung der Faltschachtel w\u00e4hrend der Entnahme aus dem FS-Magazin und Aufrichtung<\/li>\n<li class=\"li1\">Produktzufuhr mittels F\u00e4cherband<\/li>\n<li class=\"li1\">Gro\u00dfer Formatbereich<\/li>\n<li class=\"li1\">Ergonomisches FS-Magazin; Warnmeldung bei Mindestf\u00fcllstand; Verstellung der FS-Auflagefl\u00e4che durch Handrad<\/li>\n<\/ul>\n<p>[\/vc_column_text][\/vc_column][vc_column width=&#8220;1\/2&#8243;][vc_column_text css=&#8220;.vc_custom_1715781419427{padding-bottom: 20px !important;}&#8220; animation=&#8220;grve-fade-in-up&#8220; animation_duration=&#8220;slow&#8220;]<\/p>\n<h4><b>\u00a0\u00a0<\/b><\/h4>\n<ul class=\"ul1\">\n<li class=\"li1\">Alle g\u00e4ngigen Verschlussarten realisierbar<\/li>\n<li class=\"li1\">Touchscreen-Farbdisplay<\/li>\n<li class=\"li1\">Einfache und intuitive Programmierung<\/li>\n<li class=\"li1\">Automatische Ausschleusung nicht konformer Faltschachteln<\/li>\n<li class=\"li1\">Lebensmitteltaugliche\/ korrosionsgesch\u00fctzte\/ komplett abwaschbare Edelstahl- Version auf Anfrage erh\u00e4ltlich<\/li>\n<li class=\"li1\">Lebenslange Schmierung der Lager, zentralisierte Schmierung auf Anfrage<\/li>\n<li class=\"li1\">Reduzierter Energieverbrauch auch dank der Anwendung einer Vakuumpumpe<\/li>\n<li class=\"li1\">Verf\u00fcgbarkeit aller g\u00e4ngigen SPS-Systeme (Siemens, Allen Bradley, Schneider)<\/li>\n<\/ul>\n<p>[\/vc_column_text][\/vc_column][\/vc_row]<\/p>\n<\/div>","protected":false},"excerpt":{"rendered":"<p>[vc_row padding_bottom_multiplier=&#8220;&#8220;][vc_column width=&#8220;1\/6&#8243;][vc_column_text css=&#8220;.vc_custom_1682088077807{padding-bottom: 20px !important;}&#8220; animation=&#8220;grve-fade-in&#8220;] HCM Kartonier- maschinen Horizontale Kartoniermaschine[\/vc_column_text][vc_column_text css=&#8220;.vc_custom_1681459317484{padding-top: 30px !important;padding-bottom: 8px !important;}&#8220;] Erh\u00e4ltlich mit [\/vc_column_text][vc_single_image image=&#8220;21742&#8243; img_size=&#8220;120&#215;80&#8243; onclick=&#8220;custom_link&#8220; link=&#8220;https:\/\/www.senzani.com\/de\/smart-remote-service\/&#8220;][\/vc_column][vc_column width=&#8220;5\/6&#8243;][\/vc_column][\/vc_row][vc_row padding_top_multiplier=&#8220;&#8220; columns_gap=&#8220;50&#8243;][vc_column width=&#8220;1\/2&#8243;][vc_column_text animation=&#8220;grve-fade-in-down&#8220; animation_duration=&#8220;slow&#8220;]Die HCM-Kartonierer sind die Senzani-L\u00f6sung f\u00fcr die horizontale Kartonierung aus vorgeklebten Faltschachteln. Um Verpackungsl\u00f6sungen f\u00fcr die vielfachen Anforderungen verschiedener Branchen anzubieten, sowohl f\u00fcr sehr kleine als [&hellip;]<\/p>\n","protected":false},"author":2,"featured_media":0,"parent":23436,"menu_order":0,"comment_status":"closed","ping_status":"open","template":"","meta":{"_acf_changed":false,"content-type":"","footnotes":""},"class_list":["post-23453","page","type-page","status-publish","hentry"],"acf":[],"yoast_head":"<!-- This site is optimized with the Yoast SEO plugin v27.5 - https:\/\/yoast.com\/product\/yoast-seo-wordpress\/ -->\n<title>Horizontale Kartoniermaschine | Senzani Brevetti<\/title>\n<meta name=\"description\" content=\"Die HCM-Kartonierer sind die L\u00f6sung von Senzani f\u00fcr die horizontale Kartonierung aus vorgeklebten Faltschachteln\" \/>\n<meta name=\"robots\" content=\"index, follow, max-snippet:-1, max-image-preview:large, max-video-preview:-1\" \/>\n<link rel=\"canonical\" href=\"https:\/\/www.senzani.com\/de\/verpackungsloesungen\/kartoniermaschinen\/hcm\/\" \/>\n<meta property=\"og:locale\" content=\"de_DE\" \/>\n<meta property=\"og:type\" content=\"article\" \/>\n<meta property=\"og:title\" content=\"Horizontale Kartoniermaschine | Senzani Brevetti\" \/>\n<meta property=\"og:description\" content=\"Die HCM-Kartonierer sind die L\u00f6sung von Senzani f\u00fcr die horizontale Kartonierung aus vorgeklebten Faltschachteln\" \/>\n<meta property=\"og:url\" content=\"https:\/\/www.senzani.com\/de\/verpackungsloesungen\/kartoniermaschinen\/hcm\/\" \/>\n<meta property=\"og:site_name\" content=\"Senzani Brevetti S.p.A.\" \/>\n<meta property=\"article:modified_time\" content=\"2024-10-04T13:57:25+00:00\" \/>\n<meta name=\"twitter:card\" content=\"summary_large_image\" \/>\n<meta name=\"twitter:label1\" content=\"Gesch\u00e4tzte Lesezeit\" \/>\n\t<meta name=\"twitter:data1\" content=\"3\u00a0Minuten\" \/>\n<script type=\"application\/ld+json\" class=\"yoast-schema-graph\">{\"@context\":\"https:\\\/\\\/schema.org\",\"@graph\":[{\"@type\":\"WebPage\",\"@id\":\"https:\\\/\\\/www.senzani.com\\\/de\\\/verpackungsloesungen\\\/kartoniermaschinen\\\/hcm\\\/\",\"url\":\"https:\\\/\\\/www.senzani.com\\\/de\\\/verpackungsloesungen\\\/kartoniermaschinen\\\/hcm\\\/\",\"name\":\"Horizontale Kartoniermaschine | Senzani Brevetti\",\"isPartOf\":{\"@id\":\"https:\\\/\\\/www.senzani.com\\\/de\\\/#website\"},\"datePublished\":\"2020-06-19T14:54:08+00:00\",\"dateModified\":\"2024-10-04T13:57:25+00:00\",\"description\":\"Die HCM-Kartonierer sind die L\u00f6sung von Senzani f\u00fcr die horizontale Kartonierung aus vorgeklebten Faltschachteln\",\"breadcrumb\":{\"@id\":\"https:\\\/\\\/www.senzani.com\\\/de\\\/verpackungsloesungen\\\/kartoniermaschinen\\\/hcm\\\/#breadcrumb\"},\"inLanguage\":\"de\",\"potentialAction\":[{\"@type\":\"ReadAction\",\"target\":[\"https:\\\/\\\/www.senzani.com\\\/de\\\/verpackungsloesungen\\\/kartoniermaschinen\\\/hcm\\\/\"]}]},{\"@type\":\"BreadcrumbList\",\"@id\":\"https:\\\/\\\/www.senzani.com\\\/de\\\/verpackungsloesungen\\\/kartoniermaschinen\\\/hcm\\\/#breadcrumb\",\"itemListElement\":[{\"@type\":\"ListItem\",\"position\":1,\"name\":\"Home\",\"item\":\"https:\\\/\\\/www.senzani.com\\\/de\\\/\"},{\"@type\":\"ListItem\",\"position\":2,\"name\":\"Verpackungsl\u00f6sungen\",\"item\":\"https:\\\/\\\/www.senzani.com\\\/de\\\/verpackungsloesungen\\\/\"},{\"@type\":\"ListItem\",\"position\":3,\"name\":\"Cartoners\",\"item\":\"https:\\\/\\\/www.senzani.com\\\/de\\\/verpackungsloesungen\\\/kartoniermaschinen\\\/\"},{\"@type\":\"ListItem\",\"position\":4,\"name\":\"HCM\"}]},{\"@type\":\"WebSite\",\"@id\":\"https:\\\/\\\/www.senzani.com\\\/de\\\/#website\",\"url\":\"https:\\\/\\\/www.senzani.com\\\/de\\\/\",\"name\":\"Senzani Brevetti S.p.A.\",\"description\":\"Leader nel settore delle macchine per imballaggi\",\"publisher\":{\"@id\":\"https:\\\/\\\/www.senzani.com\\\/de\\\/#organization\"},\"potentialAction\":[{\"@type\":\"SearchAction\",\"target\":{\"@type\":\"EntryPoint\",\"urlTemplate\":\"https:\\\/\\\/www.senzani.com\\\/de\\\/?s={search_term_string}\"},\"query-input\":{\"@type\":\"PropertyValueSpecification\",\"valueRequired\":true,\"valueName\":\"search_term_string\"}}],\"inLanguage\":\"de\"},{\"@type\":\"Organization\",\"@id\":\"https:\\\/\\\/www.senzani.com\\\/de\\\/#organization\",\"name\":\"Senzani Brevetti\",\"url\":\"https:\\\/\\\/www.senzani.com\\\/de\\\/\",\"logo\":{\"@type\":\"ImageObject\",\"inLanguage\":\"de\",\"@id\":\"https:\\\/\\\/www.senzani.com\\\/de\\\/#\\\/schema\\\/logo\\\/image\\\/\",\"url\":\"https:\\\/\\\/www.senzani.com\\\/wp-content\\\/uploads\\\/2020\\\/03\\\/logo-senzani.png\",\"contentUrl\":\"https:\\\/\\\/www.senzani.com\\\/wp-content\\\/uploads\\\/2020\\\/03\\\/logo-senzani.png\",\"width\":259,\"height\":71,\"caption\":\"Senzani Brevetti\"},\"image\":{\"@id\":\"https:\\\/\\\/www.senzani.com\\\/de\\\/#\\\/schema\\\/logo\\\/image\\\/\"}}]}<\/script>\n<!-- \/ Yoast SEO plugin. -->","yoast_head_json":{"title":"Horizontale Kartoniermaschine | Senzani Brevetti","description":"Die HCM-Kartonierer sind die L\u00f6sung von Senzani f\u00fcr die horizontale Kartonierung aus vorgeklebten Faltschachteln","robots":{"index":"index","follow":"follow","max-snippet":"max-snippet:-1","max-image-preview":"max-image-preview:large","max-video-preview":"max-video-preview:-1"},"canonical":"https:\/\/www.senzani.com\/de\/verpackungsloesungen\/kartoniermaschinen\/hcm\/","og_locale":"de_DE","og_type":"article","og_title":"Horizontale Kartoniermaschine | Senzani Brevetti","og_description":"Die HCM-Kartonierer sind die L\u00f6sung von Senzani f\u00fcr die horizontale Kartonierung aus vorgeklebten Faltschachteln","og_url":"https:\/\/www.senzani.com\/de\/verpackungsloesungen\/kartoniermaschinen\/hcm\/","og_site_name":"Senzani Brevetti S.p.A.","article_modified_time":"2024-10-04T13:57:25+00:00","twitter_card":"summary_large_image","twitter_misc":{"Gesch\u00e4tzte Lesezeit":"3\u00a0Minuten"},"schema":{"@context":"https:\/\/schema.org","@graph":[{"@type":"WebPage","@id":"https:\/\/www.senzani.com\/de\/verpackungsloesungen\/kartoniermaschinen\/hcm\/","url":"https:\/\/www.senzani.com\/de\/verpackungsloesungen\/kartoniermaschinen\/hcm\/","name":"Horizontale Kartoniermaschine | Senzani Brevetti","isPartOf":{"@id":"https:\/\/www.senzani.com\/de\/#website"},"datePublished":"2020-06-19T14:54:08+00:00","dateModified":"2024-10-04T13:57:25+00:00","description":"Die HCM-Kartonierer sind die L\u00f6sung von Senzani f\u00fcr die horizontale Kartonierung aus vorgeklebten Faltschachteln","breadcrumb":{"@id":"https:\/\/www.senzani.com\/de\/verpackungsloesungen\/kartoniermaschinen\/hcm\/#breadcrumb"},"inLanguage":"de","potentialAction":[{"@type":"ReadAction","target":["https:\/\/www.senzani.com\/de\/verpackungsloesungen\/kartoniermaschinen\/hcm\/"]}]},{"@type":"BreadcrumbList","@id":"https:\/\/www.senzani.com\/de\/verpackungsloesungen\/kartoniermaschinen\/hcm\/#breadcrumb","itemListElement":[{"@type":"ListItem","position":1,"name":"Home","item":"https:\/\/www.senzani.com\/de\/"},{"@type":"ListItem","position":2,"name":"Verpackungsl\u00f6sungen","item":"https:\/\/www.senzani.com\/de\/verpackungsloesungen\/"},{"@type":"ListItem","position":3,"name":"Cartoners","item":"https:\/\/www.senzani.com\/de\/verpackungsloesungen\/kartoniermaschinen\/"},{"@type":"ListItem","position":4,"name":"HCM"}]},{"@type":"WebSite","@id":"https:\/\/www.senzani.com\/de\/#website","url":"https:\/\/www.senzani.com\/de\/","name":"Senzani Brevetti S.p.A.","description":"Leader nel settore delle macchine per imballaggi","publisher":{"@id":"https:\/\/www.senzani.com\/de\/#organization"},"potentialAction":[{"@type":"SearchAction","target":{"@type":"EntryPoint","urlTemplate":"https:\/\/www.senzani.com\/de\/?s={search_term_string}"},"query-input":{"@type":"PropertyValueSpecification","valueRequired":true,"valueName":"search_term_string"}}],"inLanguage":"de"},{"@type":"Organization","@id":"https:\/\/www.senzani.com\/de\/#organization","name":"Senzani Brevetti","url":"https:\/\/www.senzani.com\/de\/","logo":{"@type":"ImageObject","inLanguage":"de","@id":"https:\/\/www.senzani.com\/de\/#\/schema\/logo\/image\/","url":"https:\/\/www.senzani.com\/wp-content\/uploads\/2020\/03\/logo-senzani.png","contentUrl":"https:\/\/www.senzani.com\/wp-content\/uploads\/2020\/03\/logo-senzani.png","width":259,"height":71,"caption":"Senzani Brevetti"},"image":{"@id":"https:\/\/www.senzani.com\/de\/#\/schema\/logo\/image\/"}}]}},"_links":{"self":[{"href":"https:\/\/www.senzani.com\/de\/wp-json\/wp\/v2\/pages\/23453","targetHints":{"allow":["GET"]}}],"collection":[{"href":"https:\/\/www.senzani.com\/de\/wp-json\/wp\/v2\/pages"}],"about":[{"href":"https:\/\/www.senzani.com\/de\/wp-json\/wp\/v2\/types\/page"}],"author":[{"embeddable":true,"href":"https:\/\/www.senzani.com\/de\/wp-json\/wp\/v2\/users\/2"}],"replies":[{"embeddable":true,"href":"https:\/\/www.senzani.com\/de\/wp-json\/wp\/v2\/comments?post=23453"}],"version-history":[{"count":10,"href":"https:\/\/www.senzani.com\/de\/wp-json\/wp\/v2\/pages\/23453\/revisions"}],"predecessor-version":[{"id":27177,"href":"https:\/\/www.senzani.com\/de\/wp-json\/wp\/v2\/pages\/23453\/revisions\/27177"}],"up":[{"embeddable":true,"href":"https:\/\/www.senzani.com\/de\/wp-json\/wp\/v2\/pages\/23436"}],"wp:attachment":[{"href":"https:\/\/www.senzani.com\/de\/wp-json\/wp\/v2\/media?parent=23453"}],"curies":[{"name":"wp","href":"https:\/\/api.w.org\/{rel}","templated":true}]}}