{"id":23223,"date":"2020-06-28T22:06:16","date_gmt":"2020-06-28T20:06:16","guid":{"rendered":"https:\/\/www.senzani.com\/lavora-con-noi\/invia-candidatura-spontanea\/"},"modified":"2023-04-14T12:20:42","modified_gmt":"2023-04-14T10:20:42","slug":"initiativbewerbung","status":"publish","type":"page","link":"https:\/\/www.senzani.com\/de\/karriere\/initiativbewerbung\/","title":{"rendered":"Initiativbewerbung"},"content":{"rendered":"<div class=\"wpb-content-wrapper\"><p>[vc_row section_type=&#8220;fullwidth&#8220; bg_type=&#8220;gradient&#8220; bg_gradient_color_1=&#8220;#36cfec&#8220; bg_gradient_color_2=&#8220;#29b7e0&#8243; bg_gradient_direction=&#8220;45&#8243; margin_bottom=&#8220;40px&#8220;][vc_column][vc_custom_heading text=&#8220;Senden Sie Ihre Initiativbewerbung durch das<br \/>\nvollst\u00e4ndige Ausf\u00fcllen des Formulars&#8220; font_container=&#8220;tag:h1|text_align:center&#8220; use_theme_fonts=&#8220;yes&#8220; css_animation=&#8220;fadeInDown&#8220; el_id=&#8220;title_soluzioni&#8220;][\/vc_column][\/vc_row][vc_row][vc_column width=&#8220;1\/6&#8243; tablet_sm_width=&#8220;hide&#8220; mobile_width=&#8220;hide&#8220;][\/vc_column][vc_column width=&#8220;2\/3&#8243;][vc_column_text]F\u00fcllen Sie bitte dieses Formular vollst\u00e4ndig aus und f\u00fcgen Sie Ihren Lebenslauf bei: Wenn Ihr Profil f\u00fcr uns von Interesse ist, werden wir uns so bald wie m\u00f6glich mit Ihnen in Verbindung setzen, um Sie besser kennenzulernen.[\/vc_column_text][vc_empty_space]\n<div class=\"wpcf7 no-js\" id=\"wpcf7-f20860-o1\" lang=\"\" dir=\"ltr\" data-wpcf7-id=\"20860\">\n<div class=\"screen-reader-response\"><p role=\"status\" aria-live=\"polite\" aria-atomic=\"true\"><\/p> <ul><\/ul><\/div>\n<form action=\"\/de\/wp-json\/wp\/v2\/pages\/23223#wpcf7-f20860-o1\" method=\"post\" class=\"wpcf7-form init wpcf7-acceptance-as-validation\" aria-label=\"Kontaktformular\" enctype=\"multipart\/form-data\" novalidate=\"novalidate\" data-status=\"init\">\n<fieldset class=\"hidden-fields-container\"><input type=\"hidden\" name=\"_wpcf7\" value=\"20860\" \/><input type=\"hidden\" name=\"_wpcf7_version\" value=\"6.1.5\" \/><input type=\"hidden\" name=\"_wpcf7_locale\" value=\"\" \/><input type=\"hidden\" name=\"_wpcf7_unit_tag\" value=\"wpcf7-f20860-o1\" \/><input type=\"hidden\" name=\"_wpcf7_container_post\" value=\"0\" \/><input type=\"hidden\" name=\"_wpcf7_posted_data_hash\" value=\"\" \/><input type=\"hidden\" name=\"_wpcf7dtx_version\" value=\"5.0.5\" \/><input type=\"hidden\" name=\"_wpcf7_recaptcha_response\" value=\"\" \/>\n<\/fieldset>\n<style>.grve-link-text{font-size:12px!important;}.grve-small-text{text-transform:none!important;}.wpcf7-form-control-wrap.privacy{margin:10px 0!important;}.wpcf7-form-control.wpcf7-acceptance > .wpcf7-list-item{ margin:0!important;} .wpcf7-list-item > label > span.wpcf7-list-item-label { color:#396af6!important; font-weight:800!important; }.grve-modal-popup>span {color:#396af6!important; font-weight:800!important;} #posizio {font-size:14px!important; color:#396af6!important;} span.required {color:#cc0000!important;}\n<\/style>\n<div>\n\t<div class=\"grve-small-text grve-align-right\">\n\t\t<p>(<span class=\"required\">*<\/span>)Required fields\n\t\t<\/p>\n\t<\/div>\n<\/div>\n<div class=\"grve-form\">\n\t<div class=\"grve-fields-wrapper\">\n\t\t<div class=\"grve-one-half\">\n\t\t\t<div class=\"grve-link-text\">\n\t\t\t\t<p>Name <span class=\"required\">*<\/span>\n\t\t\t\t<\/p>\n\t\t\t<\/div>\n\t\t\t<p><span class=\"wpcf7-form-control-wrap\" data-name=\"fname\"><input size=\"40\" maxlength=\"400\" class=\"wpcf7-form-control wpcf7-text wpcf7-validates-as-required\" aria-required=\"true\" aria-invalid=\"false\" value=\"\" type=\"text\" name=\"fname\" \/><\/span>\n\t\t\t<\/p>\n\t\t<\/div>\n\t\t<div class=\"grve-one-half grve-last-column\">\n\t\t\t<div class=\"grve-link-text\">\n\t\t\t\t<p>Surname <span class=\"required\">*<\/span>\n\t\t\t\t<\/p>\n\t\t\t<\/div>\n\t\t\t<p><span class=\"wpcf7-form-control-wrap\" data-name=\"lname\"><input size=\"40\" maxlength=\"400\" class=\"wpcf7-form-control wpcf7-text wpcf7-validates-as-required\" aria-required=\"true\" aria-invalid=\"false\" value=\"\" type=\"text\" name=\"lname\" \/><\/span>\n\t\t\t<\/p>\n\t\t<\/div>\n\t\t<div class=\"grve-one-third\">\n\t\t\t<div class=\"grve-link-text\">\n\t\t\t\t<p>Province <span class=\"required\">*<\/span>\n\t\t\t\t<\/p>\n\t\t\t<\/div>\n\t\t\t<p><span class=\"wpcf7-form-control-wrap\" data-name=\"provincia\"><input size=\"40\" maxlength=\"400\" class=\"wpcf7-form-control wpcf7-text wpcf7-validates-as-required\" aria-required=\"true\" aria-invalid=\"false\" value=\"\" type=\"text\" name=\"provincia\" \/><\/span>\n\t\t\t<\/p>\n\t\t<\/div>\n\t\t<div class=\"grve-one-third\">\n\t\t\t<div class=\"grve-link-text\">\n\t\t\t\t<p>Email address <span class=\"required\">*<\/span>\n\t\t\t\t<\/p>\n\t\t\t<\/div>\n\t\t\t<p><span class=\"wpcf7-form-control-wrap\" data-name=\"email\"><input size=\"40\" maxlength=\"400\" class=\"wpcf7-form-control wpcf7-email wpcf7-validates-as-required wpcf7-text wpcf7-validates-as-email\" aria-required=\"true\" aria-invalid=\"false\" value=\"\" type=\"email\" name=\"email\" \/><\/span>\n\t\t\t<\/p>\n\t\t<\/div>\n\t\t<div class=\"grve-one-third grve-last-column\">\n\t\t\t<div class=\"grve-link-text\">\n\t\t\t\t<p>Phone <span class=\"required\">*<\/span>\n\t\t\t\t<\/p>\n\t\t\t<\/div>\n\t\t\t<p><span class=\"wpcf7-form-control-wrap\" data-name=\"cellulare\"><input size=\"40\" maxlength=\"400\" class=\"wpcf7-form-control wpcf7-text wpcf7-validates-as-required\" aria-required=\"true\" aria-invalid=\"false\" value=\"\" type=\"text\" name=\"cellulare\" \/><\/span>\n\t\t\t<\/p>\n\t\t<\/div>\n\t\t<div class=\"grve-last-column\">\n\t\t\t<div class=\"grve-link-text\">\n\t\t\t\t<p>Area of interest <span class=\"required\">*<\/span>\n\t\t\t\t<\/p>\n\t\t\t<\/div>\n\t\t\t<p><span class=\"wpcf7-form-control-wrap\" data-name=\"interest\"><span class=\"wpcf7-form-control wpcf7-checkbox wpcf7-validates-as-required\"><span class=\"wpcf7-list-item first\"><input type=\"checkbox\" name=\"interest[]\" value=\"Account \/ Commercial\" \/><span class=\"wpcf7-list-item-label\">Account \/ Commercial<\/span><\/span><span class=\"wpcf7-list-item last\"><input type=\"checkbox\" name=\"interest[]\" value=\"Workers \/ Productions\" \/><span class=\"wpcf7-list-item-label\">Workers \/ Productions<\/span><\/span><\/span><\/span>\n\t\t\t<\/p>\n\t\t<\/div>\n\t\t<div class=\"grve-margin-top-sm\">\n\t\t\t<div class=\"grve-link-text\">\n\t\t\t\t<p>My presentation <span class=\"required\">*<\/span>\n\t\t\t\t<\/p>\n\t\t\t<\/div>\n\t\t\t<p><span class=\"wpcf7-form-control-wrap\" data-name=\"mpres\"><textarea cols=\"40\" rows=\"10\" maxlength=\"1000\" class=\"wpcf7-form-control wpcf7-textarea wpcf7-validates-as-required\" aria-required=\"true\" aria-invalid=\"false\" name=\"mpres\">Max 1000 characters<\/textarea><\/span>\n\t\t\t<\/p>\n\t\t<\/div>\n\t\t<div>\n\t\t\t<div class=\"grve-link-text\">\n\t\t\t\t<p>CURRICULUM - Word o Pdf <span class=\"required\">*<\/span>\n\t\t\t\t<\/p>\n\t\t\t<\/div>\n\t\t\t<p><span class=\"wpcf7-form-control-wrap\" data-name=\"cv_file\"><input size=\"40\" class=\"wpcf7-form-control wpcf7-file wpcf7-validates-as-required\" accept=\".pdf,.txt,.doc,.docx\" aria-required=\"true\" aria-invalid=\"false\" type=\"file\" name=\"cv_file\" \/><\/span>\n\t\t\t<\/p>\n\t\t<\/div>\n\t\t<div class=\"grve-margin-top-sm\">\n\t\t\t<div class=\"grve-small-text\">\n\t\t\t\t<p><span class=\"wpcf7-form-control-wrap\" data-name=\"privacy\"><span class=\"wpcf7-form-control wpcf7-acceptance\"><span class=\"wpcf7-list-item\"><label><input type=\"checkbox\" name=\"privacy\" value=\"1\" aria-invalid=\"false\" \/><span class=\"wpcf7-list-item-label\">I have read the privacy policy <span class=\"required\">*<\/span><\/span><\/label><\/span><\/span><\/span>\n\t\t\t\t<\/p>\n\t\t\t<\/div>\n\t\t<\/div>\n\t\t<div class=\"grve-element grve-divider\" style=\"margin:20px auto;\">\n\t\t\t<div class=\"grve-line-divider grve-border\">\n\t\t\t<\/div>\n\t\t<\/div>\n\t\t<div>\n\t\t\t<p><input class=\"wpcf7-form-control wpcf7-submit has-spinner\" type=\"submit\" value=\"SEND YOUR SPONTANEOUS APPLICATION\" \/>\n\t\t\t<\/p>\n\t\t<\/div>\n\t<\/div>\n<\/div><div class=\"wpcf7-response-output\" aria-hidden=\"true\"><\/div>\n<\/form>\n<\/div>\n[\/vc_column][vc_column width=&#8220;1\/6&#8243; tablet_sm_width=&#8220;hide&#8220; mobile_width=&#8220;hide&#8220;][\/vc_column][\/vc_row][vc_row][vc_column]\t\t\t<div class=\"grve-modal-element mfp-hide grve-modal-dialog grve-bg-white grve-drop-shadow grve-content-large\" id=\"privacy\">\r\n\t\t\t\t<div class=\"grve-section\">\r\n\t\t\t\t\t<div class=\"grve-container\">\r\n\t\t\t\t\t\t<div class=\"grve-row grve-columns-gap-30\">\r\n\t\t\t\t\t\t\t<div class=\"grve-column grve-column-1\">\r\n\t\t\t\t\t\t\t[vc_column_text][\/vc_column_text]\t\t\t\t\t\t\t<\/div>\r\n\t\t\t\t\t\t<\/div>\r\n\t\t\t\t\t<\/div>\r\n\t\t\t\t<\/div>\r\n\t\t\t<\/div>\r\n\t\t[\/vc_column][\/vc_row]<\/p>\n<\/div>","protected":false},"excerpt":{"rendered":"<p>[vc_row section_type=&#8220;fullwidth&#8220; bg_type=&#8220;gradient&#8220; bg_gradient_color_1=&#8220;#36cfec&#8220; bg_gradient_color_2=&#8220;#29b7e0&#8243; bg_gradient_direction=&#8220;45&#8243; margin_bottom=&#8220;40px&#8220;][vc_column][vc_custom_heading text=&#8220;Senden Sie Ihre Initiativbewerbung durch das vollst\u00e4ndige Ausf\u00fcllen des Formulars&#8220; font_container=&#8220;tag:h1|text_align:center&#8220; use_theme_fonts=&#8220;yes&#8220; css_animation=&#8220;fadeInDown&#8220; el_id=&#8220;title_soluzioni&#8220;][\/vc_column][\/vc_row][vc_row][vc_column width=&#8220;1\/6&#8243; tablet_sm_width=&#8220;hide&#8220; mobile_width=&#8220;hide&#8220;][\/vc_column][vc_column width=&#8220;2\/3&#8243;][vc_column_text]F\u00fcllen Sie bitte dieses Formular vollst\u00e4ndig aus und f\u00fcgen Sie Ihren Lebenslauf bei: Wenn Ihr Profil f\u00fcr uns von Interesse ist, werden wir uns so bald wie m\u00f6glich mit Ihnen in [&hellip;]<\/p>\n","protected":false},"author":4,"featured_media":0,"parent":23217,"menu_order":0,"comment_status":"closed","ping_status":"open","template":"","meta":{"_acf_changed":false,"content-type":"","footnotes":""},"class_list":["post-23223","page","type-page","status-publish","hentry"],"acf":[],"yoast_head":"<!-- This site is optimized with the Yoast SEO plugin v27.4 - https:\/\/yoast.com\/product\/yoast-seo-wordpress\/ -->\n<title>Initiativbewerbung | Senzani Brevetti S.p.A.<\/title>\n<meta name=\"robots\" content=\"index, follow, max-snippet:-1, max-image-preview:large, max-video-preview:-1\" \/>\n<link rel=\"canonical\" href=\"https:\/\/www.senzani.com\/de\/karriere\/initiativbewerbung\/\" \/>\n<meta property=\"og:locale\" content=\"de_DE\" \/>\n<meta property=\"og:type\" content=\"article\" \/>\n<meta property=\"og:title\" content=\"Initiativbewerbung | Senzani Brevetti S.p.A.\" \/>\n<meta property=\"og:description\" content=\"[vc_row section_type=&#8220;fullwidth&#8220; bg_type=&#8220;gradient&#8220; bg_gradient_color_1=&#8220;#36cfec&#8220; bg_gradient_color_2=&#8220;#29b7e0&#8243; bg_gradient_direction=&#8220;45&#8243; margin_bottom=&#8220;40px&#8220;][vc_column][vc_custom_heading text=&#8220;Senden Sie Ihre Initiativbewerbung durch das vollst\u00e4ndige Ausf\u00fcllen des Formulars&#8220; font_container=&#8220;tag:h1|text_align:center&#8220; use_theme_fonts=&#8220;yes&#8220; css_animation=&#8220;fadeInDown&#8220; el_id=&#8220;title_soluzioni&#8220;][\/vc_column][\/vc_row][vc_row][vc_column width=&#8220;1\/6&#8243; tablet_sm_width=&#8220;hide&#8220; mobile_width=&#8220;hide&#8220;][\/vc_column][vc_column width=&#8220;2\/3&#8243;][vc_column_text]F\u00fcllen Sie bitte dieses Formular vollst\u00e4ndig aus und f\u00fcgen Sie Ihren Lebenslauf bei: Wenn Ihr Profil f\u00fcr uns von Interesse ist, werden wir uns so bald wie m\u00f6glich mit Ihnen in [&hellip;]\" \/>\n<meta property=\"og:url\" content=\"https:\/\/www.senzani.com\/de\/karriere\/initiativbewerbung\/\" \/>\n<meta property=\"og:site_name\" content=\"Senzani Brevetti S.p.A.\" \/>\n<meta property=\"article:modified_time\" content=\"2023-04-14T10:20:42+00:00\" \/>\n<meta name=\"twitter:card\" content=\"summary_large_image\" \/>\n<meta name=\"twitter:label1\" content=\"Gesch\u00e4tzte Lesezeit\" \/>\n\t<meta name=\"twitter:data1\" content=\"1\u00a0Minute\" \/>\n<script type=\"application\/ld+json\" class=\"yoast-schema-graph\">{\"@context\":\"https:\\\/\\\/schema.org\",\"@graph\":[{\"@type\":\"WebPage\",\"@id\":\"https:\\\/\\\/www.senzani.com\\\/de\\\/karriere\\\/initiativbewerbung\\\/\",\"url\":\"https:\\\/\\\/www.senzani.com\\\/de\\\/karriere\\\/initiativbewerbung\\\/\",\"name\":\"Initiativbewerbung | Senzani Brevetti S.p.A.\",\"isPartOf\":{\"@id\":\"https:\\\/\\\/www.senzani.com\\\/de\\\/#website\"},\"datePublished\":\"2020-06-28T20:06:16+00:00\",\"dateModified\":\"2023-04-14T10:20:42+00:00\",\"breadcrumb\":{\"@id\":\"https:\\\/\\\/www.senzani.com\\\/de\\\/karriere\\\/initiativbewerbung\\\/#breadcrumb\"},\"inLanguage\":\"de\",\"potentialAction\":[{\"@type\":\"ReadAction\",\"target\":[\"https:\\\/\\\/www.senzani.com\\\/de\\\/karriere\\\/initiativbewerbung\\\/\"]}]},{\"@type\":\"BreadcrumbList\",\"@id\":\"https:\\\/\\\/www.senzani.com\\\/de\\\/karriere\\\/initiativbewerbung\\\/#breadcrumb\",\"itemListElement\":[{\"@type\":\"ListItem\",\"position\":1,\"name\":\"Home\",\"item\":\"https:\\\/\\\/www.senzani.com\\\/de\\\/\"},{\"@type\":\"ListItem\",\"position\":2,\"name\":\"Karriere\",\"item\":\"https:\\\/\\\/www.senzani.com\\\/de\\\/karriere\\\/\"},{\"@type\":\"ListItem\",\"position\":3,\"name\":\"Initiativbewerbung\"}]},{\"@type\":\"WebSite\",\"@id\":\"https:\\\/\\\/www.senzani.com\\\/de\\\/#website\",\"url\":\"https:\\\/\\\/www.senzani.com\\\/de\\\/\",\"name\":\"Senzani Brevetti S.p.A.\",\"description\":\"Leader nel settore delle macchine per imballaggi\",\"publisher\":{\"@id\":\"https:\\\/\\\/www.senzani.com\\\/de\\\/#organization\"},\"potentialAction\":[{\"@type\":\"SearchAction\",\"target\":{\"@type\":\"EntryPoint\",\"urlTemplate\":\"https:\\\/\\\/www.senzani.com\\\/de\\\/?s={search_term_string}\"},\"query-input\":{\"@type\":\"PropertyValueSpecification\",\"valueRequired\":true,\"valueName\":\"search_term_string\"}}],\"inLanguage\":\"de\"},{\"@type\":\"Organization\",\"@id\":\"https:\\\/\\\/www.senzani.com\\\/de\\\/#organization\",\"name\":\"Senzani Brevetti\",\"url\":\"https:\\\/\\\/www.senzani.com\\\/de\\\/\",\"logo\":{\"@type\":\"ImageObject\",\"inLanguage\":\"de\",\"@id\":\"https:\\\/\\\/www.senzani.com\\\/de\\\/#\\\/schema\\\/logo\\\/image\\\/\",\"url\":\"https:\\\/\\\/www.senzani.com\\\/wp-content\\\/uploads\\\/2020\\\/03\\\/logo-senzani.png\",\"contentUrl\":\"https:\\\/\\\/www.senzani.com\\\/wp-content\\\/uploads\\\/2020\\\/03\\\/logo-senzani.png\",\"width\":259,\"height\":71,\"caption\":\"Senzani Brevetti\"},\"image\":{\"@id\":\"https:\\\/\\\/www.senzani.com\\\/de\\\/#\\\/schema\\\/logo\\\/image\\\/\"}}]}<\/script>\n<!-- \/ Yoast SEO plugin. -->","yoast_head_json":{"title":"Initiativbewerbung | Senzani Brevetti S.p.A.","robots":{"index":"index","follow":"follow","max-snippet":"max-snippet:-1","max-image-preview":"max-image-preview:large","max-video-preview":"max-video-preview:-1"},"canonical":"https:\/\/www.senzani.com\/de\/karriere\/initiativbewerbung\/","og_locale":"de_DE","og_type":"article","og_title":"Initiativbewerbung | Senzani Brevetti S.p.A.","og_description":"[vc_row section_type=&#8220;fullwidth&#8220; bg_type=&#8220;gradient&#8220; bg_gradient_color_1=&#8220;#36cfec&#8220; bg_gradient_color_2=&#8220;#29b7e0&#8243; bg_gradient_direction=&#8220;45&#8243; margin_bottom=&#8220;40px&#8220;][vc_column][vc_custom_heading text=&#8220;Senden Sie Ihre Initiativbewerbung durch das vollst\u00e4ndige Ausf\u00fcllen des Formulars&#8220; font_container=&#8220;tag:h1|text_align:center&#8220; use_theme_fonts=&#8220;yes&#8220; css_animation=&#8220;fadeInDown&#8220; el_id=&#8220;title_soluzioni&#8220;][\/vc_column][\/vc_row][vc_row][vc_column width=&#8220;1\/6&#8243; tablet_sm_width=&#8220;hide&#8220; mobile_width=&#8220;hide&#8220;][\/vc_column][vc_column width=&#8220;2\/3&#8243;][vc_column_text]F\u00fcllen Sie bitte dieses Formular vollst\u00e4ndig aus und f\u00fcgen Sie Ihren Lebenslauf bei: Wenn Ihr Profil f\u00fcr uns von Interesse ist, werden wir uns so bald wie m\u00f6glich mit Ihnen in [&hellip;]","og_url":"https:\/\/www.senzani.com\/de\/karriere\/initiativbewerbung\/","og_site_name":"Senzani Brevetti S.p.A.","article_modified_time":"2023-04-14T10:20:42+00:00","twitter_card":"summary_large_image","twitter_misc":{"Gesch\u00e4tzte Lesezeit":"1\u00a0Minute"},"schema":{"@context":"https:\/\/schema.org","@graph":[{"@type":"WebPage","@id":"https:\/\/www.senzani.com\/de\/karriere\/initiativbewerbung\/","url":"https:\/\/www.senzani.com\/de\/karriere\/initiativbewerbung\/","name":"Initiativbewerbung | Senzani Brevetti S.p.A.","isPartOf":{"@id":"https:\/\/www.senzani.com\/de\/#website"},"datePublished":"2020-06-28T20:06:16+00:00","dateModified":"2023-04-14T10:20:42+00:00","breadcrumb":{"@id":"https:\/\/www.senzani.com\/de\/karriere\/initiativbewerbung\/#breadcrumb"},"inLanguage":"de","potentialAction":[{"@type":"ReadAction","target":["https:\/\/www.senzani.com\/de\/karriere\/initiativbewerbung\/"]}]},{"@type":"BreadcrumbList","@id":"https:\/\/www.senzani.com\/de\/karriere\/initiativbewerbung\/#breadcrumb","itemListElement":[{"@type":"ListItem","position":1,"name":"Home","item":"https:\/\/www.senzani.com\/de\/"},{"@type":"ListItem","position":2,"name":"Karriere","item":"https:\/\/www.senzani.com\/de\/karriere\/"},{"@type":"ListItem","position":3,"name":"Initiativbewerbung"}]},{"@type":"WebSite","@id":"https:\/\/www.senzani.com\/de\/#website","url":"https:\/\/www.senzani.com\/de\/","name":"Senzani Brevetti S.p.A.","description":"Leader nel settore delle macchine per imballaggi","publisher":{"@id":"https:\/\/www.senzani.com\/de\/#organization"},"potentialAction":[{"@type":"SearchAction","target":{"@type":"EntryPoint","urlTemplate":"https:\/\/www.senzani.com\/de\/?s={search_term_string}"},"query-input":{"@type":"PropertyValueSpecification","valueRequired":true,"valueName":"search_term_string"}}],"inLanguage":"de"},{"@type":"Organization","@id":"https:\/\/www.senzani.com\/de\/#organization","name":"Senzani Brevetti","url":"https:\/\/www.senzani.com\/de\/","logo":{"@type":"ImageObject","inLanguage":"de","@id":"https:\/\/www.senzani.com\/de\/#\/schema\/logo\/image\/","url":"https:\/\/www.senzani.com\/wp-content\/uploads\/2020\/03\/logo-senzani.png","contentUrl":"https:\/\/www.senzani.com\/wp-content\/uploads\/2020\/03\/logo-senzani.png","width":259,"height":71,"caption":"Senzani Brevetti"},"image":{"@id":"https:\/\/www.senzani.com\/de\/#\/schema\/logo\/image\/"}}]}},"_links":{"self":[{"href":"https:\/\/www.senzani.com\/de\/wp-json\/wp\/v2\/pages\/23223","targetHints":{"allow":["GET"]}}],"collection":[{"href":"https:\/\/www.senzani.com\/de\/wp-json\/wp\/v2\/pages"}],"about":[{"href":"https:\/\/www.senzani.com\/de\/wp-json\/wp\/v2\/types\/page"}],"author":[{"embeddable":true,"href":"https:\/\/www.senzani.com\/de\/wp-json\/wp\/v2\/users\/4"}],"replies":[{"embeddable":true,"href":"https:\/\/www.senzani.com\/de\/wp-json\/wp\/v2\/comments?post=23223"}],"version-history":[{"count":2,"href":"https:\/\/www.senzani.com\/de\/wp-json\/wp\/v2\/pages\/23223\/revisions"}],"predecessor-version":[{"id":24358,"href":"https:\/\/www.senzani.com\/de\/wp-json\/wp\/v2\/pages\/23223\/revisions\/24358"}],"up":[{"embeddable":true,"href":"https:\/\/www.senzani.com\/de\/wp-json\/wp\/v2\/pages\/23217"}],"wp:attachment":[{"href":"https:\/\/www.senzani.com\/de\/wp-json\/wp\/v2\/media?parent=23223"}],"curies":[{"name":"wp","href":"https:\/\/api.w.org\/{rel}","templated":true}]}}