{"id":23199,"date":"2020-12-21T09:42:59","date_gmt":"2020-12-21T08:42:59","guid":{"rendered":"https:\/\/www.senzani.com\/capsule-caffe-astucciamento\/"},"modified":"2023-04-24T14:43:15","modified_gmt":"2023-04-24T12:43:15","slug":"kartonierung-kaffeekapseln","status":"publish","type":"page","link":"https:\/\/www.senzani.com\/de\/kartonierung-kaffeekapseln\/","title":{"rendered":"Alles in einer einzigen Maschine, mit 0MNIA"},"content":{"rendered":"<div class=\"wpb-content-wrapper\"><p>[vc_row section_type=&#8220;fullwidth&#8220; padding_top_multiplier=&#8220;&#8220; padding_bottom_multiplier=&#8220;&#8220; columns_gap=&#8220;none&#8220;][vc_column][vc_single_image image=&#8220;22926&#8243; img_size=&#8220;full&#8220; alignment=&#8220;center&#8220;][\/vc_column][\/vc_row][vc_row][vc_column][vc_custom_heading text=&#8220;Alles in einer einzigen Maschine, mit 0MNIA&#8220; font_container=&#8220;tag:h2|text_align:center&#8220; use_theme_fonts=&#8220;yes&#8220; el_id=&#8220;title_soluzioni&#8220; css=&#8220;.vc_custom_1681315565031{margin-bottom: 0px !important;padding-bottom: 0px !important;}&#8220;][vc_column_text css=&#8220;.vc_custom_1681315707601{padding-top: 30px !important;}&#8220;]<\/p>\n<h3 style=\"text-align: center;\"><span style=\"color: #676767;\">0MNIA:<br \/>\nEin revolution\u00e4res Modell, das einer neuen Generation von Verpackungsmaschinen f\u00fcr<br \/>\nKaffeekapseln den Weg bereitet.<\/span><\/h3>\n<p>[\/vc_column_text][\/vc_column][\/vc_row][vc_row][vc_column width=&#8220;1\/2&#8243;][vc_column_text]OMNIA ist der neue Top-Load-Kartonierer von Senzani, der in der Lage ist, <strong>verschiedene Arten von Kaffeekapseln<\/strong> (Nespresso, Caffitaly, K-cup, A modo mio, Lavazza blu, bis hin zur brandneuen Vertuo) in <strong>allen m\u00f6glichen Produktanordnungen und Schachtelarten zu verpacken<\/strong>:<\/p>\n<ul>\n<li>einlagig oder mehrlagig<\/li>\n<li>\u00a0mit oder ohne Kapsel-Einsetzlage<\/li>\n<li>\u00a0mit oder ohne Zwischenlage<\/li>\n<li>in 2&#215;2-Rosen-Konfiguration<\/li>\n<li>mit Flip-Top-Verschluss<\/li>\n<li>alle gleich oder abwechselnd nach oben und nach unten ausgerichtete Kapseln<\/li>\n<li>in 10er-Stangen-Konfiguration<\/li>\n<li>\u00a0in 3\u00d73 oder 4\u00d74 Konfiguration<\/li>\n<\/ul>\n<p>[\/vc_column_text][\/vc_column][vc_column width=&#8220;1\/2&#8243;]<video class=\"grve-element grve-embed-video\"  controls autoplay=\"autoplay\" poster=\"https:\/\/www.senzani.com\/wp-content\/uploads\/2021\/01\/poster.jpg\"><source src=\"\/wp-content\/uploads\/2021\/omnia-it.mp4\" type=\"video\/mp4\"><\/video>[\/vc_column][\/vc_row][vc_row][vc_column width=&#8220;1\/2&#8243;][vc_single_image image=&#8220;21172&#8243; img_size=&#8220;full&#8220;][\/vc_column][vc_column width=&#8220;1\/2&#8243;][vc_column_text]Vorteile des 0MNIA-Kartonierers:<\/p>\n<ul>\n<li>patentierte technische L\u00f6sungen f\u00fcr das Handling von <strong>Aluminiumkapseln<\/strong>;<\/li>\n<li>extrem <strong>geringer Platzbedarf<\/strong> (ab 2 x 3,9 Meter);<\/li>\n<li>M\u00f6glichkeit, den Faltschachteln Trennlagen und\/oder Kapsel-Einsetzlagen zuzuf\u00fchren<\/li>\n<li>&#8222;positive&#8220; Handhabung jeder einzelnen Kapsel und perfekte Ausformung jeder Faltschachtel;<\/li>\n<li>Form-und-F\u00fcll-Kartonierung ausgehend vom flachen Zuschnitt;<\/li>\n<li>schneller und bedienerfreundlicher Formatwechsel, mit farbigen Markierungen, die die Operationen leiten;<\/li>\n<li>Zufuhr: bis zu 800 Kapseln pro Minute;<\/li>\n<li>Leistung: bis zu 80 Faltschachteln pro Minute.<\/li>\n<\/ul>\n<p>Mit 0MNIA wird Ihre Produktion endlich nachhaltig![\/vc_column_text][\/vc_column][\/vc_row][vc_row][vc_column][vc_column_text]<\/p>\n<h3 style=\"text-align: center;\">Worauf warten Sie? M\u00f6chten Sie mehr \u00fcber 0MNIA erfahren?<br \/>\nFordern Sie eine Pr\u00e4sentation an, indem Sie unten Ihre Daten eingeben:<\/h3>\n<p>[\/vc_column_text]\n<div class=\"wpcf7 no-js\" id=\"wpcf7-f21250-o1\" lang=\"\" dir=\"ltr\" data-wpcf7-id=\"21250\">\n<div class=\"screen-reader-response\"><p role=\"status\" aria-live=\"polite\" aria-atomic=\"true\"><\/p> <ul><\/ul><\/div>\n<form action=\"\/de\/wp-json\/wp\/v2\/pages\/23199#wpcf7-f21250-o1\" method=\"post\" class=\"wpcf7-form init\" aria-label=\"Kontaktformular\" novalidate=\"novalidate\" data-status=\"init\">\n<fieldset class=\"hidden-fields-container\"><input type=\"hidden\" name=\"_wpcf7\" value=\"21250\" \/><input type=\"hidden\" name=\"_wpcf7_version\" value=\"6.1.5\" \/><input type=\"hidden\" name=\"_wpcf7_locale\" value=\"\" \/><input type=\"hidden\" name=\"_wpcf7_unit_tag\" value=\"wpcf7-f21250-o1\" \/><input type=\"hidden\" name=\"_wpcf7_container_post\" value=\"0\" \/><input type=\"hidden\" name=\"_wpcf7_posted_data_hash\" value=\"\" \/><input type=\"hidden\" name=\"_wpcf7dtx_version\" value=\"5.0.5\" \/><input type=\"hidden\" name=\"_wpcf7_recaptcha_response\" value=\"\" \/>\n<\/fieldset>\n<p><small style=\"float:right;display:inline-block;font-size:11px;\">Fields marked with * are required.<\/small>\n<\/p>\n<div style=\"clear:both;margin-bottom:20px;\">\n<\/div>\n<div class=\"grve-column wpb_column grve-column-1-2\">\n\t<p><label> Name (*)<br \/>\n<span class=\"wpcf7-form-control-wrap\" data-name=\"nome\"><input size=\"40\" maxlength=\"400\" class=\"wpcf7-form-control wpcf7-text wpcf7-validates-as-required\" aria-required=\"true\" aria-invalid=\"false\" value=\"\" type=\"text\" name=\"nome\" \/><\/span> <\/label>\n\t<\/p>\n<\/div>\n<div class=\"grve-column wpb_column grve-column-1-2\">\n\t<p><label> Surname (*)<br \/>\n<span class=\"wpcf7-form-control-wrap\" data-name=\"surname\"><input size=\"40\" maxlength=\"400\" class=\"wpcf7-form-control wpcf7-text wpcf7-validates-as-required\" aria-required=\"true\" aria-invalid=\"false\" value=\"\" type=\"text\" name=\"surname\" \/><\/span> <\/label>\n\t<\/p>\n<\/div>\n<div class=\"grve-column wpb_column grve-column-1-2\">\n\t<p><label> Company e-mail (*)<br \/>\n<span class=\"wpcf7-form-control-wrap\" data-name=\"your-email\"><input size=\"40\" maxlength=\"400\" class=\"wpcf7-form-control wpcf7-email wpcf7-validates-as-required wpcf7-text wpcf7-validates-as-email\" aria-required=\"true\" aria-invalid=\"false\" value=\"\" type=\"email\" name=\"your-email\" \/><\/span> <\/label>\n\t<\/p>\n<\/div>\n<div class=\"grve-column wpb_column grve-column-1-2\">\n\t<p><label> Telephone<br \/>\n<span class=\"wpcf7-form-control-wrap\" data-name=\"telephone\"><input size=\"40\" maxlength=\"400\" class=\"wpcf7-form-control wpcf7-text\" aria-invalid=\"false\" value=\"\" type=\"text\" name=\"telephone\" \/><\/span> <\/label>\n\t<\/p>\n<\/div>\n<div class=\"grve-column wpb_column grve-column-1-1\">\n\t<p><label> Company<br \/>\n<span class=\"wpcf7-form-control-wrap\" data-name=\"company\"><input size=\"40\" maxlength=\"400\" class=\"wpcf7-form-control wpcf7-text\" aria-invalid=\"false\" value=\"\" type=\"text\" name=\"company\" \/><\/span> <\/label>\n\t<\/p>\n<\/div>\n<div class=\"grve-column wpb_column grve-column-1-1\">\n\t<p><label> Country<br \/>\n<span class=\"wpcf7-form-control-wrap\" data-name=\"country\"><input size=\"40\" maxlength=\"400\" class=\"wpcf7-form-control wpcf7-text\" aria-invalid=\"false\" value=\"\" type=\"text\" name=\"country\" \/><\/span> <\/label>\n\t<\/p>\n<\/div>\n<div class=\"grve-column wpb_column grve-column-1-1\">\n\t<p><label> Your message<br \/>\n<span class=\"wpcf7-form-control-wrap\" data-name=\"your-message\"><textarea cols=\"40\" rows=\"10\" maxlength=\"2000\" class=\"wpcf7-form-control wpcf7-textarea\" aria-invalid=\"false\" name=\"your-message\"><\/textarea><\/span> <\/label>\n\t<\/p>\n<\/div>\n<p><span class=\"wpcf7-form-control-wrap\" data-name=\"newsletter\"><span class=\"wpcf7-form-control wpcf7-checkbox\"><span class=\"wpcf7-list-item first last\"><input type=\"checkbox\" name=\"newsletter[]\" value=\"tick to subscribe to our newsletter\" \/><span class=\"wpcf7-list-item-label\">tick to subscribe to our newsletter<\/span><\/span><\/span><\/span>\n<\/p>\n<p>By filling out this form I authorize the use of my personal data, <a href=\"https:\/\/www.senzani.com\/en\/privacy-policy\/\" title=\"according to\" target=\"_blank\">Art. 13 Regolamento UE 2016\/679.<\/a>.<br \/>\n<span class=\"wpcf7-form-control-wrap\" data-name=\"privacy\"><span class=\"wpcf7-form-control wpcf7-acceptance\"><span class=\"wpcf7-list-item\"><label><input type=\"checkbox\" name=\"privacy\" value=\"1\" aria-invalid=\"false\" \/><span class=\"wpcf7-list-item-label\">AUTORIZE<\/span><\/label><\/span><\/span><\/span>\n<\/p>\n<p><label> Solve the quiz (antispam) (*)<br \/>\n<span class=\"wpcf7-form-control-wrap\" data-name=\"antispam\"><label><span class=\"wpcf7-quiz-label\">7 x 7 =<\/span> <input size=\"40\" class=\"wpcf7-form-control wpcf7-quiz\" autocomplete=\"off\" aria-required=\"true\" aria-invalid=\"false\" type=\"text\" name=\"antispam\" \/><\/label><input type=\"hidden\" name=\"_wpcf7_quiz_answer_antispam\" value=\"65e047d8435a9b15622fbea157eded23\" \/><\/span> <\/label>\n<\/p>\n<p><input class=\"wpcf7-form-control wpcf7-submit has-spinner\" type=\"submit\" value=\"Send\" \/>\n<\/p><div class=\"wpcf7-response-output\" aria-hidden=\"true\"><\/div>\n<\/form>\n<\/div>\n[\/vc_column][\/vc_row]<\/p>\n<\/div>","protected":false},"excerpt":{"rendered":"<p>[vc_row section_type=&#8220;fullwidth&#8220; padding_top_multiplier=&#8220;&#8220; padding_bottom_multiplier=&#8220;&#8220; columns_gap=&#8220;none&#8220;][vc_column][vc_single_image image=&#8220;22926&#8243; img_size=&#8220;full&#8220; alignment=&#8220;center&#8220;][\/vc_column][\/vc_row][vc_row][vc_column][vc_custom_heading text=&#8220;Alles in einer einzigen Maschine, mit 0MNIA&#8220; font_container=&#8220;tag:h2|text_align:center&#8220; use_theme_fonts=&#8220;yes&#8220; el_id=&#8220;title_soluzioni&#8220; css=&#8220;.vc_custom_1681315565031{margin-bottom: 0px !important;padding-bottom: 0px !important;}&#8220;][vc_column_text css=&#8220;.vc_custom_1681315707601{padding-top: 30px !important;}&#8220;] 0MNIA: Ein revolution\u00e4res Modell, das einer neuen Generation von Verpackungsmaschinen f\u00fcr Kaffeekapseln den Weg bereitet. [\/vc_column_text][\/vc_column][\/vc_row][vc_row][vc_column width=&#8220;1\/2&#8243;][vc_column_text]OMNIA ist der neue Top-Load-Kartonierer von Senzani, der in der Lage ist, verschiedene [&hellip;]<\/p>\n","protected":false},"author":2,"featured_media":0,"parent":0,"menu_order":0,"comment_status":"closed","ping_status":"open","template":"","meta":{"_acf_changed":false,"content-type":"","footnotes":""},"class_list":["post-23199","page","type-page","status-publish","hentry"],"acf":[],"yoast_head":"<!-- This site is optimized with the Yoast SEO plugin v27.3 - https:\/\/yoast.com\/product\/yoast-seo-wordpress\/ -->\n<title>Kartonierung von Kaffeekapseln: alles in einer Maschine | Senzani Brevetti<\/title>\n<meta name=\"description\" content=\"0MNIA steht f\u00fcr eine neue Generation von Maschinen f\u00fcr das Verpacken von Kaffeekapseln in allen m\u00f6glichen Produktanordnungen und Faltschachtel-Arten\" \/>\n<meta name=\"robots\" content=\"index, follow, max-snippet:-1, max-image-preview:large, max-video-preview:-1\" \/>\n<link rel=\"canonical\" href=\"https:\/\/www.senzani.com\/de\/kartonierung-kaffeekapseln\/\" \/>\n<meta property=\"og:locale\" content=\"de_DE\" \/>\n<meta property=\"og:type\" content=\"article\" \/>\n<meta property=\"og:title\" content=\"Kartonierung von Kaffeekapseln: alles in einer Maschine | Senzani Brevetti\" \/>\n<meta property=\"og:description\" content=\"0MNIA steht f\u00fcr eine neue Generation von Maschinen f\u00fcr das Verpacken von Kaffeekapseln in allen m\u00f6glichen Produktanordnungen und Faltschachtel-Arten\" \/>\n<meta property=\"og:url\" content=\"https:\/\/www.senzani.com\/de\/kartonierung-kaffeekapseln\/\" \/>\n<meta property=\"og:site_name\" content=\"Senzani Brevetti S.p.A.\" \/>\n<meta property=\"article:modified_time\" content=\"2023-04-24T12:43:15+00:00\" \/>\n<meta name=\"twitter:card\" content=\"summary_large_image\" \/>\n<meta name=\"twitter:label1\" content=\"Gesch\u00e4tzte Lesezeit\" \/>\n\t<meta name=\"twitter:data1\" content=\"2\u00a0Minuten\" \/>\n<script type=\"application\/ld+json\" class=\"yoast-schema-graph\">{\"@context\":\"https:\\\/\\\/schema.org\",\"@graph\":[{\"@type\":\"WebPage\",\"@id\":\"https:\\\/\\\/www.senzani.com\\\/de\\\/kartonierung-kaffeekapseln\\\/\",\"url\":\"https:\\\/\\\/www.senzani.com\\\/de\\\/kartonierung-kaffeekapseln\\\/\",\"name\":\"Kartonierung von Kaffeekapseln: alles in einer Maschine | Senzani Brevetti\",\"isPartOf\":{\"@id\":\"https:\\\/\\\/www.senzani.com\\\/de\\\/#website\"},\"datePublished\":\"2020-12-21T08:42:59+00:00\",\"dateModified\":\"2023-04-24T12:43:15+00:00\",\"description\":\"0MNIA steht f\u00fcr eine neue Generation von Maschinen f\u00fcr das Verpacken von Kaffeekapseln in allen m\u00f6glichen Produktanordnungen und Faltschachtel-Arten\",\"breadcrumb\":{\"@id\":\"https:\\\/\\\/www.senzani.com\\\/de\\\/kartonierung-kaffeekapseln\\\/#breadcrumb\"},\"inLanguage\":\"de\",\"potentialAction\":[{\"@type\":\"ReadAction\",\"target\":[\"https:\\\/\\\/www.senzani.com\\\/de\\\/kartonierung-kaffeekapseln\\\/\"]}]},{\"@type\":\"BreadcrumbList\",\"@id\":\"https:\\\/\\\/www.senzani.com\\\/de\\\/kartonierung-kaffeekapseln\\\/#breadcrumb\",\"itemListElement\":[{\"@type\":\"ListItem\",\"position\":1,\"name\":\"Home\",\"item\":\"https:\\\/\\\/www.senzani.com\\\/de\\\/\"},{\"@type\":\"ListItem\",\"position\":2,\"name\":\"Alles in einer einzigen Maschine, mit 0MNIA\"}]},{\"@type\":\"WebSite\",\"@id\":\"https:\\\/\\\/www.senzani.com\\\/de\\\/#website\",\"url\":\"https:\\\/\\\/www.senzani.com\\\/de\\\/\",\"name\":\"Senzani Brevetti S.p.A.\",\"description\":\"Leader nel settore delle macchine per imballaggi\",\"publisher\":{\"@id\":\"https:\\\/\\\/www.senzani.com\\\/de\\\/#organization\"},\"potentialAction\":[{\"@type\":\"SearchAction\",\"target\":{\"@type\":\"EntryPoint\",\"urlTemplate\":\"https:\\\/\\\/www.senzani.com\\\/de\\\/?s={search_term_string}\"},\"query-input\":{\"@type\":\"PropertyValueSpecification\",\"valueRequired\":true,\"valueName\":\"search_term_string\"}}],\"inLanguage\":\"de\"},{\"@type\":\"Organization\",\"@id\":\"https:\\\/\\\/www.senzani.com\\\/de\\\/#organization\",\"name\":\"Senzani Brevetti\",\"url\":\"https:\\\/\\\/www.senzani.com\\\/de\\\/\",\"logo\":{\"@type\":\"ImageObject\",\"inLanguage\":\"de\",\"@id\":\"https:\\\/\\\/www.senzani.com\\\/de\\\/#\\\/schema\\\/logo\\\/image\\\/\",\"url\":\"https:\\\/\\\/www.senzani.com\\\/wp-content\\\/uploads\\\/2020\\\/03\\\/logo-senzani.png\",\"contentUrl\":\"https:\\\/\\\/www.senzani.com\\\/wp-content\\\/uploads\\\/2020\\\/03\\\/logo-senzani.png\",\"width\":259,\"height\":71,\"caption\":\"Senzani Brevetti\"},\"image\":{\"@id\":\"https:\\\/\\\/www.senzani.com\\\/de\\\/#\\\/schema\\\/logo\\\/image\\\/\"}}]}<\/script>\n<!-- \/ Yoast SEO plugin. -->","yoast_head_json":{"title":"Kartonierung von Kaffeekapseln: alles in einer Maschine | Senzani Brevetti","description":"0MNIA steht f\u00fcr eine neue Generation von Maschinen f\u00fcr das Verpacken von Kaffeekapseln in allen m\u00f6glichen Produktanordnungen und Faltschachtel-Arten","robots":{"index":"index","follow":"follow","max-snippet":"max-snippet:-1","max-image-preview":"max-image-preview:large","max-video-preview":"max-video-preview:-1"},"canonical":"https:\/\/www.senzani.com\/de\/kartonierung-kaffeekapseln\/","og_locale":"de_DE","og_type":"article","og_title":"Kartonierung von Kaffeekapseln: alles in einer Maschine | Senzani Brevetti","og_description":"0MNIA steht f\u00fcr eine neue Generation von Maschinen f\u00fcr das Verpacken von Kaffeekapseln in allen m\u00f6glichen Produktanordnungen und Faltschachtel-Arten","og_url":"https:\/\/www.senzani.com\/de\/kartonierung-kaffeekapseln\/","og_site_name":"Senzani Brevetti S.p.A.","article_modified_time":"2023-04-24T12:43:15+00:00","twitter_card":"summary_large_image","twitter_misc":{"Gesch\u00e4tzte Lesezeit":"2\u00a0Minuten"},"schema":{"@context":"https:\/\/schema.org","@graph":[{"@type":"WebPage","@id":"https:\/\/www.senzani.com\/de\/kartonierung-kaffeekapseln\/","url":"https:\/\/www.senzani.com\/de\/kartonierung-kaffeekapseln\/","name":"Kartonierung von Kaffeekapseln: alles in einer Maschine | Senzani Brevetti","isPartOf":{"@id":"https:\/\/www.senzani.com\/de\/#website"},"datePublished":"2020-12-21T08:42:59+00:00","dateModified":"2023-04-24T12:43:15+00:00","description":"0MNIA steht f\u00fcr eine neue Generation von Maschinen f\u00fcr das Verpacken von Kaffeekapseln in allen m\u00f6glichen Produktanordnungen und Faltschachtel-Arten","breadcrumb":{"@id":"https:\/\/www.senzani.com\/de\/kartonierung-kaffeekapseln\/#breadcrumb"},"inLanguage":"de","potentialAction":[{"@type":"ReadAction","target":["https:\/\/www.senzani.com\/de\/kartonierung-kaffeekapseln\/"]}]},{"@type":"BreadcrumbList","@id":"https:\/\/www.senzani.com\/de\/kartonierung-kaffeekapseln\/#breadcrumb","itemListElement":[{"@type":"ListItem","position":1,"name":"Home","item":"https:\/\/www.senzani.com\/de\/"},{"@type":"ListItem","position":2,"name":"Alles in einer einzigen Maschine, mit 0MNIA"}]},{"@type":"WebSite","@id":"https:\/\/www.senzani.com\/de\/#website","url":"https:\/\/www.senzani.com\/de\/","name":"Senzani Brevetti S.p.A.","description":"Leader nel settore delle macchine per imballaggi","publisher":{"@id":"https:\/\/www.senzani.com\/de\/#organization"},"potentialAction":[{"@type":"SearchAction","target":{"@type":"EntryPoint","urlTemplate":"https:\/\/www.senzani.com\/de\/?s={search_term_string}"},"query-input":{"@type":"PropertyValueSpecification","valueRequired":true,"valueName":"search_term_string"}}],"inLanguage":"de"},{"@type":"Organization","@id":"https:\/\/www.senzani.com\/de\/#organization","name":"Senzani Brevetti","url":"https:\/\/www.senzani.com\/de\/","logo":{"@type":"ImageObject","inLanguage":"de","@id":"https:\/\/www.senzani.com\/de\/#\/schema\/logo\/image\/","url":"https:\/\/www.senzani.com\/wp-content\/uploads\/2020\/03\/logo-senzani.png","contentUrl":"https:\/\/www.senzani.com\/wp-content\/uploads\/2020\/03\/logo-senzani.png","width":259,"height":71,"caption":"Senzani Brevetti"},"image":{"@id":"https:\/\/www.senzani.com\/de\/#\/schema\/logo\/image\/"}}]}},"_links":{"self":[{"href":"https:\/\/www.senzani.com\/de\/wp-json\/wp\/v2\/pages\/23199","targetHints":{"allow":["GET"]}}],"collection":[{"href":"https:\/\/www.senzani.com\/de\/wp-json\/wp\/v2\/pages"}],"about":[{"href":"https:\/\/www.senzani.com\/de\/wp-json\/wp\/v2\/types\/page"}],"author":[{"embeddable":true,"href":"https:\/\/www.senzani.com\/de\/wp-json\/wp\/v2\/users\/2"}],"replies":[{"embeddable":true,"href":"https:\/\/www.senzani.com\/de\/wp-json\/wp\/v2\/comments?post=23199"}],"version-history":[{"count":9,"href":"https:\/\/www.senzani.com\/de\/wp-json\/wp\/v2\/pages\/23199\/revisions"}],"predecessor-version":[{"id":25104,"href":"https:\/\/www.senzani.com\/de\/wp-json\/wp\/v2\/pages\/23199\/revisions\/25104"}],"wp:attachment":[{"href":"https:\/\/www.senzani.com\/de\/wp-json\/wp\/v2\/media?parent=23199"}],"curies":[{"name":"wp","href":"https:\/\/api.w.org\/{rel}","templated":true}]}}