{"id":23187,"date":"2021-08-02T15:42:21","date_gmt":"2021-08-02T13:42:21","guid":{"rendered":"https:\/\/www.senzani.com\/assistenza-da-remoto-smart\/"},"modified":"2023-04-14T12:18:39","modified_gmt":"2023-04-14T10:18:39","slug":"smart-remote-service","status":"publish","type":"page","link":"https:\/\/www.senzani.com\/de\/smart-remote-service\/","title":{"rendered":"Mit Senzani wird Fernunterst\u00fctzung SMART!"},"content":{"rendered":"<div class=\"wpb-content-wrapper\"><p>[vc_row section_type=&#8220;fullwidth&#8220; padding_top_multiplier=&#8220;&#8220; padding_bottom_multiplier=&#8220;&#8220; columns_gap=&#8220;none&#8220;][vc_column][vc_single_image image=&#8220;21663&#8243; img_size=&#8220;full&#8220; alignment=&#8220;center&#8220;][\/vc_column][\/vc_row][vc_row][vc_column][vc_custom_heading text=&#8220;Mit Senzani wird Fernunterst\u00fctzung SMART!&#8220; font_container=&#8220;tag:h2|text_align:center&#8220; use_theme_fonts=&#8220;yes&#8220; el_id=&#8220;title_soluzioni&#8220; css=&#8220;.vc_custom_1681314600157{margin-bottom: 0px !important;padding-bottom: 0px !important;}&#8220;][vc_column_text css=&#8220;.vc_custom_1681314730533{padding-top: 30px !important;}&#8220;]<\/p>\n<h3 style=\"text-align: center;\"><span style=\"color: #676767;\">M\u00f6chten Sie die Effizienz Ihrer Produktionsst\u00e4tte optimieren?<\/span><\/h3>\n<p style=\"text-align: center;\">Senzani steht nun noch unterst\u00fctzender zu Ihrer Seite, dank <strong>SMART (Senzani Machine Analysis Remote Technology),<\/strong> der neuen Plattform, die es Ihnen dank einer ausgefeilten k\u00fcnstlichen Intelligenz erm\u00f6glicht, <strong>die Leistungen der Senzani-Maschinen direkt von Ihrem PC, Tablet oder Smartphone aus zu verfolgen, zu jeder Zeit und wo immer Sie sich befinden<\/strong>. Dar\u00fcber hinaus k\u00f6nnen Sie die Daten mit unseren Technikern teilen, um <strong>kontinuierliche Unterst\u00fctzung aus der Ferne<\/strong> zu erhalten.<\/p>\n<p>[\/vc_column_text][\/vc_column][\/vc_row][vc_row][vc_column width=&#8220;1\/2&#8243;][vc_column_text]<\/p>\n<h3>Was genau macht SMART?<\/h3>\n<ul>\n<li>SMART <strong>sammelt Daten \u00fcber die Leistung der Senzani-Maschinen<\/strong>;<\/li>\n<li>SMART <strong>verarbeitet, aggregiert und filtert Daten in Echtzeit<\/strong> (z. B. nach Produktionslinie oder Arbeitsschicht) und pr\u00e4sentiert sie dank einer <strong>grafischen Benutzeroberfl\u00e4che<\/strong> auf intuitive Weise;<\/li>\n<li>SMART bietet <strong>ma\u00dfgeschneiderte Dashboards f\u00fcr unterschiedliche Benutzerprofile<\/strong> an (z.B. Produktionsleiter, Wartungsverantwortliche, Maschinenbediener usw.) und zeigt jedem die f\u00fcr ihn interessantesten Daten und \u00dcbersichten;<\/li>\n<li>\u00a0SMART erm\u00f6glicht ein vollst\u00e4ndiges <strong>Management der Wartungsplanung<\/strong> und wandelt ungeplante in geplante Ausfallzeiten um;<\/li>\n<li>SMART erm\u00f6glicht den <strong>Datenaustausch \u00fcber die Cloud<\/strong>, so dass die Techniker von Senzani die Maschinen und Produktionslinien im Rahmen eines echten <strong>Fernwartungsdienstes<\/strong> kontinuierlich \u00fcberwachen k\u00f6nnen.<\/li>\n<\/ul>\n<p>[\/vc_column_text][\/vc_column][vc_column width=&#8220;1\/2&#8243;][vc_single_image image=&#8220;21548&#8243; img_size=&#8220;full&#8220;][\/vc_column][\/vc_row][vc_row][vc_column width=&#8220;1\/2&#8243;][vc_single_image image=&#8220;21689&#8243; img_size=&#8220;full&#8220;][\/vc_column][vc_column width=&#8220;1\/2&#8243;][vc_column_text]<\/p>\n<h4><strong>Erfahren Sie alles \u00fcber das f\u00fcr Sie erstellte Angebot!<\/strong><\/h4>\n<p>SMART besteht aus <strong>6 verschiedenen Modulen<\/strong>, die separat erworben werden k\u00f6nnen, da sie unabh\u00e4ngig sind, sich aber zugleich erg\u00e4nzen.<br \/>\nSMART kann <strong>sowohl auf neue als auch auf bereits in Betrieb befindliche Senzani-Maschinen<\/strong> installiert werden.<br \/>\nMit SMART kann jeder Nutzer die f\u00fcr ihn interessanten Parameter f\u00fcr den Betrieb der Maschinen verfolgen, ihre Effizienz und Produktivit\u00e4t verbessern (Verringerung der Ausfallzeiten) und Zeit und Ressourcen durch die \u00dcberwachung des Energieverbrauchs und die Analyse von Ineffizienzen optimieren.[\/vc_column_text][\/vc_column][\/vc_row][vc_row][vc_column][vc_column_text]<\/p>\n<h3 style=\"text-align: center;\">Wenn Sie mehr \u00fcber SMART oder das f\u00fcr Sie erstellte Angebot erfahren m\u00f6chten,<br \/>\nf\u00fcllen Sie dieses Formular mit Ihren Kontaktdaten aus:<\/h3>\n<p>[\/vc_column_text]\n<div class=\"wpcf7 no-js\" id=\"wpcf7-f21669-o1\" lang=\"\" dir=\"ltr\" data-wpcf7-id=\"21669\">\n<div class=\"screen-reader-response\"><p role=\"status\" aria-live=\"polite\" aria-atomic=\"true\"><\/p> <ul><\/ul><\/div>\n<form action=\"\/de\/wp-json\/wp\/v2\/pages\/23187#wpcf7-f21669-o1\" method=\"post\" class=\"wpcf7-form init\" aria-label=\"Kontaktformular\" novalidate=\"novalidate\" data-status=\"init\">\n<fieldset class=\"hidden-fields-container\"><input type=\"hidden\" name=\"_wpcf7\" value=\"21669\" \/><input type=\"hidden\" name=\"_wpcf7_version\" value=\"6.1.5\" \/><input type=\"hidden\" name=\"_wpcf7_locale\" value=\"\" \/><input type=\"hidden\" name=\"_wpcf7_unit_tag\" value=\"wpcf7-f21669-o1\" \/><input type=\"hidden\" name=\"_wpcf7_container_post\" value=\"0\" \/><input type=\"hidden\" name=\"_wpcf7_posted_data_hash\" value=\"\" \/><input type=\"hidden\" name=\"_wpcf7dtx_version\" value=\"5.0.5\" \/><input type=\"hidden\" name=\"_wpcf7_recaptcha_response\" value=\"\" \/>\n<\/fieldset>\n<p><small style=\"float:right;display:inline-block;font-size:11px;\">Fields marked with * are mandatory <\/small>\n<\/p>\n<div style=\"clear:both;margin-bottom:20px;\">\n<\/div>\n<div class=\"grve-column wpb_column grve-column-1-2\">\n\t<p><label> Name (*)<br \/>\n<span class=\"wpcf7-form-control-wrap\" data-name=\"nome\"><input size=\"40\" maxlength=\"400\" class=\"wpcf7-form-control wpcf7-text wpcf7-validates-as-required\" aria-required=\"true\" aria-invalid=\"false\" value=\"\" type=\"text\" name=\"nome\" \/><\/span> <\/label>\n\t<\/p>\n<\/div>\n<div class=\"grve-column wpb_column grve-column-1-2\">\n\t<p><label> Surname (*)<br \/>\n<span class=\"wpcf7-form-control-wrap\" data-name=\"cognome\"><input size=\"40\" maxlength=\"400\" class=\"wpcf7-form-control wpcf7-text wpcf7-validates-as-required\" aria-required=\"true\" aria-invalid=\"false\" value=\"\" type=\"text\" name=\"cognome\" \/><\/span> <\/label>\n\t<\/p>\n<\/div>\n<div class=\"grve-column wpb_column grve-column-1-2\">\n\t<p><label> Company Email (*)<br \/>\n<span class=\"wpcf7-form-control-wrap\" data-name=\"your-email\"><input size=\"40\" maxlength=\"400\" class=\"wpcf7-form-control wpcf7-email wpcf7-validates-as-required wpcf7-text wpcf7-validates-as-email\" aria-required=\"true\" aria-invalid=\"false\" value=\"\" type=\"email\" name=\"your-email\" \/><\/span> <\/label>\n\t<\/p>\n<\/div>\n<div class=\"grve-column wpb_column grve-column-1-2\">\n\t<p><label> Phone<br \/>\n<span class=\"wpcf7-form-control-wrap\" data-name=\"telefono\"><input size=\"40\" maxlength=\"400\" class=\"wpcf7-form-control wpcf7-text\" aria-invalid=\"false\" value=\"\" type=\"text\" name=\"telefono\" \/><\/span> <\/label>\n\t<\/p>\n<\/div>\n<div class=\"grve-column wpb_column grve-column-1-1\">\n\t<p><label> Company<br \/>\n<span class=\"wpcf7-form-control-wrap\" data-name=\"azienda\"><input size=\"40\" maxlength=\"400\" class=\"wpcf7-form-control wpcf7-text\" aria-invalid=\"false\" value=\"\" type=\"text\" name=\"azienda\" \/><\/span> <\/label>\n\t<\/p>\n<\/div>\n<div class=\"grve-column wpb_column grve-column-1-1\">\n\t<p><label><br \/>\nMachinery on which you would like to activate SMART (only for those who already own Senzani machines):<br \/>\n<span class=\"wpcf7-form-control-wrap\" data-name=\"macchina\"><input size=\"40\" maxlength=\"400\" class=\"wpcf7-form-control wpcf7-text\" aria-invalid=\"false\" value=\"\" type=\"text\" name=\"macchina\" \/><\/span> <\/label>\n\t<\/p>\n<\/div>\n<p><span class=\"wpcf7-form-control-wrap\" data-name=\"newsletter\"><span class=\"wpcf7-form-control wpcf7-checkbox\"><span class=\"wpcf7-list-item first last\"><input type=\"checkbox\" name=\"newsletter[]\" value=\"Subscribe to our newsletter\" \/><span class=\"wpcf7-list-item-label\">Subscribe to our newsletter<\/span><\/span><\/span><\/span>\n<\/p>\n<p>By filling out this form, I agree to my <a href=\"https:\/\/www.senzani.com\/privacy-policy\" title=\"Leggi l'informativa sulla privacy\" target=\"_blank\">personal data<\/a> being used pursuant to art. 13 of EU Regulation 2016\/679.<br \/>\n<span class=\"wpcf7-form-control-wrap\" data-name=\"privacy\"><span class=\"wpcf7-form-control wpcf7-acceptance\"><span class=\"wpcf7-list-item\"><label><input type=\"checkbox\" name=\"privacy\" value=\"1\" aria-invalid=\"false\" \/><span class=\"wpcf7-list-item-label\">I AGREE<\/span><\/label><\/span><\/span><\/span>\n<\/p>\n<p><label> Solve the quiz (antispam) (*)<br \/>\n<span class=\"wpcf7-form-control-wrap\" data-name=\"antispam\"><label><span class=\"wpcf7-quiz-label\">7 x 7 =<\/span> <input size=\"40\" class=\"wpcf7-form-control wpcf7-quiz\" autocomplete=\"off\" aria-required=\"true\" aria-invalid=\"false\" type=\"text\" name=\"antispam\" \/><\/label><input type=\"hidden\" name=\"_wpcf7_quiz_answer_antispam\" value=\"65e047d8435a9b15622fbea157eded23\" \/><\/span> <\/label>\n<\/p>\n<p><input class=\"wpcf7-form-control wpcf7-submit has-spinner\" type=\"submit\" value=\"Submit\" \/>\n<\/p><div class=\"wpcf7-response-output\" aria-hidden=\"true\"><\/div>\n<\/form>\n<\/div>\n[\/vc_column][\/vc_row]<\/p>\n<\/div>","protected":false},"excerpt":{"rendered":"<p>[vc_row section_type=&#8220;fullwidth&#8220; padding_top_multiplier=&#8220;&#8220; padding_bottom_multiplier=&#8220;&#8220; columns_gap=&#8220;none&#8220;][vc_column][vc_single_image image=&#8220;21663&#8243; img_size=&#8220;full&#8220; alignment=&#8220;center&#8220;][\/vc_column][\/vc_row][vc_row][vc_column][vc_custom_heading text=&#8220;Mit Senzani wird Fernunterst\u00fctzung SMART!&#8220; font_container=&#8220;tag:h2|text_align:center&#8220; use_theme_fonts=&#8220;yes&#8220; el_id=&#8220;title_soluzioni&#8220; css=&#8220;.vc_custom_1681314600157{margin-bottom: 0px !important;padding-bottom: 0px !important;}&#8220;][vc_column_text css=&#8220;.vc_custom_1681314730533{padding-top: 30px !important;}&#8220;] M\u00f6chten Sie die Effizienz Ihrer Produktionsst\u00e4tte optimieren? Senzani steht nun noch unterst\u00fctzender zu Ihrer Seite, dank SMART (Senzani Machine Analysis Remote Technology), der neuen Plattform, die es Ihnen dank einer ausgefeilten [&hellip;]<\/p>\n","protected":false},"author":2,"featured_media":0,"parent":0,"menu_order":0,"comment_status":"closed","ping_status":"open","template":"","meta":{"_acf_changed":false,"content-type":"","footnotes":""},"class_list":["post-23187","page","type-page","status-publish","hentry"],"acf":[],"yoast_head":"<!-- This site is optimized with the Yoast SEO plugin v27.4 - https:\/\/yoast.com\/product\/yoast-seo-wordpress\/ -->\n<title>Ein SMARTer Remote Service | Senzani Brevetti<\/title>\n<meta name=\"description\" content=\"SMART ist die neue Web-Plattform zur Verfolgung der Leistungen und der Produktivit\u00e4t der Senzani-Maschinen und zum Datenaustausch mit unseren Technikern\" \/>\n<meta name=\"robots\" content=\"index, follow, max-snippet:-1, max-image-preview:large, max-video-preview:-1\" \/>\n<link rel=\"canonical\" href=\"https:\/\/www.senzani.com\/de\/smart-remote-service\/\" \/>\n<meta property=\"og:locale\" content=\"de_DE\" \/>\n<meta property=\"og:type\" content=\"article\" \/>\n<meta property=\"og:title\" content=\"Ein SMARTer Remote Service | Senzani Brevetti\" \/>\n<meta property=\"og:description\" content=\"SMART ist die neue Web-Plattform zur Verfolgung der Leistungen und der Produktivit\u00e4t der Senzani-Maschinen und zum Datenaustausch mit unseren Technikern\" \/>\n<meta property=\"og:url\" content=\"https:\/\/www.senzani.com\/de\/smart-remote-service\/\" \/>\n<meta property=\"og:site_name\" content=\"Senzani Brevetti S.p.A.\" \/>\n<meta property=\"article:modified_time\" content=\"2023-04-14T10:18:39+00:00\" \/>\n<meta name=\"twitter:card\" content=\"summary_large_image\" \/>\n<meta name=\"twitter:label1\" content=\"Gesch\u00e4tzte Lesezeit\" \/>\n\t<meta name=\"twitter:data1\" content=\"2\u00a0Minuten\" \/>\n<script type=\"application\/ld+json\" class=\"yoast-schema-graph\">{\"@context\":\"https:\\\/\\\/schema.org\",\"@graph\":[{\"@type\":\"WebPage\",\"@id\":\"https:\\\/\\\/www.senzani.com\\\/de\\\/smart-remote-service\\\/\",\"url\":\"https:\\\/\\\/www.senzani.com\\\/de\\\/smart-remote-service\\\/\",\"name\":\"Ein SMARTer Remote Service | Senzani Brevetti\",\"isPartOf\":{\"@id\":\"https:\\\/\\\/www.senzani.com\\\/de\\\/#website\"},\"datePublished\":\"2021-08-02T13:42:21+00:00\",\"dateModified\":\"2023-04-14T10:18:39+00:00\",\"description\":\"SMART ist die neue Web-Plattform zur Verfolgung der Leistungen und der Produktivit\u00e4t der Senzani-Maschinen und zum Datenaustausch mit unseren Technikern\",\"breadcrumb\":{\"@id\":\"https:\\\/\\\/www.senzani.com\\\/de\\\/smart-remote-service\\\/#breadcrumb\"},\"inLanguage\":\"de\",\"potentialAction\":[{\"@type\":\"ReadAction\",\"target\":[\"https:\\\/\\\/www.senzani.com\\\/de\\\/smart-remote-service\\\/\"]}]},{\"@type\":\"BreadcrumbList\",\"@id\":\"https:\\\/\\\/www.senzani.com\\\/de\\\/smart-remote-service\\\/#breadcrumb\",\"itemListElement\":[{\"@type\":\"ListItem\",\"position\":1,\"name\":\"Home\",\"item\":\"https:\\\/\\\/www.senzani.com\\\/de\\\/\"},{\"@type\":\"ListItem\",\"position\":2,\"name\":\"Mit Senzani wird Fernunterst\u00fctzung SMART!\"}]},{\"@type\":\"WebSite\",\"@id\":\"https:\\\/\\\/www.senzani.com\\\/de\\\/#website\",\"url\":\"https:\\\/\\\/www.senzani.com\\\/de\\\/\",\"name\":\"Senzani Brevetti S.p.A.\",\"description\":\"Leader nel settore delle macchine per imballaggi\",\"publisher\":{\"@id\":\"https:\\\/\\\/www.senzani.com\\\/de\\\/#organization\"},\"potentialAction\":[{\"@type\":\"SearchAction\",\"target\":{\"@type\":\"EntryPoint\",\"urlTemplate\":\"https:\\\/\\\/www.senzani.com\\\/de\\\/?s={search_term_string}\"},\"query-input\":{\"@type\":\"PropertyValueSpecification\",\"valueRequired\":true,\"valueName\":\"search_term_string\"}}],\"inLanguage\":\"de\"},{\"@type\":\"Organization\",\"@id\":\"https:\\\/\\\/www.senzani.com\\\/de\\\/#organization\",\"name\":\"Senzani Brevetti\",\"url\":\"https:\\\/\\\/www.senzani.com\\\/de\\\/\",\"logo\":{\"@type\":\"ImageObject\",\"inLanguage\":\"de\",\"@id\":\"https:\\\/\\\/www.senzani.com\\\/de\\\/#\\\/schema\\\/logo\\\/image\\\/\",\"url\":\"https:\\\/\\\/www.senzani.com\\\/wp-content\\\/uploads\\\/2020\\\/03\\\/logo-senzani.png\",\"contentUrl\":\"https:\\\/\\\/www.senzani.com\\\/wp-content\\\/uploads\\\/2020\\\/03\\\/logo-senzani.png\",\"width\":259,\"height\":71,\"caption\":\"Senzani Brevetti\"},\"image\":{\"@id\":\"https:\\\/\\\/www.senzani.com\\\/de\\\/#\\\/schema\\\/logo\\\/image\\\/\"}}]}<\/script>\n<!-- \/ Yoast SEO plugin. -->","yoast_head_json":{"title":"Ein SMARTer Remote Service | Senzani Brevetti","description":"SMART ist die neue Web-Plattform zur Verfolgung der Leistungen und der Produktivit\u00e4t der Senzani-Maschinen und zum Datenaustausch mit unseren Technikern","robots":{"index":"index","follow":"follow","max-snippet":"max-snippet:-1","max-image-preview":"max-image-preview:large","max-video-preview":"max-video-preview:-1"},"canonical":"https:\/\/www.senzani.com\/de\/smart-remote-service\/","og_locale":"de_DE","og_type":"article","og_title":"Ein SMARTer Remote Service | Senzani Brevetti","og_description":"SMART ist die neue Web-Plattform zur Verfolgung der Leistungen und der Produktivit\u00e4t der Senzani-Maschinen und zum Datenaustausch mit unseren Technikern","og_url":"https:\/\/www.senzani.com\/de\/smart-remote-service\/","og_site_name":"Senzani Brevetti S.p.A.","article_modified_time":"2023-04-14T10:18:39+00:00","twitter_card":"summary_large_image","twitter_misc":{"Gesch\u00e4tzte Lesezeit":"2\u00a0Minuten"},"schema":{"@context":"https:\/\/schema.org","@graph":[{"@type":"WebPage","@id":"https:\/\/www.senzani.com\/de\/smart-remote-service\/","url":"https:\/\/www.senzani.com\/de\/smart-remote-service\/","name":"Ein SMARTer Remote Service | Senzani Brevetti","isPartOf":{"@id":"https:\/\/www.senzani.com\/de\/#website"},"datePublished":"2021-08-02T13:42:21+00:00","dateModified":"2023-04-14T10:18:39+00:00","description":"SMART ist die neue Web-Plattform zur Verfolgung der Leistungen und der Produktivit\u00e4t der Senzani-Maschinen und zum Datenaustausch mit unseren Technikern","breadcrumb":{"@id":"https:\/\/www.senzani.com\/de\/smart-remote-service\/#breadcrumb"},"inLanguage":"de","potentialAction":[{"@type":"ReadAction","target":["https:\/\/www.senzani.com\/de\/smart-remote-service\/"]}]},{"@type":"BreadcrumbList","@id":"https:\/\/www.senzani.com\/de\/smart-remote-service\/#breadcrumb","itemListElement":[{"@type":"ListItem","position":1,"name":"Home","item":"https:\/\/www.senzani.com\/de\/"},{"@type":"ListItem","position":2,"name":"Mit Senzani wird Fernunterst\u00fctzung SMART!"}]},{"@type":"WebSite","@id":"https:\/\/www.senzani.com\/de\/#website","url":"https:\/\/www.senzani.com\/de\/","name":"Senzani Brevetti S.p.A.","description":"Leader nel settore delle macchine per imballaggi","publisher":{"@id":"https:\/\/www.senzani.com\/de\/#organization"},"potentialAction":[{"@type":"SearchAction","target":{"@type":"EntryPoint","urlTemplate":"https:\/\/www.senzani.com\/de\/?s={search_term_string}"},"query-input":{"@type":"PropertyValueSpecification","valueRequired":true,"valueName":"search_term_string"}}],"inLanguage":"de"},{"@type":"Organization","@id":"https:\/\/www.senzani.com\/de\/#organization","name":"Senzani Brevetti","url":"https:\/\/www.senzani.com\/de\/","logo":{"@type":"ImageObject","inLanguage":"de","@id":"https:\/\/www.senzani.com\/de\/#\/schema\/logo\/image\/","url":"https:\/\/www.senzani.com\/wp-content\/uploads\/2020\/03\/logo-senzani.png","contentUrl":"https:\/\/www.senzani.com\/wp-content\/uploads\/2020\/03\/logo-senzani.png","width":259,"height":71,"caption":"Senzani Brevetti"},"image":{"@id":"https:\/\/www.senzani.com\/de\/#\/schema\/logo\/image\/"}}]}},"_links":{"self":[{"href":"https:\/\/www.senzani.com\/de\/wp-json\/wp\/v2\/pages\/23187","targetHints":{"allow":["GET"]}}],"collection":[{"href":"https:\/\/www.senzani.com\/de\/wp-json\/wp\/v2\/pages"}],"about":[{"href":"https:\/\/www.senzani.com\/de\/wp-json\/wp\/v2\/types\/page"}],"author":[{"embeddable":true,"href":"https:\/\/www.senzani.com\/de\/wp-json\/wp\/v2\/users\/2"}],"replies":[{"embeddable":true,"href":"https:\/\/www.senzani.com\/de\/wp-json\/wp\/v2\/comments?post=23187"}],"version-history":[{"count":6,"href":"https:\/\/www.senzani.com\/de\/wp-json\/wp\/v2\/pages\/23187\/revisions"}],"predecessor-version":[{"id":24356,"href":"https:\/\/www.senzani.com\/de\/wp-json\/wp\/v2\/pages\/23187\/revisions\/24356"}],"wp:attachment":[{"href":"https:\/\/www.senzani.com\/de\/wp-json\/wp\/v2\/media?parent=23187"}],"curies":[{"name":"wp","href":"https:\/\/api.w.org\/{rel}","templated":true}]}}